{"id":306,"date":"2018-05-02T13:35:25","date_gmt":"2018-05-02T11:35:25","guid":{"rendered":"http:\/\/rennes-le-chateau.org\/?post_type=product&#038;p=306"},"modified":"2025-05-05T09:22:04","modified_gmt":"2025-05-05T07:22:04","slug":"le-secret-de-janus","status":"publish","type":"product","link":"https:\/\/rennes-le-chateau.org\/index.php\/produit\/le-secret-de-janus\/","title":{"rendered":"Le Secret De Janus"},"content":{"rendered":"<p>Deux journalistes, Corinne Mc Finlay et Patrick Labarthe, partent \u00e0 la d\u00e9couverte de l\u2019incroyable histoire de Rennes-Le-Ch\u00e2teau et de son mythique cur\u00e9 B\u00e9renger Sauni\u00e8re. Travaillant \u00e0 Eso-Magazine, revue sp\u00e9cialis\u00e9e dans le myst\u00e8re et l\u2019\u00e9sot\u00e9risme, ils pr\u00e9parent un num\u00e9ro sp\u00e9cial pour l\u2019\u00e9t\u00e9 qui fera gonfler les ventes et r\u00eaver les lecteurs en recherches de lieux de promenades pour la saison estivale. Le destin s\u2019en m\u00eale lorsqu\u2019ils rencontrent Gilles Delh\u00eatre qui les entraine dans les m\u00e9andres d\u2019une histoire qu\u2019ils ne pouvaient imaginer. Pris par la passion de leurs d\u00e9couvertes, ils ne soup\u00e7onnent pas qu\u2019ils sont des pions sur un \u00e9chiquier de forces antagonistes dans lesquelles s\u2019affrontent des Ordres Initiatiques secrets et inconnus. De parchemins secrets en<span class=\"more-text\"> d\u00e9cryptages de codes complexes, Patrick et Corinne devront avancer pas \u00e0 pas dans l\u2019espoir de d\u00e9couvrir le Secret de Janus qui n\u2019est autre que celui de B\u00e9renger Sauni\u00e8re et de Rennes-Le- Ch\u00e2teau<\/span><\/p>\n","protected":false},"excerpt":{"rendered":"<p>ISBN\u00a0 979-1-034-33671-5<\/p>\n<p>Un Roman passionnant qui entra\u00eene le lecteur dans une enqu\u00eate \u00e9sot\u00e9rique palpitante et haletante dans laquelle les deux protagonistes vont se perdre \u00e0 la recherche de la compr\u00e9hension du myst\u00e8re de Rennes-Le-Ch\u00e2teau<br \/>\n<span style=\"color: #ff6600;\"><strong>D\u00e9lai de livraison maximum : 15 jours ouvr\u00e9s<\/strong><\/span><\/p>\n<p><span style=\"color: #800000;\"><b style=\"color: #800000;\">R\u00e8glement <\/b><b style=\"color: #800000;\">par PayPal ou virement bancaire<\/b><\/span><\/p>\n","protected":false},"featured_media":8270,"comment_status":"closed","ping_status":"closed","template":"","meta":{"jetpack_post_was_ever_published":false,"jetpack_publicize_message":"","jetpack_publicize_feature_enabled":true,"jetpack_social_post_already_shared":true,"jetpack_social_options":{"image_generator_settings":{"template":"highway","enabled":false},"version":2}},"product_cat":[24],"product_tag":[],"class_list":["post-306","product","type-product","status-publish","has-post-thumbnail","hentry","product_cat-livre"],"jetpack_publicize_connections":[],"jetpack_sharing_enabled":true,"_links":{"self":[{"href":"https:\/\/rennes-le-chateau.org\/index.php\/wp-json\/wp\/v2\/product\/306","targetHints":{"allow":["GET"]}}],"collection":[{"href":"https:\/\/rennes-le-chateau.org\/index.php\/wp-json\/wp\/v2\/product"}],"about":[{"href":"https:\/\/rennes-le-chateau.org\/index.php\/wp-json\/wp\/v2\/types\/product"}],"replies":[{"embeddable":true,"href":"https:\/\/rennes-le-chateau.org\/index.php\/wp-json\/wp\/v2\/comments?post=306"}],"wp:featuredmedia":[{"embeddable":true,"href":"https:\/\/rennes-le-chateau.org\/index.php\/wp-json\/wp\/v2\/media\/8270"}],"wp:attachment":[{"href":"https:\/\/rennes-le-chateau.org\/index.php\/wp-json\/wp\/v2\/media?parent=306"}],"wp:term":[{"taxonomy":"product_cat","embeddable":true,"href":"https:\/\/rennes-le-chateau.org\/index.php\/wp-json\/wp\/v2\/product_cat?post=306"},{"taxonomy":"product_tag","embeddable":true,"href":"https:\/\/rennes-le-chateau.org\/index.php\/wp-json\/wp\/v2\/product_tag?post=306"}],"curies":[{"name":"wp","href":"https:\/\/api.w.org\/{rel}","templated":true}]}}