{"id":256,"date":"2018-05-02T12:28:56","date_gmt":"2018-05-02T10:28:56","guid":{"rendered":"http:\/\/rennes-le-chateau.org\/?post_type=product&#038;p=256"},"modified":"2024-01-10T16:24:30","modified_gmt":"2024-01-10T15:24:30","slug":"dans-les-pas-de-berenger-sauniere","status":"publish","type":"product","link":"https:\/\/rennes-le-chateau.org\/index.php\/produit\/dans-les-pas-de-berenger-sauniere\/","title":{"rendered":"Dans Les Pas De B\u00e9renger Sauni\u00e8re"},"content":{"rendered":"<p>Croisant et recroisant les \u00e9l\u00e9ments de ses recherches sur Rennes-Le-Ch\u00e2teau, l&#8217;auteur a mit \u00e0 jour une piste passionnante le conduisant \u00e0 identifier une zone particuli\u00e8re au plus proche de Rennes-Le-Ch\u00e2teau. Visiblement, ce lieu est bien celui que B\u00e9renger Sauni\u00e8re, fameux cur\u00e9 de Rennes-Le-Ch\u00e2teau, indiqua dans ses travaux et notamment sur la fresque de son \u00e9glise qu\u2019il \u00abcoda\u00bb. Ce livre est un tournant dans l\u2019histoire de Rennes-Le-Ch\u00e2teau recentrant l\u2019histoire de B\u00e9renger Sauni\u00e8re autour de son village et non pas \u00e0 des lieux de celui-ci, proposant aux lecteurs une nouvelle piste pouvant permettre, enfin, de comprendre et d\u2019aboutir \u00e0 ce que B\u00e9renger Sauni\u00e8re d\u00e9couvrit en son temps<\/p>\n","protected":false},"excerpt":{"rendered":"<p>ISBN 979-1-034-33519-0<\/p>\n<p><span style=\"color: #ff6600;\"><strong>D\u00e9lai de livraison maximum : 15 jours ouvr\u00e9s<br \/>\n<\/strong><\/span><span style=\"color: #800000;\"><b style=\"color: #800000;\">R\u00e8glement <\/b><b style=\"color: #800000;\">par PayPal ou virement bancaire<\/b><\/span><\/p>\n","protected":false},"featured_media":8269,"comment_status":"closed","ping_status":"closed","template":"","meta":{"jetpack_post_was_ever_published":false,"jetpack_publicize_message":"","jetpack_publicize_feature_enabled":true,"jetpack_social_post_already_shared":true,"jetpack_social_options":{"image_generator_settings":{"template":"highway","enabled":false},"version":2}},"product_cat":[24],"product_tag":[],"class_list":["post-256","product","type-product","status-publish","has-post-thumbnail","hentry","product_cat-livre"],"jetpack_publicize_connections":[],"jetpack_sharing_enabled":true,"_links":{"self":[{"href":"https:\/\/rennes-le-chateau.org\/index.php\/wp-json\/wp\/v2\/product\/256","targetHints":{"allow":["GET"]}}],"collection":[{"href":"https:\/\/rennes-le-chateau.org\/index.php\/wp-json\/wp\/v2\/product"}],"about":[{"href":"https:\/\/rennes-le-chateau.org\/index.php\/wp-json\/wp\/v2\/types\/product"}],"replies":[{"embeddable":true,"href":"https:\/\/rennes-le-chateau.org\/index.php\/wp-json\/wp\/v2\/comments?post=256"}],"wp:featuredmedia":[{"embeddable":true,"href":"https:\/\/rennes-le-chateau.org\/index.php\/wp-json\/wp\/v2\/media\/8269"}],"wp:attachment":[{"href":"https:\/\/rennes-le-chateau.org\/index.php\/wp-json\/wp\/v2\/media?parent=256"}],"wp:term":[{"taxonomy":"product_cat","embeddable":true,"href":"https:\/\/rennes-le-chateau.org\/index.php\/wp-json\/wp\/v2\/product_cat?post=256"},{"taxonomy":"product_tag","embeddable":true,"href":"https:\/\/rennes-le-chateau.org\/index.php\/wp-json\/wp\/v2\/product_tag?post=256"}],"curies":[{"name":"wp","href":"https:\/\/api.w.org\/{rel}","templated":true}]}}