{"id":1224,"date":"2018-11-29T16:51:37","date_gmt":"2018-11-29T15:51:37","guid":{"rendered":"https:\/\/rennes-le-chateau.org\/?post_type=product&#038;p=1224"},"modified":"2023-08-23T15:45:26","modified_gmt":"2023-08-23T13:45:26","slug":"decouvrir-rennes-le-chateau-et-ses-mysteres","status":"publish","type":"product","link":"https:\/\/rennes-le-chateau.org\/index.php\/produit\/decouvrir-rennes-le-chateau-et-ses-mysteres\/","title":{"rendered":"D\u00e9couvrir Rennes-Le-Ch\u00e2teau et Ses Myst\u00e8res"},"content":{"rendered":"<div id=\"metaslider-id-1235\" style=\"max-width: 350px; margin: 0 auto;\" class=\"ml-slider-3-98-0 metaslider metaslider-flex metaslider-1235 ml-slider ms-theme-default nav-hidden\" role=\"region\" aria-roledescription=\"Slideshow\" aria-label=\"SS13-DRLCESM\" data-width=\"350\">\n    <div id=\"metaslider_container_1235\">\n        <div id=\"metaslider_1235\" class=\"flexslider\">\n            <ul class='slides'>\n                <li style=\"display: block; width: 100%;\" class=\"slide-1236 ms-image \" aria-roledescription=\"slide\" aria-label=\"slide-1236\" data-date=\"2018-11-29 16:38:20\"><img data-recalc-dims=\"1\" loading=\"lazy\" decoding=\"async\" src=\"https:\/\/i0.wp.com\/rennes-le-chateau.org\/wp-content\/uploads\/2018\/11\/PageTeaser21-e1543505685779-350x278.jpg?resize=350%2C278&#038;ssl=1\" height=\"278\" width=\"350\" alt=\"\" class=\"slider-1235 slide-1236\" title=\"PageTeaser21\" \/><\/li>\n                <li style=\"display: none; width: 100%;\" class=\"slide-1237 ms-image \" aria-roledescription=\"slide\" aria-label=\"slide-1237\" data-date=\"2018-11-29 16:38:20\"><img data-recalc-dims=\"1\" loading=\"lazy\" decoding=\"async\" src=\"https:\/\/i0.wp.com\/rennes-le-chateau.org\/wp-content\/uploads\/2018\/11\/PageTeaser23-e1543505706286-350x278.jpg?resize=350%2C278&#038;ssl=1\" height=\"278\" width=\"350\" alt=\"\" class=\"slider-1235 slide-1237\" title=\"PageTeaser23\" \/><\/li>\n                <li style=\"display: none; width: 100%;\" class=\"slide-1238 ms-image \" aria-roledescription=\"slide\" aria-label=\"slide-1238\" data-date=\"2018-11-29 16:38:20\"><img data-recalc-dims=\"1\" loading=\"lazy\" decoding=\"async\" src=\"https:\/\/i0.wp.com\/rennes-le-chateau.org\/wp-content\/uploads\/2018\/11\/PageTeaser30-e1543505720354-350x278.jpg?resize=350%2C278&#038;ssl=1\" height=\"278\" width=\"350\" alt=\"\" class=\"slider-1235 slide-1238\" title=\"PageTeaser30\" \/><\/li>\n                <li style=\"display: none; width: 100%;\" class=\"slide-1239 ms-image \" aria-roledescription=\"slide\" aria-label=\"slide-1239\" data-date=\"2018-11-29 16:38:20\"><img data-recalc-dims=\"1\" loading=\"lazy\" decoding=\"async\" src=\"https:\/\/i0.wp.com\/rennes-le-chateau.org\/wp-content\/uploads\/2018\/11\/PageTeaser36-e1543505736661-350x278.jpg?resize=350%2C278&#038;ssl=1\" height=\"278\" width=\"350\" alt=\"\" class=\"slider-1235 slide-1239\" title=\"PageTeaser36\" \/><\/li>\n                <li style=\"display: none; width: 100%;\" class=\"slide-1240 ms-image \" aria-roledescription=\"slide\" aria-label=\"slide-1240\" data-date=\"2018-11-29 16:38:20\"><img data-recalc-dims=\"1\" loading=\"lazy\" decoding=\"async\" src=\"https:\/\/i0.wp.com\/rennes-le-chateau.org\/wp-content\/uploads\/2018\/11\/PageTeaser46-e1543505748377-350x278.jpg?resize=350%2C278&#038;ssl=1\" height=\"278\" width=\"350\" alt=\"\" class=\"slider-1235 slide-1240\" title=\"PageTeaser46\" \/><\/li>\n                <li style=\"display: none; width: 100%;\" class=\"slide-1241 ms-image \" aria-roledescription=\"slide\" aria-label=\"slide-1241\" data-date=\"2018-11-29 16:38:21\"><img data-recalc-dims=\"1\" loading=\"lazy\" decoding=\"async\" src=\"https:\/\/i0.wp.com\/rennes-le-chateau.org\/wp-content\/uploads\/2018\/11\/PageTeaser54-e1543505763141-350x278.jpg?resize=350%2C278&#038;ssl=1\" height=\"278\" width=\"350\" alt=\"\" class=\"slider-1235 slide-1241\" title=\"PageTeaser54\" \/><\/li>\n                <li style=\"display: none; width: 100%;\" class=\"slide-1242 ms-image \" aria-roledescription=\"slide\" aria-label=\"slide-1242\" data-date=\"2018-11-29 16:38:21\"><img data-recalc-dims=\"1\" loading=\"lazy\" decoding=\"async\" src=\"https:\/\/i0.wp.com\/rennes-le-chateau.org\/wp-content\/uploads\/2018\/11\/PageTeaser59-e1543505777643-350x278.jpg?resize=350%2C278&#038;ssl=1\" height=\"278\" width=\"350\" alt=\"\" class=\"slider-1235 slide-1242\" title=\"PageTeaser59\" \/><\/li>\n                <li style=\"display: none; width: 100%;\" class=\"slide-1243 ms-image \" aria-roledescription=\"slide\" aria-label=\"slide-1243\" data-date=\"2018-11-29 16:38:21\"><img data-recalc-dims=\"1\" loading=\"lazy\" decoding=\"async\" src=\"https:\/\/i0.wp.com\/rennes-le-chateau.org\/wp-content\/uploads\/2018\/11\/PageTeaser69-e1543505791630-350x278.jpg?resize=350%2C278&#038;ssl=1\" height=\"278\" width=\"350\" alt=\"\" class=\"slider-1235 slide-1243\" title=\"PageTeaser69\" \/><\/li>\n                <li style=\"display: none; width: 100%;\" class=\"slide-1244 ms-image \" aria-roledescription=\"slide\" aria-label=\"slide-1244\" data-date=\"2018-11-29 16:38:21\"><img data-recalc-dims=\"1\" loading=\"lazy\" decoding=\"async\" src=\"https:\/\/i0.wp.com\/rennes-le-chateau.org\/wp-content\/uploads\/2018\/11\/PageTeaser78-e1543505805595-350x278.jpg?resize=350%2C278&#038;ssl=1\" height=\"278\" width=\"350\" alt=\"\" class=\"slider-1235 slide-1244\" title=\"PageTeaser78\" \/><\/li>\n                <li style=\"display: none; width: 100%;\" class=\"slide-1245 ms-image \" aria-roledescription=\"slide\" aria-label=\"slide-1245\" data-date=\"2018-11-29 16:38:21\"><img data-recalc-dims=\"1\" loading=\"lazy\" decoding=\"async\" src=\"https:\/\/i0.wp.com\/rennes-le-chateau.org\/wp-content\/uploads\/2018\/11\/PageTeaser82-e1543505817517-350x278.jpg?resize=350%2C278&#038;ssl=1\" height=\"278\" width=\"350\" alt=\"\" class=\"slider-1235 slide-1245\" title=\"PageTeaser82\" \/><\/li>\n            <\/ul>\n        <\/div>\n        \n    <\/div>\n<\/div>\n<p><span style=\"color: #ff6600;\"><strong>Un superbe livre<\/strong> <\/span>permettant la d\u00e9couverte de Rennes-Le-Ch\u00e2teau au travers de textes explicatifs et <span style=\"color: #ff6600;\"><strong>de tr\u00e8s belles photographies illustrant les propos de l&#8217;auteur.<\/strong><\/span><\/p>\n<p>Plusieurs <span style=\"color: #ff6600;\"><strong>sch\u00e9mas signal\u00e9tiques<\/strong><\/span> accompagnent le lecteur lui permettant de toujours situer les images qu&#8217;ils d\u00e9couvrent au fil de l&#8217;ouvrage<\/p>\n<p>Destin\u00e9 aux sp\u00e9cialistes comme aux n\u00e9ophytes, il sera l&#8217;ouvrage qui les accompagnera dans leurs visites du village.<\/p>\n<p>Imprim\u00e9 sur du papier de qualit\u00e9, <strong><span style=\"color: #ff6600;\">ce livre est un beau cadeau \u00e0 faire aux passionn\u00e9s de cette incroyable histoire.<\/span><\/strong><\/p>\n<p style=\"text-align: center;\">\n","protected":false},"excerpt":{"rendered":"<p>ISBN 979-1-034-33637-1<\/p>\n<p><span style=\"color: #ff6600;\"><strong>Un superbe livre<\/strong> <\/span>permettant la d\u00e9couverte de Rennes-Le-Ch\u00e2teau au travers de textes explicatifs et <span style=\"color: #ff6600;\"><strong>de tr\u00e8s belles photographies illustrant les propos de l&#8217;auteur.<\/strong><\/span><\/p>\n<p>Imprim\u00e9 sur du papier de qualit\u00e9, <strong><span style=\"color: #ff6600;\">ce livre est un beau cadeau \u00e0 faire aux passionn\u00e9s de cette incroyable histoire.<\/span><\/strong><\/p>\n<p><b style=\"color: #ff6600;\">D\u00e9lai de livraison maximum : 15 jours ouvr\u00e9s\u00a0 <\/b><br \/>\n<span style=\"color: #ff0000;\"><b>ATTENTION : <\/b><span style=\"color: #ff6600;\"><b>Juillet<\/b><\/span><b> 2020 risque de d\u00e9lais rallong\u00e9s en raison de probl\u00e8mes d&#8217;approvisionnement des cartons utilis\u00e9s pour la cr\u00e9ation des couvertures.\u00a0<\/b><\/span><\/p>\n<p><em><strong>NB : Emballage grand format, ne rentre pas dans les boites aux lettres normalis\u00e9es.<\/strong><\/em><\/p>\n<p><span style=\"color: #800000;\"><b style=\"color: #800000;\">R\u00e8glement <\/b><b style=\"color: #800000;\">par PayPal ou virement bancaire<\/b><\/span><\/p>\n","protected":false},"featured_media":8271,"comment_status":"closed","ping_status":"closed","template":"","meta":{"jetpack_post_was_ever_published":false,"jetpack_publicize_message":"","jetpack_publicize_feature_enabled":true,"jetpack_social_post_already_shared":true,"jetpack_social_options":{"image_generator_settings":{"template":"highway","enabled":false},"version":2}},"product_cat":[24],"product_tag":[],"class_list":["post-1224","product","type-product","status-publish","has-post-thumbnail","hentry","product_cat-livre"],"jetpack_publicize_connections":[],"jetpack_sharing_enabled":true,"_links":{"self":[{"href":"https:\/\/rennes-le-chateau.org\/index.php\/wp-json\/wp\/v2\/product\/1224","targetHints":{"allow":["GET"]}}],"collection":[{"href":"https:\/\/rennes-le-chateau.org\/index.php\/wp-json\/wp\/v2\/product"}],"about":[{"href":"https:\/\/rennes-le-chateau.org\/index.php\/wp-json\/wp\/v2\/types\/product"}],"replies":[{"embeddable":true,"href":"https:\/\/rennes-le-chateau.org\/index.php\/wp-json\/wp\/v2\/comments?post=1224"}],"wp:featuredmedia":[{"embeddable":true,"href":"https:\/\/rennes-le-chateau.org\/index.php\/wp-json\/wp\/v2\/media\/8271"}],"wp:attachment":[{"href":"https:\/\/rennes-le-chateau.org\/index.php\/wp-json\/wp\/v2\/media?parent=1224"}],"wp:term":[{"taxonomy":"product_cat","embeddable":true,"href":"https:\/\/rennes-le-chateau.org\/index.php\/wp-json\/wp\/v2\/product_cat?post=1224"},{"taxonomy":"product_tag","embeddable":true,"href":"https:\/\/rennes-le-chateau.org\/index.php\/wp-json\/wp\/v2\/product_tag?post=1224"}],"curies":[{"name":"wp","href":"https:\/\/api.w.org\/{rel}","templated":true}]}}