{"id":991,"date":"2018-05-25T19:08:03","date_gmt":"2018-05-25T17:08:03","guid":{"rendered":"http:\/\/rennes-le-chateau.org\/?page_id=991"},"modified":"2019-09-02T18:21:12","modified_gmt":"2019-09-02T16:21:12","slug":"francois-mitterrand","status":"publish","type":"page","link":"https:\/\/rennes-le-chateau.org\/index.php\/le-site\/laffaire-moderne-de-rlc\/francois-mitterrand\/","title":{"rendered":"Fran\u00e7ois Mitterrand"},"content":{"rendered":"<h6><span style=\"color: #808080;\"><a href=\"https:\/\/rennes-le-chateau.org\/\"><span style=\"color: #999999;\">Accueil<\/span><\/a> \/<span style=\"color: #999999;\"> <a style=\"color: #999999;\" href=\"https:\/\/rennes-le-chateau.org\/index.php\/le-site\/\">Etudes et Analyses<\/a><\/span><\/span> \/ <a href=\"https:\/\/rennes-le-chateau.org\/index.php\/laffaire-moderne-de-rlc\/\"><span style=\"color: #999999;\">L&#8217;affaire moderne de Rennes-Le-Ch\u00e2teau<\/span><\/a><\/h6>\n<figure id=\"attachment_1205\" aria-describedby=\"caption-attachment-1205\" style=\"width: 364px\" class=\"wp-caption alignleft\"><img data-recalc-dims=\"1\" loading=\"lazy\" decoding=\"async\" class=\" wp-image-1205\" src=\"https:\/\/i0.wp.com\/rennes-le-chateau.org\/wp-content\/uploads\/2018\/10\/SS10-06.jpg?resize=364%2C273&#038;ssl=1\" alt=\"\" width=\"364\" height=\"273\" srcset=\"https:\/\/i0.wp.com\/rennes-le-chateau.org\/wp-content\/uploads\/2018\/10\/SS10-06.jpg?w=800&amp;ssl=1 800w, https:\/\/i0.wp.com\/rennes-le-chateau.org\/wp-content\/uploads\/2018\/10\/SS10-06.jpg?resize=300%2C225&amp;ssl=1 300w, https:\/\/i0.wp.com\/rennes-le-chateau.org\/wp-content\/uploads\/2018\/10\/SS10-06.jpg?resize=768%2C576&amp;ssl=1 768w, https:\/\/i0.wp.com\/rennes-le-chateau.org\/wp-content\/uploads\/2018\/10\/SS10-06.jpg?resize=250%2C188&amp;ssl=1 250w, https:\/\/i0.wp.com\/rennes-le-chateau.org\/wp-content\/uploads\/2018\/10\/SS10-06.jpg?resize=350%2C263&amp;ssl=1 350w\" sizes=\"auto, (max-width: 364px) 100vw, 364px\" \/><figcaption id=\"caption-attachment-1205\" class=\"wp-caption-text\">Fran\u00e7ois Mitterrand observant avec malice, le diable de l&#8217;\u00e9glise Marie-Madeleine de Rennes-Le-Ch\u00e2teau<\/figcaption><\/figure>\n<p><span style=\"font-weight: 400;\">Bien que cela puisse para\u00eetre incroyable, <span style=\"color: #ff6600;\">Fran\u00e7ois Mitterrand<\/span> s\u2019est bien rendu \u00e0 Rennes-le-ch\u00e2teau <span style=\"color: #ff6600;\">le 2 mars 1981<\/span>, soit quinze jours avant la date du premier tour de l&#8217;\u00e9lection pr\u00e9sidentielle qui le verra devenir Pr\u00e9sident de la R\u00e9publique le 10 mai suivant.<\/span><\/p>\n<p><span style=\"font-weight: 400;\">Pour certains amateurs de myst\u00e8res, <span style=\"color: #ff6600;\">Fran\u00e7ois Mitterrand se rendit au village pour rendre hommage<\/span> \u00e0 on ne sait quel culte ou personnage afin d\u2019en recevoir les bonnes gr\u00e2ces pour son avenir politique.<\/span><\/p>\n<p><span style=\"font-weight: 400;\">Pour d\u2019autres, <span style=\"color: #ff6600;\">Fran\u00e7ois Mitterrand, Grand Initi\u00e9<\/span>, venait sur le lieu d\u00e9tenant le Grand Myst\u00e8re de la France.<\/span><\/p>\n<p><span style=\"font-weight: 400;\">N\u2019en d\u00e9plaise \u00e0 ces personnes, <span style=\"color: #ff6600;\">cela ne se passa pas comme ils le pr\u00e9tendent ni comme ils le souhaitent<\/span>.<\/span><\/p>\n<p><span style=\"font-weight: 400;\">Alors en pleine campagne \u00e9lectoral,<span style=\"color: #ff6600;\"> le candidat Fran\u00e7ois Mitterrand<\/span> arpentait la France pour pr\u00e9senter son programme et ses id\u00e9es sur la gestion et la gouvernance de la France. Il ne pouvait ne pas passer dans <span style=\"color: #ff6600;\">le d\u00e9partement de l\u2019Aude <\/span>qui, de tout temps, est de sensibilit\u00e9 Socialiste. <\/span><\/p>\n<p><span style=\"font-weight: 400;\">Pour\u00a0 lui ce passage dans l\u2019Aude \u00e9tait un peu une visite de famille. Et c\u2019est bien ainsi qu\u2019il fut re\u00e7u par l<span style=\"color: #ff6600;\">e Pr\u00e9sident du Conseil G\u00e9n\u00e9ral du d\u00e9partement<\/span> de l\u2019\u00e9poque,\u00a0<span style=\"color: #ff6600;\">Monsieur Capdeville<\/span>.<\/span><\/p>\n<p><span style=\"font-weight: 400;\">La matin\u00e9e politique se termina par un banquet r\u00e9unissant <span style=\"color: #ff6600;\">tous les acteurs important du parti socialiste Audois<\/span> ainsi que les Maires des Communes alentours de m\u00eame tendances.<\/span><\/p>\n<p><span style=\"font-weight: 400;\">C\u2019est ainsi, qu\u2019au cours du repas, probablement copieux et bien arros\u00e9, les convives abord\u00e8rent l\u2019un des aspects myst\u00e9rieux du d\u00e9partement de l\u2019Aude, <span style=\"color: #ff6600;\">l\u2019affaire de Rennes-Le-Ch\u00e2teau<\/span>. Les \u00e9changes allaient probablement bon train, ne manquant pas de susciter la curiosit\u00e9 de Fran\u00e7ois Mitterrand fervent passionn\u00e9 <span style=\"color: #ff6600;\">de soci\u00e9t\u00e9s secr\u00e8tes et d\u2019\u00e9sot\u00e9risme<\/span>.<\/span><\/p>\n<p><span style=\"font-weight: 400;\">Puis l\u2019id\u00e9e fusa : \u201c<em><span style=\"color: #ff6600;\">Et si nous allions \u00e0 Rennes-Le-Ch\u00e2teau ?<\/span><\/em>\u201d Qui de l\u2019assembl\u00e9 fit cette proposition, personne ne le sait. Fran\u00e7ois Mitterrand lui m\u00eame ? Pourquoi pas.<\/span><\/p>\n<p><span style=\"font-weight: 400;\">Quoi qu\u2019il en soit, le cort\u00e8ge s\u2019\u00e9branla et monta \u00e0 Rennes-Le-Ch\u00e2teau<span style=\"color: #ff6600;\">. Imaginez la t\u00eate des villageois<\/span> voyant arriver ce cort\u00e8ge de voiture qui n\u2019avait pas \u00e9t\u00e9 annonc\u00e9 ! Ils durent avoir l\u2019impression de revenir \u00e0<span style=\"color: #ff6600;\"> l\u2019\u00e9poque des fastes de B\u00e9renger Sauni\u00e8re<\/span> et imaginez \u00e0 nouveau leur t\u00eate lorsqu\u2019ils virent Fran\u00e7ois Mitterrand !<\/span><\/p>\n<p><span style=\"font-weight: 400;\">Cette visite fit grand bruit.<\/span><\/p>\n<p><span style=\"font-weight: 400;\">Alors journaliste \u00e0 la D\u00e9p\u00eache du Midi, <span style=\"color: #ff6600;\">Andr\u00e9 Galaup<\/span> couvrait l&#8217;\u00e9v\u00e9nement pour le quotidien. Muni de son appareil de photo, il prit de nombreux clich\u00e9s qui immortalisent l\u2019\u00e9v\u00e9nement et qui depuis sont devenus cultes.<\/span><\/p>\n<p><em><span style=\"font-weight: 400;\">Nous remercions Monsieur Gallaup de nous avoir autoris\u00e9 \u00e0 utiliser ses images pour illustrer le DVD que nous avons tourn\u00e9 et r\u00e9alis\u00e9 avec David Galley et qui nous permet \u00e9galement de les diffuser sur ce site.<\/span><\/em><\/p>\n<p><span style=\"font-weight: 400;\">Alors Fran\u00e7ois Mitterrand \u00e0 Rennes-Le-Ch\u00e2teau : <span style=\"color: #ff6600;\">Total hasard ou coup bien mont\u00e9<\/span> ?<\/span><\/p>\n<p style=\"text-align: center;\"><div class=\"rl-gallery-container rl-loading\" id=\"rl-gallery-container-1\" data-gallery_id=\"1214\"> <div class=\"rl-gallery rl-basicmasonry-gallery \" id=\"rl-gallery-1\" data-gallery_no=\"1\"> <div class=\"rl-gutter-sizer\"><\/div><div class=\"rl-grid-sizer\"><\/div> <div class=\"rl-gallery-item rl-gallery-item-width-4\" > <div class=\"rl-gallery-item-content\"> <a href=\"https:\/\/i0.wp.com\/rennes-le-chateau.org\/wp-content\/uploads\/2018\/10\/SS10-06.jpg?fit=800%2C600&ssl=1\" title=\"\" data-rl_title=\"\" class=\"rl-gallery-link\" data-rl_caption=\"\" data-rel=\"lightbox-gallery-1\"><img loading=\"lazy\" decoding=\"async\" src=\"https:\/\/i0.wp.com\/rennes-le-chateau.org\/wp-content\/uploads\/2018\/10\/SS10-06.jpg?resize=800%2C600&#038;ssl=1\" width=\"800\" height=\"600\" alt=\"\"\/><\/a> <\/div> <\/div> <div class=\"rl-gallery-item\" > <div class=\"rl-gallery-item-content\"> <a href=\"https:\/\/i0.wp.com\/rennes-le-chateau.org\/wp-content\/uploads\/2018\/10\/SS10-05.jpg?fit=399%2C568&ssl=1\" title=\"\" data-rl_title=\"\" class=\"rl-gallery-link\" data-rl_caption=\"\" data-rel=\"lightbox-gallery-1\"><img loading=\"lazy\" decoding=\"async\" src=\"https:\/\/i0.wp.com\/rennes-le-chateau.org\/wp-content\/uploads\/2018\/10\/SS10-05.jpg?resize=399%2C568&#038;ssl=1\" width=\"399\" height=\"568\" alt=\"\"\/><\/a> <\/div> <\/div> <div class=\"rl-gallery-item\" > <div class=\"rl-gallery-item-content\"> <a href=\"https:\/\/i0.wp.com\/rennes-le-chateau.org\/wp-content\/uploads\/2018\/10\/SS10-04.jpg?fit=443%2C692&ssl=1\" title=\"\" data-rl_title=\"\" class=\"rl-gallery-link\" data-rl_caption=\"\" data-rel=\"lightbox-gallery-1\"><img loading=\"lazy\" decoding=\"async\" src=\"https:\/\/i0.wp.com\/rennes-le-chateau.org\/wp-content\/uploads\/2018\/10\/SS10-04.jpg?resize=443%2C692&#038;ssl=1\" width=\"443\" height=\"692\" alt=\"\"\/><\/a> <\/div> <\/div> <div class=\"rl-gallery-item\" > <div class=\"rl-gallery-item-content\"> <a href=\"https:\/\/i0.wp.com\/rennes-le-chateau.org\/wp-content\/uploads\/2018\/10\/SS10-03.jpg?fit=675%2C463&ssl=1\" title=\"\" data-rl_title=\"\" class=\"rl-gallery-link\" data-rl_caption=\"\" data-rel=\"lightbox-gallery-1\"><img loading=\"lazy\" decoding=\"async\" src=\"https:\/\/i0.wp.com\/rennes-le-chateau.org\/wp-content\/uploads\/2018\/10\/SS10-03.jpg?resize=675%2C463&#038;ssl=1\" width=\"675\" height=\"463\" alt=\"\"\/><\/a> <\/div> <\/div> <div class=\"rl-gallery-item\" > <div class=\"rl-gallery-item-content\"> <a href=\"https:\/\/i0.wp.com\/rennes-le-chateau.org\/wp-content\/uploads\/2018\/10\/SS10-02.jpg?fit=467%2C666&ssl=1\" title=\"\" data-rl_title=\"\" class=\"rl-gallery-link\" data-rl_caption=\"\" data-rel=\"lightbox-gallery-1\"><img loading=\"lazy\" decoding=\"async\" src=\"https:\/\/i0.wp.com\/rennes-le-chateau.org\/wp-content\/uploads\/2018\/10\/SS10-02.jpg?resize=467%2C666&#038;ssl=1\" width=\"467\" height=\"666\" alt=\"\"\/><\/a> <\/div> <\/div> <\/div> <\/div><\/p>\n<p><strong><img data-recalc-dims=\"1\" loading=\"lazy\" decoding=\"async\" class=\"size-full wp-image-1609 alignleft\" src=\"https:\/\/i0.wp.com\/rennes-le-chateau.org\/wp-content\/uploads\/2019\/08\/IconeHP-e1566047268923.png?resize=25%2C25&#038;ssl=1\" alt=\"\" width=\"25\" height=\"25\" align=\"absmiddle\" \/>Ecoutez le texte de cette page au format MP3 :<\/strong><\/p>\n<!--[if lt IE 9]><script>document.createElement('audio');<\/script><![endif]-->\n<audio class=\"wp-audio-shortcode\" id=\"audio-991-1\" preload=\"none\" style=\"width: 100%;\" controls=\"controls\"><source type=\"audio\/mpeg\" src=\"https:\/\/rennes-le-chateau.org\/wp-content\/uploads\/2019\/09\/F-MitterrandMP3.mp3?_=1\" \/><a href=\"https:\/\/rennes-le-chateau.org\/wp-content\/uploads\/2019\/09\/F-MitterrandMP3.mp3\">https:\/\/rennes-le-chateau.org\/wp-content\/uploads\/2019\/09\/F-MitterrandMP3.mp3<\/a><\/audio>\n","protected":false},"excerpt":{"rendered":"<p>Accueil \/ Etudes et Analyses \/ L&#8217;affaire moderne de Rennes-Le-Ch\u00e2teau Bien que cela puisse para\u00eetre incroyable, Fran\u00e7ois Mitterrand s\u2019est bien rendu \u00e0 Rennes-le-ch\u00e2teau le 2 mars 1981, soit quinze jours avant la date du premier tour de l&#8217;\u00e9lection pr\u00e9sidentielle qui le verra devenir Pr\u00e9sident de la R\u00e9publique le 10 mai suivant. Pour certains amateurs de &hellip; <\/p>\n<p class=\"link-more\"><a href=\"https:\/\/rennes-le-chateau.org\/index.php\/le-site\/laffaire-moderne-de-rlc\/francois-mitterrand\/\" class=\"more-link\">Continuer la lecture<span class=\"screen-reader-text\"> de &laquo;&nbsp;Fran\u00e7ois Mitterrand&nbsp;&raquo;<\/span><\/a><\/p>\n","protected":false},"author":1,"featured_media":0,"parent":130,"menu_order":0,"comment_status":"open","ping_status":"closed","template":"","meta":{"jetpack_post_was_ever_published":false,"footnotes":""},"class_list":["post-991","page","type-page","status-publish","hentry"],"jetpack_sharing_enabled":true,"jetpack_shortlink":"https:\/\/wp.me\/P9SxBn-fZ","_links":{"self":[{"href":"https:\/\/rennes-le-chateau.org\/index.php\/wp-json\/wp\/v2\/pages\/991","targetHints":{"allow":["GET"]}}],"collection":[{"href":"https:\/\/rennes-le-chateau.org\/index.php\/wp-json\/wp\/v2\/pages"}],"about":[{"href":"https:\/\/rennes-le-chateau.org\/index.php\/wp-json\/wp\/v2\/types\/page"}],"author":[{"embeddable":true,"href":"https:\/\/rennes-le-chateau.org\/index.php\/wp-json\/wp\/v2\/users\/1"}],"replies":[{"embeddable":true,"href":"https:\/\/rennes-le-chateau.org\/index.php\/wp-json\/wp\/v2\/comments?post=991"}],"version-history":[{"count":11,"href":"https:\/\/rennes-le-chateau.org\/index.php\/wp-json\/wp\/v2\/pages\/991\/revisions"}],"predecessor-version":[{"id":1841,"href":"https:\/\/rennes-le-chateau.org\/index.php\/wp-json\/wp\/v2\/pages\/991\/revisions\/1841"}],"up":[{"embeddable":true,"href":"https:\/\/rennes-le-chateau.org\/index.php\/wp-json\/wp\/v2\/pages\/130"}],"wp:attachment":[{"href":"https:\/\/rennes-le-chateau.org\/index.php\/wp-json\/wp\/v2\/media?parent=991"}],"curies":[{"name":"wp","href":"https:\/\/api.w.org\/{rel}","templated":true}]}}