{"id":811,"date":"2018-05-11T13:07:22","date_gmt":"2018-05-11T11:07:22","guid":{"rendered":"http:\/\/rennes-le-chateau.org\/?page_id=811"},"modified":"2019-08-10T15:56:39","modified_gmt":"2019-08-10T13:56:39","slug":"un-patrimoine-protege","status":"publish","type":"page","link":"https:\/\/rennes-le-chateau.org\/index.php\/autour-de-laffaire\/un-patrimoine-protege\/","title":{"rendered":"Un patrimoine prot\u00e9g\u00e9"},"content":{"rendered":"<h6><span style=\"color: #808080;\"><a href=\"https:\/\/rennes-le-chateau.org\/\"><span style=\"color: #999999;\">Accueil<\/span><\/a> \/<span style=\"color: #999999;\"><a style=\"color: #999999;\" href=\"https:\/\/rennes-le-chateau.org\/index.php\/autour-de-laffaire\/\"> Autour de l&#8217;Affaire<\/a><\/span><\/span><\/h6>\n<p style=\"text-align: center;\"><div id=\"metaslider-id-841\" style=\"max-width: 800px; margin: 0 auto;\" class=\"ml-slider-3-98-0 metaslider metaslider-flex metaslider-841 ml-slider ms-theme-default\" role=\"region\" aria-roledescription=\"Slideshow\" aria-label=\"SS-Patrimoine\" data-width=\"800\">\n    <div id=\"metaslider_container_841\">\n        <div id=\"metaslider_841\" class=\"flexslider\">\n            <ul class='slides'>\n                <li style=\"display: block; width: 100%;\" class=\"slide-845 ms-image \" aria-roledescription=\"slide\" aria-label=\"slide-845\" data-date=\"2018-05-12 17:21:42\"><img data-recalc-dims=\"1\" loading=\"lazy\" decoding=\"async\" src=\"https:\/\/i0.wp.com\/rennes-le-chateau.org\/wp-content\/uploads\/2018\/05\/PilierCarolingien.jpg?resize=525%2C349&#038;ssl=1\" height=\"349\" width=\"525\" alt=\"Le pilier creux de l&#039;\u00e9glise de Rennes-Le-Ch\u00e2teau dans lequel B\u00e9renger Sauni\u00e8re y d\u00e9couvrit des rouleaux de bois\" class=\"slider-841 slide-845\" title=\"Pilier Carolingien\" \/><\/li>\n                <li style=\"display: none; width: 100%;\" class=\"slide-846 ms-image \" aria-roledescription=\"slide\" aria-label=\"slide-846\" data-date=\"2018-05-12 17:21:42\"><img data-recalc-dims=\"1\" loading=\"lazy\" decoding=\"async\" src=\"https:\/\/i0.wp.com\/rennes-le-chateau.org\/wp-content\/uploads\/2018\/05\/DalleDesChevaliers.jpg?resize=525%2C349&#038;ssl=1\" height=\"349\" width=\"525\" alt=\"La dalle des Chevaliers d\u00e9couverte dans l&#039;\u00e9glise de Rennes-Le-Ch\u00e2teau par B\u00e9renger Sauni\u00e8re\" class=\"slider-841 slide-846\" title=\"DalleDesChevaliers\" \/><\/li>\n                <li style=\"display: none; width: 100%;\" class=\"slide-847 ms-image \" aria-roledescription=\"slide\" aria-label=\"slide-847\" data-date=\"2018-05-12 17:21:42\"><img data-recalc-dims=\"1\" loading=\"lazy\" decoding=\"async\" src=\"https:\/\/i0.wp.com\/rennes-le-chateau.org\/wp-content\/uploads\/2018\/05\/DiableEglise.jpg?resize=525%2C349&#038;ssl=1\" height=\"349\" width=\"525\" alt=\"Le Diable de l&#039;\u00e9glise de Rennes-Le-Ch\u00e2teau\" class=\"slider-841 slide-847\" title=\"DiableEglise\" \/><\/li>\n            <\/ul>\n        <\/div>\n        \n    <\/div>\n<\/div><\/p>\n<p>Bien que semblant isol\u00e9 au sommet de sa colline, le village de Rennes-Le-Ch\u00e2teau voit plusieurs de ses \u00e9l\u00e9ments enregistr\u00e9s et prot\u00e9g\u00e9s par &#8221; Les monuments historiques &#8221; Cette entit\u00e9 de l&#8217;\u00e9tat est directement sous l\u2019\u00e9gide du Minist\u00e8re de la Culture Fran\u00e7ais.<\/p>\n<p>Cette protection, leur conf\u00e8re une int\u00e9grit\u00e9 \u00e0 travers le temps. En effet, tout \u00e9l\u00e9ment entrant dans ce patrimoine ne peut, en aucun cas, \u00eatre supprim\u00e9 ou modifi\u00e9 sans encourir les foudres de la Loi. Les restaurations \u00e9ventuelles des \u00e9l\u00e9ments class\u00e9s ne peuvent se r\u00e9aliser qu&#8217;apr\u00e8s accord de la DRAC (Direction R\u00e9gionale des Affaires Culturelles) locale et de l&#8217;Architecte des monuments nationaux dont d\u00e9pendent les lieux.<\/p>\n<p><strong>Pour en savoir plus<\/strong> :\u00a0<span style=\"color: #ff6600;\"><strong><a style=\"color: #ff6600;\" href=\"http:\/\/rennes-le-chateau.org\/wp-content\/uploads\/2018\/05\/patrimoine.pdf\" target=\"_blank\" rel=\"noopener noreferrer\">Le patrimoine class\u00e9 de Rennes-Le-Ch\u00e2teau<\/a> <\/strong><\/span>&#8211; <em>Document PDF<\/em><\/p>\n","protected":false},"excerpt":{"rendered":"<p>Accueil \/ Autour de l&#8217;Affaire Bien que semblant isol\u00e9 au sommet de sa colline, le village de Rennes-Le-Ch\u00e2teau voit plusieurs de ses \u00e9l\u00e9ments enregistr\u00e9s et prot\u00e9g\u00e9s par &#8221; Les monuments historiques &#8221; Cette entit\u00e9 de l&#8217;\u00e9tat est directement sous l\u2019\u00e9gide du Minist\u00e8re de la Culture Fran\u00e7ais. Cette protection, leur conf\u00e8re une int\u00e9grit\u00e9 \u00e0 travers le &hellip; <\/p>\n<p class=\"link-more\"><a href=\"https:\/\/rennes-le-chateau.org\/index.php\/autour-de-laffaire\/un-patrimoine-protege\/\" class=\"more-link\">Continuer la lecture<span class=\"screen-reader-text\"> de &laquo;&nbsp;Un patrimoine prot\u00e9g\u00e9&nbsp;&raquo;<\/span><\/a><\/p>\n","protected":false},"author":1,"featured_media":0,"parent":684,"menu_order":0,"comment_status":"open","ping_status":"closed","template":"","meta":{"jetpack_post_was_ever_published":false,"footnotes":""},"class_list":["post-811","page","type-page","status-publish","hentry"],"jetpack_sharing_enabled":true,"jetpack_shortlink":"https:\/\/wp.me\/P9SxBn-d5","_links":{"self":[{"href":"https:\/\/rennes-le-chateau.org\/index.php\/wp-json\/wp\/v2\/pages\/811","targetHints":{"allow":["GET"]}}],"collection":[{"href":"https:\/\/rennes-le-chateau.org\/index.php\/wp-json\/wp\/v2\/pages"}],"about":[{"href":"https:\/\/rennes-le-chateau.org\/index.php\/wp-json\/wp\/v2\/types\/page"}],"author":[{"embeddable":true,"href":"https:\/\/rennes-le-chateau.org\/index.php\/wp-json\/wp\/v2\/users\/1"}],"replies":[{"embeddable":true,"href":"https:\/\/rennes-le-chateau.org\/index.php\/wp-json\/wp\/v2\/comments?post=811"}],"version-history":[{"count":6,"href":"https:\/\/rennes-le-chateau.org\/index.php\/wp-json\/wp\/v2\/pages\/811\/revisions"}],"predecessor-version":[{"id":1432,"href":"https:\/\/rennes-le-chateau.org\/index.php\/wp-json\/wp\/v2\/pages\/811\/revisions\/1432"}],"up":[{"embeddable":true,"href":"https:\/\/rennes-le-chateau.org\/index.php\/wp-json\/wp\/v2\/pages\/684"}],"wp:attachment":[{"href":"https:\/\/rennes-le-chateau.org\/index.php\/wp-json\/wp\/v2\/media?parent=811"}],"curies":[{"name":"wp","href":"https:\/\/api.w.org\/{rel}","templated":true}]}}