{"id":802,"date":"2018-05-11T12:03:34","date_gmt":"2018-05-11T10:03:34","guid":{"rendered":"http:\/\/rennes-le-chateau.org\/?page_id=802"},"modified":"2019-08-10T15:21:00","modified_gmt":"2019-08-10T13:21:00","slug":"laffaire-berenger-sauniere","status":"publish","type":"page","link":"https:\/\/rennes-le-chateau.org\/index.php\/le-site\/laffaire-berenger-sauniere\/","title":{"rendered":"L&#8217;affaire B\u00e9renger Sauni\u00e8re"},"content":{"rendered":"<h6><span style=\"color: #808080;\"><a href=\"https:\/\/rennes-le-chateau.org\/\"><span style=\"color: #999999;\">Accueil<\/span><\/a> \/<span style=\"color: #999999;\"> <a style=\"color: #999999;\" href=\"https:\/\/rennes-le-chateau.org\/index.php\/le-site\/\">Etudes et Analyses<\/a><\/span><\/span><\/h6>\n<p style=\"text-align: center;\"><div id=\"metaslider-id-963\" style=\"max-width: 800px; margin: 0 auto;\" class=\"ml-slider-3-98-0 metaslider metaslider-flex metaslider-963 ml-slider ms-theme-default\" role=\"region\" aria-roledescription=\"Slideshow\" aria-label=\"SS-AffaireBS\" data-width=\"800\">\n    <div id=\"metaslider_container_963\">\n        <div id=\"metaslider_963\" class=\"flexslider\">\n            <ul class='slides'>\n                <li style=\"display: block; width: 100%;\" class=\"slide-964 ms-image \" aria-roledescription=\"slide\" aria-label=\"slide-964\" data-date=\"2018-05-23 10:55:13\"><img data-recalc-dims=\"1\" loading=\"lazy\" decoding=\"async\" src=\"https:\/\/i0.wp.com\/rennes-le-chateau.org\/wp-content\/uploads\/2018\/05\/Gelis002.jpg?resize=525%2C349&#038;ssl=1\" height=\"349\" width=\"525\" alt=\"\" class=\"slider-963 slide-964\" title=\"Gelis002\" \/><\/li>\n                <li style=\"display: none; width: 100%;\" class=\"slide-965 ms-image \" aria-roledescription=\"slide\" aria-label=\"slide-965\" data-date=\"2018-05-23 10:55:53\"><img data-recalc-dims=\"1\" loading=\"lazy\" decoding=\"async\" src=\"https:\/\/i0.wp.com\/rennes-le-chateau.org\/wp-content\/uploads\/2018\/05\/DalleDesChevaliers.jpg?resize=525%2C349&#038;ssl=1\" height=\"349\" width=\"525\" alt=\"La dalle des Chevaliers d\u00e9couverte dans l&#039;\u00e9glise de Rennes-Le-Ch\u00e2teau par B\u00e9renger Sauni\u00e8re\" class=\"slider-963 slide-965\" title=\"DalleDesChevaliers\" \/><\/li>\n                <li style=\"display: none; width: 100%;\" class=\"slide-966 ms-image \" aria-roledescription=\"slide\" aria-label=\"slide-966\" data-date=\"2018-05-23 10:56:35\"><img data-recalc-dims=\"1\" loading=\"lazy\" decoding=\"async\" src=\"https:\/\/i0.wp.com\/rennes-le-chateau.org\/wp-content\/uploads\/2018\/05\/DOM009.jpg?resize=525%2C349&#038;ssl=1\" height=\"349\" width=\"525\" alt=\"Le Christ de la Villa B\u00e9thanie du Domaine de B\u00e9renger Sauni\u00e8re \u00e0 Rennes-Le-Ch\u00e2teau\" class=\"slider-963 slide-966\" title=\"DOM009\" \/><\/li>\n                <li style=\"display: none; width: 100%;\" class=\"slide-967 ms-image \" aria-roledescription=\"slide\" aria-label=\"slide-967\" data-date=\"2018-05-23 10:57:32\"><img data-recalc-dims=\"1\" loading=\"lazy\" decoding=\"async\" src=\"https:\/\/i0.wp.com\/rennes-le-chateau.org\/wp-content\/uploads\/2018\/05\/JARD004.jpg?resize=525%2C349&#038;ssl=1\" height=\"349\" width=\"525\" alt=\"La grotte faite par B\u00e9renger Sauni\u00e8re des jardins de l&#039;\u00e9glise de Rennes-Le-Ch\u00e2teau\" class=\"slider-963 slide-967\" title=\"JARD004\" \/><\/li>\n                <li style=\"display: none; width: 100%;\" class=\"slide-968 ms-image \" aria-roledescription=\"slide\" aria-label=\"slide-968\" data-date=\"2018-05-23 10:59:01\"><img data-recalc-dims=\"1\" loading=\"lazy\" decoding=\"async\" src=\"https:\/\/i0.wp.com\/rennes-le-chateau.org\/wp-content\/uploads\/2018\/05\/DOM003.jpg?resize=525%2C349&#038;ssl=1\" height=\"349\" width=\"525\" alt=\"Les Jardins du Domaine de B\u00e9renger Sauni\u00e8re \u00e0 Rennes-Le-Ch\u00e2teau\" class=\"slider-963 slide-968\" title=\"DOM003\" \/><\/li>\n                <li style=\"display: none; width: 100%;\" class=\"slide-969 ms-image \" aria-roledescription=\"slide\" aria-label=\"slide-969\" data-date=\"2018-05-23 10:59:30\"><img data-recalc-dims=\"1\" loading=\"lazy\" decoding=\"async\" src=\"https:\/\/i0.wp.com\/rennes-le-chateau.org\/wp-content\/uploads\/2018\/05\/LVC02.jpg?resize=525%2C349&#038;ssl=1\" height=\"349\" width=\"525\" alt=\"\" class=\"slider-963 slide-969\" title=\"LVC02\" \/><\/li>\n                <li style=\"display: none; width: 100%;\" class=\"slide-970 ms-image \" aria-roledescription=\"slide\" aria-label=\"slide-970\" data-date=\"2018-05-23 10:59:49\"><img data-recalc-dims=\"1\" loading=\"lazy\" decoding=\"async\" src=\"https:\/\/i0.wp.com\/rennes-le-chateau.org\/wp-content\/uploads\/2018\/05\/DOM001.jpg?resize=525%2C349&#038;ssl=1\" height=\"349\" width=\"525\" alt=\"La Tour Magdala du Domaine de B\u00e9renger Sauni\u00e8re \u00e0 Rennes-Le-Ch\u00e2teau\" class=\"slider-963 slide-970\" title=\"DOM001\" \/><\/li>\n            <\/ul>\n        <\/div>\n        \n    <\/div>\n<\/div><\/p>\n<p>Nous allons ici d\u00e9couvrir <span style=\"color: #ff6600;\">les tenants et les aboutissants<\/span> de ce que l&#8217;on nomme <span style=\"color: #ff6600;\">l&#8217;affaire B\u00e9renger Sauni\u00e8re<\/span>, ou si vous le pr\u00e9f\u00e9rez les analyses et les \u00e9tudes faites autour de ce que B\u00e9renger Sauni\u00e8re \u00e0 r\u00e9aliser, rechercher et probablement d\u00e9couvert.<\/p>\n<p>Nous sommes l\u00e0 \u00e0 <span style=\"color: #ff6600;\">la gen\u00e8se de cette histoire<\/span>, celle que nous a laisser B\u00e9renger Sauni\u00e8re.<\/p>\n<p style=\"padding-left: 30px;\"><span style=\"color: #ff6600;\"><strong><a style=\"color: #ff6600;\" href=\"http:\/\/rennes-le-chateau.org\/index.php\/juin-1885-arrive-de-berenger-sauniere-a-rennes-le-chateau\/\">L&#8217;arriv\u00e9e de B\u00e9renger Sauni\u00e8re \u00e0 Rennes-Le-Ch\u00e2teau :\u00a0<\/a><\/strong><\/span><br \/>\n<span style=\"font-size: 1rem;\">C&#8217;est le premier juin 1885 qu&#8217;il arriva au village de Rennes-Le-Ch\u00e2teau, et comme vous allez le voire, tout ne fut pas si facile &#8230;<\/span><\/p>\n<p style=\"padding-left: 30px;\"><span style=\"color: #ff6600;\"><strong><a style=\"color: #ff6600;\" href=\"http:\/\/rennes-le-chateau.org\/index.php\/les-premieres-decouvertes-de-berenger-sauniere\/\">Les premi\u00e8res d\u00e9couvertes :<\/a><\/strong><\/span><br \/>\nQuelle id\u00e9e poussa B\u00e9renger Sauni\u00e8re \u00e0 s&#8217;engager autant dans la campagne des \u00e9lections l\u00e9gislatives de 1885, et pourtant, comme vous le verrez, cela changea sa vie &#8230;<\/p>\n<p style=\"padding-left: 30px;\"><span style=\"color: #ff6600;\"><strong><a style=\"color: #ff6600;\" href=\"http:\/\/rennes-le-chateau.org\/index.php\/les-travaux-de-berenger-sauniere\/\">Les travaux de B\u00e9renger Sauni\u00e8re :<\/a><\/strong><\/span><br \/>\nMais qu&#8217;est ce qui a bien pu pousser B\u00e9renger Sauni\u00e8re \u00e0 faire b\u00e2tir comme il le fit ? Des jardins, une villa, une tour n\u00e9ogothique et un domaine incroyable pour un si petit village&#8230;<\/p>\n<p style=\"padding-left: 30px;\"><strong><span style=\"color: #ff6600;\"><a style=\"color: #ff6600;\" href=\"http:\/\/rennes-le-chateau.org\/index.php\/le-secret-de-sauniere\/\">Le Secret de Sauni\u00e8re :<\/a><\/span><\/strong><br \/>\nC&#8217;est incontestable, Sauni\u00e8re a d\u00e9couvert quelque chose d&#8217;incroyable ! Mais qu&#8217;est ce ? Un tr\u00e9sor ? Un secret ? Les deux ? &#8230;<\/p>\n<p style=\"padding-left: 30px;\"><a href=\"http:\/\/rennes-le-chateau.org\/index.php\/des-elements-etranges\/\"><strong><span style=\"color: #ff6600;\">Des \u00e9l\u00e9ments \u00e9tranges :<\/span><\/strong><\/a><br \/>\nQue penser de tous ces \u00e9l\u00e9ments \u00e9tranges qui \u00e9maillent la p\u00e9riode contemporaine de B\u00e9renger Sauni\u00e8re comme le d\u00e9c\u00e8s si particulier de B\u00e9renger Sauni\u00e8re et de son destin li\u00e9 \u00e0 celui de deux autres de ses confr\u00e8res. Et que dire de ces \u00e9l\u00e9ments architecturaux \u00e9tranges qui \u00e9maillent Rennes-Le-Ch\u00e2teau et le Raz\u00e8s ?<\/p>\n","protected":false},"excerpt":{"rendered":"<p>Accueil \/ Etudes et Analyses Nous allons ici d\u00e9couvrir les tenants et les aboutissants de ce que l&#8217;on nomme l&#8217;affaire B\u00e9renger Sauni\u00e8re, ou si vous le pr\u00e9f\u00e9rez les analyses et les \u00e9tudes faites autour de ce que B\u00e9renger Sauni\u00e8re \u00e0 r\u00e9aliser, rechercher et probablement d\u00e9couvert. Nous sommes l\u00e0 \u00e0 la gen\u00e8se de cette histoire, celle &hellip; <\/p>\n<p class=\"link-more\"><a href=\"https:\/\/rennes-le-chateau.org\/index.php\/le-site\/laffaire-berenger-sauniere\/\" class=\"more-link\">Continuer la lecture<span class=\"screen-reader-text\"> de &laquo;&nbsp;L&#8217;affaire B\u00e9renger Sauni\u00e8re&nbsp;&raquo;<\/span><\/a><\/p>\n","protected":false},"author":1,"featured_media":0,"parent":104,"menu_order":0,"comment_status":"closed","ping_status":"closed","template":"","meta":{"jetpack_post_was_ever_published":false,"footnotes":""},"class_list":["post-802","page","type-page","status-publish","hentry"],"jetpack_sharing_enabled":true,"jetpack_shortlink":"https:\/\/wp.me\/P9SxBn-cW","_links":{"self":[{"href":"https:\/\/rennes-le-chateau.org\/index.php\/wp-json\/wp\/v2\/pages\/802","targetHints":{"allow":["GET"]}}],"collection":[{"href":"https:\/\/rennes-le-chateau.org\/index.php\/wp-json\/wp\/v2\/pages"}],"about":[{"href":"https:\/\/rennes-le-chateau.org\/index.php\/wp-json\/wp\/v2\/types\/page"}],"author":[{"embeddable":true,"href":"https:\/\/rennes-le-chateau.org\/index.php\/wp-json\/wp\/v2\/users\/1"}],"replies":[{"embeddable":true,"href":"https:\/\/rennes-le-chateau.org\/index.php\/wp-json\/wp\/v2\/comments?post=802"}],"version-history":[{"count":10,"href":"https:\/\/rennes-le-chateau.org\/index.php\/wp-json\/wp\/v2\/pages\/802\/revisions"}],"predecessor-version":[{"id":1398,"href":"https:\/\/rennes-le-chateau.org\/index.php\/wp-json\/wp\/v2\/pages\/802\/revisions\/1398"}],"up":[{"embeddable":true,"href":"https:\/\/rennes-le-chateau.org\/index.php\/wp-json\/wp\/v2\/pages\/104"}],"wp:attachment":[{"href":"https:\/\/rennes-le-chateau.org\/index.php\/wp-json\/wp\/v2\/media?parent=802"}],"curies":[{"name":"wp","href":"https:\/\/api.w.org\/{rel}","templated":true}]}}