{"id":792,"date":"2018-05-11T11:43:59","date_gmt":"2018-05-11T09:43:59","guid":{"rendered":"http:\/\/rennes-le-chateau.org\/?page_id=792"},"modified":"2019-09-02T18:00:13","modified_gmt":"2019-09-02T16:00:13","slug":"saint-sulpice-de-paris","status":"publish","type":"page","link":"https:\/\/rennes-le-chateau.org\/index.php\/le-site\/laffaire-moderne-de-rlc\/saint-sulpice-de-paris\/","title":{"rendered":"Saint-Sulpice de Paris"},"content":{"rendered":"<h6><span style=\"color: #808080;\"><a href=\"https:\/\/rennes-le-chateau.org\/\"><span style=\"color: #999999;\">Accueil<\/span><\/a> \/<span style=\"color: #999999;\"> <a style=\"color: #999999;\" href=\"https:\/\/rennes-le-chateau.org\/index.php\/le-site\/\">Etudes et Analyses<\/a><\/span><\/span> \/ <a href=\"https:\/\/rennes-le-chateau.org\/index.php\/laffaire-moderne-de-rlc\/\"><span style=\"color: #999999;\">L&#8217;affaire moderne de Rennes-Le-Ch\u00e2teau<\/span><\/a><\/h6>\n<p><img data-recalc-dims=\"1\" loading=\"lazy\" decoding=\"async\" class=\"wp-image-1490 alignleft\" src=\"https:\/\/i0.wp.com\/rennes-le-chateau.org\/wp-content\/uploads\/2019\/08\/SS02-1.jpg?resize=355%2C292&#038;ssl=1\" alt=\"\" width=\"355\" height=\"292\" srcset=\"https:\/\/i0.wp.com\/rennes-le-chateau.org\/wp-content\/uploads\/2019\/08\/SS02-1.jpg?w=590&amp;ssl=1 590w, https:\/\/i0.wp.com\/rennes-le-chateau.org\/wp-content\/uploads\/2019\/08\/SS02-1.jpg?resize=300%2C247&amp;ssl=1 300w, https:\/\/i0.wp.com\/rennes-le-chateau.org\/wp-content\/uploads\/2019\/08\/SS02-1.jpg?resize=250%2C206&amp;ssl=1 250w, https:\/\/i0.wp.com\/rennes-le-chateau.org\/wp-content\/uploads\/2019\/08\/SS02-1.jpg?resize=350%2C288&amp;ssl=1 350w\" sizes=\"auto, (max-width: 355px) 100vw, 355px\" \/>Dans le d\u00e9but des ann\u00e9es 60, dans son livre l\u2019<span style=\"color: #ff6600;\"><a style=\"color: #ff6600;\" href=\"https:\/\/rennes-le-chateau.org\/index.php\/lor-de-rennes-de-gerard-de-sede\/\">Or de Rennes<\/a><\/span>, G\u00e9rard de S\u00e8de nous entra\u00eene dans une aventure extraordinaire, celle qu\u2019a v\u00e9cu B\u00e9renger Sauni\u00e8re. Avec force d\u00e9tails, il nous pr\u00e9sente les d\u00e9couvertes de Sauni\u00e8re, et notamment celles d\u2019\u00e9ventuels parchemins, le <span style=\"color: #ff6600;\"><a style=\"color: #ff6600;\" href=\"https:\/\/rennes-le-chateau.org\/index.php\/le-grand-parchemin\/\">Grand<\/a><\/span> et le <span style=\"color: #ff6600;\"><a style=\"color: #ff6600;\" href=\"https:\/\/rennes-le-chateau.org\/index.php\/le-petit-parchemin\/\">Petit Parchemin<\/a><\/span>, et nous entra\u00eene vers Paris, o\u00f9 notre pr\u00eatre les aurait pr\u00e9sent\u00e9s aux \u00e9rudits de l\u2019\u00e9glise Saint-Sulpice de Paris. Dans l\u2019\u00e9tat actuel des choses, il n\u2019est pas possible de prouver avec certitude que B\u00e9renger Sauni\u00e8re se soit rendu dans la Capitale, bien que des \u00e9l\u00e9ments peuvent le laisser penser.<\/p>\n<p>En revanche, il semble parfaitement clair qu\u2019une volont\u00e9 obscure nous dirige vers cette \u00e9glise particuli\u00e8rement \u00e9tonnante.<\/p>\n<p>\u00c9tonnante est un faible mot, nous devrions dire, impressionnante. De la taille d\u2019une Cath\u00e9drale, dont elle en dessine le plan, cette \u00e9glise fut fond\u00e9e afin de r\u00e9pondre aux besoins d\u2019une des plus grandes paroisses de Paris. Elle traduit parfaitement bien les grands courants spirituels et artistiques de l\u2019\u00e9poque.<\/p>\n<p>Situ\u00e9e dans le VI<sup>\u00e8me<\/sup> arrondissement de Paris, sa construction fut entreprise en 1645 sur l\u2019initiative de M. Olier, pr\u00eatre, et a dur\u00e9 135 ans. Faute d\u2019argent, les travaux, ont \u00e9t\u00e9 interrompus pendant 40 ans (1680 \u00e0 1720). Ce n\u2019est qu\u2019en 1780 que la tour nord a \u00e9t\u00e9 termin\u00e9e. La tour sud, elle, est demeur\u00e9e inachev\u00e9e.<\/p>\n<p>Tout autour de la nef et du ch\u0153ur, un imposant d\u00e9ambulatoire donne acc\u00e8s aux 21 chapelles d\u00e9di\u00e9es \u00e0 de nombreux saints.<\/p>\n<p>Outre les statues, reproduisant l\u2019art nomm\u00e9 \u00ab\u00a0<em>Saint-Sulpicien<\/em> \u00bb, il nous est bien difficile de trouver un lien direct avec Rennes-Le-Ch\u00e2teau. Il est vrai que le Gnomon nous indique le M\u00e9ridien de Saint-Sulpice fr\u00e9quemment confondu avec le m\u00e9ridien de Paris se trouvant \u00e0 quelques centaines de m\u00e8tres de cette vaste \u00e9glise et qui ne repr\u00e9sente que la course du soleil \u00e0 diff\u00e9rents moments de l\u2019ann\u00e9e, permettant ainsi de d\u00e9terminer les dates des grandes f\u00eates religieuses catholiques. Alors en ce cas que devons-nous chercher ?<\/p>\n<p>La r\u00e9ponse \u00e0 cette question se trouve dans les diff\u00e9rentes fresques de l\u2019\u00e9glise. Celles qui doivent plus particuli\u00e8rement retenir notre attention sont celles du transept de l\u2019\u00e9glise. Elles sont au nombre de quatre et toutes du m\u00eame peintre. : EMILE SIGNOL.<\/p>\n<p>Cet artiste est n\u00e9 en 1804 et d\u00e9c\u00e8de en 1892 \u00e0 Montmorency. Il est Prix de Rome en 1830, acad\u00e9micien en 1860. D\u2019un acad\u00e9misme rigoureux, il se bat contre le romantisme et l\u2019impressionnisme.<\/p>\n<p>Ces quatre fresques, d\u2019une grande hauteur, \u00e9crasent l\u2019homme qui les regarde en relevant la t\u00eate. Bien que d\u2019une qualit\u00e9 incontestable, ce n\u2019est pas la qualit\u00e9 picturale qui doit retenir notre attention mais bien les signatures des quatre \u0153uvres.<\/p>\n<p style=\"text-align: center;\"><div id=\"metaslider-id-1824\" style=\"max-width: 350px; margin: 0 auto;\" class=\"ml-slider-3-98-0 metaslider metaslider-flex metaslider-1824 ml-slider ms-theme-default\" role=\"region\" aria-roledescription=\"Slideshow\" aria-label=\"StSulpice\" data-width=\"350\">\n    <div id=\"metaslider_container_1824\">\n        <div id=\"metaslider_1824\" class=\"flexslider\">\n            <ul class='slides'>\n                <li style=\"display: block; width: 100%;\" class=\"slide-1825 ms-image \" aria-roledescription=\"slide\" aria-label=\"slide-1825\" data-date=\"2019-09-02 17:45:32\"><img data-recalc-dims=\"1\" loading=\"lazy\" decoding=\"async\" src=\"https:\/\/i0.wp.com\/rennes-le-chateau.org\/wp-content\/uploads\/2019\/08\/SS04-1.jpg?resize=350%2C278&#038;ssl=1\" height=\"278\" width=\"350\" alt=\"J\u00e9sus en croix - Saint-Sulpice de Paris - Emile Signol\" class=\"slider-1824 slide-1825\" title=\"J\u00e9sus en croix - Saint-Sulpice de Paris - Emile Signol\" \/><\/li>\n                <li style=\"display: none; width: 100%;\" class=\"slide-1826 ms-image \" aria-roledescription=\"slide\" aria-label=\"slide-1826\" data-date=\"2019-09-02 17:45:32\"><img data-recalc-dims=\"1\" loading=\"lazy\" decoding=\"async\" src=\"https:\/\/i0.wp.com\/rennes-le-chateau.org\/wp-content\/uploads\/2019\/08\/SS05-1.jpg?resize=350%2C278&#038;ssl=1\" height=\"278\" width=\"350\" alt=\"Le bais\u00e9 de Judas - Saint-Sulpice de Paris - Emile Signol\" class=\"slider-1824 slide-1826\" title=\"Le baos\u00e9 de Judas - Saint-Sulpice de Paris - Emile Signol\" \/><\/li>\n                <li style=\"display: none; width: 100%;\" class=\"slide-1827 ms-image \" aria-roledescription=\"slide\" aria-label=\"slide-1827\" data-date=\"2019-09-02 17:45:32\"><img data-recalc-dims=\"1\" loading=\"lazy\" decoding=\"async\" src=\"https:\/\/i0.wp.com\/rennes-le-chateau.org\/wp-content\/uploads\/2019\/08\/SS06-1.jpg?resize=350%2C278&#038;ssl=1\" height=\"278\" width=\"350\" alt=\"L&#039;Ascension de J\u00e9sus - Saint-Sulpice de Paris - Emile Signol\" class=\"slider-1824 slide-1827\" title=\"L&#039;Ascension de J\u00e9sus - Saint-Sulpice de Paris - Emile Signol\" \/><\/li>\n            <\/ul>\n        <\/div>\n        \n    <\/div>\n<\/div><\/p>\n<p>&nbsp;<\/p>\n<p>Plac\u00e9es chacune en vis-\u00e0-vis, deux par <span style=\"font-size: 1rem;\">deux, elles portent des signatures comportant d\u2019\u00e9tranges diff\u00e9rences. Dans un cas, le N de \u00ab\u00a0Signol\u00a0\u00bb est dans le sens normal de l\u2019\u00e9criture, dans l\u2019autre cas il est \u00e0 l\u2019envers.<\/span><\/p>\n<p>Quatre ann\u00e9es s\u00e9parent les \u0153uvres en question. En 1872, Signol signait<\/p>\n<p style=\"text-align: center;\"><div id=\"metaslider-id-1828\" style=\"max-width: 500px; margin: 0 auto;\" class=\"ml-slider-3-98-0 metaslider metaslider-flex metaslider-1828 ml-slider ms-theme-default\" role=\"region\" aria-roledescription=\"Slideshow\" aria-label=\"StSulpice2\" data-width=\"500\">\n    <div id=\"metaslider_container_1828\">\n        <div id=\"metaslider_1828\" class=\"flexslider\">\n            <ul class='slides'>\n                <li style=\"display: block; width: 100%;\" class=\"slide-1829 ms-image \" aria-roledescription=\"slide\" aria-label=\"slide-1829\" data-date=\"2019-09-02 17:49:21\"><img data-recalc-dims=\"1\" loading=\"lazy\" decoding=\"async\" src=\"https:\/\/i0.wp.com\/rennes-le-chateau.org\/wp-content\/uploads\/2019\/08\/SS09-1.jpg?resize=500%2C278&#038;ssl=1\" height=\"278\" width=\"500\" alt=\"Signature normale d&#039;Emile Signol, le N est \u00e0 l\u2019endroit - Saint-Sulpice de Paris\" class=\"slider-1828 slide-1829\" title=\"Signature normale d&#039;Emile Signol, le N est \u00e0 l\u2019endroit - Saint-Sulpice de Paris\" \/><\/li>\n                <li style=\"display: none; width: 100%;\" class=\"slide-1830 ms-image \" aria-roledescription=\"slide\" aria-label=\"slide-1830\" data-date=\"2019-09-02 17:49:21\"><img data-recalc-dims=\"1\" loading=\"lazy\" decoding=\"async\" src=\"https:\/\/i0.wp.com\/rennes-le-chateau.org\/wp-content\/uploads\/2019\/08\/SS08-1.jpg?resize=500%2C278&#038;ssl=1\" height=\"278\" width=\"500\" alt=\"Signature anormale d&#039;Emile Signol, le N est \u00e0 l\u2019envers - Saint-Sulpice de Paris\" class=\"slider-1828 slide-1830\" title=\"Signature anormale d&#039;Emile Signol, le N est \u00e0 l\u2019envers - Saint-Sulpice de Paris\" \/><\/li>\n            <\/ul>\n        <\/div>\n        \n    <\/div>\n<\/div><\/p>\n<p>normalement ses toiles, en 1876 il inverse le N. N\u2019en d\u00e9plaise aux critiques, l\u2019erreur doit \u00eatre \u00e9cart\u00e9e de nos pens\u00e9es. Cette \u00ab erreur\u00a0\u00bb est compl\u00e8tement volontaire. D\u2019autant que les tableaux impliqu\u00e9s dans cette \u00ab erreur\u00a0\u00bb de signature sont\u00a0:<\/p>\n<p>&nbsp;<\/p>\n<ul>\n<li style=\"list-style-type: none;\">\n<ul>\n<li style=\"list-style-type: none;\">\n<ul>\n<li style=\"list-style-type: none;\">\n<ul>\n<li>La r\u00e9surrection de J\u00e9sus<\/li>\n<li>La trahison de Judas.<\/li>\n<\/ul>\n<\/li>\n<\/ul>\n<\/li>\n<\/ul>\n<\/li>\n<\/ul>\n<p>Deux grands points fondamentaux de la fin des \u00e9vangiles.<\/p>\n<p>Plus \u00e9tonnant encore, la fresque repr\u00e9sentant le Christ en Croix comporte une autre anomalie.<\/p>\n<p>Le Titulus, cette plaque de bois repr\u00e9sent\u00e9e au haut de la croix du Christ sur laquelle les Romains firent inscrire la fameuse phrase, \u00ab <em>Iesus Nazarenus Rex Iud\u00e6orum<\/em> \u00bb voulant dire \u00ab<em> J\u00e9sus de Nazareth, Roi des Juifs<\/em> \u00bb et \u00e9crite en trois langues, le latin, le grec et l\u2019h\u00e9breu, <strong>est ici compl\u00e8tement \u00e0 l\u2019envers<\/strong>.<\/p>\n<p style=\"text-align: center;\"><div id=\"metaslider-id-1832\" style=\"max-width: 500px; margin: 0 auto;\" class=\"ml-slider-3-98-0 metaslider metaslider-flex metaslider-1832 ml-slider ms-theme-default\" role=\"region\" aria-roledescription=\"Slideshow\" aria-label=\"StSulpice3\" data-width=\"500\">\n    <div id=\"metaslider_container_1832\">\n        <div id=\"metaslider_1832\" class=\"flexslider\">\n            <ul class='slides'>\n                <li style=\"display: block; width: 100%;\" class=\"slide-1833 ms-image \" aria-roledescription=\"slide\" aria-label=\"slide-1833\" data-date=\"2019-09-02 17:52:46\"><img data-recalc-dims=\"1\" loading=\"lazy\" decoding=\"async\" src=\"https:\/\/i0.wp.com\/rennes-le-chateau.org\/wp-content\/uploads\/2019\/08\/SS07-2.jpg?resize=500%2C278&#038;ssl=1\" height=\"278\" width=\"500\" alt=\"\" class=\"slider-1832 slide-1833\" title=\"SS07\" \/><\/li>\n                <li style=\"display: none; width: 100%;\" class=\"slide-1839 ms-image \" aria-roledescription=\"slide\" aria-label=\"slide-1839\" data-date=\"2019-09-02 18:02:24\"><img data-recalc-dims=\"1\" loading=\"lazy\" decoding=\"async\" src=\"https:\/\/i0.wp.com\/rennes-le-chateau.org\/wp-content\/uploads\/2019\/08\/SS07-1-1-e1567439702556-257x143.jpg?resize=500%2C278&#038;ssl=1\" height=\"278\" width=\"500\" alt=\"Titulus d\u00e9tail\" class=\"slider-1832 slide-1839\" title=\"Titulus d\u00e9tail\" \/><\/li>\n            <\/ul>\n        <\/div>\n        \n    <\/div>\n<\/div><\/p>\n<p>Nous sommes l\u00e0, incontestablement devant une inversion volontaire.<\/p>\n<p>Alors, quel lien peut-on voir avec Rennes-Le-Ch\u00e2teau\u00a0? Le seul est cette notion de <span style=\"color: #ff6600;\"><a style=\"color: #ff6600;\" href=\"https:\/\/rennes-le-chateau.org\/index.php\/les-n-inverses\/\">N invers\u00e9<\/a><\/span> que nous avons d\u00e9j\u00e0 crois\u00e9e\u2002 \u00e0 Rennes-Le-Ch\u00e2teau et notamment sur la tombe de B\u00e9renger Sauni\u00e8re.<\/p>\n<p>Nous ne pouvons affirmer avec certitude que B\u00e9renger Sauni\u00e8re s\u2019est rendu \u00e0 Saint-Sulpice de Paris, pourtant la pr\u00e9sence d\u2019<span style=\"color: #ff6600;\"><a style=\"color: #ff6600;\" href=\"https:\/\/rennes-le-chateau.org\/index.php\/le-plan-de-paris\/\">un plan de Paris, datant de son \u00e9poque, retrouv\u00e9 dans ses affaires<\/a><\/span> et longuement d\u00e9tenu par <span style=\"color: #ff6600;\"><a style=\"color: #ff6600;\" href=\"https:\/\/rennes-le-chateau.org\/index.php\/antoine-claire-captier\/\">Antoine et Clair Captier<\/a><\/span>, peut nous permettre de le penser.<\/p>\n<figure id=\"attachment_740\" aria-describedby=\"caption-attachment-740\" style=\"width: 441px\" class=\"wp-caption aligncenter\"><img data-recalc-dims=\"1\" loading=\"lazy\" decoding=\"async\" class=\" wp-image-740\" src=\"https:\/\/i0.wp.com\/rennes-le-chateau.org\/wp-content\/uploads\/2018\/05\/PLAN-DE-PARIS.jpg?resize=441%2C248&#038;ssl=1\" alt=\"Le Plan de Paris d\u00e9couvert dans les archives de B\u00e9renger Sauni\u00e8re\" width=\"441\" height=\"248\" srcset=\"https:\/\/i0.wp.com\/rennes-le-chateau.org\/wp-content\/uploads\/2018\/05\/PLAN-DE-PARIS.jpg?w=946&amp;ssl=1 946w, https:\/\/i0.wp.com\/rennes-le-chateau.org\/wp-content\/uploads\/2018\/05\/PLAN-DE-PARIS.jpg?resize=300%2C169&amp;ssl=1 300w, https:\/\/i0.wp.com\/rennes-le-chateau.org\/wp-content\/uploads\/2018\/05\/PLAN-DE-PARIS.jpg?resize=768%2C432&amp;ssl=1 768w, https:\/\/i0.wp.com\/rennes-le-chateau.org\/wp-content\/uploads\/2018\/05\/PLAN-DE-PARIS.jpg?resize=250%2C141&amp;ssl=1 250w, https:\/\/i0.wp.com\/rennes-le-chateau.org\/wp-content\/uploads\/2018\/05\/PLAN-DE-PARIS.jpg?resize=350%2C197&amp;ssl=1 350w\" sizes=\"auto, (max-width: 441px) 100vw, 441px\" \/><figcaption id=\"caption-attachment-740\" class=\"wp-caption-text\">Le Plan de Paris d\u00e9couvert dans les archives de B\u00e9renger Sauni\u00e8re<\/figcaption><\/figure>\n<p>D\u00e8s lors, nous devons nous interroger sur au moins deux points\u00a0:<\/p>\n<ul>\n<li style=\"list-style-type: none;\">\n<ul>\n<li style=\"list-style-type: none;\">\n<ul>\n<li>Pourquoi G\u00e9rard de S\u00e8de nous entra\u00eene-t-il \u00e0 Saint-Sulpice de Paris ?<\/li>\n<li>Quelle est la r\u00e9elle signification de ces inversions volontaires et notamment celles des <span style=\"color: #ff6600;\"><a style=\"color: #ff6600;\" href=\"https:\/\/rennes-le-chateau.org\/index.php\/les-n-inverses\/\">N invers\u00e9s<\/a><\/span>\u00a0?<\/li>\n<\/ul>\n<\/li>\n<\/ul>\n<\/li>\n<\/ul>\n<p>Juste une piste pour vous donner mati\u00e8re \u00e0 r\u00e9flexion\u00a0: Analysez la p\u00e9riode de ces cr\u00e9ations\u00a0!<\/p>\n<p><strong><img data-recalc-dims=\"1\" loading=\"lazy\" decoding=\"async\" class=\"size-full wp-image-1609 alignleft\" src=\"https:\/\/i0.wp.com\/rennes-le-chateau.org\/wp-content\/uploads\/2019\/08\/IconeHP-e1566047268923.png?resize=25%2C25&#038;ssl=1\" alt=\"\" width=\"25\" height=\"25\" align=\"absmiddle\" \/>Ecoutez le texte de cette page au format MP3 :<\/strong><\/p>\n<!--[if lt IE 9]><script>document.createElement('audio');<\/script><![endif]-->\n<audio class=\"wp-audio-shortcode\" id=\"audio-792-1\" preload=\"none\" style=\"width: 100%;\" controls=\"controls\"><source type=\"audio\/mpeg\" src=\"https:\/\/rennes-le-chateau.org\/wp-content\/uploads\/2019\/09\/StSulpice-01.mp3?_=1\" \/><a href=\"https:\/\/rennes-le-chateau.org\/wp-content\/uploads\/2019\/09\/StSulpice-01.mp3\">https:\/\/rennes-le-chateau.org\/wp-content\/uploads\/2019\/09\/StSulpice-01.mp3<\/a><\/audio>\n<p>&nbsp;<\/p>\n","protected":false},"excerpt":{"rendered":"<p>Accueil \/ Etudes et Analyses \/ L&#8217;affaire moderne de Rennes-Le-Ch\u00e2teau Dans le d\u00e9but des ann\u00e9es 60, dans son livre l\u2019Or de Rennes, G\u00e9rard de S\u00e8de nous entra\u00eene dans une aventure extraordinaire, celle qu\u2019a v\u00e9cu B\u00e9renger Sauni\u00e8re. Avec force d\u00e9tails, il nous pr\u00e9sente les d\u00e9couvertes de Sauni\u00e8re, et notamment celles d\u2019\u00e9ventuels parchemins, le Grand et le &hellip; <\/p>\n<p class=\"link-more\"><a href=\"https:\/\/rennes-le-chateau.org\/index.php\/le-site\/laffaire-moderne-de-rlc\/saint-sulpice-de-paris\/\" class=\"more-link\">Continuer la lecture<span class=\"screen-reader-text\"> de &laquo;&nbsp;Saint-Sulpice de Paris&nbsp;&raquo;<\/span><\/a><\/p>\n","protected":false},"author":1,"featured_media":0,"parent":130,"menu_order":0,"comment_status":"open","ping_status":"closed","template":"","meta":{"jetpack_post_was_ever_published":false,"footnotes":""},"class_list":["post-792","page","type-page","status-publish","hentry"],"jetpack_sharing_enabled":true,"jetpack_shortlink":"https:\/\/wp.me\/P9SxBn-cM","_links":{"self":[{"href":"https:\/\/rennes-le-chateau.org\/index.php\/wp-json\/wp\/v2\/pages\/792","targetHints":{"allow":["GET"]}}],"collection":[{"href":"https:\/\/rennes-le-chateau.org\/index.php\/wp-json\/wp\/v2\/pages"}],"about":[{"href":"https:\/\/rennes-le-chateau.org\/index.php\/wp-json\/wp\/v2\/types\/page"}],"author":[{"embeddable":true,"href":"https:\/\/rennes-le-chateau.org\/index.php\/wp-json\/wp\/v2\/users\/1"}],"replies":[{"embeddable":true,"href":"https:\/\/rennes-le-chateau.org\/index.php\/wp-json\/wp\/v2\/comments?post=792"}],"version-history":[{"count":30,"href":"https:\/\/rennes-le-chateau.org\/index.php\/wp-json\/wp\/v2\/pages\/792\/revisions"}],"predecessor-version":[{"id":1838,"href":"https:\/\/rennes-le-chateau.org\/index.php\/wp-json\/wp\/v2\/pages\/792\/revisions\/1838"}],"up":[{"embeddable":true,"href":"https:\/\/rennes-le-chateau.org\/index.php\/wp-json\/wp\/v2\/pages\/130"}],"wp:attachment":[{"href":"https:\/\/rennes-le-chateau.org\/index.php\/wp-json\/wp\/v2\/media?parent=792"}],"curies":[{"name":"wp","href":"https:\/\/api.w.org\/{rel}","templated":true}]}}