{"id":699,"date":"2018-05-09T15:28:41","date_gmt":"2018-05-09T13:28:41","guid":{"rendered":"http:\/\/rennes-le-chateau.org\/?page_id=699"},"modified":"2019-08-10T15:54:09","modified_gmt":"2019-08-10T13:54:09","slug":"les-pierres-gravees-2","status":"publish","type":"page","link":"https:\/\/rennes-le-chateau.org\/index.php\/autour-de-laffaire\/des-enigmes\/les-pierres-gravees-2\/","title":{"rendered":"Les Pierres Grav\u00e9es"},"content":{"rendered":"<h6><span style=\"color: #808080;\"><a href=\"https:\/\/rennes-le-chateau.org\/\"><span style=\"color: #999999;\">Accueil<\/span><\/a> \/<span style=\"color: #999999;\"><a style=\"color: #999999;\" href=\"https:\/\/rennes-le-chateau.org\/index.php\/autour-de-laffaire\/\"> Autour de l&#8217;Affaire<\/a><\/span><\/span> \/ <span style=\"color: #999999;\"><a style=\"color: #999999;\" href=\"https:\/\/rennes-le-chateau.org\/index.php\/des-enigmes\/\">Des \u00e9nigmes<\/a><\/span><\/h6>\n<p><span style=\"color: #ff6600;\">Dans l&#8217;affaire de Rennes-Le-Ch\u00e2teau<\/span> existe des \u00e9l\u00e9ments r\u00e9currents qui \u00e9maillent cette histoire ; il s&#8217;agit de <span style=\"color: #ff6600;\">pierres grav\u00e9es.<\/span><\/p>\n<p>De toutes ces pierres grav\u00e9es, seules deux d&#8217;entre elles ont une existence av\u00e9r\u00e9e :<span style=\"color: #ff6600;\"><strong> <a style=\"color: #ff6600;\" href=\"http:\/\/rennes-le-chateau.org\/index.php\/un-patrimoine-protege\/\">La Dalle des Chevaliers d\u00e9couverte par B\u00e9renger Sauni\u00e8re<\/a><\/strong><\/span> et l<span style=\"color: #ff6600;\">a st\u00e8le tombale d&#8217;Elisabeth Raynaund<\/span>, inhum\u00e9e dans le cimeti\u00e8re de Rennes-Le-Ch\u00e2teau.<\/p>\n<figure id=\"attachment_760\" aria-describedby=\"caption-attachment-760\" style=\"width: 252px\" class=\"wp-caption aligncenter\"><img data-recalc-dims=\"1\" loading=\"lazy\" decoding=\"async\" class=\"wp-image-760 size-full\" title=\"La st\u00e8le tombale d'Elisabeth Raynaund d\u00e9c\u00e9d\u00e9e \u00e0 l'\u00e2ge de 18 ans\" src=\"https:\/\/i0.wp.com\/rennes-le-chateau.org\/wp-content\/uploads\/2018\/05\/PierreGravees003.jpg?resize=252%2C274\" alt=\"La st\u00e8le tombale d'Elisabeth Raynaund d\u00e9c\u00e9d\u00e9e \u00e0 l'\u00e2ge de 18 ans\" width=\"252\" height=\"274\" srcset=\"https:\/\/i0.wp.com\/rennes-le-chateau.org\/wp-content\/uploads\/2018\/05\/PierreGravees003.jpg?w=252&amp;ssl=1 252w, https:\/\/i0.wp.com\/rennes-le-chateau.org\/wp-content\/uploads\/2018\/05\/PierreGravees003.jpg?resize=250%2C272&amp;ssl=1 250w\" sizes=\"auto, (max-width: 252px) 100vw, 252px\" \/><figcaption id=\"caption-attachment-760\" class=\"wp-caption-text\">La st\u00e8le tombale d&#8217;Elisabeth Raynaund d\u00e9c\u00e9d\u00e9e \u00e0 l&#8217;\u00e2ge de 18 ans<\/figcaption><\/figure>\n<p>Quant aux autres, leur existence est incertaine voir fantasm\u00e9e. Elles sont aux nombres de trois :<\/p>\n<p style=\"padding-left: 30px;\"><span style=\"color: #ff6600;\">La st\u00e8le tombale de la Marquise Marie de N\u00e8gre d&#8217;Able Dame de Blanchefort et d&#8217;Aniort<\/span>. C&#8217;est par elle qu&#8217;une cl\u00e9 de d\u00e9cryptage aurait \u00e9t\u00e9 trouv\u00e9e pour d\u00e9coder le <strong><span style=\"color: #ff6600;\"><a style=\"color: #ff6600;\" href=\"http:\/\/rennes-le-chateau.org\/index.php\/le-grand-parchemin\/\" target=\"_blank\" rel=\"noopener noreferrer\">Grand Parchemin<\/a><\/span><\/strong><\/p>\n<figure id=\"attachment_759\" aria-describedby=\"caption-attachment-759\" style=\"width: 328px\" class=\"wp-caption aligncenter\"><img data-recalc-dims=\"1\" loading=\"lazy\" decoding=\"async\" class=\"wp-image-759 size-full\" title=\"La St\u00e8le tombale de la Marquise de Blanchefort, telle quelle fut pr\u00e9sent\u00e9e dans le livres de G\u00e9rard de S\u00e8de &quot;Le Tr\u00e9sor Maudit de Rennes-Le-Ch\u00e2teau&quot;\" src=\"https:\/\/i0.wp.com\/rennes-le-chateau.org\/wp-content\/uploads\/2018\/05\/PierreGravees002.jpg?resize=328%2C447\" alt=\"La St\u00e8le tombale de la Marquise de Blanchefort, telle quelle fut pr\u00e9sent\u00e9e dans le livres de G\u00e9rard de S\u00e8de &quot;Le Tr\u00e9sor Maudit de Rennes-Le-Ch\u00e2teau&quot;\" width=\"328\" height=\"447\" srcset=\"https:\/\/i0.wp.com\/rennes-le-chateau.org\/wp-content\/uploads\/2018\/05\/PierreGravees002.jpg?w=328&amp;ssl=1 328w, https:\/\/i0.wp.com\/rennes-le-chateau.org\/wp-content\/uploads\/2018\/05\/PierreGravees002.jpg?resize=220%2C300&amp;ssl=1 220w, https:\/\/i0.wp.com\/rennes-le-chateau.org\/wp-content\/uploads\/2018\/05\/PierreGravees002.jpg?resize=250%2C341&amp;ssl=1 250w\" sizes=\"auto, (max-width: 328px) 100vw, 328px\" \/><figcaption id=\"caption-attachment-759\" class=\"wp-caption-text\">La St\u00e8le tombale de la Marquise de Blanchefort, telle quelle fut pr\u00e9sent\u00e9e dans le livres de G\u00e9rard de S\u00e8de &#8220;Le Tr\u00e9sor Maudit de Rennes-Le-Ch\u00e2teau&#8221;<\/figcaption><\/figure>\n<p style=\"padding-left: 30px;\">La pierre tombale de la m\u00eame Marquise sur laquelle figure une phrase \u00e9nigmatique \u00e9crite en grec et pouvant \u00eatre lue comme &#8220;<span style=\"color: #ff6600;\"><em>Et In Arcadia Ego<\/em><\/span>&#8220;, c\u00e9l\u00e8bre phrase pouvant se traduire par &#8220;<em><span style=\"color: #ff6600;\">En Arcadie je suis<\/span>&#8220;<\/em>\u00a0et pr\u00e9sente \u00e9galement sur<span style=\"color: #ff6600;\"> le c\u00e9l\u00e8bre tableau de Nicolas Poussin &#8220;Les bergers d&#8217;Arcadie&#8221;<\/span><\/p>\n<figure id=\"attachment_758\" aria-describedby=\"caption-attachment-758\" style=\"width: 328px\" class=\"wp-caption aligncenter\"><img data-recalc-dims=\"1\" loading=\"lazy\" decoding=\"async\" class=\"wp-image-758 size-full\" title=\"La Pierre tombale de la Marquise de Blanchefort, telle quelle fut pr\u00e9sent\u00e9e dans le livres de G\u00e9rard de S\u00e8de &quot;Le Tr\u00e9sor Maudit de Rennes-Le-Ch\u00e2teau&quot;\" src=\"https:\/\/i0.wp.com\/rennes-le-chateau.org\/wp-content\/uploads\/2018\/05\/PierreGravees001.jpg?resize=328%2C496\" alt=\"La Pierre tombale de la Marquise de Blanchefort, telle quelle fut pr\u00e9sent\u00e9e dans le livres de G\u00e9rard de S\u00e8de &quot;Le Tr\u00e9sor Maudit de Rennes-Le-Ch\u00e2teau&quot;\" width=\"328\" height=\"496\" srcset=\"https:\/\/i0.wp.com\/rennes-le-chateau.org\/wp-content\/uploads\/2018\/05\/PierreGravees001.jpg?w=328&amp;ssl=1 328w, https:\/\/i0.wp.com\/rennes-le-chateau.org\/wp-content\/uploads\/2018\/05\/PierreGravees001.jpg?resize=198%2C300&amp;ssl=1 198w, https:\/\/i0.wp.com\/rennes-le-chateau.org\/wp-content\/uploads\/2018\/05\/PierreGravees001.jpg?resize=250%2C378&amp;ssl=1 250w\" sizes=\"auto, (max-width: 328px) 100vw, 328px\" \/><figcaption id=\"caption-attachment-758\" class=\"wp-caption-text\">La Pierre tombale de la Marquise de Blanchefort, telle quelle fut pr\u00e9sent\u00e9e dans le livres de G\u00e9rard de S\u00e8de &#8220;Le Tr\u00e9sor Maudit de Rennes-Le-Ch\u00e2teau&#8221;<\/figcaption><\/figure>\n<p style=\"padding-left: 30px;\">Et la pierre de Coumsourde.<\/p>\n<figure id=\"attachment_753\" aria-describedby=\"caption-attachment-753\" style=\"width: 353px\" class=\"wp-caption aligncenter\"><img data-recalc-dims=\"1\" loading=\"lazy\" decoding=\"async\" class=\"wp-image-753 size-full\" title=\"La Pierre dite de Coumesourde telle quelle fut pr\u00e9sent\u00e9e dans le livres de G\u00e9rard de S\u00e8de &quot;Le Tr\u00e9sor Maudit de Rennes-Le-Ch\u00e2teau&quot;\" src=\"https:\/\/i0.wp.com\/rennes-le-chateau.org\/wp-content\/uploads\/2018\/05\/coumesourde.jpg?resize=353%2C364\" alt=\"La Pierre dite de Coumesourde telle quelle fut pr\u00e9sent\u00e9e dans le livres de G\u00e9rard de S\u00e8de &quot;Le Tr\u00e9sor Maudit de Rennes-Le-Ch\u00e2teau&quot;\" width=\"353\" height=\"364\" srcset=\"https:\/\/i0.wp.com\/rennes-le-chateau.org\/wp-content\/uploads\/2018\/05\/coumesourde.jpg?w=353&amp;ssl=1 353w, https:\/\/i0.wp.com\/rennes-le-chateau.org\/wp-content\/uploads\/2018\/05\/coumesourde.jpg?resize=291%2C300&amp;ssl=1 291w, https:\/\/i0.wp.com\/rennes-le-chateau.org\/wp-content\/uploads\/2018\/05\/coumesourde.jpg?resize=250%2C258&amp;ssl=1 250w, https:\/\/i0.wp.com\/rennes-le-chateau.org\/wp-content\/uploads\/2018\/05\/coumesourde.jpg?resize=350%2C361&amp;ssl=1 350w\" sizes=\"auto, (max-width: 353px) 100vw, 353px\" \/><figcaption id=\"caption-attachment-753\" class=\"wp-caption-text\">La Pierre dite de Coumesourde telle quelle fut pr\u00e9sent\u00e9e dans le livres de G\u00e9rard de S\u00e8de &#8220;Le Tr\u00e9sor Maudit de Rennes-Le-Ch\u00e2teau&#8221;<\/figcaption><\/figure>\n<p><strong>Pour en savoir plus<\/strong> :\u00a0<span style=\"color: #ff6600;\"><a style=\"color: #ff6600;\" href=\"http:\/\/rennes-le-chateau.org\/wp-content\/uploads\/2018\/05\/les-pierres-gravees.pdf\" target=\"_blank\" rel=\"noopener noreferrer\"><strong>Les Pierres Grav\u00e9es<\/strong> <\/a><\/span> &#8211; <em>Document PDF<\/em><\/p>\n","protected":false},"excerpt":{"rendered":"<p>Accueil \/ Autour de l&#8217;Affaire \/ Des \u00e9nigmes Dans l&#8217;affaire de Rennes-Le-Ch\u00e2teau existe des \u00e9l\u00e9ments r\u00e9currents qui \u00e9maillent cette histoire ; il s&#8217;agit de pierres grav\u00e9es. De toutes ces pierres grav\u00e9es, seules deux d&#8217;entre elles ont une existence av\u00e9r\u00e9e : La Dalle des Chevaliers d\u00e9couverte par B\u00e9renger Sauni\u00e8re et la st\u00e8le tombale d&#8217;Elisabeth Raynaund, inhum\u00e9e &hellip; <\/p>\n<p class=\"link-more\"><a href=\"https:\/\/rennes-le-chateau.org\/index.php\/autour-de-laffaire\/des-enigmes\/les-pierres-gravees-2\/\" class=\"more-link\">Continuer la lecture<span class=\"screen-reader-text\"> de &laquo;&nbsp;Les Pierres Grav\u00e9es&nbsp;&raquo;<\/span><\/a><\/p>\n","protected":false},"author":1,"featured_media":0,"parent":685,"menu_order":0,"comment_status":"open","ping_status":"closed","template":"","meta":{"jetpack_post_was_ever_published":false,"footnotes":""},"class_list":["post-699","page","type-page","status-publish","hentry"],"jetpack_sharing_enabled":true,"jetpack_shortlink":"https:\/\/wp.me\/P9SxBn-bh","_links":{"self":[{"href":"https:\/\/rennes-le-chateau.org\/index.php\/wp-json\/wp\/v2\/pages\/699","targetHints":{"allow":["GET"]}}],"collection":[{"href":"https:\/\/rennes-le-chateau.org\/index.php\/wp-json\/wp\/v2\/pages"}],"about":[{"href":"https:\/\/rennes-le-chateau.org\/index.php\/wp-json\/wp\/v2\/types\/page"}],"author":[{"embeddable":true,"href":"https:\/\/rennes-le-chateau.org\/index.php\/wp-json\/wp\/v2\/users\/1"}],"replies":[{"embeddable":true,"href":"https:\/\/rennes-le-chateau.org\/index.php\/wp-json\/wp\/v2\/comments?post=699"}],"version-history":[{"count":6,"href":"https:\/\/rennes-le-chateau.org\/index.php\/wp-json\/wp\/v2\/pages\/699\/revisions"}],"predecessor-version":[{"id":1438,"href":"https:\/\/rennes-le-chateau.org\/index.php\/wp-json\/wp\/v2\/pages\/699\/revisions\/1438"}],"up":[{"embeddable":true,"href":"https:\/\/rennes-le-chateau.org\/index.php\/wp-json\/wp\/v2\/pages\/685"}],"wp:attachment":[{"href":"https:\/\/rennes-le-chateau.org\/index.php\/wp-json\/wp\/v2\/media?parent=699"}],"curies":[{"name":"wp","href":"https:\/\/api.w.org\/{rel}","templated":true}]}}