{"id":696,"date":"2018-05-09T15:28:41","date_gmt":"2018-05-09T13:28:41","guid":{"rendered":"http:\/\/rennes-le-chateau.org\/?page_id=696"},"modified":"2019-09-01T17:24:55","modified_gmt":"2019-09-01T15:24:55","slug":"le-plan-de-paris","status":"publish","type":"page","link":"https:\/\/rennes-le-chateau.org\/index.php\/autour-de-laffaire\/des-enigmes\/le-plan-de-paris\/","title":{"rendered":"Le Plan de Paris"},"content":{"rendered":"<h6><span style=\"color: #808080;\"><a href=\"https:\/\/rennes-le-chateau.org\/\"><span style=\"color: #999999;\">Accueil<\/span><\/a> \/<span style=\"color: #999999;\"><a style=\"color: #999999;\" href=\"https:\/\/rennes-le-chateau.org\/index.php\/autour-de-laffaire\/\"> Autour de l&#8217;Affaire<\/a><\/span><\/span> \/ <span style=\"color: #999999;\"><a style=\"color: #999999;\" href=\"https:\/\/rennes-le-chateau.org\/index.php\/des-enigmes\/\">Des \u00e9nigmes<\/a><\/span><\/h6>\n<figure id=\"attachment_740\" aria-describedby=\"caption-attachment-740\" style=\"width: 438px\" class=\"wp-caption alignleft\"><img data-recalc-dims=\"1\" loading=\"lazy\" decoding=\"async\" class=\" wp-image-740\" src=\"https:\/\/i0.wp.com\/rennes-le-chateau.org\/wp-content\/uploads\/2018\/05\/PLAN-DE-PARIS.jpg?resize=438%2C246\" alt=\"Le Plan de Paris d\u00e9couvert dans les archives de B\u00e9renger Sauni\u00e8re\" width=\"438\" height=\"246\" srcset=\"https:\/\/i0.wp.com\/rennes-le-chateau.org\/wp-content\/uploads\/2018\/05\/PLAN-DE-PARIS.jpg?w=946&amp;ssl=1 946w, https:\/\/i0.wp.com\/rennes-le-chateau.org\/wp-content\/uploads\/2018\/05\/PLAN-DE-PARIS.jpg?resize=300%2C169&amp;ssl=1 300w, https:\/\/i0.wp.com\/rennes-le-chateau.org\/wp-content\/uploads\/2018\/05\/PLAN-DE-PARIS.jpg?resize=768%2C432&amp;ssl=1 768w, https:\/\/i0.wp.com\/rennes-le-chateau.org\/wp-content\/uploads\/2018\/05\/PLAN-DE-PARIS.jpg?resize=250%2C141&amp;ssl=1 250w, https:\/\/i0.wp.com\/rennes-le-chateau.org\/wp-content\/uploads\/2018\/05\/PLAN-DE-PARIS.jpg?resize=350%2C197&amp;ssl=1 350w\" sizes=\"auto, (max-width: 438px) 100vw, 438px\" \/><figcaption id=\"caption-attachment-740\" class=\"wp-caption-text\">Le Plan de Paris d\u00e9couvert dans les archives de B\u00e9renger Sauni\u00e8re<\/figcaption><\/figure>\n<p>C\u2019est au cours du tournage du documentaire \u00ab <span style=\"color: #ff6600;\"><em>Le Da Vinci : Enqu\u00eate sur les \u00e9nigmes d\u2019un best seller<\/em><\/span> \u00bb, que David Galley et moi-m\u00eame pr\u00e9sentions, pour la premi\u00e8re fois cet \u00e9l\u00e9ment peu ou inconnu de l\u2019affaire de Rennes-Le-Ch\u00e2teau.<\/p>\n<p>Nous avions demand\u00e9 \u00e0 Monsieur Antoine Captier et son \u00e9pouse Claire de bien vouloir r\u00e9pondre aux questions d\u2019une interview film\u00e9e pour le documentaire. <span style=\"color: #ff6600;\">Monsieur et Madame Captier, toujours accueillants<\/span> et charmants, nous pr\u00e9sent\u00e8rent alors plusieurs documents et objets ayant appartenu \u00e0 B\u00e9renger Sauni\u00e8re. Parmi ceux-ci, se trouvait<span style=\"color: #ff6600;\"> un vieux plan de Paris datant des ann\u00e9es 1880-1900<\/span>.<\/p>\n<p>Le plan, en soit, n\u2019a aucune valeur si ce n\u2019est celle que peuvent lui attribuer des collectionneurs. <span style=\"color: #ff6600;\">Ce qui nous \u00e9tonna<\/span> est sa pr\u00e9sence m\u00eame dans les affaires personnelles de B\u00e9renger Sauni\u00e8re !<\/p>\n<p>D\u2019apr\u00e8s Monsieur Captier, il avait toujours \u00e9t\u00e9 parmi les affaires du pr\u00eatre qui leur \u00e9taient parvenues au travers des jeux de successions. La question de savoir si\u00a0 B\u00e9renger Sauni\u00e8re s&#8217;est rendu \u00e0 Paris au cours de sa vie <span style=\"color: #ff6600;\">taraude les passionn\u00e9s et les chercheurs de l&#8217;affaire depuis de nombreuses ann\u00e9es<\/span>.<\/p>\n<p>C\u2019est <span style=\"color: #ff6600;\">G\u00e9rard de S\u00e8de<\/span> qui le premier pr\u00e9senta cette histoire de voyage \u00e0 Paris dans son premier livre qu\u2019il consacre \u00e0 l\u2019affaire de Rennes-Le-Ch\u00e2teau . D\u2019apr\u00e8s l\u2019auteur, c\u2019est au cours de ce voyage qu\u2019il fit traduire les parchemins d\u00e9couvert dans l\u2019\u00e9glise, par l&#8217;entremise de l\u2019Oblat Emile Hoffet.<\/p>\n<p>Toujours d&#8217;apr\u00e8s G\u00e9rard de S\u00e8de, <span style=\"color: #ff6600;\">Emile Hoffet l\u2019entra\u00eene dans le monde sulfureux de l\u2019occultisme Parisien<\/span> de cette fin de XIX<sup>\u00e8me <\/sup>si\u00e8cle et ce serrait \u00e9galement \u00e0 cette occasion que notre bon cur\u00e9 de l&#8217;Aude rencontra <span style=\"color: #ff6600;\">Emma Calv\u00e9<\/span>, c\u00e9l\u00e8bre cantatrice de son \u00e9poque pouvant \u00eatre compar\u00e9 \u00e0 la Calas.<\/p>\n<p>L&#8217;auteur de &#8220;<strong><a href=\"https:\/\/rennes-le-chateau.org\/index.php\/le-site\/laffaire-moderne-de-rlc\/lor-de-rennes-de-gerard-de-sede\/\"><span style=\"color: #ff6600;\">L&#8217;Or de Rennes<\/span><\/a><\/strong>&#8221; nous pr\u00e9sente cette histoire sans y \u00e9mettre le moindre doute et sans pr\u00e9senter d\u2019\u00e9l\u00e9ments probants pouvant accr\u00e9diter ses dires. C\u2019est ainsi que de nombreux auteurs et chercheurs \u00e9chafaudent des th\u00e9ories sans aucun \u00e9l\u00e9ment factuel de d\u00e9part. <span style=\"color: #ff6600;\">Pour ma part, je rejetais cette hypoth\u00e8se<\/span>, semblant plut\u00f4t relever du &#8220;roman&#8221; que de l&#8217;\u00e9tude historique.<\/p>\n<p>Or, la d\u00e9couverte de ce plan de Paris dans les affaires de B\u00e9renger Sauni\u00e8re rend l\u2019hypoth\u00e8se d\u2019un ou de voyages parisiens du pr\u00eatre de Rennes-Le-Ch\u00e2teau beaucoup plus probable. <span style=\"color: #ff6600;\">Pourquoi, une personne habitant dans l\u2019Aude, loin de Paris, poss\u00e8de dans ses affaires le plan d\u2019une ville o\u00f9 il ne serait pas all\u00e9?<\/span> Il est fort probable, que ce plan a bien \u00e9t\u00e9\u00a0 achet\u00e9 \u00e0 Paris par une personne s\u2019y \u00e9tant rendu.<\/p>\n<p>Certains peuvent m&#8217;opposer que, peut-\u00eatre, <span style=\"color: #ff6600;\">ce plan a \u00e9t\u00e9 offert au pr\u00eatre par un tiers<\/span> s&#8217;\u00e9tant rendu \u00e0 Paris ; outre le fait que ce &#8220;cadeau&#8221; est peu probable, nous devons nous interroger sur la raison qui l&#8217;aurait motiv\u00e9e \u00e0 le garder !<\/p>\n<p>Je pense que c<span style=\"color: #ff6600;\">e plan est la preuve que le cur\u00e9 de Rennes-Le-Ch\u00e2teau s\u2019est rendu \u00e0 Paris<\/span>, seule la raison ne peut \u00eatre d\u00e9termin\u00e9e. D&#8217;ailleurs, \u00e0 son habitude, G\u00e9rard de S\u00e8de pr\u00e9sente ce voyage avec un &#8220;d\u00e9cor&#8221; particulier r\u00e9alis\u00e9 avec la pr\u00e9sence d&#8217;Emma Calv\u00e9, Emile Hoffet et le monde occulte parisien de cette \u00e9poque. A son habitude, <span style=\"color: #ff6600;\">G\u00e9rard de S\u00e8de nous passe un message<\/span>, mais faut-il encore le d\u00e9barrasser de cette gangue romanesque inutile qui permet de dissimuler la v\u00e9rit\u00e9.<\/p>\n<p>Certains \u00e9l\u00e9ments annot\u00e9s sur ce plan peuvent permettre d\u2019envisager certaines pistes de recherches ;\u00a0 mais pour le moment i<span style=\"color: #ff6600;\">l est encore un peu t\u00f4t<\/span> pour les \u00e9voquer ici et de pr\u00e9senter les r\u00e9sultats d\u2019une enqu\u00eate qui s\u2019av\u00e8re passionnante.<\/p>\n<p><strong><img data-recalc-dims=\"1\" loading=\"lazy\" decoding=\"async\" class=\"size-full wp-image-1609 alignleft\" src=\"https:\/\/i0.wp.com\/rennes-le-chateau.org\/wp-content\/uploads\/2019\/08\/IconeHP-e1566047268923.png?resize=25%2C25&#038;ssl=1\" alt=\"\" width=\"25\" height=\"25\" align=\"absmiddle\" \/>Ecoutez le texte de cette page au format MP3 :<\/strong><\/p>\n<!--[if lt IE 9]><script>document.createElement('audio');<\/script><![endif]-->\n<audio class=\"wp-audio-shortcode\" id=\"audio-696-1\" preload=\"none\" style=\"width: 100%;\" controls=\"controls\"><source type=\"audio\/mpeg\" src=\"https:\/\/rennes-le-chateau.org\/wp-content\/uploads\/2019\/09\/LePlanDeParis-01.mp3?_=1\" \/><a href=\"https:\/\/rennes-le-chateau.org\/wp-content\/uploads\/2019\/09\/LePlanDeParis-01.mp3\">https:\/\/rennes-le-chateau.org\/wp-content\/uploads\/2019\/09\/LePlanDeParis-01.mp3<\/a><\/audio>\n","protected":false},"excerpt":{"rendered":"<p>Accueil \/ Autour de l&#8217;Affaire \/ Des \u00e9nigmes C\u2019est au cours du tournage du documentaire \u00ab Le Da Vinci : Enqu\u00eate sur les \u00e9nigmes d\u2019un best seller \u00bb, que David Galley et moi-m\u00eame pr\u00e9sentions, pour la premi\u00e8re fois cet \u00e9l\u00e9ment peu ou inconnu de l\u2019affaire de Rennes-Le-Ch\u00e2teau. Nous avions demand\u00e9 \u00e0 Monsieur Antoine Captier et &hellip; <\/p>\n<p class=\"link-more\"><a href=\"https:\/\/rennes-le-chateau.org\/index.php\/autour-de-laffaire\/des-enigmes\/le-plan-de-paris\/\" class=\"more-link\">Continuer la lecture<span class=\"screen-reader-text\"> de &laquo;&nbsp;Le Plan de Paris&nbsp;&raquo;<\/span><\/a><\/p>\n","protected":false},"author":1,"featured_media":0,"parent":685,"menu_order":0,"comment_status":"open","ping_status":"closed","template":"","meta":{"jetpack_post_was_ever_published":false,"footnotes":""},"class_list":["post-696","page","type-page","status-publish","hentry"],"jetpack_sharing_enabled":true,"jetpack_shortlink":"https:\/\/wp.me\/P9SxBn-be","_links":{"self":[{"href":"https:\/\/rennes-le-chateau.org\/index.php\/wp-json\/wp\/v2\/pages\/696","targetHints":{"allow":["GET"]}}],"collection":[{"href":"https:\/\/rennes-le-chateau.org\/index.php\/wp-json\/wp\/v2\/pages"}],"about":[{"href":"https:\/\/rennes-le-chateau.org\/index.php\/wp-json\/wp\/v2\/types\/page"}],"author":[{"embeddable":true,"href":"https:\/\/rennes-le-chateau.org\/index.php\/wp-json\/wp\/v2\/users\/1"}],"replies":[{"embeddable":true,"href":"https:\/\/rennes-le-chateau.org\/index.php\/wp-json\/wp\/v2\/comments?post=696"}],"version-history":[{"count":17,"href":"https:\/\/rennes-le-chateau.org\/index.php\/wp-json\/wp\/v2\/pages\/696\/revisions"}],"predecessor-version":[{"id":1798,"href":"https:\/\/rennes-le-chateau.org\/index.php\/wp-json\/wp\/v2\/pages\/696\/revisions\/1798"}],"up":[{"embeddable":true,"href":"https:\/\/rennes-le-chateau.org\/index.php\/wp-json\/wp\/v2\/pages\/685"}],"wp:attachment":[{"href":"https:\/\/rennes-le-chateau.org\/index.php\/wp-json\/wp\/v2\/media?parent=696"}],"curies":[{"name":"wp","href":"https:\/\/api.w.org\/{rel}","templated":true}]}}