{"id":694,"date":"2018-05-09T15:28:41","date_gmt":"2018-05-09T13:28:41","guid":{"rendered":"http:\/\/rennes-le-chateau.org\/?page_id=694"},"modified":"2019-09-06T15:59:51","modified_gmt":"2019-09-06T13:59:51","slug":"le-grand-parchemin","status":"publish","type":"page","link":"https:\/\/rennes-le-chateau.org\/index.php\/autour-de-laffaire\/des-enigmes\/le-grand-parchemin\/","title":{"rendered":"Le Grand Parchemin"},"content":{"rendered":"<h6><span style=\"color: #808080;\"><a href=\"https:\/\/rennes-le-chateau.org\/\"><span style=\"color: #999999;\">Accueil<\/span><\/a> \/<span style=\"color: #999999;\"><a style=\"color: #999999;\" href=\"https:\/\/rennes-le-chateau.org\/index.php\/autour-de-laffaire\/\"> Autour de l&#8217;Affaire<\/a><\/span><\/span> \/ <span style=\"color: #999999;\"><a style=\"color: #999999;\" href=\"https:\/\/rennes-le-chateau.org\/index.php\/des-enigmes\/\">Des \u00e9nigmes<\/a><\/span><\/h6>\n<figure id=\"attachment_722\" aria-describedby=\"caption-attachment-722\" style=\"width: 421px\" class=\"wp-caption aligncenter\"><img data-recalc-dims=\"1\" loading=\"lazy\" decoding=\"async\" class=\"wp-image-722 \" title=\"Le Grand Parchemin de l'affaire de Rennes-Le-Ch\u00e2teau\" src=\"https:\/\/i0.wp.com\/rennes-le-chateau.org\/wp-content\/uploads\/2018\/05\/GP.jpg?resize=421%2C542\" alt=\"Le Grand Parchemin de l'affaire de Rennes-Le-Ch\u00e2teau\" width=\"421\" height=\"542\" srcset=\"https:\/\/i0.wp.com\/rennes-le-chateau.org\/wp-content\/uploads\/2018\/05\/GP.jpg?w=344&amp;ssl=1 344w, https:\/\/i0.wp.com\/rennes-le-chateau.org\/wp-content\/uploads\/2018\/05\/GP.jpg?resize=233%2C300&amp;ssl=1 233w, https:\/\/i0.wp.com\/rennes-le-chateau.org\/wp-content\/uploads\/2018\/05\/GP.jpg?resize=250%2C322&amp;ssl=1 250w\" sizes=\"auto, (max-width: 421px) 100vw, 421px\" \/><figcaption id=\"caption-attachment-722\" class=\"wp-caption-text\">Le Grand Parchemin de l&#8217;affaire de Rennes-Le-Ch\u00e2teau<\/figcaption><\/figure>\n<p><span style=\"color: #ff6600;\">Ce grand parchemin serait le second<\/span> qu&#8217;aurait trouv\u00e9 B\u00e9renger Sauni\u00e8re ou du moins c&#8217;est ce qu&#8217;affirme plusieurs auteurs dont <span style=\"color: #ff6600;\">G\u00e9rard de S\u00e8de<\/span> (Il est tr\u00e8s int\u00e9ressant de noter que G\u00e9rard de S\u00e8de fait une mise point franche et claire dans son livre : &#8220;Rennes-Le-Ch\u00e2teau, le dossier, les impostures, les hypoth\u00e8ses&#8221;). <span style=\"color: #ff6600;\">Par le biais d&#8217;une m\u00e9thode de d\u00e9codage tr\u00e8s pouss\u00e9e<\/span> de d\u00e9cryptage, plusieurs termes, phrases et mots sont d\u00e9tectables. La m\u00e9thode appliqu\u00e9e est celle de <span style=\"color: #ff6600;\">Vigen\u00e8re<\/span><a href=\"#_ftn1\" name=\"_ftnref1\">[1]<\/a>. Cette m\u00e9thode de codage est une m\u00e9thode de substitution fonctionnant \u00e0 l\u2019aide d\u2019un mot cl\u00e9 qui permet la g\u00e9n\u00e9ration des lettres substitu\u00e9es \u00e0 celles du texte que l\u2019on souhaite coder. <span style=\"color: #ff6600;\">Plus le mot ou la phrase cl\u00e9 est longue plus le codage est difficile \u00e0 casser.<\/span> Dans le cas qui nous concerne et apr\u00e8s application de cette m\u00e9thode, un premier mot cl\u00e9 est trouv\u00e9, ce mot est <strong><span style=\"color: #ff6600;\">MORTEPEE<\/span><\/strong>. Une fois ce mot d\u00e9couvert il sert de support \u00e0 une nouvelle application de la m\u00e9thode de Vigen\u00e8re. Cette application am\u00e8ne \u00e0 trouver une nouvelle phrase qui, si on veut bien l&#8217;admettre, \u00e0 un aspect tout \u00e0 fait surprenant.<\/p>\n<p>Apr\u00e8s cette surprenante d\u00e9couverte, il suffit d&#8217;appliquer, une nouvelle fois, la m\u00e9thode de Vigen\u00e8re. De l\u00e0, une nouvelle phrase qui permet de relancer le myst\u00e8re appara\u00eet \u00ab\u00a0clairement\u00a0\u00bb\u00a0:<\/p>\n<p style=\"text-align: center;\"><strong><span style=\"color: #ff6600;\">BERGER PAS DE TENTATION QUE POUSSIN TENIERS GARDENT LA CLEF PAR DCLXXXI PAR LA CROIX ET CE CHEVAL DE DIEU J&#8217;ACHEVE CE DAEMON DE GARDIEN A MIDI POMMES BLEUES<\/span><\/strong><\/p>\n<p>Son aspect myst\u00e9rieux et obscur est \u00e9vident. Il faut bien souligner que c&#8217;est \u00e0 partir de cette phrase que de nombreuses hypoth\u00e8ses ont \u00e9t\u00e9 faites de fa\u00e7ons plus ou moins heureuses. C&#8217;est \u00e0 partir de cette m\u00eame phrase qu&#8217;est apparu le peintre <span style=\"color: #ff6600;\">Nicolas Poussin, l&#8217;auteur des Bergers d&#8217;Arcadie<\/span>, dans l\u2019affaire de Rennes-Le-Ch\u00e2teau ainsi que le fameux <span style=\"color: #ff6600;\">tombeau des Pontils qui \u00e9tait encore visible au d\u00e9but des ann\u00e9es 1980.<\/span><\/p>\n<figure id=\"attachment_1854\" aria-describedby=\"caption-attachment-1854\" style=\"width: 466px\" class=\"wp-caption aligncenter\"><img data-recalc-dims=\"1\" loading=\"lazy\" decoding=\"async\" class=\"wp-image-1854\" title=\"Le Tombeau des Pontils tel qu'il \u00e9tait encore visible dans les ann\u00e9es 1980\" src=\"https:\/\/i0.wp.com\/rennes-le-chateau.org\/wp-content\/uploads\/2019\/09\/Tomb.jpg?resize=466%2C303&#038;ssl=1\" alt=\"Les Bergers d'Arcadie Nicolas Poussin - Le Tombeau des Pontils tel qu'il \u00e9tait encore visible dans les ann\u00e9es 1980\" width=\"466\" height=\"303\" srcset=\"https:\/\/i0.wp.com\/rennes-le-chateau.org\/wp-content\/uploads\/2019\/09\/Tomb.jpg?w=360&amp;ssl=1 360w, https:\/\/i0.wp.com\/rennes-le-chateau.org\/wp-content\/uploads\/2019\/09\/Tomb.jpg?resize=300%2C195&amp;ssl=1 300w, https:\/\/i0.wp.com\/rennes-le-chateau.org\/wp-content\/uploads\/2019\/09\/Tomb.jpg?resize=250%2C163&amp;ssl=1 250w, https:\/\/i0.wp.com\/rennes-le-chateau.org\/wp-content\/uploads\/2019\/09\/Tomb.jpg?resize=350%2C228&amp;ssl=1 350w\" sizes=\"auto, (max-width: 466px) 100vw, 466px\" \/><figcaption id=\"caption-attachment-1854\" class=\"wp-caption-text\">Le Tombeau des Pontils tel qu&#8217;il \u00e9tait encore visible dans les ann\u00e9es 1980<\/figcaption><\/figure>\n<p>C&#8217;est toujours \u00e0 partir de cette phrase qu&#8217;il est affirm\u00e9 que B\u00e9renger Sauni\u00e8re s&#8217;est rendu fr\u00e9quemment \u00e0 Paris afin d\u2019y acqu\u00e9rir une copie de l\u2019\u0153uvre de Nicolas Poussin, \u00ab <span style=\"color: #ff6600;\">Les Bergers d\u2019Arcadie<\/span> \u00bb, ceci \u00e9tant surprenant puisque \u00e0 cette \u00e9poque, le Louvre ne fournissait pas de copie des \u0153uvres expos\u00e9es. Il est fort probable que B\u00e9renger Sauni\u00e8re se soit rendu \u00e0 Paris, c\u2019est d\u2019ailleurs ce que<strong><span style=\"color: #ff6600;\"><a style=\"color: #ff6600;\" href=\"https:\/\/rennes-le-chateau.org\/index.php\/autour-de-laffaire\/des-enigmes\/le-plan-de-paris\/\"> le plan de Paris<\/a><\/span><\/strong> trouv\u00e9 dans ses affaires personnelles permet de penser.<\/p>\n<p>L\u2019\u00e9tude que nous avons men\u00e9e sur <strong><span style=\"color: #ff6600;\"><a style=\"color: #ff6600;\" href=\"https:\/\/rennes-le-chateau.org\/index.php\/autour-de-laffaire\/des-enigmes\/le-petit-parchemin\/\">le Petit Parchemin<\/a><\/span><\/strong>, permet de d\u00e9montrer la modernit\u00e9 du document (Obligatoirement r\u00e9alis\u00e9 apr\u00e8s 1895 et certainement pas par B\u00e9renger Sauni\u00e8re) et nous pouvons penser que celui \u00e9tudier ici, le Grand Parchemin, doit \u00eatre du m\u00eame acabit.<\/p>\n<p>Il est incroyable de constater que de nombreuses th\u00e9ories autour du myst\u00e8re de Rennes-Le-Ch\u00e2teau sont bas\u00e9es sur ces deux parchemins.<\/p>\n<p>Il est important de consid\u00e9rer l\u2019environnement de l\u2019arriv\u00e9e de ces documents dans l\u2019affaire de Rennes-Le-Ch\u00e2teau\u00a0; d\u2019abord,<span style=\"color: #ff6600;\"> ils ne sont apparus qu\u2019apr\u00e8s le d\u00e9c\u00e8s de Marie D\u00e9narnaud<\/span>, ensuite et G\u00e9rard de S\u00e8de le sous ligne lui-m\u00eame<a href=\"#_ftn1\" name=\"_ftnref1\">[1]<\/a>, <span style=\"color: #ff6600;\">ils n\u2019ont pu \u00eatre r\u00e9alis\u00e9s que par des gens tr\u00e8s \u00e9rudits<\/span>, ayant acc\u00e8s \u00e0 des fonds documentaires tr\u00e8s peu connus, voir oubli\u00e9s. De plus, le Petit Parchemin, \u00e9tant issu d\u2019un mat\u00e9riel nomm\u00e9 le<strong><span style=\"color: #ff6600;\"> Codex Bezae<\/span><\/strong> <span style=\"color: #ff6600;\">gard\u00e9 depuis tr\u00e8s longtemps \u00e0 Lyon<\/span>, n\u2019a pu \u00eatre r\u00e9alis\u00e9 que par un ou un ensemble d\u2019individus bas\u00e9 dans la r\u00e9gion Lyonnaise. Alors, <span style=\"color: #ff6600;\">quels sont les acteurs de l\u2019affaire moderne qui ont pu \u00eatre impliqu\u00e9 dans des r\u00e9seaux de la r\u00e9gion de Lyon<\/span>, quels mouvements, discrets, \u00e9sot\u00e9riques, sectaires se sont cr\u00e9\u00e9s ou implant\u00e9s dans cette r\u00e9gion et qui ont eu la volont\u00e9 de cr\u00e9er ces documents ?<\/p>\n<p><a href=\"#_ftnref1\" name=\"_ftn1\">[1]<\/a> G\u00e9rard de S\u00e8de\u00a0: \u00ab\u00a0Rennes-Le-Ch\u00e2teau\u00a0: Le dossier les impostures, les phantasmes, les hypoth\u00e8se\u00a0\u00bb &#8211; Page 123.<\/p>\n<p><a href=\"#_ftnref1\" name=\"_ftn1\">[1]<\/a> Blaise de Vigen\u00e8re (1523-1596) \u2013 Diplomate fran\u00e7ais du XVI\u00e8me si\u00e8cle<\/p>\n<p><strong><img data-recalc-dims=\"1\" loading=\"lazy\" decoding=\"async\" class=\"size-full wp-image-1609 alignleft\" src=\"https:\/\/i0.wp.com\/rennes-le-chateau.org\/wp-content\/uploads\/2019\/08\/IconeHP-e1566047268923.png?resize=25%2C25&#038;ssl=1\" alt=\"\" width=\"25\" height=\"25\" align=\"absmiddle\" \/>Ecoutez le texte de cette page au format MP3 :<\/strong><\/p>\n<!--[if lt IE 9]><script>document.createElement('audio');<\/script><![endif]-->\n<audio class=\"wp-audio-shortcode\" id=\"audio-694-1\" preload=\"none\" style=\"width: 100%;\" controls=\"controls\"><source type=\"audio\/mpeg\" src=\"https:\/\/rennes-le-chateau.org\/wp-content\/uploads\/2019\/09\/GransParcheminMP3.mp3?_=1\" \/><a href=\"https:\/\/rennes-le-chateau.org\/wp-content\/uploads\/2019\/09\/GransParcheminMP3.mp3\">https:\/\/rennes-le-chateau.org\/wp-content\/uploads\/2019\/09\/GransParcheminMP3.mp3<\/a><\/audio>\n","protected":false},"excerpt":{"rendered":"<p>Accueil \/ Autour de l&#8217;Affaire \/ Des \u00e9nigmes Ce grand parchemin serait le second qu&#8217;aurait trouv\u00e9 B\u00e9renger Sauni\u00e8re ou du moins c&#8217;est ce qu&#8217;affirme plusieurs auteurs dont G\u00e9rard de S\u00e8de (Il est tr\u00e8s int\u00e9ressant de noter que G\u00e9rard de S\u00e8de fait une mise point franche et claire dans son livre : &#8220;Rennes-Le-Ch\u00e2teau, le dossier, les &hellip; <\/p>\n<p class=\"link-more\"><a href=\"https:\/\/rennes-le-chateau.org\/index.php\/autour-de-laffaire\/des-enigmes\/le-grand-parchemin\/\" class=\"more-link\">Continuer la lecture<span class=\"screen-reader-text\"> de &laquo;&nbsp;Le Grand Parchemin&nbsp;&raquo;<\/span><\/a><\/p>\n","protected":false},"author":1,"featured_media":0,"parent":685,"menu_order":0,"comment_status":"open","ping_status":"closed","template":"","meta":{"jetpack_post_was_ever_published":false,"footnotes":""},"class_list":["post-694","page","type-page","status-publish","hentry"],"jetpack_sharing_enabled":true,"jetpack_shortlink":"https:\/\/wp.me\/P9SxBn-bc","_links":{"self":[{"href":"https:\/\/rennes-le-chateau.org\/index.php\/wp-json\/wp\/v2\/pages\/694","targetHints":{"allow":["GET"]}}],"collection":[{"href":"https:\/\/rennes-le-chateau.org\/index.php\/wp-json\/wp\/v2\/pages"}],"about":[{"href":"https:\/\/rennes-le-chateau.org\/index.php\/wp-json\/wp\/v2\/types\/page"}],"author":[{"embeddable":true,"href":"https:\/\/rennes-le-chateau.org\/index.php\/wp-json\/wp\/v2\/users\/1"}],"replies":[{"embeddable":true,"href":"https:\/\/rennes-le-chateau.org\/index.php\/wp-json\/wp\/v2\/comments?post=694"}],"version-history":[{"count":10,"href":"https:\/\/rennes-le-chateau.org\/index.php\/wp-json\/wp\/v2\/pages\/694\/revisions"}],"predecessor-version":[{"id":1859,"href":"https:\/\/rennes-le-chateau.org\/index.php\/wp-json\/wp\/v2\/pages\/694\/revisions\/1859"}],"up":[{"embeddable":true,"href":"https:\/\/rennes-le-chateau.org\/index.php\/wp-json\/wp\/v2\/pages\/685"}],"wp:attachment":[{"href":"https:\/\/rennes-le-chateau.org\/index.php\/wp-json\/wp\/v2\/media?parent=694"}],"curies":[{"name":"wp","href":"https:\/\/api.w.org\/{rel}","templated":true}]}}