{"id":685,"date":"2018-05-09T14:35:09","date_gmt":"2018-05-09T12:35:09","guid":{"rendered":"http:\/\/rennes-le-chateau.org\/?page_id=685"},"modified":"2019-08-10T15:36:32","modified_gmt":"2019-08-10T13:36:32","slug":"des-enigmes","status":"publish","type":"page","link":"https:\/\/rennes-le-chateau.org\/index.php\/autour-de-laffaire\/des-enigmes\/","title":{"rendered":"Des \u00e9nigmes"},"content":{"rendered":"<h6><span style=\"color: #808080;\"><a href=\"https:\/\/rennes-le-chateau.org\/\"><span style=\"color: #999999;\">Accueil<\/span><\/a> \/<span style=\"color: #999999;\"><a style=\"color: #999999;\" href=\"https:\/\/rennes-le-chateau.org\/index.php\/autour-de-laffaire\/\"> Autour de l&#8217;Affaire<\/a><\/span><\/span><\/h6>\n<p style=\"text-align: center;\"><div id=\"metaslider-id-946\" style=\"max-width: 800px; margin: 0 auto;\" class=\"ml-slider-3-98-0 metaslider metaslider-flex metaslider-946 ml-slider ms-theme-default\" role=\"region\" aria-roledescription=\"Slideshow\" aria-label=\"SS-GrandesEnigmes\" data-width=\"800\">\n    <div id=\"metaslider_container_946\">\n        <div id=\"metaslider_946\" class=\"flexslider\">\n            <ul class='slides'>\n                <li style=\"display: block; width: 100%;\" class=\"slide-947 ms-image \" aria-roledescription=\"slide\" aria-label=\"slide-947\" data-date=\"2018-05-23 09:54:26\"><img data-recalc-dims=\"1\" loading=\"lazy\" decoding=\"async\" src=\"https:\/\/i0.wp.com\/rennes-le-chateau.org\/wp-content\/uploads\/2018\/05\/GP.jpg?resize=525%2C349&#038;ssl=1\" height=\"349\" width=\"525\" alt=\"Une rerp\u00e9sentation du Grand Parchemin de l&#039;affaire de Rennes-Le-Ch\u00e2teau\" class=\"slider-946 slide-947\" title=\"GP\" \/><\/li>\n                <li style=\"display: none; width: 100%;\" class=\"slide-948 ms-image \" aria-roledescription=\"slide\" aria-label=\"slide-948\" data-date=\"2018-05-23 09:54:46\"><img data-recalc-dims=\"1\" loading=\"lazy\" decoding=\"async\" src=\"https:\/\/i0.wp.com\/rennes-le-chateau.org\/wp-content\/uploads\/2018\/05\/PP.jpg?resize=525%2C349&#038;ssl=1\" height=\"349\" width=\"525\" alt=\"Le Petit Parchemin de l&#039;affaire de Rennes-Le-Ch\u00e2teau\" class=\"slider-946 slide-948\" title=\"PP\" \/><\/li>\n                <li style=\"display: none; width: 100%;\" class=\"slide-949 ms-image \" aria-roledescription=\"slide\" aria-label=\"slide-949\" data-date=\"2018-05-23 09:54:57\"><img data-recalc-dims=\"1\" loading=\"lazy\" decoding=\"async\" src=\"https:\/\/i0.wp.com\/rennes-le-chateau.org\/wp-content\/uploads\/2018\/05\/PLAN-DE-PARIS.jpg?resize=525%2C349&#038;ssl=1\" height=\"349\" width=\"525\" alt=\"Le Plan de Paris d\u00e9couvert dans les archives de B\u00e9renger Sauni\u00e8re\" class=\"slider-946 slide-949\" title=\"PLAN-DE-PARIS\" \/><\/li>\n                <li style=\"display: none; width: 100%;\" class=\"slide-950 ms-image \" aria-roledescription=\"slide\" aria-label=\"slide-950\" data-date=\"2018-05-23 09:55:31\"><img data-recalc-dims=\"1\" loading=\"lazy\" decoding=\"async\" src=\"https:\/\/i0.wp.com\/rennes-le-chateau.org\/wp-content\/uploads\/2018\/05\/PierreGravees002.jpg?resize=525%2C349&#038;ssl=1\" height=\"349\" width=\"525\" alt=\"La st\u00e8le de la tombe de Marie de N\u00e8gres d&#039;Able de Rennes-Le-Ch\u00e2teau\" class=\"slider-946 slide-950\" title=\"PierreGravees002\" \/><\/li>\n            <\/ul>\n        <\/div>\n        \n    <\/div>\n<\/div><\/p>\n<p>Pour vous des analyses\u00a0<span style=\"color: #ff6600;\"><strong><a style=\"color: #ff6600;\" href=\"http:\/\/rennes-le-chateau.org\/index.php\/des-enigmes\/\">des grandes \u00c9nigmes<\/a><\/strong><\/span> de l&#8217;affaire de Rennes-Le-Ch\u00e2teau :<\/p>\n<p style=\"padding-left: 30px;\"><span style=\"color: #ff6600;\"><a style=\"color: #ff6600;\" href=\"http:\/\/rennes-le-chateau.org\/index.php\/le-petit-parchemin\/\">Le Petit Parchemin<\/a><br \/>\n<\/span><span style=\"color: #ff6600;\"><a style=\"color: #ff6600;\" href=\"http:\/\/rennes-le-chateau.org\/index.php\/le-grand-parchemin\/\">Le Grand Parchemin<\/a><br \/>\n<\/span><span style=\"color: #ff6600;\"><a style=\"color: #ff6600;\" href=\"http:\/\/rennes-le-chateau.org\/index.php\/le-presbytere-2\/\">Le Presbyt\u00e8re<\/a><br \/>\n<\/span><a href=\"http:\/\/rennes-le-chateau.org\/index.php\/les-pierres-gravees-2\/\"><span style=\"color: #ff6600;\">Les Pierres Grav\u00e9es<\/span><\/a><br \/>\n<a href=\"http:\/\/rennes-le-chateau.org\/index.php\/le-plan-de-paris\/\"><span style=\"color: #ff6600;\">Le Plan de Paris<\/span><\/a><br \/>\n<a href=\"http:\/\/rennes-le-chateau.org\/index.php\/le-fauteuil-du-diable\/\"><span style=\"color: #ff6600;\">Le Fauteuil du Diable<\/span><\/a><br \/>\n<a href=\"http:\/\/rennes-le-chateau.org\/index.php\/les-secrets-du-film-da-vinci-code\/\"><span style=\"color: #ff6600;\">Les secrets du Film Da Vinci Code<\/span><\/a><\/p>\n","protected":false},"excerpt":{"rendered":"<p>Accueil \/ Autour de l&#8217;Affaire Pour vous des analyses\u00a0des grandes \u00c9nigmes de l&#8217;affaire de Rennes-Le-Ch\u00e2teau : Le Petit Parchemin Le Grand Parchemin Le Presbyt\u00e8re Les Pierres Grav\u00e9es Le Plan de Paris Le Fauteuil du Diable Les secrets du Film Da Vinci Code<\/p>\n","protected":false},"author":1,"featured_media":0,"parent":684,"menu_order":0,"comment_status":"closed","ping_status":"closed","template":"","meta":{"jetpack_post_was_ever_published":false,"footnotes":""},"class_list":["post-685","page","type-page","status-publish","hentry"],"jetpack_sharing_enabled":true,"jetpack_shortlink":"https:\/\/wp.me\/P9SxBn-b3","_links":{"self":[{"href":"https:\/\/rennes-le-chateau.org\/index.php\/wp-json\/wp\/v2\/pages\/685","targetHints":{"allow":["GET"]}}],"collection":[{"href":"https:\/\/rennes-le-chateau.org\/index.php\/wp-json\/wp\/v2\/pages"}],"about":[{"href":"https:\/\/rennes-le-chateau.org\/index.php\/wp-json\/wp\/v2\/types\/page"}],"author":[{"embeddable":true,"href":"https:\/\/rennes-le-chateau.org\/index.php\/wp-json\/wp\/v2\/users\/1"}],"replies":[{"embeddable":true,"href":"https:\/\/rennes-le-chateau.org\/index.php\/wp-json\/wp\/v2\/comments?post=685"}],"version-history":[{"count":7,"href":"https:\/\/rennes-le-chateau.org\/index.php\/wp-json\/wp\/v2\/pages\/685\/revisions"}],"predecessor-version":[{"id":1433,"href":"https:\/\/rennes-le-chateau.org\/index.php\/wp-json\/wp\/v2\/pages\/685\/revisions\/1433"}],"up":[{"embeddable":true,"href":"https:\/\/rennes-le-chateau.org\/index.php\/wp-json\/wp\/v2\/pages\/684"}],"wp:attachment":[{"href":"https:\/\/rennes-le-chateau.org\/index.php\/wp-json\/wp\/v2\/media?parent=685"}],"curies":[{"name":"wp","href":"https:\/\/api.w.org\/{rel}","templated":true}]}}