{"id":49,"date":"2018-04-30T10:07:35","date_gmt":"2018-04-30T08:07:35","guid":{"rendered":"http:\/\/rennes-le-chateau.org\/?page_id=49"},"modified":"2018-05-11T13:44:20","modified_gmt":"2018-05-11T11:44:20","slug":"a-propos-de","status":"publish","type":"page","link":"https:\/\/rennes-le-chateau.org\/index.php\/a-propos-de\/","title":{"rendered":"\u00c0 propos de"},"content":{"rendered":"<p>Le Site Internet <span style=\"color: #ff6600;\"><a style=\"color: #ff6600;\" href=\"http:\/\/rennes-le-chateau.org\/\">Rennes-Le-Chateau &#8211; Le Dossier<\/a> <\/span>! est publi\u00e9 pour la premi\u00e8re fois <span style=\"color: #ff6600;\">le 26 juillet 1998<\/span>. Tr\u00e8s rapidement il devient l&#8217;un des sites incontournables du Web traitant de la fameuse affaire de <a href=\"http:\/\/rennes-le-chateau.org\">Rennes-Le-Ch\u00e2teau<\/a>.<\/p>\n<p><span style=\"color: #ff6600;\">Jean-Patrick Pourtal<\/span>, n\u00e9 en 1960, est de formation scientifique mais enfant des ann\u00e9es 1960, il se laisse entra\u00eener par le mouvement \u00e9sot\u00e9riste de ces ann\u00e9es d&#8217;insouciance. Tr\u00e8s rapidement il d\u00e9couvre l&#8217;univers du moyen \u00e2ge et du haut moyen \u00e2ge qui <span style=\"color: #ff6600;\">l\u2019entra\u00eenera au fil des ans \u00e0 d\u00e9couvrir l&#8217;incroyable histoire de <a style=\"color: #ff6600;\" href=\"http:\/\/rennes-le-chateau.org\/\">Rennes-Le-Chateau<\/a> et de son cur\u00e9 B\u00e9renger Sauni\u00e8re.<\/span><\/p>\n","protected":false},"excerpt":{"rendered":"<p>Le Site Internet Rennes-Le-Chateau &#8211; Le Dossier ! est publi\u00e9 pour la premi\u00e8re fois le 26 juillet 1998. Tr\u00e8s rapidement il devient l&#8217;un des sites incontournables du Web traitant de la fameuse affaire de Rennes-Le-Ch\u00e2teau. Jean-Patrick Pourtal, n\u00e9 en 1960, est de formation scientifique mais enfant des ann\u00e9es 1960, il se laisse entra\u00eener par le &hellip; <\/p>\n<p class=\"link-more\"><a href=\"https:\/\/rennes-le-chateau.org\/index.php\/a-propos-de\/\" class=\"more-link\">Continuer la lecture<span class=\"screen-reader-text\"> de &laquo;&nbsp;\u00c0 propos de&nbsp;&raquo;<\/span><\/a><\/p>\n","protected":false},"author":1,"featured_media":171,"parent":0,"menu_order":0,"comment_status":"closed","ping_status":"closed","template":"","meta":{"jetpack_post_was_ever_published":false,"footnotes":""},"class_list":["post-49","page","type-page","status-publish","has-post-thumbnail","hentry"],"jetpack_sharing_enabled":true,"jetpack_shortlink":"https:\/\/wp.me\/P9SxBn-N","_links":{"self":[{"href":"https:\/\/rennes-le-chateau.org\/index.php\/wp-json\/wp\/v2\/pages\/49","targetHints":{"allow":["GET"]}}],"collection":[{"href":"https:\/\/rennes-le-chateau.org\/index.php\/wp-json\/wp\/v2\/pages"}],"about":[{"href":"https:\/\/rennes-le-chateau.org\/index.php\/wp-json\/wp\/v2\/types\/page"}],"author":[{"embeddable":true,"href":"https:\/\/rennes-le-chateau.org\/index.php\/wp-json\/wp\/v2\/users\/1"}],"replies":[{"embeddable":true,"href":"https:\/\/rennes-le-chateau.org\/index.php\/wp-json\/wp\/v2\/comments?post=49"}],"version-history":[{"count":4,"href":"https:\/\/rennes-le-chateau.org\/index.php\/wp-json\/wp\/v2\/pages\/49\/revisions"}],"predecessor-version":[{"id":820,"href":"https:\/\/rennes-le-chateau.org\/index.php\/wp-json\/wp\/v2\/pages\/49\/revisions\/820"}],"wp:featuredmedia":[{"embeddable":true,"href":"https:\/\/rennes-le-chateau.org\/index.php\/wp-json\/wp\/v2\/media\/171"}],"wp:attachment":[{"href":"https:\/\/rennes-le-chateau.org\/index.php\/wp-json\/wp\/v2\/media?parent=49"}],"curies":[{"name":"wp","href":"https:\/\/api.w.org\/{rel}","templated":true}]}}