{"id":388,"date":"2018-05-03T14:30:19","date_gmt":"2018-05-03T12:30:19","guid":{"rendered":"http:\/\/rennes-le-chateau.org\/?page_id=388"},"modified":"2019-08-17T15:27:08","modified_gmt":"2019-08-17T13:27:08","slug":"le-secret-de-sauniere","status":"publish","type":"page","link":"https:\/\/rennes-le-chateau.org\/index.php\/le-site\/laffaire-berenger-sauniere\/le-secret-de-sauniere\/","title":{"rendered":"Le Secret de Sauni\u00e8re"},"content":{"rendered":"<h6><span style=\"color: #808080;\"><a href=\"https:\/\/rennes-le-chateau.org\/\"><span style=\"color: #999999;\">Accueil<\/span><\/a> \/<span style=\"color: #999999;\"> <a style=\"color: #999999;\" href=\"https:\/\/rennes-le-chateau.org\/index.php\/le-site\/\">Etudes et Analyses<\/a><\/span><\/span> \/ <span style=\"color: #999999;\"><a style=\"color: #999999;\" href=\"https:\/\/rennes-le-chateau.org\/index.php\/laffaire-berenger-sauniere\/\">L&#8217;affaire B\u00e9renger Sauni\u00e8re<\/a><\/span><\/h6>\n<p style=\"text-align: center;\"><div id=\"metaslider-id-563\" style=\"max-width: 400px; margin: 0 auto;\" class=\"ml-slider-3-98-0 metaslider metaslider-flex metaslider-563 ml-slider ms-theme-default\" role=\"region\" aria-roledescription=\"Slideshow\" aria-label=\"SS05-SAUN\" data-width=\"400\">\n    <div id=\"metaslider_container_563\">\n        <div id=\"metaslider_563\" class=\"flexslider\">\n            <ul class='slides'>\n                <li style=\"display: block; width: 100%;\" class=\"slide-666 ms-image \" aria-roledescription=\"slide\" aria-label=\"slide-666\" data-date=\"2018-05-09 11:12:56\"><img data-recalc-dims=\"1\" loading=\"lazy\" decoding=\"async\" src=\"https:\/\/i0.wp.com\/rennes-le-chateau.org\/wp-content\/uploads\/2018\/05\/SAUN006.jpg?resize=400%2C532&#038;ssl=1\" height=\"532\" width=\"400\" alt=\"B\u00e9renger Sauni\u00e8re cur\u00e9 de Rennes-Le-Ch\u00e2teau avec Marie D\u00e9narnaud\" class=\"slider-563 slide-666\" title=\"SAUN006\" \/><\/li>\n                <li style=\"display: none; width: 100%;\" class=\"slide-667 ms-image \" aria-roledescription=\"slide\" aria-label=\"slide-667\" data-date=\"2018-05-09 11:13:12\"><img data-recalc-dims=\"1\" loading=\"lazy\" decoding=\"async\" src=\"https:\/\/i0.wp.com\/rennes-le-chateau.org\/wp-content\/uploads\/2018\/05\/SAUN005.jpg?resize=400%2C532&#038;ssl=1\" height=\"532\" width=\"400\" alt=\"B\u00e9renger Sauni\u00e8re cur\u00e9 de Rennes-Le-Ch\u00e2teau avec des ouvriers de ses chantiers\" class=\"slider-563 slide-667\" title=\"SAUN005\" \/><\/li>\n                <li style=\"display: none; width: 100%;\" class=\"slide-668 ms-image \" aria-roledescription=\"slide\" aria-label=\"slide-668\" data-date=\"2018-05-09 11:13:13\"><img data-recalc-dims=\"1\" loading=\"lazy\" decoding=\"async\" src=\"https:\/\/i0.wp.com\/rennes-le-chateau.org\/wp-content\/uploads\/2018\/05\/SAUN004.jpg?resize=400%2C532&#038;ssl=1\" height=\"532\" width=\"400\" alt=\"B\u00e9renger Sauni\u00e8re cur\u00e9 de Rennes-Le-Ch\u00e2teau en famille\" class=\"slider-563 slide-668\" title=\"SAUN004\" \/><\/li>\n                <li style=\"display: none; width: 100%;\" class=\"slide-669 ms-image \" aria-roledescription=\"slide\" aria-label=\"slide-669\" data-date=\"2018-05-09 11:13:13\"><img data-recalc-dims=\"1\" loading=\"lazy\" decoding=\"async\" src=\"https:\/\/i0.wp.com\/rennes-le-chateau.org\/wp-content\/uploads\/2018\/05\/SAUN003.jpg?resize=400%2C532&#038;ssl=1\" height=\"532\" width=\"400\" alt=\"Photo prise par B\u00e9renger Sauni\u00e8re cur\u00e9 de Rennes-Le-Ch\u00e2teau\" class=\"slider-563 slide-669\" title=\"SAUN003\" \/><\/li>\n                <li style=\"display: none; width: 100%;\" class=\"slide-670 ms-image \" aria-roledescription=\"slide\" aria-label=\"slide-670\" data-date=\"2018-05-09 11:13:13\"><img data-recalc-dims=\"1\" loading=\"lazy\" decoding=\"async\" src=\"https:\/\/i0.wp.com\/rennes-le-chateau.org\/wp-content\/uploads\/2018\/05\/SAUN002.jpg?resize=400%2C532&#038;ssl=1\" height=\"532\" width=\"400\" alt=\"B\u00e9renger Sauni\u00e8re cur\u00e9 de Rennes-Le-Ch\u00e2teau posant en habits sacerdotaux pour le photographe\" class=\"slider-563 slide-670\" title=\"SAUN002\" \/><\/li>\n                <li style=\"display: none; width: 100%;\" class=\"slide-671 ms-image \" aria-roledescription=\"slide\" aria-label=\"slide-671\" data-date=\"2018-05-09 11:13:13\"><img data-recalc-dims=\"1\" loading=\"lazy\" decoding=\"async\" src=\"https:\/\/i0.wp.com\/rennes-le-chateau.org\/wp-content\/uploads\/2018\/05\/SAUN001.jpg?resize=400%2C532&#038;ssl=1\" height=\"532\" width=\"400\" alt=\"B\u00e9renger Sauni\u00e8re cur\u00e9 de Rennes-Le-Ch\u00e2teau en famille devant le reposoir\" class=\"slider-563 slide-671\" title=\"SAUN001\" \/><\/li>\n                <li style=\"display: none; width: 100%;\" class=\"slide-672 ms-image \" aria-roledescription=\"slide\" aria-label=\"slide-672\" data-date=\"2018-05-09 11:13:13\"><img data-recalc-dims=\"1\" loading=\"lazy\" decoding=\"async\" src=\"https:\/\/i0.wp.com\/rennes-le-chateau.org\/wp-content\/uploads\/2018\/05\/SAUN007.jpg?resize=400%2C532&#038;ssl=1\" height=\"532\" width=\"400\" alt=\"B\u00e9renger Sauni\u00e8re cur\u00e9 de Rennes-Le-Ch\u00e2teau lors de la communion des enfants du village\" class=\"slider-563 slide-672\" title=\"SAUN007\" \/><\/li>\n            <\/ul>\n        <\/div>\n        \n    <\/div>\n<\/div><\/p>\n<p><span style=\"color: #ff6600;\"><strong>Il est ind\u00e9niable que B\u00e9renger Sauni\u00e8re a d\u00e9couvert<\/strong><\/span> au cours de ses ann\u00e9es de recherches des \u00e9l\u00e9ments qui l&#8217;ont compl\u00e9mentent chang\u00e9 de l&#8217;homme qu&#8217;il \u00e9tait en 1985 lorsqu&#8217;il arriva au village de Rennes-Le-Ch\u00e2teau.<\/p>\n<p>De l\u00e9gitimiste int\u00e9griste qu&#8217;il \u00e9tait, il devint un pr\u00eatre qui contesta son autorit\u00e9 cl\u00e9ricale et qui r\u00e9alisa <span style=\"color: #ff6600;\">des travaux pr\u00e9sentant des aspects contredisant, modifiant et r\u00e9volutionnant le dogme Catholique.<\/span><\/p>\n<p>Il ne pu faire cela qu&#8217;en ayant d\u00e9couvert des \u00e9l\u00e9ments lui permettant de comprendre que le message de l&#8217;Eglise de Rome n&#8217;\u00e9tait probablement pas celui du Christ.<\/p>\n<p>Alors qu&#8217;a t-il d\u00e9couvert ? Pour certain, son secret est li\u00e9 \u00e0 <span style=\"color: #ff6600;\">Marie-Madeleine<\/span>, omnipr\u00e9sente dans les constructions de B\u00e9renger Sauni\u00e8re. Une hypoth\u00e8se court disant qu&#8217;il d\u00e9couvrit <span style=\"color: #ff6600;\">le tombeau de Marie-Madeleine<\/span> ; fantasme ou r\u00e9alit\u00e9 ?<\/p>\n<p>Pour d&#8217;autre, la r\u00e9v\u00e9lation de la Station XIV du chemine de croix de l&#8217;\u00e9glise de Rennes-Le-Ch\u00e2teau prouverait que <span style=\"color: #ff6600;\">le secret de B\u00e9renger Sauni\u00e8re serait li\u00e9 au Christ<\/span> ; fantasme ou r\u00e9alit\u00e9 ?<\/p>\n<p>Aurait il d\u00e9couvert <span style=\"color: #ff6600;\">des \u00e9vangiles apocryphes<\/span> ou un \u00e9vangile apocryphe pr\u00e9sentant un autre visage du Christ, celui d&#8217;un homme \u00e9veill\u00e9 et porteur de messages de paix et d&#8217;amour, mais qui n&#8217;aurait \u00e9t\u00e9 qu&#8217;un Homme ?<\/p>\n<p>La vid\u00e9o et le lien vers la page d&#8217;\u00e9tude qui suivent vous apporteront des \u00e9l\u00e9ments de r\u00e9ponse mais <span style=\"color: #ff6600;\">peut-\u00eatre vous fera t-elle vous poser de vraies questions &#8230;<\/span><\/p>\n<p><a href=\"http:\/\/rennes-le-chateau.org\/index.php\/le-secret-de-sauniere\/le-secret-de-sauniere-suite-et-fin\/\"><strong><span style=\"color: #ff6600;\">Le Secret de Sauni\u00e8re &#8211; Suite et fin<\/span><\/strong><\/a><\/p>\n<p><iframe loading=\"lazy\" title=\"07-Le Secret de B\u00e9renger Sauni\u00e8re\" width=\"525\" height=\"295\" src=\"https:\/\/www.youtube.com\/embed\/cJjgOlr6RxI?feature=oembed\" frameborder=\"0\" allow=\"accelerometer; autoplay; clipboard-write; encrypted-media; gyroscope; picture-in-picture; web-share\" referrerpolicy=\"strict-origin-when-cross-origin\" allowfullscreen><\/iframe><\/p>\n<p><img data-recalc-dims=\"1\" loading=\"lazy\" decoding=\"async\" class=\"alignleft wp-image-1609 size-full\" src=\"https:\/\/i0.wp.com\/rennes-le-chateau.org\/wp-content\/uploads\/2019\/08\/IconeHP-e1566047268923.png?resize=25%2C25&#038;ssl=1\" alt=\"\" width=\"25\" height=\"25\" align=\"absmiddle\" \/>T\u00e9l\u00e9charger le fichier audio de la vid\u00e9o :<span style=\"color: #ff6600;\"><strong> <a style=\"color: #ff6600;\" href=\"https:\/\/rennes-le-chateau.org\/wp-content\/uploads\/2019\/08\/07-Le-Secret-de-B\u00e9renger-Sauni\u00e8re.zip\">Le Secret de B\u00e9renger Sauni\u00e8re<\/a><\/strong><\/span><\/p>\n","protected":false},"excerpt":{"rendered":"<p>Accueil \/ Etudes et Analyses \/ L&#8217;affaire B\u00e9renger Sauni\u00e8re Il est ind\u00e9niable que B\u00e9renger Sauni\u00e8re a d\u00e9couvert au cours de ses ann\u00e9es de recherches des \u00e9l\u00e9ments qui l&#8217;ont compl\u00e9mentent chang\u00e9 de l&#8217;homme qu&#8217;il \u00e9tait en 1985 lorsqu&#8217;il arriva au village de Rennes-Le-Ch\u00e2teau. De l\u00e9gitimiste int\u00e9griste qu&#8217;il \u00e9tait, il devint un pr\u00eatre qui contesta son autorit\u00e9 &hellip; <\/p>\n<p class=\"link-more\"><a href=\"https:\/\/rennes-le-chateau.org\/index.php\/le-site\/laffaire-berenger-sauniere\/le-secret-de-sauniere\/\" class=\"more-link\">Continuer la lecture<span class=\"screen-reader-text\"> de &laquo;&nbsp;Le Secret de Sauni\u00e8re&nbsp;&raquo;<\/span><\/a><\/p>\n","protected":false},"author":1,"featured_media":0,"parent":802,"menu_order":0,"comment_status":"open","ping_status":"closed","template":"","meta":{"jetpack_post_was_ever_published":false,"footnotes":""},"class_list":["post-388","page","type-page","status-publish","hentry"],"jetpack_sharing_enabled":true,"jetpack_shortlink":"https:\/\/wp.me\/P9SxBn-6g","_links":{"self":[{"href":"https:\/\/rennes-le-chateau.org\/index.php\/wp-json\/wp\/v2\/pages\/388","targetHints":{"allow":["GET"]}}],"collection":[{"href":"https:\/\/rennes-le-chateau.org\/index.php\/wp-json\/wp\/v2\/pages"}],"about":[{"href":"https:\/\/rennes-le-chateau.org\/index.php\/wp-json\/wp\/v2\/types\/page"}],"author":[{"embeddable":true,"href":"https:\/\/rennes-le-chateau.org\/index.php\/wp-json\/wp\/v2\/users\/1"}],"replies":[{"embeddable":true,"href":"https:\/\/rennes-le-chateau.org\/index.php\/wp-json\/wp\/v2\/comments?post=388"}],"version-history":[{"count":12,"href":"https:\/\/rennes-le-chateau.org\/index.php\/wp-json\/wp\/v2\/pages\/388\/revisions"}],"predecessor-version":[{"id":1684,"href":"https:\/\/rennes-le-chateau.org\/index.php\/wp-json\/wp\/v2\/pages\/388\/revisions\/1684"}],"up":[{"embeddable":true,"href":"https:\/\/rennes-le-chateau.org\/index.php\/wp-json\/wp\/v2\/pages\/802"}],"wp:attachment":[{"href":"https:\/\/rennes-le-chateau.org\/index.php\/wp-json\/wp\/v2\/media?parent=388"}],"curies":[{"name":"wp","href":"https:\/\/api.w.org\/{rel}","templated":true}]}}