{"id":356,"date":"2018-05-02T19:02:53","date_gmt":"2018-05-02T17:02:53","guid":{"rendered":"http:\/\/rennes-le-chateau.org\/?page_id=356"},"modified":"2024-05-08T11:55:20","modified_gmt":"2024-05-08T09:55:20","slug":"les-premieres-decouvertes-de-berenger-sauniere","status":"publish","type":"page","link":"https:\/\/rennes-le-chateau.org\/index.php\/le-site\/laffaire-berenger-sauniere\/les-premieres-decouvertes-de-berenger-sauniere\/","title":{"rendered":"Les premi\u00e8res d\u00e9couvertes de B\u00e9renger Sauni\u00e8re"},"content":{"rendered":"<h6><span style=\"color: #808080;\"><a href=\"https:\/\/rennes-le-chateau.org\/\"><span style=\"color: #999999;\">Accueil<\/span><\/a> \/<span style=\"color: #999999;\"> <a style=\"color: #999999;\" href=\"https:\/\/rennes-le-chateau.org\/index.php\/le-site\/\">Etudes et Analyses<\/a><\/span><\/span> \/ <span style=\"color: #999999;\"><a style=\"color: #999999;\" href=\"https:\/\/rennes-le-chateau.org\/index.php\/laffaire-berenger-sauniere\/\">L&#8217;affaire B\u00e9renger Sauni\u00e8re<\/a><\/span><\/h6>\n<figure id=\"attachment_464\" aria-describedby=\"caption-attachment-464\" style=\"width: 800px\" class=\"wp-caption aligncenter\"><img data-recalc-dims=\"1\" loading=\"lazy\" decoding=\"async\" class=\"size-full wp-image-464\" src=\"https:\/\/i0.wp.com\/rennes-le-chateau.org\/wp-content\/uploads\/2018\/05\/PanoPremDecou.jpg?resize=525%2C144\" alt=\"Le pilier creux de l'\u00e9glise de Rennes-Le-Ch\u00e2teau - La Dalle des Chevaliers - La Oule\" width=\"525\" height=\"144\" srcset=\"https:\/\/i0.wp.com\/rennes-le-chateau.org\/wp-content\/uploads\/2018\/05\/PanoPremDecou.jpg?w=800&amp;ssl=1 800w, https:\/\/i0.wp.com\/rennes-le-chateau.org\/wp-content\/uploads\/2018\/05\/PanoPremDecou.jpg?resize=300%2C83&amp;ssl=1 300w, https:\/\/i0.wp.com\/rennes-le-chateau.org\/wp-content\/uploads\/2018\/05\/PanoPremDecou.jpg?resize=768%2C211&amp;ssl=1 768w, https:\/\/i0.wp.com\/rennes-le-chateau.org\/wp-content\/uploads\/2018\/05\/PanoPremDecou.jpg?resize=250%2C69&amp;ssl=1 250w, https:\/\/i0.wp.com\/rennes-le-chateau.org\/wp-content\/uploads\/2018\/05\/PanoPremDecou.jpg?resize=350%2C96&amp;ssl=1 350w\" sizes=\"auto, (max-width: 767px) 89vw, (max-width: 1000px) 54vw, (max-width: 1071px) 543px, 580px\" \/><figcaption id=\"caption-attachment-464\" class=\"wp-caption-text\">Le pilier creux de l&#8217;\u00e9glise de Rennes-Le-Ch\u00e2teau &#8211; La Dalle des Chevaliers &#8211; La Oule<\/figcaption><\/figure>\n<p>Lorsque B\u00e9renger Sauni\u00e8re r\u00e9int\u00e8gre la cure de Rennes-Le-Ch\u00e2teau<span style=\"color: #ff6600;\"><strong> <a style=\"color: #ff6600;\" href=\"http:\/\/rennes-le-chateau.org\/index.php\/juin-1885-arrive-de-berenger-sauniere-a-rennes-le-chateau\/\">apr\u00e8s avoir \u00e9t\u00e9 suspendu de salaire par le Pr\u00e9fet de l&#8217;Aude, apr\u00e8s sa prise de position politique lors des \u00e9lections l\u00e9gislatives de novembre 1886<\/a><\/strong><\/span>, il d\u00e9cide de faire profil bas.<\/p>\n<figure id=\"attachment_461\" aria-describedby=\"caption-attachment-461\" style=\"width: 225px\" class=\"wp-caption alignleft\"><img data-recalc-dims=\"1\" loading=\"lazy\" decoding=\"async\" class=\"wp-image-461 \" src=\"https:\/\/i0.wp.com\/rennes-le-chateau.org\/wp-content\/uploads\/2018\/05\/photo_henri_v.jpg?resize=225%2C303\" alt=\"Henri V - Comte de Chambort - D\u00e9c\u00e9d\u00e9 en 1883\" width=\"225\" height=\"303\" srcset=\"https:\/\/i0.wp.com\/rennes-le-chateau.org\/wp-content\/uploads\/2018\/05\/photo_henri_v.jpg?w=379&amp;ssl=1 379w, https:\/\/i0.wp.com\/rennes-le-chateau.org\/wp-content\/uploads\/2018\/05\/photo_henri_v.jpg?resize=223%2C300&amp;ssl=1 223w, https:\/\/i0.wp.com\/rennes-le-chateau.org\/wp-content\/uploads\/2018\/05\/photo_henri_v.jpg?resize=250%2C337&amp;ssl=1 250w, https:\/\/i0.wp.com\/rennes-le-chateau.org\/wp-content\/uploads\/2018\/05\/photo_henri_v.jpg?resize=350%2C472&amp;ssl=1 350w\" sizes=\"auto, (max-width: 225px) 100vw, 225px\" \/><figcaption id=\"caption-attachment-461\" class=\"wp-caption-text\">Henri V &#8211; Comte de Chambort &#8211; D\u00e9c\u00e9d\u00e9 en 1883<\/figcaption><\/figure>\n<p>Cette prise de position politique lui valut d&#8217;\u00eatre remarqu\u00e9 par le Cercle Catholique de Narbonne auquel son fr\u00e8re, Alfred Sauni\u00e8re, lui m\u00eame eccl\u00e9siastique, \u00e9tait affili\u00e9. C&#8217;est ainsi que la Comtesse de Chambord, veuve du Comte de Chambord, d\u00e9cida de soutenir le jeune pr\u00eatre dans le besoin financier en lui versant, comme \u00e0 deux autres pr\u00eatres de l&#8217;Aude suspendus pour les m\u00eames raisons, <span style=\"color: #ff6600;\">la somme consid\u00e9rable pour l&#8217;\u00e9poque de 3 000 Francs or<\/span>.<\/p>\n<p>&nbsp;<\/p>\n<figure id=\"attachment_462\" aria-describedby=\"caption-attachment-462\" style=\"width: 267px\" class=\"wp-caption alignright\"><img data-recalc-dims=\"1\" loading=\"lazy\" decoding=\"async\" class=\" wp-image-462\" src=\"https:\/\/i0.wp.com\/rennes-le-chateau.org\/wp-content\/uploads\/2018\/05\/MariaTheresiavonOesterreich-Este1886-01.jpg?resize=267%2C360\" alt=\"Marie Th\u00e9r\u00e8se - Comtesse de Chambord\" width=\"267\" height=\"360\" srcset=\"https:\/\/i0.wp.com\/rennes-le-chateau.org\/wp-content\/uploads\/2018\/05\/MariaTheresiavonOesterreich-Este1886-01.jpg?w=345&amp;ssl=1 345w, https:\/\/i0.wp.com\/rennes-le-chateau.org\/wp-content\/uploads\/2018\/05\/MariaTheresiavonOesterreich-Este1886-01.jpg?resize=223%2C300&amp;ssl=1 223w, https:\/\/i0.wp.com\/rennes-le-chateau.org\/wp-content\/uploads\/2018\/05\/MariaTheresiavonOesterreich-Este1886-01.jpg?resize=250%2C337&amp;ssl=1 250w\" sizes=\"auto, (max-width: 267px) 100vw, 267px\" \/><figcaption id=\"caption-attachment-462\" class=\"wp-caption-text\">Marie Th\u00e9r\u00e8se &#8211; Comtesse de Chambord<\/figcaption><\/figure>\n<p>&nbsp;<\/p>\n<p>&nbsp;<\/p>\n<p><span style=\"font-size: 1rem;\">Une certaine <\/span><span style=\"color: #ff6600;\">Madame Cavailh\u00e9 de Coursan<\/span><span style=\"font-size: 1rem;\">, elle m\u00eame membre important du Cercle Catholique de Narbonne d\u00e9cida d&#8217;offrir<\/span><span style=\"color: #ff6600;\"> un nouvel autel<\/span><span style=\"font-size: 1rem;\"> pour l&#8217;\u00e9glise du jeune pr\u00eatre \u00e0 Rennes-Le-Ch\u00e2teau.<\/span><\/p>\n<p>C&#8217;est au d\u00e9but de 1887 que le nouvel autel est livr\u00e9 \u00e0 Rennes-Le-Ch\u00e2teau. B\u00e9renger Sauni\u00e8re fera d\u00e9monter l&#8217;ancien autel carolingien et c&#8217;est \u00e0 partie de ce moment que sa vie basculera &#8230; <span style=\"color: #ff6600;\">(Voir la vid\u00e9o ci-dessous)<\/span><\/p>\n<p><iframe loading=\"lazy\" title=\"IntroSite03\" width=\"525\" height=\"295\" src=\"https:\/\/www.youtube.com\/embed\/KeNI7vb0_kY?feature=oembed\" frameborder=\"0\" allow=\"accelerometer; autoplay; clipboard-write; encrypted-media; gyroscope; picture-in-picture; web-share\" referrerpolicy=\"strict-origin-when-cross-origin\" allowfullscreen><\/iframe><\/p>\n<p><img data-recalc-dims=\"1\" loading=\"lazy\" decoding=\"async\" class=\"size-thumbnail wp-image-1609 alignleft\" src=\"https:\/\/i0.wp.com\/rennes-le-chateau.org\/wp-content\/uploads\/2019\/08\/IconeHP.png?resize=25%2C25&#038;ssl=1\" alt=\"\" width=\"25\" height=\"25\" align=\"absmiddle\" \/>T\u00e9l\u00e9charger le fichier audio de la vid\u00e9o : <span style=\"color: #ff6600;\"><strong><a style=\"color: #ff6600;\" href=\"https:\/\/rennes-le-chateau.org\/wp-content\/uploads\/2019\/08\/InroSite.zip\">Les origines de l&#8217;affaire de Rennes-Le-Ch\u00e2teau<\/a><\/strong><\/span><\/p>\n","protected":false},"excerpt":{"rendered":"<p>Accueil \/ Etudes et Analyses \/ L&#8217;affaire B\u00e9renger Sauni\u00e8re Lorsque B\u00e9renger Sauni\u00e8re r\u00e9int\u00e8gre la cure de Rennes-Le-Ch\u00e2teau apr\u00e8s avoir \u00e9t\u00e9 suspendu de salaire par le Pr\u00e9fet de l&#8217;Aude, apr\u00e8s sa prise de position politique lors des \u00e9lections l\u00e9gislatives de novembre 1886, il d\u00e9cide de faire profil bas. Cette prise de position politique lui valut d&#8217;\u00eatre &hellip; <\/p>\n<p class=\"link-more\"><a href=\"https:\/\/rennes-le-chateau.org\/index.php\/le-site\/laffaire-berenger-sauniere\/les-premieres-decouvertes-de-berenger-sauniere\/\" class=\"more-link\">Continuer la lecture<span class=\"screen-reader-text\"> de &laquo;&nbsp;Les premi\u00e8res d\u00e9couvertes de B\u00e9renger Sauni\u00e8re&nbsp;&raquo;<\/span><\/a><\/p>\n","protected":false},"author":1,"featured_media":0,"parent":802,"menu_order":0,"comment_status":"open","ping_status":"closed","template":"","meta":{"jetpack_post_was_ever_published":false,"footnotes":""},"class_list":["post-356","page","type-page","status-publish","hentry"],"jetpack_sharing_enabled":true,"jetpack_shortlink":"https:\/\/wp.me\/P9SxBn-5K","_links":{"self":[{"href":"https:\/\/rennes-le-chateau.org\/index.php\/wp-json\/wp\/v2\/pages\/356","targetHints":{"allow":["GET"]}}],"collection":[{"href":"https:\/\/rennes-le-chateau.org\/index.php\/wp-json\/wp\/v2\/pages"}],"about":[{"href":"https:\/\/rennes-le-chateau.org\/index.php\/wp-json\/wp\/v2\/types\/page"}],"author":[{"embeddable":true,"href":"https:\/\/rennes-le-chateau.org\/index.php\/wp-json\/wp\/v2\/users\/1"}],"replies":[{"embeddable":true,"href":"https:\/\/rennes-le-chateau.org\/index.php\/wp-json\/wp\/v2\/comments?post=356"}],"version-history":[{"count":10,"href":"https:\/\/rennes-le-chateau.org\/index.php\/wp-json\/wp\/v2\/pages\/356\/revisions"}],"predecessor-version":[{"id":8428,"href":"https:\/\/rennes-le-chateau.org\/index.php\/wp-json\/wp\/v2\/pages\/356\/revisions\/8428"}],"up":[{"embeddable":true,"href":"https:\/\/rennes-le-chateau.org\/index.php\/wp-json\/wp\/v2\/pages\/802"}],"wp:attachment":[{"href":"https:\/\/rennes-le-chateau.org\/index.php\/wp-json\/wp\/v2\/media?parent=356"}],"curies":[{"name":"wp","href":"https:\/\/api.w.org\/{rel}","templated":true}]}}