{"id":337,"date":"2018-05-02T16:56:14","date_gmt":"2018-05-02T14:56:14","guid":{"rendered":"http:\/\/rennes-le-chateau.org\/?page_id=337"},"modified":"2019-08-02T18:46:14","modified_gmt":"2019-08-02T16:46:14","slug":"les-livres","status":"publish","type":"page","link":"https:\/\/rennes-le-chateau.org\/index.php\/les-livres\/","title":{"rendered":"Les Livres"},"content":{"rendered":"<h6><span style=\"color: #808080;\"><a href=\"https:\/\/rennes-le-chateau.org\/\"><span style=\"color: #999999;\">Accueil<\/span><\/a> \/ <span style=\"color: #999999;\">Les Livres<\/span><\/span><\/h6>\n<p>L&#8217;affaire de Rennes-Le-Ch\u00e2teau est riche en production livresque. Nous allons ici, d&#8217;une part pr\u00e9senter ceux que <span style=\"color: #ff6600;\">Jean-Patrick Pourtal<\/span> a \u00e9crit mais \u00e9galement <span style=\"color: #ff6600;\">une s\u00e9lection que nous jugeons incontournable pour la bonne connaissance de cette myst\u00e9rieuse affaire<\/span> :<\/p>\n<p><strong><span style=\"color: #ff6600;\"><a style=\"color: #ff6600;\" href=\"http:\/\/rennes-le-chateau.org\/index.php\/de-jp-pourtal\/\">Les Livres de JP Pourtal<\/a><\/span><\/strong><\/p>\n<p><strong><span style=\"color: #ff6600;\"><a style=\"color: #ff6600;\" href=\"http:\/\/rennes-le-chateau.org\/index.php\/conseilles\/\">Les Livres que nous vous conseillons<\/a><\/span><\/strong><\/p>\n","protected":false},"excerpt":{"rendered":"<p>Accueil \/ Les Livres L&#8217;affaire de Rennes-Le-Ch\u00e2teau est riche en production livresque. Nous allons ici, d&#8217;une part pr\u00e9senter ceux que Jean-Patrick Pourtal a \u00e9crit mais \u00e9galement une s\u00e9lection que nous jugeons incontournable pour la bonne connaissance de cette myst\u00e9rieuse affaire : Les Livres de JP Pourtal Les Livres que nous vous conseillons<\/p>\n","protected":false},"author":1,"featured_media":336,"parent":0,"menu_order":0,"comment_status":"closed","ping_status":"closed","template":"","meta":{"jetpack_post_was_ever_published":false,"footnotes":""},"class_list":["post-337","page","type-page","status-publish","has-post-thumbnail","hentry"],"jetpack_sharing_enabled":true,"jetpack_shortlink":"https:\/\/wp.me\/P9SxBn-5r","_links":{"self":[{"href":"https:\/\/rennes-le-chateau.org\/index.php\/wp-json\/wp\/v2\/pages\/337","targetHints":{"allow":["GET"]}}],"collection":[{"href":"https:\/\/rennes-le-chateau.org\/index.php\/wp-json\/wp\/v2\/pages"}],"about":[{"href":"https:\/\/rennes-le-chateau.org\/index.php\/wp-json\/wp\/v2\/types\/page"}],"author":[{"embeddable":true,"href":"https:\/\/rennes-le-chateau.org\/index.php\/wp-json\/wp\/v2\/users\/1"}],"replies":[{"embeddable":true,"href":"https:\/\/rennes-le-chateau.org\/index.php\/wp-json\/wp\/v2\/comments?post=337"}],"version-history":[{"count":5,"href":"https:\/\/rennes-le-chateau.org\/index.php\/wp-json\/wp\/v2\/pages\/337\/revisions"}],"predecessor-version":[{"id":1457,"href":"https:\/\/rennes-le-chateau.org\/index.php\/wp-json\/wp\/v2\/pages\/337\/revisions\/1457"}],"wp:featuredmedia":[{"embeddable":true,"href":"https:\/\/rennes-le-chateau.org\/index.php\/wp-json\/wp\/v2\/media\/336"}],"wp:attachment":[{"href":"https:\/\/rennes-le-chateau.org\/index.php\/wp-json\/wp\/v2\/media?parent=337"}],"curies":[{"name":"wp","href":"https:\/\/api.w.org\/{rel}","templated":true}]}}