{"id":286,"date":"2018-05-02T10:24:44","date_gmt":"2018-05-02T08:24:44","guid":{"rendered":"http:\/\/rennes-le-chateau.org\/?page_id=286"},"modified":"2019-08-17T11:00:41","modified_gmt":"2019-08-17T09:00:41","slug":"une-section-de-page-daccueil-2","status":"publish","type":"page","link":"https:\/\/rennes-le-chateau.org\/index.php\/une-section-de-page-daccueil-2\/","title":{"rendered":"Une introduction \u00e0 l&#8217;affaire de Rennes-Le-Ch\u00e2teau"},"content":{"rendered":"<p>&nbsp;<\/p>\n<p><iframe loading=\"lazy\" title=\"02-Rennes-Le-Ch\u00e2teau Un Condens\u00e9 de l&#039;Affaire\" width=\"525\" height=\"295\" src=\"https:\/\/www.youtube.com\/embed\/VCLrWw1j93U?feature=oembed\" frameborder=\"0\" allow=\"accelerometer; autoplay; clipboard-write; encrypted-media; gyroscope; picture-in-picture; web-share\" referrerpolicy=\"strict-origin-when-cross-origin\" allowfullscreen><\/iframe><\/p>\n<p>T\u00e9l\u00e9charger le fichier audio de la vid\u00e9o : <strong><span style=\"color: #ff6600;\"><a style=\"color: #ff6600;\" href=\"https:\/\/rennes-le-chateau.org\/wp-content\/uploads\/2019\/08\/01-Rennes-Le-Ch\u00e2teau-Historique.zip\">01 Rennes-Le-Ch\u00e2teau Historique<\/a><\/span><\/strong> <img data-recalc-dims=\"1\" loading=\"lazy\" decoding=\"async\" class=\"size-thumbnail wp-image-1609 alignleft\" src=\"https:\/\/i0.wp.com\/rennes-le-chateau.org\/wp-content\/uploads\/2019\/08\/IconeHP.png?resize=25%2C25&#038;ssl=1\" alt=\"\" width=\"25\" height=\"25\" align=\"absmiddle\" \/><\/p>\n","protected":false},"excerpt":{"rendered":"<p>&nbsp; T\u00e9l\u00e9charger le fichier audio de la vid\u00e9o : 01 Rennes-Le-Ch\u00e2teau Historique<\/p>\n","protected":false},"author":1,"featured_media":0,"parent":0,"menu_order":0,"comment_status":"closed","ping_status":"closed","template":"","meta":{"jetpack_post_was_ever_published":false,"footnotes":""},"class_list":["post-286","page","type-page","status-publish","hentry"],"jetpack_sharing_enabled":true,"jetpack_shortlink":"https:\/\/wp.me\/P9SxBn-4C","_links":{"self":[{"href":"https:\/\/rennes-le-chateau.org\/index.php\/wp-json\/wp\/v2\/pages\/286","targetHints":{"allow":["GET"]}}],"collection":[{"href":"https:\/\/rennes-le-chateau.org\/index.php\/wp-json\/wp\/v2\/pages"}],"about":[{"href":"https:\/\/rennes-le-chateau.org\/index.php\/wp-json\/wp\/v2\/types\/page"}],"author":[{"embeddable":true,"href":"https:\/\/rennes-le-chateau.org\/index.php\/wp-json\/wp\/v2\/users\/1"}],"replies":[{"embeddable":true,"href":"https:\/\/rennes-le-chateau.org\/index.php\/wp-json\/wp\/v2\/comments?post=286"}],"version-history":[{"count":12,"href":"https:\/\/rennes-le-chateau.org\/index.php\/wp-json\/wp\/v2\/pages\/286\/revisions"}],"predecessor-version":[{"id":1675,"href":"https:\/\/rennes-le-chateau.org\/index.php\/wp-json\/wp\/v2\/pages\/286\/revisions\/1675"}],"wp:attachment":[{"href":"https:\/\/rennes-le-chateau.org\/index.php\/wp-json\/wp\/v2\/media?parent=286"}],"curies":[{"name":"wp","href":"https:\/\/api.w.org\/{rel}","templated":true}]}}