{"id":241,"date":"2018-05-02T09:16:39","date_gmt":"2018-05-02T07:16:39","guid":{"rendered":"http:\/\/rennes-le-chateau.org\/?page_id=241"},"modified":"2019-08-17T15:31:33","modified_gmt":"2019-08-17T13:31:33","slug":"les-3-cures-sauniere-boudet-gelis","status":"publish","type":"page","link":"https:\/\/rennes-le-chateau.org\/index.php\/le-site\/laffaire-berenger-sauniere\/des-elements-etranges\/les-3-cures-sauniere-boudet-gelis\/","title":{"rendered":"Les 3 cur\u00e9s &#8211; Sauni\u00e8re &#8211; Boudet &#8211; G\u00e9lis"},"content":{"rendered":"<h6><span style=\"color: #808080;\"><a href=\"https:\/\/rennes-le-chateau.org\/\"><span style=\"color: #999999;\">Accueil<\/span><\/a> \/<span style=\"color: #999999;\"> <a style=\"color: #999999;\" href=\"https:\/\/rennes-le-chateau.org\/index.php\/le-site\/\">Etudes et Analyses<\/a><\/span><\/span> \/ <span style=\"color: #999999;\"><a style=\"color: #999999;\" href=\"https:\/\/rennes-le-chateau.org\/index.php\/laffaire-berenger-sauniere\/\">L&#8217;affaire B\u00e9renger Sauni\u00e8re<\/a><\/span>\u00a0 \/<span style=\"color: #808080;\">\u00a0<span style=\"color: #999999;\"><a style=\"color: #999999;\" href=\"https:\/\/rennes-le-chateau.org\/index.php\/des-elements-etranges\/\">Des \u00e9l\u00e9ments \u00e9tranges<\/a><\/span><\/span><\/h6>\n<p style=\"text-align: center;\"><div id=\"metaslider-id-884\" style=\"max-width: 800px; margin: 0 auto;\" class=\"ml-slider-3-98-0 metaslider metaslider-flex metaslider-884 ml-slider ms-theme-default\" role=\"region\" aria-roledescription=\"Slideshow\" aria-label=\"SS08-CURES\" data-width=\"800\">\n    <div id=\"metaslider_container_884\">\n        <div id=\"metaslider_884\" class=\"flexslider\">\n            <ul class='slides'>\n                <li style=\"display: block; width: 100%;\" class=\"slide-885 ms-image \" aria-roledescription=\"slide\" aria-label=\"slide-885\" data-date=\"2018-05-15 17:48:32\"><img data-recalc-dims=\"1\" loading=\"lazy\" decoding=\"async\" src=\"https:\/\/i0.wp.com\/rennes-le-chateau.org\/wp-content\/uploads\/2018\/05\/Boudet002.jpg?resize=525%2C349&#038;ssl=1\" height=\"349\" width=\"525\" alt=\"\" class=\"slider-884 slide-885\" title=\"Boudet002\" \/><\/li>\n                <li style=\"display: none; width: 100%;\" class=\"slide-886 ms-image \" aria-roledescription=\"slide\" aria-label=\"slide-886\" data-date=\"2018-05-15 17:48:32\"><img data-recalc-dims=\"1\" loading=\"lazy\" decoding=\"async\" src=\"https:\/\/i0.wp.com\/rennes-le-chateau.org\/wp-content\/uploads\/2018\/05\/Boudet001.jpg?resize=525%2C349&#038;ssl=1\" height=\"349\" width=\"525\" alt=\"\" class=\"slider-884 slide-886\" title=\"Boudet001\" \/><\/li>\n                <li style=\"display: none; width: 100%;\" class=\"slide-887 ms-image \" aria-roledescription=\"slide\" aria-label=\"slide-887\" data-date=\"2018-05-15 17:48:32\"><img data-recalc-dims=\"1\" loading=\"lazy\" decoding=\"async\" src=\"https:\/\/i0.wp.com\/rennes-le-chateau.org\/wp-content\/uploads\/2018\/05\/LVC02.jpg?resize=525%2C349&#038;ssl=1\" height=\"349\" width=\"525\" alt=\"\" class=\"slider-884 slide-887\" title=\"LVC02\" \/><\/li>\n                <li style=\"display: none; width: 100%;\" class=\"slide-888 ms-image \" aria-roledescription=\"slide\" aria-label=\"slide-888\" data-date=\"2018-05-15 17:48:32\"><img data-recalc-dims=\"1\" loading=\"lazy\" decoding=\"async\" src=\"https:\/\/i0.wp.com\/rennes-le-chateau.org\/wp-content\/uploads\/2018\/05\/Gelis001.jpg?resize=525%2C349&#038;ssl=1\" height=\"349\" width=\"525\" alt=\"\" class=\"slider-884 slide-888\" title=\"Gelis001\" \/><\/li>\n                <li style=\"display: none; width: 100%;\" class=\"slide-889 ms-image \" aria-roledescription=\"slide\" aria-label=\"slide-889\" data-date=\"2018-05-15 17:48:32\"><img data-recalc-dims=\"1\" loading=\"lazy\" decoding=\"async\" src=\"https:\/\/i0.wp.com\/rennes-le-chateau.org\/wp-content\/uploads\/2018\/05\/Gelis002.jpg?resize=525%2C349&#038;ssl=1\" height=\"349\" width=\"525\" alt=\"\" class=\"slider-884 slide-889\" title=\"Gelis002\" \/><\/li>\n            <\/ul>\n        <\/div>\n        \n    <\/div>\n<\/div><\/p>\n<p>Comme nous allons le voir, <span style=\"color: #ff6600;\">B\u00e9renger Sauni\u00e8re n&#8217;est pas le seul pr\u00eatre \u00e9tonnant dans cette \u00e9trange affaire.<\/span><\/p>\n<p>Deux autres cur\u00e9s sont directement impliqu\u00e9s dans cette histoire ; il s&#8217;agit du pr\u00eatre de Rennes-Le-Bains, <span style=\"color: #ff6600;\">Henri Boudet<\/span> et le pr\u00eatre de Coustaussa, <span style=\"color: #ff6600;\">Antoine G\u00e9lis.<\/span><\/p>\n<p>Henri Boudet se fera remarquer par un livre \u00e9tonnant &#8220;<span style=\"color: #ff6600;\">La Vraie Langue Celtique et le Cromlech de Rennes-Le-Bains<\/span>&#8221; et Antoine G\u00e9lis par une mort hors du commun dans cette r\u00e9gion du Raz\u00e8s puisqu&#8217;<span style=\"color: #ff6600;\">il sera retrouv\u00e9 assassin\u00e9 dans son presbyt\u00e8re.<\/span><\/p>\n<p><span style=\"color: #ff6600;\">Henri Boudet<\/span>, lui est n\u00e9 le 16 novembre 1837\u00a0; il sera ordonn\u00e9 pr\u00eatre en 1861 et sera nomm\u00e9 en janvier 1862 \u00e0 Durban, puis le 16 juin de la m\u00eame ann\u00e9e il se verra nomm\u00e9 \u00e0 Caunes-Minervois qu\u2019il quittera en 1866 pour rejoindre la cure de Festes et Saint Andr\u00e9 pr\u00e8s de Limoux. Ce sera en 1872 qu\u2019il sera nomm\u00e9 cur\u00e9 desservant de Rennes-Les-Bains. Lorsque B\u00e9renger Sauni\u00e8re arrivera \u00e0 Rennes-Le-Ch\u00e2teau, <span style=\"color: #ff6600;\">Henri Boudet est \u00e2g\u00e9 de quarante-huit ans et a donc quinze ans d\u2019\u00e9cart avec son confr\u00e8re<\/span>.<\/p>\n<p>Henri Boudet est un homme lettr\u00e9 membre de plusieurs Soci\u00e9t\u00e9s Savantes de son \u00e9poque et notamment de la<span style=\"color: #ff6600;\"> Soci\u00e9t\u00e9 des Arts et des Sciences de Carcassonne<\/span> ainsi que de la <span style=\"color: #ff6600;\">Soci\u00e9t\u00e9 de Linguistique de Paris<\/span>.<\/p>\n<p>Le livre d\u2019Henri Boudet\u00a0&#8220;La Vraie Langue Celtique et le Cromlech de Rennes-Le-Bains&#8221; est<span style=\"color: #ff6600;\"> un livre \u00e9trange<\/span> qui se r\u00e9sume \u00e0 dire que toutes les langues sont issues de l&#8217;Anglais moderne, m\u00eames le plus anciennes&#8230;<\/p>\n<p><span style=\"color: #ff6600;\">Antoine G\u00e9lis<\/span> est n\u00e9 le 1<sup>er<\/sup> avril 1827 \u00e0 Villes\u00e8quelande dans le d\u00e9partement de l\u2019Aude. Il sera nomm\u00e9 cur\u00e9 desservant de Durban en 1855 puis cur\u00e9 desservant de Coustaussa en 1857. Lorsque B\u00e9renger Sauni\u00e8re arrive \u00e0 Rennes-Le-Ch\u00e2teau, Antoine G\u00e9lis est \u00e2g\u00e9 de cinquante-huit ans et \u00e0 donc vingt-cinq ans d\u2019\u00e9cart avec lui.<\/p>\n<p>Il est important de noter que <span style=\"color: #ff6600;\">G\u00e9lis et Boudet se sont fr\u00e9quent\u00e9s ou du moins c\u00f4toy\u00e9s pendant treize ann\u00e9es avant que B\u00e9renger Sauni\u00e8re n\u2019arrive \u00e0 Rennes-Le-Ch\u00e2teau<\/span>. La distance s\u00e9parant Coustaussa et Rennes-Les-Bains est faible il est facile d\u2019imaginer que les deux pr\u00eatres se rendaient des visites r\u00e9guli\u00e8res. Antoine G\u00e9lis \u00e9tait le plus ancien dans la r\u00e9gion et \u00e9tait d\u00e9j\u00e0 en charge de la cure de Coustaussa depuis quinze ans lors de la nomination d\u2019Henri Boudet \u00e0 Rennes-Les-Bains.<\/p>\n<p>Il est facile d\u2019imaginer que les deux pr\u00eatres li\u00e8rent des liens d\u2019amiti\u00e9s d\u2019autant plus qu\u2019ils n\u2019avaient qu\u2019une dizaine d\u2019ann\u00e9es d\u2019\u00e9cart.<\/p>\n<p>Mais <span style=\"color: #ff6600;\">les deux hommes ont des traits de caract\u00e8res tr\u00e8s oppos\u00e9s<\/span>, autant que G\u00e9lis \u00e0 la r\u00e9putation d\u2019\u00eatre discret et peu avenant\u00a0; Henri Boudet, lui, est plus urbain et surtout s\u2019implique dans la vie culturelle locale de plein pied.<\/p>\n<p>Alors <span style=\"color: #ff6600;\">quel lien pouvait unir ces trois pr\u00eatres Boudet, G\u00e9lis et Sauni\u00e8re ?<\/span><\/p>\n<p><strong>Pour en savoir plus :<\/strong><\/p>\n<p><iframe loading=\"lazy\" title=\"08-Les Trois Cur\u00e9s- B\u00e9renger Sauni\u00e8re - Antoine G\u00e9lis - Henri Boudet\" width=\"525\" height=\"295\" src=\"https:\/\/www.youtube.com\/embed\/SZEByqfscbM?feature=oembed\" frameborder=\"0\" allow=\"accelerometer; autoplay; clipboard-write; encrypted-media; gyroscope; picture-in-picture; web-share\" referrerpolicy=\"strict-origin-when-cross-origin\" allowfullscreen><\/iframe><\/p>\n<p><img data-recalc-dims=\"1\" loading=\"lazy\" decoding=\"async\" class=\"alignleft wp-image-1609 size-full\" src=\"https:\/\/i0.wp.com\/rennes-le-chateau.org\/wp-content\/uploads\/2019\/08\/IconeHP-e1566047268923.png?resize=25%2C25&#038;ssl=1\" alt=\"\" width=\"25\" height=\"25\" align=\"absmiddle\" \/>T\u00e9l\u00e9charger le fichier audio de la vid\u00e9o : <span style=\"color: #ff6600;\"><strong><a style=\"color: #ff6600;\" href=\"https:\/\/rennes-le-chateau.org\/wp-content\/uploads\/2019\/08\/08-Les-Trois-Cur\u00e9s-B\u00e9renger-Sauni\u00e8re-Antoine-G\u00e9lis-Henri-Boudet.zip\">Les Trois Cur\u00e9s- B\u00e9renger Sauni\u00e8re &#8211; Antoine G\u00e9lis &#8211; Henri Boudet<\/a><\/strong><\/span><\/p>\n<p>&nbsp;<\/p>\n","protected":false},"excerpt":{"rendered":"<p>Accueil \/ Etudes et Analyses \/ L&#8217;affaire B\u00e9renger Sauni\u00e8re\u00a0 \/\u00a0Des \u00e9l\u00e9ments \u00e9tranges Comme nous allons le voir, B\u00e9renger Sauni\u00e8re n&#8217;est pas le seul pr\u00eatre \u00e9tonnant dans cette \u00e9trange affaire. Deux autres cur\u00e9s sont directement impliqu\u00e9s dans cette histoire ; il s&#8217;agit du pr\u00eatre de Rennes-Le-Bains, Henri Boudet et le pr\u00eatre de Coustaussa, Antoine G\u00e9lis. Henri &hellip; <\/p>\n<p class=\"link-more\"><a href=\"https:\/\/rennes-le-chateau.org\/index.php\/le-site\/laffaire-berenger-sauniere\/des-elements-etranges\/les-3-cures-sauniere-boudet-gelis\/\" class=\"more-link\">Continuer la lecture<span class=\"screen-reader-text\"> de &laquo;&nbsp;Les 3 cur\u00e9s &#8211; Sauni\u00e8re &#8211; Boudet &#8211; G\u00e9lis&nbsp;&raquo;<\/span><\/a><\/p>\n","protected":false},"author":1,"featured_media":0,"parent":127,"menu_order":0,"comment_status":"open","ping_status":"closed","template":"","meta":{"jetpack_post_was_ever_published":false,"footnotes":""},"class_list":["post-241","page","type-page","status-publish","hentry"],"jetpack_sharing_enabled":true,"jetpack_shortlink":"https:\/\/wp.me\/P9SxBn-3T","_links":{"self":[{"href":"https:\/\/rennes-le-chateau.org\/index.php\/wp-json\/wp\/v2\/pages\/241","targetHints":{"allow":["GET"]}}],"collection":[{"href":"https:\/\/rennes-le-chateau.org\/index.php\/wp-json\/wp\/v2\/pages"}],"about":[{"href":"https:\/\/rennes-le-chateau.org\/index.php\/wp-json\/wp\/v2\/types\/page"}],"author":[{"embeddable":true,"href":"https:\/\/rennes-le-chateau.org\/index.php\/wp-json\/wp\/v2\/users\/1"}],"replies":[{"embeddable":true,"href":"https:\/\/rennes-le-chateau.org\/index.php\/wp-json\/wp\/v2\/comments?post=241"}],"version-history":[{"count":9,"href":"https:\/\/rennes-le-chateau.org\/index.php\/wp-json\/wp\/v2\/pages\/241\/revisions"}],"predecessor-version":[{"id":1686,"href":"https:\/\/rennes-le-chateau.org\/index.php\/wp-json\/wp\/v2\/pages\/241\/revisions\/1686"}],"up":[{"embeddable":true,"href":"https:\/\/rennes-le-chateau.org\/index.php\/wp-json\/wp\/v2\/pages\/127"}],"wp:attachment":[{"href":"https:\/\/rennes-le-chateau.org\/index.php\/wp-json\/wp\/v2\/media?parent=241"}],"curies":[{"name":"wp","href":"https:\/\/api.w.org\/{rel}","templated":true}]}}