{"id":214,"date":"2018-05-01T18:31:26","date_gmt":"2018-05-01T16:31:26","guid":{"rendered":"http:\/\/rennes-le-chateau.org\/?page_id=214"},"modified":"2019-10-21T17:24:19","modified_gmt":"2019-10-21T15:24:19","slug":"sonia-moreu","status":"publish","type":"page","link":"https:\/\/rennes-le-chateau.org\/index.php\/autour-de-laffaire\/les-interviews\/sonia-moreu\/","title":{"rendered":"Sonia Moreu"},"content":{"rendered":"<h6><span style=\"color: #808080;\"><a href=\"https:\/\/rennes-le-chateau.org\/\"><span style=\"color: #999999;\">Accueil<\/span><\/a> \/<span style=\"color: #999999;\"><a style=\"color: #999999;\" href=\"https:\/\/rennes-le-chateau.org\/index.php\/autour-de-laffaire\/\"> Autour de l&#8217;Affaire<\/a><\/span><\/span> \/ <span style=\"color: #999999;\"><a style=\"color: #999999;\" href=\"https:\/\/rennes-le-chateau.org\/index.php\/les-interviews\/\">Les Interviews<\/a><\/span><\/h6>\n<p><span style=\"color: #ff6600;\"><strong>Juillet 2000<\/strong><\/span><br \/>\nSonia Moreu, est l\u2019<span style=\"color: #ff6600;\">ancienne propri\u00e9taire de l\u2019une des libraires de Rennes-Le-Ch\u00e2teau, L\u2019Atelier Empreinte<\/span>. Elle v\u00e9cut de nombreuses ann\u00e9es \u00e0 Rennes-Le-Ch\u00e2teau. C\u2019est en juillet 2000 qu\u2019elle eut la sympathie d\u2019accepter de r\u00e9pondre \u00e0 quelques questions alors qu\u2019elle poss\u00e9dait encore ce commerce.<\/p>\n<p><span style=\"color: #ff6600;\">Elle arriva au village de Rennes-Le-Ch\u00e2teau dans les ann\u00e9es 80,<\/span> une \u00e9poque o\u00f9 le village n\u2019avait pas encore la renomm\u00e9 internationale qu\u2019il conna\u00eet depuis la publication du Da Vinci Code. Q<span style=\"color: #ff6600;\">ui de mieux plac\u00e9e qu\u2019elle pour nous parler du village et de ses visiteurs\u00a0?<\/span><\/p>\n<hr \/>\n<p><span style=\"color: #ff6600;\"><strong>Jean-Patrick Pourtal<\/strong><strong>\u00a0:<\/strong> <\/span>Pour beaucoup de chercheurs de Rennes-Le-Ch\u00e2teau, vous \u00eates la personne incontournable. Votre librairie \u00e0 Rennes-Le-Ch\u00e2teau regorge de tr\u00e9sors pour tous les visiteurs du village. Quand on se rend \u00e0 la Tour Effel on ne manque pas de passer \u00e0 la boutique de souvenirs du premier \u00e9tage, quand on est \u00e0 Rennes-Le-Ch\u00e2teau on ne manque pas de passer par votre librairie pour faire le point des ouvrages que nous souhaitons ramener dans nos foyers. Mais, depuis combien de temps \u00eates vous install\u00e9e comme libraire \u00e0 Rennes-Le-Ch\u00e2teau ?<\/p>\n<p><span style=\"color: #ff6600;\"><strong>Sonia Moreu\u00a0: <\/strong><\/span>Depuis le mois de mars 1986, soit quatorze ans.<\/p>\n<p><span style=\"color: #ff6600;\"><strong>JPP\u00a0:<\/strong><\/span> Votre librairie a-t-elle toujours \u00e9t\u00e9 implant\u00e9e dans la grande rue du Village\u00a0?<\/p>\n<p><strong><span style=\"color: #ff6600;\">Sonia Moreu\u00a0:<\/span> <\/strong>Oui. Bien que L\u2019Atelier Empreinte se soit cr\u00e9\u00e9 en 1985 \u00e0 Rennes le Ch\u00e2teau, o\u00f9 Alain F\u00e9ral et moi, nous accueillions dans la tour Magdala, ancienne biblioth\u00e8que de l\u2019abb\u00e9 Sauni\u00e8re, en exposant les dessins, gravures et ouvrages de l\u2019Atelier Empreinte ainsi que les cassettes racontant l\u2019histoire de Rennes le Ch\u00e2teau par Henri Buthion et G\u00e9rard de S\u00e8de.<\/p>\n<p><strong><span style=\"color: #ff6600;\">JPP\u00a0:<\/span> <\/strong>A ce propos, comment \u00e9tait le village lorsque vous vous y \u00eates install\u00e9e\u00a0?<\/p>\n<p><span style=\"color: #ff6600;\"><strong>Sonia Moreu\u00a0: <\/strong><\/span>Quasiment comme aujourd\u2019hui. Hormis le parking souterrain, non je plaisante. Les feux rouges, parkings, et grands ensembles immobiliers ne sont pas de mises pour Rennes. Le site est class\u00e9 et les architectes des b\u00e2timents de France veillent, ainsi\u00a0la colline ne pourra pas s\u2019\u00e9tendre.<br \/>\nLe village, quant \u00e0 son accueil, \u00e9tait par contre bien diff\u00e9rent. Le domaine de l\u2019abb\u00e9 Sauni\u00e8re transform\u00e9 en h\u00f4tel restaurant par M. Corbu et reprit par Henri Buthion \u00e9tait ferm\u00e9 depuis plus de dix ans. Cependant l\u00a0\u2018ancien jardin potager de l\u2019abb\u00e9 Sauni\u00e8re pr\u00e8s de la maison de Marie D\u00e9narnaud, aujourd\u2019hui d\u00e9molie, recevait et vivait jusque tr\u00e8s tard dans la nuit. L\u2019acc\u00e8s au mus\u00e9e- \u00e9glise- n\u00e9cropole de l\u2019abb\u00e9 \u00e9tait barr\u00e9 par trois personnages du cru ayant connu Marie D\u00e9narnaud.<\/p>\n<p><span style=\"color: #ff6600;\"><strong>JPP\u00a0: <\/strong><\/span>Je suppose que vous avez du rencontrer des gens du village qui avaient connu B\u00e9renger Sauni\u00e8re, comment se le rappelaient-ils\u00a0?<\/p>\n<p><strong><span style=\"color: #ff6600;\">Sonia Moreu\u00a0:<\/span> <\/strong>Je n\u2019ai connu que deux personnes, aujourd\u2019hui d\u00e9c\u00e9d\u00e9es. L\u2019une, Madame Olive vivait\u00a0dans une des fermes entre Rennes le Ch\u00e2teau et Rennes les Bains. Elle se souvenait davantage de l\u2019abb\u00e9 Boudet, \u00ab cela \u00e9tait moins loin \u00e0 pied\u00a0\u00bb avait-elle pr\u00e9cis\u00e9e. Mais ce qui l\u2019avait impressionn\u00e9e \u00e0 Rennes le Ch\u00e2teau, c\u2019est le singe et ces jardins luxuriants.<br \/>\nL\u2019autre n\u00e9 en 1909, de son vrai nom de bapt\u00eame Abdon est le personnage dont parle G\u00e9rard de S\u00e8de sauv\u00e9 par l\u2019eau miraculeuse d\u2019Arles sur Tech. Fils d\u2019une s\u0153ur de lait de Marie D\u00e9narnaud, ses souvenirs de petit gar\u00e7on m\u2019ont d\u00e9crit l&#8217;abb\u00e9 Sauni\u00e8re comme un homme tr\u00e8s s\u00e9v\u00e8re. L\u2019anecdote que j\u2019ai retenue est le fait qu\u2019invit\u00e9 un dimanche midi \u00e0 d\u00e9jeuner chez Marie, il avait redemand\u00e9 la patte du poulet et que l\u2019abb\u00e9 l\u2019avait sorti de table, priv\u00e9 de repas, en lui pr\u00e9cisant qu\u2019on ne r\u00e9clamait pas.<\/p>\n<p><span style=\"color: #ff6600;\"><strong>JPP\u00a0: <\/strong><\/span>Comment pourriez-vous nous d\u00e9crire B\u00e9renger Sauni\u00e8re\u00a0?<\/p>\n<p><span style=\"color: #ff6600;\"><strong>Sonia Moreu\u00a0:<\/strong><\/span> Solide, \u00e9nergique, dur,\u00a0pas dr\u00f4le. Bien s\u00fbr, ceci est tr\u00e8s subjectif. Assez suffisant.<\/p>\n<p><span style=\"color: #ff6600;\"><strong>JPP\u00a0:<\/strong><\/span> Au cours de mes diff\u00e9rentes visites \u00e0 Rennes-Le-Ch\u00e2teau, j\u2019ai remarqu\u00e9 que votre Librairie \u00e9tait le point de rencontre de nombreuses personnes, quel est, pour vous, le profil type du visiteur de Rennes-Le-Ch\u00e2teau\u00a0?<\/p>\n<p><span style=\"color: #ff6600;\"><strong>Sonia Moreu\u00a0:<\/strong><\/span> En effet on n\u2019arrive pas par hasard \u00e0 Rennes le Ch\u00e2teau. La plupart, simples curieux se posant des questions sur le myst\u00e8re et le tr\u00e9sor. Tr\u00e8s interrogatif et recherchant un ouvrage objectif sur le sujet.<\/p>\n<p><span style=\"color: #ff6600;\"><strong>JPP\u00a0:<\/strong> <\/span>Je me souviens avoir rencontr\u00e9 un personnage \u00e9tonnant, il m\u2019avait dit qu\u2019il \u00e9tait la r\u00e9incarnation d\u2019un grand seigneur de la r\u00e9gion au moyen-\u00e2ge. Son discours \u00e9tait \u00e9tonnant, avez-vous souvent ce genre de personnage en face de vous\u00a0?<\/p>\n<p><strong><span style=\"color: #ff6600;\">Sonia Moreu :<\/span>\u00a0<\/strong>OUI, tr\u00e8s r\u00e9guli\u00e8rement \u00e0 l\u2019oppos\u00e9 du\u00a0profil type. Nombreux sont ceux qui savent, qui d\u00e9tiennent la r\u00e9ponse.<\/p>\n<p><span style=\"color: #ff6600;\"><strong>JPP\u00a0:<\/strong> <\/span>Avez-vous d\u00e9j\u00e0 rencontr\u00e9 des \u00ab\u00a0J\u00e9sus\u00a0\u00bb ou bien des \u00ab Marie-Madeleine\u00a0\u00bb\u00a0?<\/p>\n<p><span style=\"color: #ff6600;\"><strong>Sonia Moreu\u00a0:<\/strong> <\/span>Sans d\u00e9layage\u00a0oui.<\/p>\n<p><strong><span style=\"color: #ff6600;\">JPP\u00a0:<\/span> <\/strong>Mis \u00e0 part des personnes comme on le dit maintenant \u00ab\u00a0un peu limite\u00a0\u00bb quelle est pour vous la Qu\u00eate des visiteurs de Rennes-Le-Ch\u00e2teau\u00a0?<\/p>\n<p><span style=\"color: #ff6600;\"><strong>Sonia Moreu\u00a0: <\/strong><\/span>Une remise en question de\u00a0notre \u00e9ducation, religieuse, historique, scientifique. Un creuset o\u00f9 les questions, les doutes de l\u2019acquis\u00a0permettent de r\u00eaver \u00e0 une autre r\u00e9alit\u00e9.<\/p>\n<p><strong><span style=\"color: #ff6600;\">JPP\u00a0:<\/span> <\/strong>L\u2019histoire de Rennes-Le-Ch\u00e2teau est sans fronti\u00e8re et je dirais, comme on le dirait en Math\u00e9matique, \u00ab\u00a0la renomm\u00e9e de Rennes-Le-Ch\u00e2teau dans le monde est inversement proportionnelle \u00e0 sa taille\u00a0\u00bb, comment peut-on expliquer cela \u00e0 votre avis\u00a0?<\/p>\n<p><span style=\"color: #ff6600;\"><strong>Sonia Moreu\u00a0\u00a0:<\/strong><\/span> Mondialement, mais principalement dans le monde occidental. Je pense que le livre des trois auteurs anglais\u00a0\u00ab l\u2019Enigme sacr\u00e9e\u00a0\u00bb en est \u00e0 l\u2019origine, cela parce qu\u2019il remet en question l\u2019\u00e9glise catholique apostolique et romaine. Du concile de Nic\u00e9e ou des \u00e9vangiles choisis o\u00f9 on n\u00e9glige Thomas, Philippe, Marie Madeleine\u2026.\u00a0 La lign\u00e9e de J\u00e9sus&#8230;\u00a0\u00a0 La qu\u00eate du Graal.<\/p>\n<p><span style=\"color: #ff6600;\"><strong>JPP\u00a0:<\/strong> <\/span>Depuis quelques ann\u00e9es il semble que la tranquillit\u00e9 du village soit perturb\u00e9e par les diff\u00e9rents mouvements internes au village. J\u2019entends par mouvements, les changements de propri\u00e9taire du domaine de B\u00e9renger Sauni\u00e8re, les ouvertures et fermetures de diff\u00e9rents points \u00e9conomiques (le restaurant du domaine), les grands travaux qui ont \u00e9t\u00e9 r\u00e9alis\u00e9s dans le village, ne pensez-vous pas que cette effervescence soit semblable \u00e0 celle qu\u2019il y eut \u00e0 l\u2019\u00e9poque de B\u00e9renger Sauni\u00e8re\u00a0?<\/p>\n<p><span style=\"color: #ff6600;\"><strong>Sonia Moreu\u00a0\u00a0: <\/strong><\/span>En effet peut-\u00eatre. Un si\u00e8cle apr\u00e8s exactement, cela \u00e9tait n\u00e9cessaire \u00e0 mon avis, le site avait besoin d\u2019\u00eatre restaur\u00e9. On ne peut pas laisser un village s\u2019endormir et s\u2019\u00e9teindre.\u00a0 Dans cette p\u00e9riode \u00e9conomiquement difficile et particuli\u00e8rement dans cette r\u00e9gion, l\u2019achat du domaine de B\u00e9renger Sauni\u00e8re et la promotion du patrimoine par la Mairie de Rennes le Ch\u00e2teau me para\u00eet une excellente initiative. Vivre avec son temps, accueillir les passionn\u00e9s de cette histoire, de grands projets comme l\u2019abb\u00e9, tel est peut-\u00eatre le destin de ce petit village juch\u00e9 entre ciel et terre.<\/p>\n<p><span style=\"color: #ff6600;\"><strong>JPP\u00a0:<\/strong> <\/span>En tant que libraire vous \u00eates entour\u00e9 d\u2019ouvrages dont beaucoup traitent de Rennes-Le-Ch\u00e2teau. Depuis quelques ann\u00e9es l\u2019Internet est de plus en plus pr\u00e9sent dans les foyers Fran\u00e7ais, que pensez-vous de l\u2019arriv\u00e9e de ce m\u00e9dia dans l\u2019affaire de Rennes-Le-Ch\u00e2teau\u00a0?<\/p>\n<p><span style=\"color: #ff6600;\"><strong>Sonia Moreu\u00a0\u00a0: <\/strong><\/span>\u00a0Vous \u00eates mieux plac\u00e9 que moi pour r\u00e9pondre \u00e0 cette question. Les passionn\u00e9s de l\u2019affaire \u00e9tant r\u00e9partis dans le monde, Internet leur permet d\u2019\u00e9changer leurs id\u00e9es en permanence.\u00a0 Je pense que ce nouveau m\u00e9dia peut instaurer un certain dialogue entre chercheurs.<\/p>\n<p><span style=\"color: #ff6600;\"><strong>JPP\u00a0: <\/strong><\/span>Toujours dans le domaine des nouvelles technologies, avez-vous \u00e9t\u00e9 surprise de la sortie du jeu informatique, \u00ab\u00a0Gabriel Knight III\u00a0\u00bb qui se d\u00e9roule enti\u00e8rement \u00e0 Rennes-Le-Ch\u00e2teau\u00a0?<\/p>\n<p><strong><span style=\"color: #ff6600;\">Sonia Moreu\u00a0:<\/span> <\/strong>Non absolument pas.\u00a0 L\u2019HISTOIRE de Rennes le Ch\u00e2teau\u00a0se pr\u00eate particuli\u00e8rement \u00e0 ce support. N\u2019est ce pas un grand jeu vivant\u00a0?<\/p>\n<p><strong><span style=\"color: #ff6600;\">\u00a0JPP\u00a0:<\/span> <\/strong>Ma ch\u00e8re Sonia, je vous remercie d\u2019avoir r\u00e9pondu \u00e0 ces questions.<\/p>\n","protected":false},"excerpt":{"rendered":"<p>Accueil \/ Autour de l&#8217;Affaire \/ Les Interviews Juillet 2000 Sonia Moreu, est l\u2019ancienne propri\u00e9taire de l\u2019une des libraires de Rennes-Le-Ch\u00e2teau, L\u2019Atelier Empreinte. Elle v\u00e9cut de nombreuses ann\u00e9es \u00e0 Rennes-Le-Ch\u00e2teau. C\u2019est en juillet 2000 qu\u2019elle eut la sympathie d\u2019accepter de r\u00e9pondre \u00e0 quelques questions alors qu\u2019elle poss\u00e9dait encore ce commerce. Elle arriva au village de &hellip; <\/p>\n<p class=\"link-more\"><a href=\"https:\/\/rennes-le-chateau.org\/index.php\/autour-de-laffaire\/les-interviews\/sonia-moreu\/\" class=\"more-link\">Continuer la lecture<span class=\"screen-reader-text\"> de &laquo;&nbsp;Sonia Moreu&nbsp;&raquo;<\/span><\/a><\/p>\n","protected":false},"author":1,"featured_media":0,"parent":180,"menu_order":0,"comment_status":"open","ping_status":"closed","template":"","meta":{"jetpack_post_was_ever_published":false,"footnotes":""},"class_list":["post-214","page","type-page","status-publish","hentry"],"jetpack_sharing_enabled":true,"jetpack_shortlink":"https:\/\/wp.me\/P9SxBn-3s","_links":{"self":[{"href":"https:\/\/rennes-le-chateau.org\/index.php\/wp-json\/wp\/v2\/pages\/214","targetHints":{"allow":["GET"]}}],"collection":[{"href":"https:\/\/rennes-le-chateau.org\/index.php\/wp-json\/wp\/v2\/pages"}],"about":[{"href":"https:\/\/rennes-le-chateau.org\/index.php\/wp-json\/wp\/v2\/types\/page"}],"author":[{"embeddable":true,"href":"https:\/\/rennes-le-chateau.org\/index.php\/wp-json\/wp\/v2\/users\/1"}],"replies":[{"embeddable":true,"href":"https:\/\/rennes-le-chateau.org\/index.php\/wp-json\/wp\/v2\/comments?post=214"}],"version-history":[{"count":7,"href":"https:\/\/rennes-le-chateau.org\/index.php\/wp-json\/wp\/v2\/pages\/214\/revisions"}],"predecessor-version":[{"id":1919,"href":"https:\/\/rennes-le-chateau.org\/index.php\/wp-json\/wp\/v2\/pages\/214\/revisions\/1919"}],"up":[{"embeddable":true,"href":"https:\/\/rennes-le-chateau.org\/index.php\/wp-json\/wp\/v2\/pages\/180"}],"wp:attachment":[{"href":"https:\/\/rennes-le-chateau.org\/index.php\/wp-json\/wp\/v2\/media?parent=214"}],"curies":[{"name":"wp","href":"https:\/\/api.w.org\/{rel}","templated":true}]}}