{"id":213,"date":"2018-05-01T18:31:26","date_gmt":"2018-05-01T16:31:26","guid":{"rendered":"http:\/\/rennes-le-chateau.org\/?page_id=213"},"modified":"2019-10-21T17:20:43","modified_gmt":"2019-10-21T15:20:43","slug":"octonovo","status":"publish","type":"page","link":"https:\/\/rennes-le-chateau.org\/index.php\/autour-de-laffaire\/les-interviews\/octonovo\/","title":{"rendered":"Octonovo"},"content":{"rendered":"<h6><span style=\"color: #808080;\"><a href=\"https:\/\/rennes-le-chateau.org\/\"><span style=\"color: #999999;\">Accueil<\/span><\/a> \/<span style=\"color: #999999;\"><a style=\"color: #999999;\" href=\"https:\/\/rennes-le-chateau.org\/index.php\/autour-de-laffaire\/\"> Autour de l&#8217;Affaire<\/a><\/span><\/span> \/ <span style=\"color: #999999;\"><a style=\"color: #999999;\" href=\"https:\/\/rennes-le-chateau.org\/index.php\/les-interviews\/\">Les Interviews<\/a><\/span><\/h6>\n<p><span style=\"color: #ff6600;\"><strong>Septembre 2003<\/strong><\/span><br \/>\nNous avons un r\u00e9el plaisir \u00e0 vous proposer la lecture de l&#8217;interview que nous avons r\u00e9alis\u00e9e de<span style=\"color: #ff6600;\"> Laurent Octonovo.<\/span> Laurent est ce que l&#8217;on peut appeler un chercheur de pointe. Habitu\u00e9 \u00e0 appliquer un concept analytique \u00e0 ses recherches, Laurent avance de fa\u00e7on pr\u00e9cise.<\/p>\n<p><span style=\"color: #ff6600;\">Nous nous sommes rencontr\u00e9s pour la premi\u00e8re fois, il y a de cela environ six ans par l\u2019interm\u00e9diaire d\u2019une amie commune, Sonia Moreu<\/span>, ancienne libraire de la librairie <span style=\"color: #ff6600;\">L\u2019Atelier Empreinte<\/span> de Rennes-Le-Ch\u00e2teau. Ici, il nous parle de ses r\u00e9centes d\u00e9couvertes et fait un point rapide sur plusieurs \u00e9l\u00e9ments et \u00e9v\u00e9nements li\u00e9s \u00e0 cette affaire de Rennes-Le-Ch\u00e2teau.<\/p>\n<hr \/>\n<p><span style=\"color: #ff6600;\"><strong>Jean-Patrick Pourtal :<\/strong><\/span> Bonjour Laurent, parle-nous un peu de l&#8217;homme que tu es !<\/p>\n<p><span style=\"color: #ff6600;\"><strong>Laurent Octonovo :<\/strong> <\/span>J&#8217;ai 36 ans, j&#8217;ai longtemps travaill\u00e9 dans l&#8217;industrie pharmaceutique avant de reprendre mes \u00e9tudes. A titre plus personnel, je me passionne pour l&#8217;histoire, avec une pr\u00e9dilection pour la p\u00e9riode romaine et le moyen \u00e2ge, et aussi pour le symbolisme et le jeu de Go. Je fais du parapente et de la sp\u00e9l\u00e9o.<\/p>\n<p><span style=\"color: #ff6600;\"><strong>JPP :<\/strong><\/span> Comment es-tu venu \u00e0 te passionner pour l&#8217;histoire de Rennes-Le-Ch\u00e2teau ?<\/p>\n<p><span style=\"color: #ff6600;\"><strong>Laurent Octonovo :<\/strong> <\/span>En 1985, avec un ami, nous avions d\u00e9cid\u00e9 de partir un mois en vacances \u00e0 l&#8217;aventure. Mais nous ne savions pas quelle aventure choisir. Un jour, mon ami est venu me voir avec un simple article de journal qui parlait de l&#8217;affaire de Rennes le ch\u00e2teau : &#8220;Cela te dirais de partir chercher ce tr\u00e9sor&#8221;. Nous y sommes all\u00e9s, nous y sommes revenus et petit \u00e0 petit, la curiosit\u00e9 s&#8217;est mu\u00e9e en passion.<\/p>\n<p><span style=\"color: #ff6600;\"><strong>JPP :<\/strong> <\/span>Avant d&#8217;aborder les points sur tes d\u00e9couvertes r\u00e9centes, que penses-tu des \u00e9v\u00e9nements du moment sur Rennes-Le-Ch\u00e2teau ? J&#8217;entends par l\u00e0, le d\u00e9placement \u00e9ventuel de la d\u00e9pouille de Sauni\u00e8re ?<\/p>\n<p><span style=\"color: #ff6600;\"><strong>Laurent Octonovo :<\/strong> <\/span>Je t&#8217;avoue que je suis tr\u00e8s partag\u00e9. D&#8217;un cot\u00e9, cela me semble franchement surr\u00e9aliste, mais de l&#8217;autre, je me souviens de l&#8217;\u00e9motion caus\u00e9e par la derni\u00e8re profanation de sa tombe. Et ce n&#8217;\u00e9tait pas la premi\u00e8re fois ! Cot\u00e9 pratique, si c&#8217;est sa famille qui le demande, je pense que la messe est dite. C&#8217;est vraiment incroyable qu&#8217;on en arrive l\u00e0 !<\/p>\n<p><span style=\"color: #ff6600;\"><strong>JPP :<\/strong> <\/span>Peux tu nous dire comment tu as trouv\u00e9 les carnets de l&#8217;abb\u00e9 SAUNIERE ?<\/p>\n<p><span style=\"color: #ff6600;\"><strong>Laurent Octonovo :<\/strong> <\/span>Je reste discret pour l&#8217;instant, pour plusieurs raisons, mais en particuliers parce que je travaille dessus. Cependant, je compte les publier sur mon site assez rapidement pour que tout le monde puisse en profiter et se livrer \u00e0 ses propres recherches. Je pense qu&#8217;\u00e0 partir de septembre, je vais mettre la comptabilit\u00e9 de l&#8217;abb\u00e9 en ligne, puis ensuite les carnets de correspondance. A ce moment l\u00e0, je livrerai l&#8217;origine de mes sources<strong>.<\/strong><\/p>\n<p><span style=\"color: #ff6600;\"><strong>JPP :<\/strong> <\/span>Comment se pr\u00e9sentent ils ?<\/p>\n<p><span style=\"color: #ff6600;\"><strong>Laurent Octonovo :<\/strong> <\/span>Ce sont 2 carnets. Celui de la comptabilit\u00e9 couvre la p\u00e9riode de mai 1897 \u00e0 novembre 1915 avec un seul mois manquant. Il se s\u00e9pare en deux colonnes, entr\u00e9es et sorties. Il arr\u00eate de renseigner les sorties d\u00e8s juillet 1910.<br \/>\nCelui de la correspondance couvre la p\u00e9riode allant de 1896 \u00e0 1915 et fait la jonction avec celui publi\u00e9 par Pierre JARNAC de 1915 \u00e0 1917. Au milieu, il y a des listes de livres et de chansons dont je n&#8217;ai toujours pas bien compris ce qu&#8217;elles faisaient l\u00e0, ainsi que des listes d&#8217;adresses de correspondants.<\/p>\n<p><strong><span style=\"color: #ff6600;\">JPP :<\/span> <\/strong>Tu n&#8217;as aucun doute sur l&#8217;authenticit\u00e9 de ces documents ?<\/p>\n<p><span style=\"color: #ff6600;\"><strong>Laurent Octonovo :<\/strong> <\/span>Aucun ! Il y a plusieurs centaines de pages de la main de l&#8217;abb\u00e9, soit plusieurs milliers de lettres et plusieurs milliers de lignes de comptabilit\u00e9. D&#8217;autre part, les documents correspondent compl\u00e8tement \u00e0 ce dont on pouvait se souvenir. Leur existence est attest\u00e9e, simplement ils avaient disparu depuis plusieurs d\u00e9cennies. Leur r\u00e9apparition est la bienvenue.<\/p>\n<p><span style=\"color: #ff6600;\"><strong>JPP :<\/strong> <\/span>Tu en es o\u00f9 dans tes \u00e9tudes ?<\/p>\n<p><span style=\"color: #ff6600;\"><strong>Laurent Octonovo :<\/strong> <\/span>J&#8217;ai fini d&#8217;\u00e9tudier la comptabilit\u00e9. Concernant les carnets de correspondance, j&#8217;en suis actuellement \u00e0 1905, mais devant la masse d&#8217;informations, il me faut pr\u00e9voir un important travail de synth\u00e8se avant de pouvoir en parler.<\/p>\n<p><span style=\"color: #ff6600;\"><strong>JPP :<\/strong> <\/span>Et que nous apprennent ces carnets ? Est ce que cela va r\u00e9volutionner l&#8217;affaire ?<\/p>\n<p><span style=\"color: #ff6600;\"><strong>Laurent Octonovo <\/strong>:<\/span> Ces carnets ont beaucoup \u00e0 nous apprendre, m\u00eame si au point o\u00f9 j&#8217;en suis dans leur \u00e9tude, ils ne repr\u00e9sentent pas &#8221; la solution &#8221; au myst\u00e8re. Ils nous apprennent \u00e9norm\u00e9ment de choses sur la vraie vie de B\u00e9renger SAUNIERE, ses aspirations, ses r\u00e9alisations, son environnement. Ils permettront aussi de conforter ou d&#8217;infirmer de nombreuses hypoth\u00e8ses qui ont cours aujourd&#8217;hui.<\/p>\n<p><span style=\"color: #ff6600;\"><strong>JPP <\/strong>:<\/span> Le carnet de comptabilit\u00e9 renseigne-t-il sur l&#8217;origine de sa fortune ?<\/p>\n<p><span style=\"color: #ff6600;\"><strong>Laurent Octonovo :<\/strong><\/span> Sans l&#8217;expliquer compl\u00e8tement, il montre effectivement comment et d&#8217;o\u00f9 vient l&#8217;argent. Mais ce sera le th\u00e8me de ma conf\u00e9rence de cet \u00e9t\u00e9.<\/p>\n<p><span style=\"color: #ff6600;\"><strong>JPP : <\/strong><\/span>Peux tu n\u00e9anmoins nous dire \u00e0 combien se monte la fortune de l&#8217;abb\u00e9 SAUNIERE ?<\/p>\n<p><span style=\"color: #ff6600;\"><strong>Laurent Octonovo :<\/strong><\/span> Pour la p\u00e9riode couverte par le carnet, il encaisse 185.657,11 francs. Pour avoir une id\u00e9e approximative du pouvoir d&#8217;achat que cela repr\u00e9senterait actuellement en Euros, on peut multiplier par 12 ou 15, c&#8217;est une bonne fourchette.<\/p>\n<p><span style=\"color: #ff6600;\"><strong>JPP :<\/strong> <\/span>Penses-tu \u00e9crire un ouvrage sur le sujet ?<\/p>\n<p><span style=\"color: #ff6600;\"><strong>Laurent Octonovo :<\/strong>\u00a0<\/span> Je pense que je tiens l\u00e0 un mat\u00e9riel formidable pour faire un livre qui fasse avancer la compr\u00e9hension de l&#8217;histoire. Et je vais le faire!<\/p>\n<p><strong><span style=\"color: #ff6600;\">JPP :<\/span> <\/strong>Parmi les \u00e9l\u00e9ments factuels que nous connaissons, comme entre autres les carnets que tu pr\u00e9senteras prochainement lors de ta conf\u00e9rence, que penses-tu de la fameuse maquette ?<\/p>\n<p><span style=\"color: #ff6600;\"><strong>Laurent Octonovo :<\/strong><\/span> Personnellement, je n&#8217;ai jamais vu d&#8217;\u00e9l\u00e9ment qui prouve l&#8217;authenticit\u00e9 de la maquette et des th\u00e8ses qui en d\u00e9coulent. Il faut dire que je ne m&#8217;y suis plus trop int\u00e9ress\u00e9 depuis ce jour d&#8217;ao\u00fbt 1995 o\u00f9 Andr\u00e9 DOUZET avait promis de produire des preuves devant les personnes qui mettaient en doute sa bonne foi. Il ne l&#8217;avait finalement pas fait. Au point o\u00f9 j&#8217;en suis dans l&#8217;\u00e9tude des carnets je n&#8217;ai rien vu qui infirme ou confirme la maquette. Ni dans la comptabilit\u00e9, ni sur le carnet de correspondance jusqu&#8217;en 1906. Si un \u00e9l\u00e9ment apparaissait, je le ferai savoir. Mais si au final je n&#8217;en trouve aucune trace, j&#8217;en conclurai personnellement que la maquette n&#8217;a rien \u00e0 voir avec Rennes le ch\u00e2teau.<\/p>\n<p><span style=\"color: #ff6600;\"><strong>JPP :<\/strong> <\/span>Merci \u00e0 toi d&#8217;avoir r\u00e9pondu \u00e0 nos questions et de nous avoir \u00e9clair\u00e9s. Nous attendons avec impatience ta conf\u00e9rence de cet \u00e9t\u00e9 et la publication de ton livre.<\/p>\n","protected":false},"excerpt":{"rendered":"<p>Accueil \/ Autour de l&#8217;Affaire \/ Les Interviews Septembre 2003 Nous avons un r\u00e9el plaisir \u00e0 vous proposer la lecture de l&#8217;interview que nous avons r\u00e9alis\u00e9e de Laurent Octonovo. Laurent est ce que l&#8217;on peut appeler un chercheur de pointe. Habitu\u00e9 \u00e0 appliquer un concept analytique \u00e0 ses recherches, Laurent avance de fa\u00e7on pr\u00e9cise. Nous &hellip; <\/p>\n<p class=\"link-more\"><a href=\"https:\/\/rennes-le-chateau.org\/index.php\/autour-de-laffaire\/les-interviews\/octonovo\/\" class=\"more-link\">Continuer la lecture<span class=\"screen-reader-text\"> de &laquo;&nbsp;Octonovo&nbsp;&raquo;<\/span><\/a><\/p>\n","protected":false},"author":1,"featured_media":0,"parent":180,"menu_order":0,"comment_status":"open","ping_status":"closed","template":"","meta":{"jetpack_post_was_ever_published":false,"footnotes":""},"class_list":["post-213","page","type-page","status-publish","hentry"],"jetpack_sharing_enabled":true,"jetpack_shortlink":"https:\/\/wp.me\/P9SxBn-3r","_links":{"self":[{"href":"https:\/\/rennes-le-chateau.org\/index.php\/wp-json\/wp\/v2\/pages\/213","targetHints":{"allow":["GET"]}}],"collection":[{"href":"https:\/\/rennes-le-chateau.org\/index.php\/wp-json\/wp\/v2\/pages"}],"about":[{"href":"https:\/\/rennes-le-chateau.org\/index.php\/wp-json\/wp\/v2\/types\/page"}],"author":[{"embeddable":true,"href":"https:\/\/rennes-le-chateau.org\/index.php\/wp-json\/wp\/v2\/users\/1"}],"replies":[{"embeddable":true,"href":"https:\/\/rennes-le-chateau.org\/index.php\/wp-json\/wp\/v2\/comments?post=213"}],"version-history":[{"count":7,"href":"https:\/\/rennes-le-chateau.org\/index.php\/wp-json\/wp\/v2\/pages\/213\/revisions"}],"predecessor-version":[{"id":1918,"href":"https:\/\/rennes-le-chateau.org\/index.php\/wp-json\/wp\/v2\/pages\/213\/revisions\/1918"}],"up":[{"embeddable":true,"href":"https:\/\/rennes-le-chateau.org\/index.php\/wp-json\/wp\/v2\/pages\/180"}],"wp:attachment":[{"href":"https:\/\/rennes-le-chateau.org\/index.php\/wp-json\/wp\/v2\/media?parent=213"}],"curies":[{"name":"wp","href":"https:\/\/api.w.org\/{rel}","templated":true}]}}