{"id":210,"date":"2018-05-01T18:31:26","date_gmt":"2018-05-01T16:31:26","guid":{"rendered":"http:\/\/rennes-le-chateau.org\/?page_id=210"},"modified":"2019-08-10T11:10:16","modified_gmt":"2019-08-10T09:10:16","slug":"jf-lhuillier-ancien-maire-de-rlc","status":"publish","type":"page","link":"https:\/\/rennes-le-chateau.org\/index.php\/autour-de-laffaire\/les-interviews\/jf-lhuillier-ancien-maire-de-rlc\/","title":{"rendered":"JF Lhuillier, ancien Maire de Rennes-Le-Ch\u00e2teau"},"content":{"rendered":"<h6><span style=\"color: #808080;\"><a href=\"https:\/\/rennes-le-chateau.org\/\"><span style=\"color: #999999;\">Accueil<\/span><\/a> \/<span style=\"color: #999999;\"><a style=\"color: #999999;\" href=\"https:\/\/rennes-le-chateau.org\/index.php\/autour-de-laffaire\/\"> Autour de l&#8217;Affaire<\/a><\/span><\/span> \/ <span style=\"color: #999999;\"><a style=\"color: #999999;\" href=\"https:\/\/rennes-le-chateau.org\/index.php\/les-interviews\/\">Les Interviews<\/a><\/span><\/h6>\n<p><span style=\"color: #ff6600;\"><strong>Mai 2000<\/strong><\/span><br \/>\nCourant mai 2000 nous avons r\u00e9alis\u00e9 un d\u00e9placement \u00e0 Rennes-Le-Ch\u00e2teau. C\u2019est \u00e0 cette occasion que nous avons pu rencontrer <span style=\"color: #ff6600;\">Jean-Fran\u00e7ois Lhuilier, le Maire d\u2019alors de Rennes-Le-Ch\u00e2teau<\/span>. Il a accepta de se pr\u00eater \u00e0 une interview, qui nous permit de mieux le conna\u00eetre. Personnage \u00e9tonnant au parcours \u00e9tonnant qui ne pouvait que vouloir passer sa retraite dans un endroit \u00e9tonnant ! <span style=\"color: #ff6600;\">Cette interview eut lieu le samedi 6 mai sur le banc du \u00ab point de vue \u00bb du village<\/span>.<\/p>\n<p><strong><span style=\"color: #ff6600;\">juin 2001<\/span><\/strong><br \/>\nLa seconde Interview du Maire du moment, Jean-Fran\u00e7ois Lhuillier, eut lieu, elle, par t\u00e9l\u00e9phone au mois de juin 2001. <span style=\"color: #ff6600;\">Les \u00e9v\u00e9nements du moment<\/span> nous incit\u00e8rent \u00e0 r\u00e9aliser cette nouvelle interview, en effet, d<span style=\"color: #ff6600;\">e nombreux articles annon\u00e7aient des fouilles allant r\u00e9v\u00e9ler le secret de Rennes-Le-Ch\u00e2teau<\/span>. Parmi les chercheurs, les articles mentionnaient le<span style=\"color: #ff6600;\"> Professeur Heselman, ainsi que le Vatican. Nous avons voulu en savoir plus \u2026<\/span><\/p>\n<p><span style=\"color: #ff6600;\"><strong><a style=\"color: #ff6600;\" href=\"http:\/\/rennes-le-chateau.org\/wp-content\/uploads\/2018\/05\/jf-lhuillieri.pdf\" target=\"_blank\" rel=\"noopener noreferrer\">Interview de JF Lhuillier, ancien maire de RLC<\/a><\/strong><\/span>\u00a0&#8211; Document PDF<\/p>\n","protected":false},"excerpt":{"rendered":"<p>Accueil \/ Autour de l&#8217;Affaire \/ Les Interviews Mai 2000 Courant mai 2000 nous avons r\u00e9alis\u00e9 un d\u00e9placement \u00e0 Rennes-Le-Ch\u00e2teau. C\u2019est \u00e0 cette occasion que nous avons pu rencontrer Jean-Fran\u00e7ois Lhuilier, le Maire d\u2019alors de Rennes-Le-Ch\u00e2teau. Il a accepta de se pr\u00eater \u00e0 une interview, qui nous permit de mieux le conna\u00eetre. Personnage \u00e9tonnant au &hellip; <\/p>\n<p class=\"link-more\"><a href=\"https:\/\/rennes-le-chateau.org\/index.php\/autour-de-laffaire\/les-interviews\/jf-lhuillier-ancien-maire-de-rlc\/\" class=\"more-link\">Continuer la lecture<span class=\"screen-reader-text\"> de &laquo;&nbsp;JF Lhuillier, ancien Maire de Rennes-Le-Ch\u00e2teau&nbsp;&raquo;<\/span><\/a><\/p>\n","protected":false},"author":1,"featured_media":0,"parent":180,"menu_order":0,"comment_status":"closed","ping_status":"closed","template":"","meta":{"jetpack_post_was_ever_published":false,"footnotes":""},"class_list":["post-210","page","type-page","status-publish","hentry"],"jetpack_sharing_enabled":true,"jetpack_shortlink":"https:\/\/wp.me\/P9SxBn-3o","_links":{"self":[{"href":"https:\/\/rennes-le-chateau.org\/index.php\/wp-json\/wp\/v2\/pages\/210","targetHints":{"allow":["GET"]}}],"collection":[{"href":"https:\/\/rennes-le-chateau.org\/index.php\/wp-json\/wp\/v2\/pages"}],"about":[{"href":"https:\/\/rennes-le-chateau.org\/index.php\/wp-json\/wp\/v2\/types\/page"}],"author":[{"embeddable":true,"href":"https:\/\/rennes-le-chateau.org\/index.php\/wp-json\/wp\/v2\/users\/1"}],"replies":[{"embeddable":true,"href":"https:\/\/rennes-le-chateau.org\/index.php\/wp-json\/wp\/v2\/comments?post=210"}],"version-history":[{"count":6,"href":"https:\/\/rennes-le-chateau.org\/index.php\/wp-json\/wp\/v2\/pages\/210\/revisions"}],"predecessor-version":[{"id":1452,"href":"https:\/\/rennes-le-chateau.org\/index.php\/wp-json\/wp\/v2\/pages\/210\/revisions\/1452"}],"up":[{"embeddable":true,"href":"https:\/\/rennes-le-chateau.org\/index.php\/wp-json\/wp\/v2\/pages\/180"}],"wp:attachment":[{"href":"https:\/\/rennes-le-chateau.org\/index.php\/wp-json\/wp\/v2\/media?parent=210"}],"curies":[{"name":"wp","href":"https:\/\/api.w.org\/{rel}","templated":true}]}}