{"id":205,"date":"2018-05-01T18:31:26","date_gmt":"2018-05-01T16:31:26","guid":{"rendered":"http:\/\/rennes-le-chateau.org\/?page_id=205"},"modified":"2019-10-21T16:31:32","modified_gmt":"2019-10-21T14:31:32","slug":"alain-chatillon","status":"publish","type":"page","link":"https:\/\/rennes-le-chateau.org\/index.php\/autour-de-laffaire\/les-interviews\/alain-chatillon\/","title":{"rendered":"Alain Chatillon"},"content":{"rendered":"<h6><span style=\"color: #808080;\"><a href=\"https:\/\/rennes-le-chateau.org\/\"><span style=\"color: #999999;\">Accueil<\/span><\/a> \/<span style=\"color: #999999;\"><a style=\"color: #999999;\" href=\"https:\/\/rennes-le-chateau.org\/index.php\/autour-de-laffaire\/\"> Autour de l&#8217;Affaire<\/a><\/span><\/span> \/ <span style=\"color: #999999;\"><a style=\"color: #999999;\" href=\"https:\/\/rennes-le-chateau.org\/index.php\/les-interviews\/\">Les Interviews<\/a><\/span><\/h6>\n<p><strong><span style=\"color: #ff6600;\">Juin 2000<\/span><\/strong><br \/>\nAlain Ch\u00e2tillon est un habitu\u00e9 de <span style=\"color: #ff6600;\">Rennes-Le-Ch\u00e2teau<\/span>. Longtemps chercheur de &#8220;terrain&#8221;, Alain Ch\u00e2tillon nous rapporte ici quelques souvenirs qui ne manquent pas d&#8217;int\u00e9r\u00eats. Je le remercie chaleureusement de sa participation \u00e0 cette interview, qui permettra \u00e0 bon nombre d&#8217;entre nous de se plonger dans une \u00e9poque que nous n&#8217;avons pas forc\u00e9ment connu<\/p>\n<hr \/>\n<p><span style=\"color: #ff6600;\"><strong>Jean-Patrick Pourtal<\/strong><strong>\u00a0:<\/strong> <\/span>Monsieur Ch\u00e2tillon bonjour,<\/p>\n<p>Outre le fait que vous avez lanc\u00e9 un forum<a href=\"#_ftn1\" name=\"_ftnref1\">[1]<\/a> sur le site concernant le manuscrit de Boudet, vous \u00eates un chercheur de la premi\u00e8re heure de l\u2019affaire de Rennes-Le-Ch\u00e2teau. Pouvez-vous nous dire comment vous avez d\u00e9couvert cette histoire\u00a0?<\/p>\n<p><span style=\"color: #ff6600;\"><strong>Alain Chatillon\u00a0:<\/strong> <\/span>\u00a0En Ao\u00fbt 1967, en compagnie de quelques membres du fameux \u00ab\u00a0Club des chercheurs de tr\u00e9sors\u00a0\u00bb dont le Pr\u00e9sident \u00e9tait Robert Charroux, nous nous efforcions de localiser un important d\u00e9p\u00f4t sur la plage de Saint Cyprien\u2026 Un petit homme se pr\u00e9sente \u00e0 moi, sans me conna\u00eetre, et me dit \u00ab\u00a0Je sais o\u00f9 se trouve un fabuleux tr\u00e9sor dans les montagnes pas tr\u00e8s loin d\u2019ici \u2026\u00a0\u00bb Intrigu\u00e9, le lendemain m\u00eame je faisais connaissance de Rennes le Ch\u00e2teau dont je n\u2019avais jamais entendu parler avant. Le petit homme de Mulhouse qui fumait comme un pompier s\u2019appelait Mr Soudieu, Charles Soudieu \u2026 un nom qui m\u2019a toujours sembl\u00e9 \u00e9trange, comme si l\u2019on m\u2019avait envoy\u00e9 un messager pour me transmettre un secret. C\u2019est ainsi que je fus litt\u00e9ralement happ\u00e9 par ce haut lieu o\u00f9 j\u2019ai v\u00e9cu pendant plus de 25 ann\u00e9es une fantastique aventure qui n\u2019est toujours pas achev\u00e9e, car comme vous le verrez en final je compte bien y retourner\u2026. Le plus tard possible.<\/p>\n<p><span style=\"color: #ff6600;\"><strong>JPP\u00a0:<\/strong><\/span> L\u2019\u00e9poque \u00e0 laquelle vous avez commenc\u00e9 vos recherches correspond \u00e0 la grande vague des chercheurs de Rennes-Le-Ch\u00e2teau, quelle \u00e9tait l\u2019ambiance du village \u00e0 cette \u00e9poque\u00a0?<\/p>\n<p><span style=\"color: #ff6600;\"><strong>Alain Chatillon\u00a0:<\/strong><\/span> L\u2019ambiance \u00e9tait fantastique, surtout pendant les mois d\u2019\u00e9t\u00e9 o\u00f9 les chercheurs se rencontraient en plus grand nombre. C\u00f4t\u00e9 villageois, c\u2019\u00e9tait tr\u00e8s diff\u00e9rent bien s\u00fbr. Certaines animosit\u00e9s se faisaient sentir, surtout chez les jeunes du village qui, frustr\u00e9s, tentaient de se faire respecter par les nouveaux qu\u2019ils consid\u00e9raient comme des \u00e9trangers venus tout casser. Le Maire, Monsieur Henry Lemb\u00e8ge, un sympathique personnage, \u00e9tait entre deux chaises ; il n\u2019habitait pas le village et d\u2019autre part nous vendait la dynamite n\u00e9cessaire aux nombreux percements \u2026 alors quelques fois, lui aussi \u00e9tait pris \u00e0 parti par les \u00ab r\u00e9fractaires \u00bb du village.<\/p>\n<p><span style=\"color: #ff6600;\"><strong>JPP\u00a0:<\/strong> <\/span>Je suppose que vous ne deviez pas \u00eatre le seul chercheur sur les lieux. Comment \u00e9taient les rapports entre chercheurs\u00a0?<\/p>\n<p><span style=\"color: #ff6600;\"><strong>Alain Chatillon\u00a0:<\/strong><\/span> Les \u00e9quipes se c\u00f4toyaient sans aucun probl\u00e8me. Il y avait l\u2019\u00e9quipe \u00ab\u00a0Doumergue\u00a0\u00bb qui avait \u00e9tabli son quartier g\u00e9n\u00e9ral dans une maison lui appartenant (angle de la Grande Rue avec la Rue de l\u2019Eglise). Un endroit strat\u00e9gique de premi\u00e8re importance coll\u00e9 au jardin de rocailles. Cette \u00e9quipe, durant les ann\u00e9es 66 \u00e0 71, fut la plus active dans ses recherches et les percements de souterrains. Il y avait l\u2019\u00e9quipe Buthion, l\u2019\u00e9quipe des Toulousains, l\u2019\u00e9quipe Lecousse et \u00e0 partir de 69 l\u2019\u00e9quipe \u00ab\u00a0AC\u00a0\u00bb tel que me d\u00e9signe Mr Descadeillas dans son ouvrage \u00ab\u00a0La mythologie du tr\u00e9sor de Rennes le Ch\u00e2teau\u00a0\u00bb. De plus, bien des isol\u00e9s menaient leurs propres recherches sans attirer autrement l\u2019attention mais je dois dire que les \u00ab\u00a0Grandes \u00c9quipes ou Compagnies\u00a0\u00bb \u00e9taient plut\u00f4t tapageuses et bruyantes car la dynamite et les marteaux piqueurs \u2026 pour ce qui est de la discr\u00e9tion, \u00c7a n\u2019est pas tr\u00e8s ad\u00e9quat.<\/p>\n<p><span style=\"color: #ff6600;\"><strong>JPP\u00a0:<\/strong><\/span> Aviez-vous entre vous un esprit coll\u00e9gial ou \u00e9tait ce chacun pour soi\u00a0?<\/p>\n<p><span style=\"color: #ff6600;\"><strong>Alain Chatillon\u00a0:<\/strong> <\/span>Les \u00e9quipes collaboraient entre elles. Par exemple mon groupe constitu\u00e9 d\u2019une dizaine de personnes pendant les mois de juillet et ao\u00fbt s\u2019est joint \u00e0 l\u2019\u00e9quipe Doumergue durant les ann\u00e9es 69 \u00e0 71 pour finir le souterrain qui partait de ses murs, passait sous le jardin de rocaille, sous la sacristie, pour aboutir au dessous de l\u2019\u00e9glise \u00e0 1 m\u00e8tre environ du ma\u00eetre h\u00f4tel (il y avait aussi un autre conduit secondaire qui partait sous le Christ en croix du jardin). C\u2019\u00e9tait un travail harassant, \u00e0 quatre pattes dans un conduit \u00e9triqu\u00e9 avec le bruit du marteau piqueur, la poussi\u00e8re des tirs\u2026 et les alertes perp\u00e9tuelles. On tirait les gravas avec l\u2019aide d\u2019une petite caisse en bois et d\u2019un syst\u00e8me de va et vient \u00e0 corde \u2026 c\u2019\u00e9tait folklorique ! On \u00e0 r\u00e9ussi \u00e0 extraire plus de 60 m3 de pierre avec ce syst\u00e8me qu\u2019on stockait dans l\u2019arri\u00e8re cour de la maison \u2026 un \u00e9norme tas de pierre. La foi nous animait et nous aurions pu faire un trou jusqu\u2019\u00e0 Couiza si le temps ne nous avait pas manqu\u00e9 \u2026car fin Ao\u00fbt tout le monde repartait \u00e0 ses occupations professionnelles.<\/p>\n<p><span style=\"color: #ff6600;\"><strong>JPP\u00a0:<\/strong><\/span> Comment les habitants du village vous percevaient il\u00a0? A votre avis, \u00e9tiez-vous pour eux, de doux r\u00eaveurs ou de dangereux fous dangereux\u00a0?<\/p>\n<p><span style=\"color: #ff6600;\"><strong>Alain Chatillon\u00a0:<\/strong><\/span> Comme je l\u2019ai d\u00e9j\u00e0 soulign\u00e9 plus haut, une certaine animosit\u00e9 parfois belliqueuse animait quelques jeunes natifs du village, ils se consid\u00e9raient un peu comme les gardiens du lieu, un lieu sacr\u00e9 \u00e0 leurs yeux que l\u2019on violait sans leur demander leur avis. Dans les propri\u00e9t\u00e9s priv\u00e9es ils ne pouvaient pas intervenir mais ils surveillaient \u00e9troitement l\u2019\u00e9glise, le jardin de rocailles, le cimeti\u00e8re et les cavit\u00e9s sous roche\u00a0; lieux assid\u00fbment fr\u00e9quent\u00e9s par les chercheurs. Il n\u2019\u00e9tait pas rare de voir le matin venu, l\u2019un de nos conduits souterrains d\u00e9fonc\u00e9. Ils appelaient la Gendarmerie mais nos \u00ab\u00a0\u00e9quipes de secours\u00a0\u00bb avaient t\u00f4t fait de reboucher avant l\u2019arriv\u00e9e de la mar\u00e9chauss\u00e9e \u2026 C\u2019\u00e9tait une petite guerre d\u2019escarmouches qui a laiss\u00e9 aux uns et aux autres d\u2019excellents souvenirs \u2026 et avec le temps nous sommes tous devenus de tr\u00e8s bons amis. Ami Delmas te souviens-tu\u00a0?<\/p>\n<p><span style=\"color: #ff6600;\"><strong>JPP\u00a0:<\/strong> <\/span>Lorsque l\u2019on fait partie d\u2019un groupe, quelque qu\u2019il soit, on a tendance \u00e0 se regrouper dans un lieu, \u00e0 Rennes-Le-Ch\u00e2teau les chercheurs que vous \u00e9tiez avaient ils un port d\u2019attache\u00a0?<\/p>\n<p><span style=\"color: #ff6600;\"><strong>Claire et Alain Chatillon\u00a0:<\/strong><\/span> La maison de mon voisin Doumergue recevait couramment 10 \u00e0 15 personnes et la mienne voisine autant. Les r\u00e9unions \u00e9taient donc anim\u00e9es chez les uns ou les autres mais d\u00e8s 69 nous avons commenc\u00e9 \u00e0 nous r\u00e9unir \u00e0 \u00ab\u00a0l\u2019H\u00f4tel de la Tour\u00a0\u00bb tenu par le tout nouveau propri\u00e9taire Mr Henry Buthion. Ce lieu devint le point de rencontre incontournable des chercheurs, curieux et aventuriers de tout bord. Durant les mois de Juillet et Ao\u00fbt nous y allions d\u00e9jeuner ou d\u00eener tous les jours. Pour un motif ou un autre, les f\u00eates \u00e9taient constantes et les bouchons de blanquette sautaient all\u00e8grement dans les frondaisons des arbres du parc. Si le temps se faisait maussade nous descendions dans la salle du bas ou prenions le temps de commenter la derni\u00e8re d\u00e9couverte r\u00e9unis autour de la chemin\u00e9. Notre ami Henry Buthion \u00e9tait bien s\u00fbr de toutes les parties et nous appr\u00e9cions ses prestations et sa gentillesse. Un personnage hors du commun. Je ne manquais jamais au fil des ann\u00e9es, de lui souhaiter dignement son anniversaire par de grandioses f\u00eates dans le parc (au dessus des trous) dont beaucoup d\u2019adeptes se souviendront encore\u2026 C\u2019\u00e9tait une autre \u00e9poque.<\/p>\n<p><span style=\"color: #ff6600;\"><strong>JPP\u00a0:<\/strong><\/span> Vous avez connu les retomb\u00e9s des livres de G\u00e9rard de S\u00e8de, l\u2019avez-vous rencontr\u00e9 et, si oui, que vous est-il rest\u00e9 de cette rencontre\u00a0?<\/p>\n<p><span style=\"color: #ff6600;\"><strong>Alain Chatillon :<\/strong><strong>\u00a0<\/strong>\u00a0<\/span> D\u00e8s la parution du livre de G\u00e9rard de S\u00e8de, les visiteurs se sont press\u00e9s en masse \u00e0 Rennes. L\u2019\u00a0\u00ab\u00a0H\u00f4tel de la Tour\u00a0\u00bb affichait \u00ab\u00a0Complet\u00a0\u00bb et il devenait difficile de trouver une place pour parquer sa voiture. J\u2019ai bri\u00e8vement rencontr\u00e9 G. de S\u00e8de dans un caf\u00e9 de la place de la Bourse \u00e0 Paris en 69. Il ne m\u2019a pas paru appr\u00e9cier quelques questions que je lui destinais car c\u2019est lui qui d\u2019ordinaire les posait \u2026 et quand je lui ai parl\u00e9 du livre de Boudet en lui indiquant que je d\u00e9tenais un original \u2026 ce fut le co\u00fbt de gr\u00e2ce. Pr\u00e9textant son horaire il se leva brusquement sans autre forme de courtoisie pour rejoindre ses bureaux situ\u00e9s \u00e0 quelques pas de l\u00e0. Je l\u2019ai crois\u00e9 quelques autres fois \u00e0 Rennes mais sans lui rappeler notre premi\u00e8re rencontre qu\u2019il n\u2019avait certainement pas appr\u00e9ci\u00e9e.<\/p>\n<p><span style=\"color: #ff6600;\"><strong>JPP\u00a0:<\/strong> <\/span>Pour rester parmi les auteurs, avez-vous \u00e9galement rencontr\u00e9 Henry Lincoln et que pensez-vous de ses ouvrages\u00a0?<\/p>\n<p><span style=\"color: #ff6600;\"><strong>Alain Chatillon\u00a0:<\/strong> \u00a0<\/span>Je connais bien Henry Lincoln et nous nous sommes vus \u00e0 plusieurs reprises au cours de ses voyages \u00e0 Rennes o\u00f9 il venait toujours d\u00e9jeuner \u00e0 la maison. Ses ouvrages ont \u00e9t\u00e9 \u00e9crits dans un esprit purement anglo-saxon et n\u2019auraient jamais rencontr\u00e9 en France le succ\u00e8s qu\u2019ils ont trouv\u00e9 en Angleterre et aux USA. Quant aux th\u00e8mes d\u00e9velopp\u00e9s par l\u2019auteur .. je m\u2019abstiendrais de faire un commentaire s\u2019agissant d\u2019un ami.<\/p>\n<p><span style=\"color: #ff6600;\"><strong>JPP\u00a0:<\/strong><\/span> En temps que chercheur de terrain, il ne fait aucun doute que vous optez pour un tr\u00e9sor de valeur n\u00e9gociable \u00e0 Rennes-Le-Ch\u00e2teau. Pour vous qu\u2019elle est ou sont les origines de ce tr\u00e9sor\u00a0?<\/p>\n<p><span style=\"color: #ff6600;\"><strong>Alain Chatillon\u00a0:<\/strong> <\/span>Avant de creuser un trou creusez vous la t\u00eate\u00a0; ce n\u2019est pas g\u00e9nial mais c\u2019est beaucoup plus s\u00fbr. J\u2019ai donc repris l\u2019histoire dans un tout autre sens &#8230; le bon sens. Si un tr\u00e9sor existait en ce lieu, un si grand tr\u00e9sor que beaucoup s\u2019en \u00e9taient servis au cours des temps et qu\u2019il y en avait encore \u00e0 la mort du dernier d\u00e9couvreur, l\u2019abb\u00e9 B\u00e9renger Sauni\u00e8re \u00a0d\u00e9c\u00e9d\u00e9 en 1917, cela voulait dire que le magot devait \u00eatre de taille et bien cach\u00e9 &#8230;.alors j\u2019ai cherch\u00e9 quelle \u00e9tait la provenance de cet \u00e9norme d\u00e9p\u00f4t qui n\u2019avait pas du passer inaper\u00e7u tant il devait \u00eatre impressionnant &#8230; et voil\u00e0 ce que j\u2019ai trouv\u00e9.<\/p>\n<p>A Toulouse en 105 avant J\u00e9sus Christ &#8230; Un Proconsul Romain du nom de C\u00e6pion a retir\u00e9 du lac votif d\u00e9di\u00e9 \u00e0 ce lieu plus de 80 tonnes d&#8217;or et d&#8217;argent refondues imm\u00e9diatement pour beaucoup en lingots, lesquels ont disparu durant leur transport vers le port de Narbonne o\u00f9 l&#8217;on devait les acheminer \u00e0 Rome charg\u00e9s sur les gal\u00e8res de l\u2019Empire &#8211; Historiquement reconnu par Justin, Ciceron, Strabon, Aur\u00e9lius Victor et bien d\u2019autres auteurs antiques. Le nom de Gallia Aurifera donn\u00e9 par C\u00e9sar dans ses commentaires au sujet de cette r\u00e9gion ne serait d\u2019ailleurs pas \u00e9tranger \u00e0 cet \u00e9norme d\u00e9p\u00f4t connu de tous sous l\u2019antiquit\u00e9 et dont je vous conterai prochainement l\u2019origine dans un autre r\u00e9cit. Mais revenons aux \u00ab bandits de grand chemin \u00bb. Les d\u00e9trousseurs n\u2019\u00e9taient autres en fait que les propri\u00e9taires, je veux dire par l\u00e0 que les Tectossages de Tolosa s\u2019\u00e9taient divis\u00e9s en deux clans, les proromains qui avaient fait pacte avec l\u2019envahisseur (on aurait pu dire des collabos) et les anti (les maquisards en quelque sorte). Avec l\u2019accord des premiers l\u2019avide Proconsul, contre belles promesses, s\u2019\u00e9tait empar\u00e9 du butin, que les seconds (les maquisards Tectosages dissidents) lui ont repris sur le chemin de Narbonne. Toute la partie Nord de l\u2019axe Toulouse Narbonne ainsi que les plaines de la c\u00f4te \u00e9taient enti\u00e8rement aux mains des Romains qui y maintenaient de nombreuses garnisons, fermes et villas (domaines). Attaquer le convoi qui charriait une pareille quantit\u00e9 de m\u00e9tal ne devait pas \u00eatre chose facile. Il devait \u00eatre tr\u00e8s prot\u00e9g\u00e9. La seule voie possible pour amener une troupe suffisante sans \u00eatre vu (ce qui conditionnait le succ\u00e8s de l\u2019embuscade), s\u2019emparer du butin et s\u2019en retourner rapidement, prot\u00e9g\u00e9 par les d\u00e9fil\u00e9s montagneux facile \u00e0 contr\u00f4ler par un petit nombre ; c\u2019\u00e9tait la vall\u00e9e de l\u2019Aude. Certains auteurs ont indiqu\u00e9 que le tr\u00e9sor aurait \u00e9t\u00e9 repris par les Cimbres lors de la fameuse bataille d\u2019Orange o\u00f9 les Romains ont essuy\u00e9 une cuisante d\u00e9faite ! Pourquoi aller se perdre \u00e0 Orange alors que Narbonne \u00e9tait si proche d\u2019autant que les Romains sachant qu\u2019ils devaient livrer bataille n\u2019avaient certainement qu\u2019une seule id\u00e9e ; se d\u00e9barrasser au plus vite de cet encombrant transport qui les rendait vuln\u00e9rables. Que C\u00e6pion ait perdu sa propre part du butin (qui devait l\u2019accompagner c\u2019est logique) lors de cette d\u00e9faite, c\u2019est encore plausible mais le gros du magot n\u2019est jamais arriv\u00e9 ni \u00e0 Narbonne ni \u00e0 Orange ni bien s\u00fbr \u00e0 Rome&#8230; Il s\u2019est volatilis\u00e9 en route.<\/p>\n<p><span style=\"color: #ff6600;\"><strong>JPP\u00a0:<\/strong> <\/span>B\u00e9renger Sauni\u00e8re est le personnage central de cette extraordinaire affaire, comment le d\u00e9peindriez-vous\u00a0?<\/p>\n<p><span style=\"color: #ff6600;\"><strong>Alain Chatillon\u00a0:<\/strong><\/span> B\u00e9renger Sauni\u00e8re n\u2019a rien pour moi du personnage central de cette affaire. C\u2019est un aventurier qui \u00e0 su profiter d\u2019un contexte. Ainsi se fait l\u2019histoire. Le principal acteur est encore inconnu mais beaucoup ont d\u00e9sir\u00e9 se faire valoir comme tel. Il manque bien des pages de l\u2019histoire de Rennes le Ch\u00e2teau pour que nous puissions nous prononcer aujourd\u2019hui.<\/p>\n<p><span style=\"color: #ff6600;\"><strong>JPP\u00a0:<\/strong><\/span> Votre volont\u00e9 d\u2019avoir lanc\u00e9 le Forum n\u00b008, \u00ab\u00a0Le manuscrit de l\u2019Abb\u00e9 Boudet\u00a0\u00bb, nous montre l\u2019int\u00e9r\u00eat que vous portez \u00e0 ce pr\u00eatre. A votre avis, de quelle mani\u00e8re Boudet \u00e9tait-il impliqu\u00e9 dans l\u2019affaire\u00a0?<\/p>\n<p><span style=\"color: #ff6600;\"><strong>Alain Chatillon\u00a0:<\/strong> <\/span>Je dirais simplement que Boudet \u00e9tait le dernier \u00ab d\u00e9tenteur ou d\u00e9positaire \u00bb et qu\u2019il se devait de transmettre \u00e0 son tour le secret. Les pistes anciennes ayant \u00e9t\u00e9 brouill\u00e9es ou d\u00e9truites il a donc fallu reconstruire un nouveau \u00ab jeu de pistes \u00bb. Il a cru un moment en Sauni\u00e8re mais tr\u00e8s vite il a rebrouss\u00e9 chemin devant ce personnage plus opportuniste et dispendieux qu\u2019il ne l\u2019avait imagin\u00e9. De nos jours c\u2019est un secret de Polichinelle que de dire qu\u2019\u00e0 Rennes le Ch\u00e2teau il y a un tr\u00e9sor \u2026 il est sous l\u2019\u00e9glise \u00e0 plus de 25 m\u00e8tres de profondeur \u2026 Les questions sont de plusieurs ordres : Comment y acc\u00e9der, par quel moyen l\u00e9gal et que va t-on en faire ?<\/p>\n<p><span style=\"color: #ff6600;\"><strong>JPP\u00a0:<\/strong> <\/span>L\u2019abb\u00e9 Boudet a \u00e9crit son fameux livre \u00ab\u00a0La vraie Langue Celtique \u2026\u00a0\u00bb, qu\u2019elle est votre opinion sur ce livre\u00a0?<\/p>\n<p><span style=\"color: #ff6600;\"><strong>Alain Chatillon\u00a0:<\/strong> <\/span>C\u2019est la mani\u00e8re qu\u2019il a utilis\u00e9 pour attirer l\u2019attention du lecteur perspicace. Ce n\u2019est que le d\u00e9but du jeu de piste. Cromlech\u2026. Avez-vous pens\u00e9 \u00e0 ce que cela peut bien vouloir dire dans la bouche de cet \u00e9trange auteur ?\u2026 \u00c7a fini par \u00ab le Ch \u00bb, abr\u00e9viation de \u00ab le Ch\u00e2teau \u00bb, je vous laisse le soin de trouver la solution. Le cromlech de Rennes les bains est en fait une mani\u00e8re de dire qu\u2019il faille se rendre aux bains sous la croix \u00e0 R le Ch. La croix sacr\u00e9e c\u2019est l\u2019\u00e9glise bien s\u00fbr et le bain se trouve au dessous. Ne pas oublier que Rennes le Ch\u00e2teau, piton \u00e9lev\u00e9 en plein dans les rocailles arides, profite d\u2019une source intarissable et d\u2019un jeu de galeries souterraines inond\u00e9es dont le parcourt sinueux doit \u00eatre des plus int\u00e9ressant.<\/p>\n<p><span style=\"color: #ff6600;\"><strong>JPP\u00a0:<\/strong><\/span> Revenons \u00e0 notre \u00e9poque moderne\u00a0; actuellement \u00ab\u00a0Rennes-Le-Ch\u00e2teau\u00a0\u00bb fait fureur sur le Net. Il est remarquable, qu\u2019outre les sites Fran\u00e7ais, les Internautes \u00e9trangers se passionnent pour cette affaire. Que pensez-vous de cet engouement sur l\u2019Internet\u00a0?<\/p>\n<p><span style=\"color: #ff6600;\"><strong>Alain Chatillon\u00a0:<\/strong><\/span> Internet est un moyen de communication d\u2019une puissance ph\u00e9nom\u00e9nale qui favorisera \u00e0 n\u2019en pas douter dans les prochaines ann\u00e9es le d\u00e9veloppement de Rennes le Ch\u00e2teau qui doit rentrer dans une nouvelle aire car l\u2019aventure que j\u2019y ai v\u00e9cu n\u2019est plus compatible avec notre \u00e9poque \u2026 La dynamite est r\u00e9volue, c\u2019est le temps des scientifiques qui prend le relais.<\/p>\n<p><span style=\"color: #ff6600;\"><strong>JPP\u00a0:<\/strong><\/span> Pensez-vous que les sites Internet traitant de l\u2019affaire soient en mesure de g\u00e9n\u00e9rer une forte avance dans l\u2019explication de l\u2019affaire\u00a0?<\/p>\n<p><span style=\"color: #ff6600;\"><strong>Alain Chatillon\u00a0:<\/strong><\/span> Rennes le Ch\u00e2teau est populaire sur Internet soit \u2026 mais les sujets abord\u00e9s sont dans l\u2019ensemble extr\u00eamement vagabonds autour du sujet principal et peu cart\u00e9siens \u2026 Dite une grosse v\u00e9rit\u00e9 sur Internet et justement personne ne la prendra au s\u00e9rieux \u2026 Si c\u2019est vrai pourquoi le dire \u00e0 tout le monde ; C\u2019est peut \u00eatre l\u00e0 le secret, dire ce que l\u2019on a envie de dire sans que les autres y croient !<\/p>\n<p><span style=\"color: #ff6600;\"><strong>JPP\u00a0:<\/strong><\/span> Enfin, une derni\u00e8re question\u00a0: Quels sont vos futurs projets relatifs \u00e0 Rennes-Le-Ch\u00e2teau\u00a0?<\/p>\n<p><span style=\"color: #ff6600;\"><strong>Alain Chatillon\u00a0:<\/strong> <\/span>Le nouveau Maire Monsieur Jean-Fran\u00e7ois Lhuilier<a href=\"#_ftn2\" name=\"_ftnref2\">[2]<\/a>, doit \u00eatre aid\u00e9 dans ses projets. A Rennes le Ch\u00e2teau \u00e7a bouge beaucoup. J\u2019y ai toujours un lopin de terre sous forme d\u2019une concession au cimeti\u00e8re, juste au-dessus de moi je pourrai voir les \u00e9toiles d\u00e9filer dans leur course incessante hors du temps et surveiller de pr\u00e8s la constellation du Centaure&#8230; Tonne le ciel ou brille le soleil, l\u00e0 je serai. Si le village a respect\u00e9 ma propri\u00e9t\u00e9 perp\u00e9tuelle et pour peu que le Maire me le demande, je ferai don \u00e0 la Commune de Rennes le Ch\u00e2teau de l\u2019original du manuscrit de Boudet en ma possession (bien gard\u00e9 dans un coffre en Suisse). Il devra \u00eatre expos\u00e9 dans les r\u00e8gles de l\u2019art et bien gard\u00e9. Je suis persuad\u00e9 qu\u2019il attirera de tr\u00e8s nombreux visiteurs.<\/p>\n<p><span style=\"color: #ff6600;\"><strong>JPP<\/strong> :<\/span> Je vous remercie de votre collaboration \u00e0 ce jeu de questions-r\u00e9ponses.<\/p>\n<p><a href=\"#_ftnref1\" name=\"_ftn1\">[1]<\/a> <em>En 2000 le Site \u00ab\u00a0Rennes-Le-Ch\u00e2teau \u2013 Le Dossier\u00a0\u00bb proposait des forums d\u2019\u00e9change, ils ont \u00e9t\u00e9 ferm\u00e9 depuis en raison du manque de responsabilit\u00e9 des intervenants.<\/em><\/p>\n<p><a href=\"#_ftnref2\" name=\"_ftn2\">[2]<\/a> <em>Jean-Fran\u00e7ois Lhullier fut Maire de Rennes-Le-Ch\u00e2teau jusqu\u2019en mars 2008.<\/em><\/p>\n","protected":false},"excerpt":{"rendered":"<p>Accueil \/ Autour de l&#8217;Affaire \/ Les Interviews Juin 2000 Alain Ch\u00e2tillon est un habitu\u00e9 de Rennes-Le-Ch\u00e2teau. Longtemps chercheur de &#8220;terrain&#8221;, Alain Ch\u00e2tillon nous rapporte ici quelques souvenirs qui ne manquent pas d&#8217;int\u00e9r\u00eats. Je le remercie chaleureusement de sa participation \u00e0 cette interview, qui permettra \u00e0 bon nombre d&#8217;entre nous de se plonger dans une &hellip; <\/p>\n<p class=\"link-more\"><a href=\"https:\/\/rennes-le-chateau.org\/index.php\/autour-de-laffaire\/les-interviews\/alain-chatillon\/\" class=\"more-link\">Continuer la lecture<span class=\"screen-reader-text\"> de &laquo;&nbsp;Alain Chatillon&nbsp;&raquo;<\/span><\/a><\/p>\n","protected":false},"author":1,"featured_media":0,"parent":180,"menu_order":0,"comment_status":"open","ping_status":"closed","template":"","meta":{"jetpack_post_was_ever_published":false,"footnotes":""},"class_list":["post-205","page","type-page","status-publish","hentry"],"jetpack_sharing_enabled":true,"jetpack_shortlink":"https:\/\/wp.me\/P9SxBn-3j","_links":{"self":[{"href":"https:\/\/rennes-le-chateau.org\/index.php\/wp-json\/wp\/v2\/pages\/205","targetHints":{"allow":["GET"]}}],"collection":[{"href":"https:\/\/rennes-le-chateau.org\/index.php\/wp-json\/wp\/v2\/pages"}],"about":[{"href":"https:\/\/rennes-le-chateau.org\/index.php\/wp-json\/wp\/v2\/types\/page"}],"author":[{"embeddable":true,"href":"https:\/\/rennes-le-chateau.org\/index.php\/wp-json\/wp\/v2\/users\/1"}],"replies":[{"embeddable":true,"href":"https:\/\/rennes-le-chateau.org\/index.php\/wp-json\/wp\/v2\/comments?post=205"}],"version-history":[{"count":9,"href":"https:\/\/rennes-le-chateau.org\/index.php\/wp-json\/wp\/v2\/pages\/205\/revisions"}],"predecessor-version":[{"id":1911,"href":"https:\/\/rennes-le-chateau.org\/index.php\/wp-json\/wp\/v2\/pages\/205\/revisions\/1911"}],"up":[{"embeddable":true,"href":"https:\/\/rennes-le-chateau.org\/index.php\/wp-json\/wp\/v2\/pages\/180"}],"wp:attachment":[{"href":"https:\/\/rennes-le-chateau.org\/index.php\/wp-json\/wp\/v2\/media?parent=205"}],"curies":[{"name":"wp","href":"https:\/\/api.w.org\/{rel}","templated":true}]}}