{"id":1876,"date":"2019-09-10T19:00:24","date_gmt":"2019-09-10T17:00:24","guid":{"rendered":"https:\/\/rennes-le-chateau.org\/?page_id=1876"},"modified":"2019-09-12T09:57:57","modified_gmt":"2019-09-12T07:57:57","slug":"jean-riviere-cure-desperaza","status":"publish","type":"page","link":"https:\/\/rennes-le-chateau.org\/index.php\/le-site\/laffaire-berenger-sauniere\/des-elements-etranges\/jean-riviere-cure-desperaza\/","title":{"rendered":"Jean Rivi\u00e8re &#8211; Cur\u00e9 d&#8217;Esperaza"},"content":{"rendered":"<h6><span style=\"color: #808080;\"><a href=\"https:\/\/rennes-le-chateau.org\/\"><span style=\"color: #999999;\">Accueil<\/span><\/a> \/<span style=\"color: #999999;\"> <a style=\"color: #999999;\" href=\"https:\/\/rennes-le-chateau.org\/index.php\/le-site\/\">Etudes et Analyses<\/a><\/span><\/span> \/ <span style=\"color: #999999;\"><a style=\"color: #999999;\" href=\"https:\/\/rennes-le-chateau.org\/index.php\/laffaire-berenger-sauniere\/\">L&#8217;affaire B\u00e9renger Sauni\u00e8re<\/a><\/span>\u00a0 \/<span style=\"color: #808080;\">\u00a0<span style=\"color: #999999;\"><a style=\"color: #999999;\" href=\"https:\/\/rennes-le-chateau.org\/index.php\/des-elements-etranges\/\">Des \u00e9l\u00e9ments \u00e9tranges<\/a><\/span><\/span><\/h6>\n<p style=\"text-align: center;\"><div id=\"metaslider-id-1865\" style=\"max-width: 500px; margin: 0 auto;\" class=\"ml-slider-3-98-0 metaslider metaslider-flex metaslider-1865 ml-slider ms-theme-default\" role=\"region\" aria-roledescription=\"Slideshow\" aria-label=\"Riviere\" data-width=\"500\">\n    <div id=\"metaslider_container_1865\">\n        <div id=\"metaslider_1865\" class=\"flexslider\">\n            <ul class='slides'>\n                <li style=\"display: block; width: 100%;\" class=\"slide-1887 ms-image \" aria-roledescription=\"slide\" aria-label=\"slide-1887\" data-date=\"2019-09-11 18:36:45\"><img data-recalc-dims=\"1\" loading=\"lazy\" decoding=\"async\" src=\"https:\/\/i0.wp.com\/rennes-le-chateau.org\/wp-content\/uploads\/2019\/09\/DSC1992.jpg?resize=500%2C278&#038;ssl=1\" height=\"278\" width=\"500\" alt=\"Entr\u00e9e de l&#039;\u00e9glise d&#039;Esp\u00e9raza\" class=\"slider-1865 slide-1887\" title=\"Entr\u00e9e de l&#039;\u00e9glise d&#039;Esp\u00e9raza\" \/><\/li>\n                <li style=\"display: none; width: 100%;\" class=\"slide-1888 ms-image \" aria-roledescription=\"slide\" aria-label=\"slide-1888\" data-date=\"2019-09-11 18:36:45\"><img data-recalc-dims=\"1\" loading=\"lazy\" decoding=\"async\" src=\"https:\/\/i0.wp.com\/rennes-le-chateau.org\/wp-content\/uploads\/2019\/09\/DSC1997.jpg?resize=500%2C278&#038;ssl=1\" height=\"278\" width=\"500\" alt=\"Le christ dans son tombeau dans l&#039;\u00e9glise d&#039;Esp\u00e9raza\" class=\"slider-1865 slide-1888\" title=\"Le christ dans son tombeau dans l&#039;\u00e9glise d&#039;Esp\u00e9raza\" \/><\/li>\n                <li style=\"display: none; width: 100%;\" class=\"slide-1889 ms-image \" aria-roledescription=\"slide\" aria-label=\"slide-1889\" data-date=\"2019-09-11 18:36:45\"><img data-recalc-dims=\"1\" loading=\"lazy\" decoding=\"async\" src=\"https:\/\/i0.wp.com\/rennes-le-chateau.org\/wp-content\/uploads\/2019\/09\/DSC1998.jpg?resize=500%2C278&#038;ssl=1\" height=\"278\" width=\"500\" alt=\"Le christ dans le tombeau de l&#039;\u00e9glise d&#039;Esperaza, ni mort ni vivant\" class=\"slider-1865 slide-1889\" title=\"Le christ dans le tombeau de l&#039;\u00e9glise d&#039;Esperaza, ni mort ni vivant\" \/><\/li>\n                <li style=\"display: none; width: 100%;\" class=\"slide-1890 ms-image \" aria-roledescription=\"slide\" aria-label=\"slide-1890\" data-date=\"2019-09-11 18:36:45\"><img data-recalc-dims=\"1\" loading=\"lazy\" decoding=\"async\" src=\"https:\/\/i0.wp.com\/rennes-le-chateau.org\/wp-content\/uploads\/2019\/09\/DSC_0271.jpg?resize=500%2C278&#038;ssl=1\" height=\"278\" width=\"500\" alt=\"\" class=\"slider-1865 slide-1890\" \/><\/li>\n                <li style=\"display: none; width: 100%;\" class=\"slide-1891 ms-image \" aria-roledescription=\"slide\" aria-label=\"slide-1891\" data-date=\"2019-09-11 18:36:45\"><img data-recalc-dims=\"1\" loading=\"lazy\" decoding=\"async\" src=\"https:\/\/i0.wp.com\/rennes-le-chateau.org\/wp-content\/uploads\/2019\/09\/DSC_0287.jpg?resize=500%2C278&#038;ssl=1\" height=\"278\" width=\"500\" alt=\"Bernadette Soubirous dans la chapelle de la Vierge de Lourdes dans l&#039;\u00e9glise d&#039;Esp\u00e9raza\" class=\"slider-1865 slide-1891\" title=\"Bernadette Soubirous dans la chapelle de la Vierge de Lourdes dans l&#039;\u00e9glise d&#039;Esp\u00e9raza\" \/><\/li>\n                <li style=\"display: none; width: 100%;\" class=\"slide-1892 ms-image \" aria-roledescription=\"slide\" aria-label=\"slide-1892\" data-date=\"2019-09-11 18:36:45\"><img data-recalc-dims=\"1\" loading=\"lazy\" decoding=\"async\" src=\"https:\/\/i0.wp.com\/rennes-le-chateau.org\/wp-content\/uploads\/2019\/09\/DSC_3953.jpg?resize=500%2C278&#038;ssl=1\" height=\"278\" width=\"500\" alt=\"La grotte dans l&#039;\u00e9glise d&#039;Esp\u00e9razaz quasiment identique \u00e0 celle de Rennes-Le-Ch\u00e2teau\" class=\"slider-1865 slide-1892\" title=\"La grotte dans l&#039;\u00e9glise d&#039;Esp\u00e9razaz quasiment identique \u00e0 celle de Rennes-Le-Ch\u00e2teau\" \/><\/li>\n            <\/ul>\n        <\/div>\n        \n    <\/div>\n<\/div><\/p>\n<p>L\u2019affaire de Rennes-Le-Ch\u00e2teau est une affaire de cur\u00e9s, <span style=\"color: #ff6600;\">Cur\u00e9s, bizarres, discrets, \u00e9crivains et d\u00e9pensiers<\/span>, mais il y en a d\u2019autre que nous connaissons peu, mais qui, finalement jou\u00e8rent un r\u00f4le important dans cette affaire, c\u2019est l\u2019un d\u2019eux que je souhaite vous faire connaitre ; <span style=\"color: #ff6600;\">il s\u2019agit de Jean Rivi\u00e8re cur\u00e9 d\u2019Esp\u00e9raza<\/span>. C\u2019est lui qui entend B\u00e9renger Sauni\u00e8re en confession et \u00e0 qui il refusa l\u2019extr\u00eame onction de son vivant, il ne la donnera au cur\u00e9 de Rennes-Le-Ch\u00e2teau qu\u2019une fois d\u00e9c\u00e9d\u00e9, \u00e9v\u00e9nement incroyable, surtout entre pr\u00eatres, alors, <span style=\"color: #ff6600;\">Jean Rivi\u00e8re nous laissa-t-il un message<\/span> ?<\/p>\n<p><span style=\"color: #ff6600;\">Une l\u00e9gende court sur la mort de Sauni\u00e8re<\/span>. Se sentant proche \u00e0 rendre l\u2019\u00e2me, B\u00e9renger Sauni\u00e8re, apr\u00e8s avoir fait une attaque, demande \u00e0 Marie D\u00e9narnaud de faire venir le pr\u00eatre d\u2019Esp\u00e9raza pour l\u2019entendre en confession.<\/p>\n<p><span style=\"color: #ff6600;\">A la fin de cette confession,Jean Rivi\u00e8re ressort de la chambre du mourant compl\u00e8tement boulevers\u00e9<\/span> et refuse de donner l\u2019extr\u00eame onction au pr\u00eatre de Rennes-Le-Ch\u00e2teau de son vivant.<\/p>\n<p>D\u2019apr\u00e8s certains t\u00e9moins de l\u2019\u00e9poque, <span style=\"color: #ff6600;\">Jean Rivi\u00e8re sembla changer apr\u00e8s cet \u00e9v\u00e9nement<\/span>. Il devint taciturne et se replia\u00a0sur lui m\u00eame communiquant moins avec son entourage.<\/p>\n<p><img data-recalc-dims=\"1\" loading=\"lazy\" decoding=\"async\" class=\" wp-image-1883 alignleft\" src=\"https:\/\/i0.wp.com\/rennes-le-chateau.org\/wp-content\/uploads\/2019\/09\/DSC2057-e1568220173892.jpg?resize=230%2C346&#038;ssl=1\" alt=\"\" width=\"230\" height=\"346\" \/>Les l\u00e9gendes embellissent ou d\u00e9natures les faits. Dans celle ci, certains ont \u00e9t\u00e9 jusqu\u2019\u00e0 pr\u00e9tendre que <span style=\"color: #ff6600;\">Jean Rivi\u00e8re mourut de d\u00e9pression six mois plus tard,<\/span> or, ceci est faux puisque l\u2019on sait qu\u2019il termina son sacerdoce comme cur\u00e9 \u00e0 Coursan en 1929.<\/p>\n<p>Pourtant, <span style=\"color: #ff6600;\">il semble que la confession de Sauni\u00e8re ne fut pas sans effet<\/span> sur la suite de son sacerdoce C\u2019est peu apr\u00e8s ces \u00e9v\u00e9nements, que Jean Rivi\u00e8re r\u00e9alisa plusieurs transformations et d\u00e9corations au sein de son \u00e9glise d\u2019Esp\u00e9raza.<\/p>\n<p>L\u2019\u00e9glise d\u2019Esp\u00e9raza, d\u00e9di\u00e9e \u00e0 Saint-Michel, fut construite au cours du XIIIe si\u00e8cle. <span style=\"color: #ff6600;\">D\u2019origine romane, elle ne subit pas de grandes transformations jusqu\u2019\u00e0 la fin du XVI<sup>\u00e8me<\/sup> si\u00e8cle<\/span>. C\u2019est \u00e0 cette \u00e9poque qu\u2019elle fut incendi\u00e9e durant les guerres de religions. L\u2019abside et les absidioles seront enti\u00e8rement refaites<\/p>\n<p><span style=\"color: #ff6600;\">Son statuaire n&#8217;est pas sans nous rappeler celui de Rennes-Le-Ch\u00e2teau<\/span>. Nous y retrouvons les m\u00eames repr\u00e9sentations avec des corr\u00e9lations surprenantes.<\/p>\n<p>Encadrant le c\u0153ur de l&#8217;\u00e9glise, deux chapelles ont re\u00e7u chacune une statue, <span style=\"color: #ff6600;\">l\u2019une de Saint-Joseph, l\u2019autre de la Vierge Marie, l\u2019une et l\u2019autre portant un enfant J\u00e9sus, tout comme \u00e0 Rennes-Le-Ch\u00e2teau.<\/span><\/p>\n<p><img data-recalc-dims=\"1\" loading=\"lazy\" decoding=\"async\" class=\"wp-image-1886 alignleft\" src=\"https:\/\/i0.wp.com\/rennes-le-chateau.org\/wp-content\/uploads\/2019\/09\/DSC_3953.jpg?resize=392%2C260&#038;ssl=1\" alt=\"\" width=\"392\" height=\"260\" srcset=\"https:\/\/i0.wp.com\/rennes-le-chateau.org\/wp-content\/uploads\/2019\/09\/DSC_3953.jpg?w=4288&amp;ssl=1 4288w, https:\/\/i0.wp.com\/rennes-le-chateau.org\/wp-content\/uploads\/2019\/09\/DSC_3953.jpg?resize=300%2C199&amp;ssl=1 300w, https:\/\/i0.wp.com\/rennes-le-chateau.org\/wp-content\/uploads\/2019\/09\/DSC_3953.jpg?resize=768%2C510&amp;ssl=1 768w, https:\/\/i0.wp.com\/rennes-le-chateau.org\/wp-content\/uploads\/2019\/09\/DSC_3953.jpg?resize=1024%2C680&amp;ssl=1 1024w, https:\/\/i0.wp.com\/rennes-le-chateau.org\/wp-content\/uploads\/2019\/09\/DSC_3953.jpg?resize=250%2C166&amp;ssl=1 250w, https:\/\/i0.wp.com\/rennes-le-chateau.org\/wp-content\/uploads\/2019\/09\/DSC_3953.jpg?resize=350%2C232&amp;ssl=1 350w, https:\/\/i0.wp.com\/rennes-le-chateau.org\/wp-content\/uploads\/2019\/09\/DSC_3953.jpg?w=1575&amp;ssl=1 1575w\" sizes=\"auto, (max-width: 392px) 100vw, 392px\" \/>Juste en face de la chapelle accueillant l\u2019apparition de la Vierge \u00e0 Lourdes, nous pouvons voir <span style=\"color: #ff6600;\">une autre construction int\u00e9ressante : La repr\u00e9sentation d\u2019une grotte qui <\/span><span style=\"font-size: 1rem;\"><span style=\"color: #ff6600;\">est d\u2019une facture quasiment identique \u00e0 celle de Rennes-Le-Ch\u00e2teau<\/span>.<\/span><span style=\"font-size: 1rem;\">\u00a0<\/span><span style=\"font-size: 1rem;\">Plac\u00e9e \u00e0 gauche dans une chapelle de la nef de l\u2019\u00e9glise, elle repr\u00e9sente la station XIV du chemin de croix de l\u2019\u00e9glise d\u2019Esp\u00e9raza. Tout comme \u00e0 Rennes-Le-Ch\u00e2teau, le pr\u00eatre a voulu attirer l&#8217;attention sur ce moment particulier des \u00e9vangiles.\u00a0<\/span><\/p>\n<p><span style=\"color: #ff6600;\"><img data-recalc-dims=\"1\" loading=\"lazy\" decoding=\"async\" class=\"alignright wp-image-1881\" src=\"https:\/\/i0.wp.com\/rennes-le-chateau.org\/wp-content\/uploads\/2019\/09\/DSC1997.jpg?resize=392%2C260&#038;ssl=1\" alt=\"\" width=\"392\" height=\"260\" srcset=\"https:\/\/i0.wp.com\/rennes-le-chateau.org\/wp-content\/uploads\/2019\/09\/DSC1997.jpg?w=4288&amp;ssl=1 4288w, https:\/\/i0.wp.com\/rennes-le-chateau.org\/wp-content\/uploads\/2019\/09\/DSC1997.jpg?resize=300%2C199&amp;ssl=1 300w, https:\/\/i0.wp.com\/rennes-le-chateau.org\/wp-content\/uploads\/2019\/09\/DSC1997.jpg?resize=768%2C510&amp;ssl=1 768w, https:\/\/i0.wp.com\/rennes-le-chateau.org\/wp-content\/uploads\/2019\/09\/DSC1997.jpg?resize=1024%2C680&amp;ssl=1 1024w, https:\/\/i0.wp.com\/rennes-le-chateau.org\/wp-content\/uploads\/2019\/09\/DSC1997.jpg?resize=250%2C166&amp;ssl=1 250w, https:\/\/i0.wp.com\/rennes-le-chateau.org\/wp-content\/uploads\/2019\/09\/DSC1997.jpg?resize=350%2C232&amp;ssl=1 350w, https:\/\/i0.wp.com\/rennes-le-chateau.org\/wp-content\/uploads\/2019\/09\/DSC1997.jpg?w=1575&amp;ssl=1 1575w\" sizes=\"auto, (max-width: 392px) 100vw, 392px\" \/>Ici, la repr\u00e9sentation est \u00e9trange puisqu\u2019elle repr\u00e9sente J\u00e9sus au tombeau.<\/span> Nous savons que normalement la station XIV repr\u00e9sente la <span style=\"color: #ff6600;\">MISE<\/span> au tombeau du Christ. G\u00e9n\u00e9ralement, nous y voyons Joseph d\u2019Arimathie, Marie, Marie-Madeleine et Jean, portant ou soutenant le corps du Christ au moment de le placer dans le tombeau.<span style=\"color: #ff6600;\"> Il est exceptionnel que l&#8217;on nous repr\u00e9sente J\u00e9sus au tombeau<\/span> et ce pour la bonne raison que cet \u00e9tat, dans l\u2019histoire du Christ dans les \u00e9vangiles, n\u2019est que transitoire. De plus, ici, J<span style=\"color: #ff6600;\">\u00e9sus n&#8217;est ni mort ni vivant ; allong\u00e9 tel un cadavre, ses yeux sont l\u00e9g\u00e8rement entre-ouverts.<\/span><\/p>\n<p><img data-recalc-dims=\"1\" loading=\"lazy\" decoding=\"async\" class=\"alignleft wp-image-1882\" src=\"https:\/\/i0.wp.com\/rennes-le-chateau.org\/wp-content\/uploads\/2019\/09\/DSC1998.jpg?resize=392%2C260&#038;ssl=1\" alt=\"\" width=\"392\" height=\"260\" srcset=\"https:\/\/i0.wp.com\/rennes-le-chateau.org\/wp-content\/uploads\/2019\/09\/DSC1998.jpg?w=4288&amp;ssl=1 4288w, https:\/\/i0.wp.com\/rennes-le-chateau.org\/wp-content\/uploads\/2019\/09\/DSC1998.jpg?resize=300%2C199&amp;ssl=1 300w, https:\/\/i0.wp.com\/rennes-le-chateau.org\/wp-content\/uploads\/2019\/09\/DSC1998.jpg?resize=768%2C510&amp;ssl=1 768w, https:\/\/i0.wp.com\/rennes-le-chateau.org\/wp-content\/uploads\/2019\/09\/DSC1998.jpg?resize=1024%2C680&amp;ssl=1 1024w, https:\/\/i0.wp.com\/rennes-le-chateau.org\/wp-content\/uploads\/2019\/09\/DSC1998.jpg?resize=250%2C166&amp;ssl=1 250w, https:\/\/i0.wp.com\/rennes-le-chateau.org\/wp-content\/uploads\/2019\/09\/DSC1998.jpg?resize=350%2C232&amp;ssl=1 350w, https:\/\/i0.wp.com\/rennes-le-chateau.org\/wp-content\/uploads\/2019\/09\/DSC1998.jpg?w=1575&amp;ssl=1 1575w\" sizes=\"auto, (max-width: 392px) 100vw, 392px\" \/>Lorsque B\u00e9renger Sauni\u00e8re r\u00e9alise les jardins de l\u2019\u00e9glise de Rennes-Le-Ch\u00e2teau, <span style=\"color: #ff6600;\">il le fait six ans avant la grande restauration de l\u2019\u00e9glise,<\/span> il s\u2019attachera particuli\u00e8rement a \u00e0 la r\u00e9alisation de la grotte des jardins. Pour beaucoup, elle est \u00ab la grotte au banc \u00bb. Banc, qui garde toujours son myst\u00e8re quant aux inscriptions qui ont \u00e9t\u00e9 faites sur son dessus au moyen de cailloux scell\u00e9s dans son ciment.<\/p>\n<p><strong><span style=\"color: #ff6600;\"><a style=\"color: #ff6600;\" href=\"https:\/\/rennes-le-chateau.org\/index.php\/le-site\/laffaire-berenger-sauniere\/les-travaux-de-berenger-sauniere\/les-jardins-de-leglise\/\">Dans la vid\u00e9o et la page qui leur est associ\u00e9e,<\/a><\/span><\/strong> nous nous interrogions sur ce que pouvait repr\u00e9senter ce banc aux inscriptions \u00e9tranges. Je proposait alors l&#8217;hypoth\u00e8se que ce banc pouvait \u00eatre <span style=\"color: #ff6600;\">la repr\u00e9sentation symbolique d&#8217;un tombeau ou d&#8217;un sarcophage<\/span>.<\/p>\n<p>Devons nous penser, que\u00a0 Sauni\u00e8re d\u00e9voila \u00e0 Jean Rivi\u00e8re lors de sa confession la nature de ce tombeau ou de ce sarcophage et que Jean Rivi\u00e8re, ne pouvant garder ce secret si important \u00e0 son c\u0153ur, osa montrer ce que m\u00eame Sauni\u00e8re n\u2019avait pas os\u00e9 montrer ?<\/p>\n<p><strong><img data-recalc-dims=\"1\" loading=\"lazy\" decoding=\"async\" class=\"size-full wp-image-1609 alignleft\" src=\"https:\/\/i0.wp.com\/rennes-le-chateau.org\/wp-content\/uploads\/2019\/08\/IconeHP-e1566047268923.png?resize=25%2C25&#038;ssl=1\" alt=\"\" width=\"25\" height=\"25\" align=\"absmiddle\" \/>Ecoutez le texte de cette page au format MP3 :<\/strong><\/p>\n<!--[if lt IE 9]><script>document.createElement('audio');<\/script><![endif]-->\n<audio class=\"wp-audio-shortcode\" id=\"audio-1876-1\" preload=\"none\" style=\"width: 100%;\" controls=\"controls\"><source type=\"audio\/mpeg\" src=\"https:\/\/rennes-le-chateau.org\/wp-content\/uploads\/2019\/09\/JeanRiviereMP3.mp3?_=1\" \/><a href=\"https:\/\/rennes-le-chateau.org\/wp-content\/uploads\/2019\/09\/JeanRiviereMP3.mp3\">https:\/\/rennes-le-chateau.org\/wp-content\/uploads\/2019\/09\/JeanRiviereMP3.mp3<\/a><\/audio>\n","protected":false},"excerpt":{"rendered":"<p>Accueil \/ Etudes et Analyses \/ L&#8217;affaire B\u00e9renger Sauni\u00e8re\u00a0 \/\u00a0Des \u00e9l\u00e9ments \u00e9tranges L\u2019affaire de Rennes-Le-Ch\u00e2teau est une affaire de cur\u00e9s, Cur\u00e9s, bizarres, discrets, \u00e9crivains et d\u00e9pensiers, mais il y en a d\u2019autre que nous connaissons peu, mais qui, finalement jou\u00e8rent un r\u00f4le important dans cette affaire, c\u2019est l\u2019un d\u2019eux que je souhaite vous faire connaitre &hellip; <\/p>\n<p class=\"link-more\"><a href=\"https:\/\/rennes-le-chateau.org\/index.php\/le-site\/laffaire-berenger-sauniere\/des-elements-etranges\/jean-riviere-cure-desperaza\/\" class=\"more-link\">Continuer la lecture<span class=\"screen-reader-text\"> de &laquo;&nbsp;Jean Rivi\u00e8re &#8211; Cur\u00e9 d&#8217;Esperaza&nbsp;&raquo;<\/span><\/a><\/p>\n","protected":false},"author":1,"featured_media":0,"parent":127,"menu_order":0,"comment_status":"open","ping_status":"closed","template":"","meta":{"jetpack_post_was_ever_published":false,"footnotes":""},"class_list":["post-1876","page","type-page","status-publish","hentry"],"jetpack_sharing_enabled":true,"jetpack_shortlink":"https:\/\/wp.me\/P9SxBn-ug","_links":{"self":[{"href":"https:\/\/rennes-le-chateau.org\/index.php\/wp-json\/wp\/v2\/pages\/1876","targetHints":{"allow":["GET"]}}],"collection":[{"href":"https:\/\/rennes-le-chateau.org\/index.php\/wp-json\/wp\/v2\/pages"}],"about":[{"href":"https:\/\/rennes-le-chateau.org\/index.php\/wp-json\/wp\/v2\/types\/page"}],"author":[{"embeddable":true,"href":"https:\/\/rennes-le-chateau.org\/index.php\/wp-json\/wp\/v2\/users\/1"}],"replies":[{"embeddable":true,"href":"https:\/\/rennes-le-chateau.org\/index.php\/wp-json\/wp\/v2\/comments?post=1876"}],"version-history":[{"count":8,"href":"https:\/\/rennes-le-chateau.org\/index.php\/wp-json\/wp\/v2\/pages\/1876\/revisions"}],"predecessor-version":[{"id":1898,"href":"https:\/\/rennes-le-chateau.org\/index.php\/wp-json\/wp\/v2\/pages\/1876\/revisions\/1898"}],"up":[{"embeddable":true,"href":"https:\/\/rennes-le-chateau.org\/index.php\/wp-json\/wp\/v2\/pages\/127"}],"wp:attachment":[{"href":"https:\/\/rennes-le-chateau.org\/index.php\/wp-json\/wp\/v2\/media?parent=1876"}],"curies":[{"name":"wp","href":"https:\/\/api.w.org\/{rel}","templated":true}]}}