{"id":180,"date":"2018-04-30T18:35:38","date_gmt":"2018-04-30T16:35:38","guid":{"rendered":"http:\/\/rennes-le-chateau.org\/?page_id=180"},"modified":"2019-08-10T11:12:08","modified_gmt":"2019-08-10T09:12:08","slug":"les-interviews","status":"publish","type":"page","link":"https:\/\/rennes-le-chateau.org\/index.php\/autour-de-laffaire\/les-interviews\/","title":{"rendered":"les interviews"},"content":{"rendered":"<h6><span style=\"color: #808080;\"><a href=\"https:\/\/rennes-le-chateau.org\/\"><span style=\"color: #999999;\">Accueil<\/span><\/a> \/<span style=\"color: #999999;\"><a style=\"color: #999999;\" href=\"https:\/\/rennes-le-chateau.org\/index.php\/autour-de-laffaire\/\"> Autour de l&#8217;Affaire<\/a><\/span><\/span><\/h6>\n<p><a href=\"http:\/\/rennes-le-chateau.org\/index.php\/les-interviews\/\"><span style=\"color: #ff6600;\"><strong>D\u00e9couvrez les interviews de personnes<\/strong><\/span><\/a> passionn\u00e9es par l&#8217;affaire de Rennes-Le-Ch\u00e2teau :<\/p>\n<p style=\"padding-left: 30px;\"><span style=\"color: #ff6600;\"><a style=\"color: #ff6600;\" href=\"http:\/\/rennes-le-chateau.org\/index.php\/antoine-claire-captier\/\">Antoine &amp; Claire Captier<\/a>, <span style=\"color: #000000;\">Claire Captier est la fille de <span style=\"color: #ff6600;\"><a style=\"color: #ff6600;\" href=\"https:\/\/rennes-le-chateau.org\/index.php\/noel-corbu-et-rennes-le-chateau\/\">No\u00ebl Corbu<\/a><\/span> et h\u00e9rita d&#8217;un tr\u00e8s grand nombre de documents ayant appartenu \u00e0 B\u00e9renger Sauni\u00e8re<\/span><\/span><\/p>\n<p style=\"padding-left: 40px;\"><a href=\"http:\/\/rennes-le-chateau.org\/index.php\/alain-chatillon\/\"><span style=\"color: #ff6600;\">Alain Chatillon,<\/span><\/a> est l&#8217;un des tous premiers chercheurs venu \u00e0 Rennes-Le-Ch\u00e2teau dans les ann\u00e9es 1960<\/p>\n<p style=\"padding-left: 30px;\"><a href=\"http:\/\/rennes-le-chateau.org\/index.php\/chantal-buthion\/\"><span style=\"color: #ff6600;\">Chantal Buthion<\/span><\/a> est la fille d&#8217;Andr\u00e9 Buthion qui fut celui qui acheta le domaine de B\u00e9renger Sauni\u00e8re \u00e0 la famille Corbu<\/p>\n<p style=\"padding-left: 30px;\"><a href=\"http:\/\/rennes-le-chateau.org\/index.php\/christian-doumergues\/\"><span style=\"color: #ff6600;\">Christian Doumergue<\/span><\/a> est un auteur prolixe et a publi\u00e9 notamment de nombreux livres sur Marie-Madeleine voulant ainsi d\u00e9montrer un lien fort entre la Sainte et le village de Rennes-Le-Ch\u00e2teau<\/p>\n<p style=\"padding-left: 30px;\"><a href=\"http:\/\/rennes-le-chateau.org\/index.php\/gino-sandri\/\"><span style=\"color: #ff6600;\">Gino Sandri<\/span><\/a> fut un intime de <span style=\"color: #ff6600;\"><a style=\"color: #ff6600;\" href=\"https:\/\/rennes-le-chateau.org\/index.php\/le-deces-de-pierre-plantard\/\">Pierre Plantard<\/a><\/span> et il s&#8217;est souvent pr\u00e9sent\u00e9 comme \u00e9tant le Secr\u00e9taire du <span style=\"color: #ff6600;\"><a style=\"color: #ff6600;\" href=\"https:\/\/rennes-le-chateau.org\/index.php\/le-prieure-de-sion\/\">Prieur\u00e9 de Sion<\/a><\/span><\/p>\n<p style=\"padding-left: 30px;\"><a href=\"http:\/\/rennes-le-chateau.org\/index.php\/jf-lhuillier-ancien-maire-de-rlc\/\"><span style=\"color: #ff6600;\">Jean-Fran\u00e7ois Lhuillier, ancien maire de Rennes-Le-Ch\u00e2teau<\/span><\/a> fut l&#8217;\u00e9dile du village qui v\u00e9cut la vague du Da Vinci Code<\/p>\n<p style=\"padding-left: 30px;\"><a href=\"http:\/\/rennes-le-chateau.org\/index.php\/jean-luc-chaumeil\/\"><span style=\"color: #ff6600;\">Jean-Luc Chaumeil<\/span><\/a> est un auteur journaliste. Il publia de nombreux livres et notamment sur l&#8217;affaire de Rennes-Le-Ch\u00e2teau. Il fut pendant longtemps un proche de <span style=\"color: #ff6600;\"><a style=\"color: #ff6600;\" href=\"https:\/\/rennes-le-chateau.org\/index.php\/le-deces-de-pierre-plantard\/\">Pierre Plantard<\/a><\/span> et de <span style=\"color: #ff6600;\"><a style=\"color: #ff6600;\" href=\"https:\/\/rennes-le-chateau.org\/index.php\/gino-sandri\/\">Gino Sandri<\/a><\/span>.<\/p>\n<p style=\"padding-left: 30px;\"><a href=\"http:\/\/rennes-le-chateau.org\/index.php\/jean-pierre-garcia\/\"><span style=\"color: #ff6600;\">Jean-Pierre Garcia<\/span><\/a> est l&#8217;un des nombreux auteurs publiant des livres sur Rennes-Le-Ch\u00e2teau<\/p>\n<p style=\"padding-left: 30px;\"><a href=\"http:\/\/rennes-le-chateau.org\/index.php\/octonovo\/\"><span style=\"color: #ff6600;\">Octonovo<\/span><\/a> est un auteur qui publia quelques livres sur Rennes-Le-Ch\u00e2teau. Son approche est analytique et pragmatique<\/p>\n<p style=\"padding-left: 30px;\"><a href=\"http:\/\/rennes-le-chateau.org\/index.php\/sonia-moreu\/\"><span style=\"color: #ff6600;\">Sonia Moreu<\/span><\/a> fut pendant de longues ann\u00e9es la seule libraire du village de Rennes-Le-Ch\u00e2teau. Sa librairie, l&#8217;Atelier Emprunte, fut longtemps le point de rendez-vous des chercheurs dans les ann\u00e9es 1980.<\/p>\n","protected":false},"excerpt":{"rendered":"<p>Accueil \/ Autour de l&#8217;Affaire D\u00e9couvrez les interviews de personnes passionn\u00e9es par l&#8217;affaire de Rennes-Le-Ch\u00e2teau : Antoine &amp; Claire Captier, Claire Captier est la fille de No\u00ebl Corbu et h\u00e9rita d&#8217;un tr\u00e8s grand nombre de documents ayant appartenu \u00e0 B\u00e9renger Sauni\u00e8re Alain Chatillon, est l&#8217;un des tous premiers chercheurs venu \u00e0 Rennes-Le-Ch\u00e2teau dans les ann\u00e9es &hellip; <\/p>\n<p class=\"link-more\"><a href=\"https:\/\/rennes-le-chateau.org\/index.php\/autour-de-laffaire\/les-interviews\/\" class=\"more-link\">Continuer la lecture<span class=\"screen-reader-text\"> de &laquo;&nbsp;les interviews&nbsp;&raquo;<\/span><\/a><\/p>\n","protected":false},"author":1,"featured_media":0,"parent":684,"menu_order":0,"comment_status":"closed","ping_status":"closed","template":"","meta":{"jetpack_post_was_ever_published":false,"footnotes":""},"class_list":["post-180","page","type-page","status-publish","hentry"],"jetpack_sharing_enabled":true,"jetpack_shortlink":"https:\/\/wp.me\/P9SxBn-2U","_links":{"self":[{"href":"https:\/\/rennes-le-chateau.org\/index.php\/wp-json\/wp\/v2\/pages\/180","targetHints":{"allow":["GET"]}}],"collection":[{"href":"https:\/\/rennes-le-chateau.org\/index.php\/wp-json\/wp\/v2\/pages"}],"about":[{"href":"https:\/\/rennes-le-chateau.org\/index.php\/wp-json\/wp\/v2\/types\/page"}],"author":[{"embeddable":true,"href":"https:\/\/rennes-le-chateau.org\/index.php\/wp-json\/wp\/v2\/users\/1"}],"replies":[{"embeddable":true,"href":"https:\/\/rennes-le-chateau.org\/index.php\/wp-json\/wp\/v2\/comments?post=180"}],"version-history":[{"count":7,"href":"https:\/\/rennes-le-chateau.org\/index.php\/wp-json\/wp\/v2\/pages\/180\/revisions"}],"predecessor-version":[{"id":1434,"href":"https:\/\/rennes-le-chateau.org\/index.php\/wp-json\/wp\/v2\/pages\/180\/revisions\/1434"}],"up":[{"embeddable":true,"href":"https:\/\/rennes-le-chateau.org\/index.php\/wp-json\/wp\/v2\/pages\/684"}],"wp:attachment":[{"href":"https:\/\/rennes-le-chateau.org\/index.php\/wp-json\/wp\/v2\/media?parent=180"}],"curies":[{"name":"wp","href":"https:\/\/api.w.org\/{rel}","templated":true}]}}