{"id":1753,"date":"2019-08-31T16:04:49","date_gmt":"2019-08-31T14:04:49","guid":{"rendered":"https:\/\/rennes-le-chateau.org\/?page_id=1753"},"modified":"2019-08-31T18:43:13","modified_gmt":"2019-08-31T16:43:13","slug":"le-chateau-des-hautpoul","status":"publish","type":"page","link":"https:\/\/rennes-le-chateau.org\/index.php\/le-site\/les-origines-de-rlc\/le-chateau-des-hautpoul\/","title":{"rendered":"Le Ch\u00e2teau des Hautpoul"},"content":{"rendered":"<p>Avec ce chapitre, <span style=\"color: #ff6600;\">nous allons aller dans l\u2019histoire m\u00e9di\u00e9vale et quasi contemporaine de Rennes-Le-Ch\u00e2teau<\/span>. Nous verrons ce que devint l\u2019antique Rh\u00e9dae au cours de la Croisade contre les Albigeois, puis comment <span style=\"color: #ff6600;\">de petits seigneurs du nord de la France purent s\u2019emparer de l\u2019ancienne forteresse<\/span>.<\/p>\n<p>Nous verrons \u00e9galement pourquoi Rennes-Le-Ch\u00e2teau tomba dans l\u2019oubli de l\u2019histoire apr\u00e8s 1361 entra\u00eenant ainsi l\u2019oubli de ce comt\u00e9 du Raz\u00e8s.<\/p>\n<p>Nous rencontrerons la derni\u00e8re famille r\u00e9gnante de Rennes-Le-Ch\u00e2teau dont l\u2019un des ses derniers membres permis d\u2019\u00e9crire la l\u00e9gende autour de l\u2019affaire de B\u00e9renger Sauni\u00e8re.<\/p>\n<p>&nbsp;<\/p>\n<figure id=\"attachment_1757\" aria-describedby=\"caption-attachment-1757\" style=\"width: 472px\" class=\"wp-caption alignleft\"><img data-recalc-dims=\"1\" loading=\"lazy\" decoding=\"async\" class=\"wp-image-1757\" title=\"Le ch\u00e2teau des Hautpoul de Rennes-Le-Ch\u00e2teau\" src=\"https:\/\/i0.wp.com\/rennes-le-chateau.org\/wp-content\/uploads\/2019\/08\/Hautpoul01.jpg?resize=472%2C314&#038;ssl=1\" alt=\"Le ch\u00e2teau des Hautpoul de Rennes-Le-Ch\u00e2teau\" width=\"472\" height=\"314\" srcset=\"https:\/\/i0.wp.com\/rennes-le-chateau.org\/wp-content\/uploads\/2019\/08\/Hautpoul01.jpg?w=1203&amp;ssl=1 1203w, https:\/\/i0.wp.com\/rennes-le-chateau.org\/wp-content\/uploads\/2019\/08\/Hautpoul01.jpg?resize=300%2C200&amp;ssl=1 300w, https:\/\/i0.wp.com\/rennes-le-chateau.org\/wp-content\/uploads\/2019\/08\/Hautpoul01.jpg?resize=768%2C511&amp;ssl=1 768w, https:\/\/i0.wp.com\/rennes-le-chateau.org\/wp-content\/uploads\/2019\/08\/Hautpoul01.jpg?resize=1024%2C681&amp;ssl=1 1024w, https:\/\/i0.wp.com\/rennes-le-chateau.org\/wp-content\/uploads\/2019\/08\/Hautpoul01.jpg?resize=250%2C166&amp;ssl=1 250w, https:\/\/i0.wp.com\/rennes-le-chateau.org\/wp-content\/uploads\/2019\/08\/Hautpoul01.jpg?resize=350%2C233&amp;ssl=1 350w\" sizes=\"auto, (max-width: 472px) 100vw, 472px\" \/><figcaption id=\"caption-attachment-1757\" class=\"wp-caption-text\">Le ch\u00e2teau des Hautpoul de Rennes-Le-Ch\u00e2teau<\/figcaption><\/figure>\n<p><span style=\"color: #ff6600;\">Le ch\u00e2teau actuel de Rennes-Le-Ch\u00e2teau est l\u2019un des derniers vestiges visibles du moyen \u00e2ge dans le village<\/span>. De Rh\u00e9dae, le village prit le nom de Rennes-Le-Ch\u00e2teau en r\u00e9f\u00e9rence \u00e0 ce ch\u00e2teau des Hautpoul. Durant plusieurs si\u00e8cles il est la propri\u00e9t\u00e9 de cette famille qui devient ainsi Seigneur de Rennes. Seuls quelques pans de murs du XIII<sup>\u00e8me<\/sup> si\u00e8cle attestent de l\u2019anciennet\u00e9 de cette b\u00e2tisse. Le reste fut essentiellement b\u00e2ti dans le dernier tiers du XVI<sup>\u00e8me<\/sup> si\u00e8cle et au d\u00e9but du XVII<sup>\u00e8me<\/sup> si\u00e8cle<\/p>\n<p><span style=\"color: #ff6600;\">Ce ch\u00e2teau est l\u2019unique des deux qui occupaient la cit\u00e9 haute de Rh\u00e9dae<\/span>. En 1573 les Huguenots mettent la r\u00e9gion \u00e0 feu et \u00e0 sang. L\u2019antique Rh\u00e9dae n&#8217;est\u00a0 pas \u00e9pargn\u00e9e. Le ch\u00e2teau r\u00e9siste au choc, il sera agrandi au XVII<sup>\u00e8me<\/sup> si\u00e8cle.<\/p>\n<p>Les plus chanceux qui ont pu le visiter, rapportent que le sous-sol poss\u00e8de de superbes salles vo\u00fbt\u00e9es de l\u2019\u00e9poque wisigothique. La famille des Hautpoul poss\u00e9da le titre de Seigneur de Rennes durant plusieurs si\u00e8cles.<\/p>\n<p><span style=\"color: #ff6600;\">Avant les croisades contre les Albigeois, la cit\u00e9 de Rh\u00e9dae est la propri\u00e9t\u00e9 des Trencavel de Carcassonne<\/span> ; Famille qui s\u2019illustra contre Simon de Montfort, bras s\u00e9culier de l\u2019Eglise Romaine.<br \/>\nLorsqu&#8217;il arrive dans le Raz\u00e8s, il met le si\u00e8ge devant Coustaussa qu\u2019il finit par prendre. La cit\u00e9 de Rh\u00e9dae ne semble pas avoir eut directement un r\u00f4le \u00e0 jouer lors de cet \u00e9pisode de la Croisade<\/p>\n<p><span style=\"color: #ff6600;\">Malgr\u00e9 touts, Simon de Montfort prend la cit\u00e9 Wisigothique et en donne les cl\u00e9s \u00e0 son S\u00e9n\u00e9chal Pierre de Voisins<\/span>, nous \u00e9tions en 1231. La famille de Voisins est une famille noble d\u2019Ile-de-France. <span style=\"color: #ff6600;\">Leur fief est \u00e0 l\u2019origine de la ville de Voisins-le-Bretonneux, pr\u00e8s de Versailles.<\/span><\/p>\n<figure id=\"attachment_1759\" aria-describedby=\"caption-attachment-1759\" style=\"width: 472px\" class=\"wp-caption alignright\"><img data-recalc-dims=\"1\" loading=\"lazy\" decoding=\"async\" class=\"wp-image-1759\" title=\"Les ruines du ch\u00e2teau des Hautpoul de Rennes-Le-Ch\u00e2teau\" src=\"https:\/\/i0.wp.com\/rennes-le-chateau.org\/wp-content\/uploads\/2019\/08\/Hautpoul03.jpg?resize=472%2C314&#038;ssl=1\" alt=\"Les ruines du ch\u00e2teau des Hautpoul de Rennes-Le-Ch\u00e2teau\" width=\"472\" height=\"314\" srcset=\"https:\/\/i0.wp.com\/rennes-le-chateau.org\/wp-content\/uploads\/2019\/08\/Hautpoul03.jpg?w=1203&amp;ssl=1 1203w, https:\/\/i0.wp.com\/rennes-le-chateau.org\/wp-content\/uploads\/2019\/08\/Hautpoul03.jpg?resize=300%2C200&amp;ssl=1 300w, https:\/\/i0.wp.com\/rennes-le-chateau.org\/wp-content\/uploads\/2019\/08\/Hautpoul03.jpg?resize=768%2C511&amp;ssl=1 768w, https:\/\/i0.wp.com\/rennes-le-chateau.org\/wp-content\/uploads\/2019\/08\/Hautpoul03.jpg?resize=1024%2C681&amp;ssl=1 1024w, https:\/\/i0.wp.com\/rennes-le-chateau.org\/wp-content\/uploads\/2019\/08\/Hautpoul03.jpg?resize=250%2C166&amp;ssl=1 250w, https:\/\/i0.wp.com\/rennes-le-chateau.org\/wp-content\/uploads\/2019\/08\/Hautpoul03.jpg?resize=350%2C233&amp;ssl=1 350w\" sizes=\"auto, (max-width: 472px) 100vw, 472px\" \/><figcaption id=\"caption-attachment-1759\" class=\"wp-caption-text\">Les ruines du ch\u00e2teau des Hautpoul de Rennes-Le-Ch\u00e2teau<\/figcaption><\/figure>\n<p>Appliquant la r\u00e8gle m\u00e9di\u00e9vale des vainqueurs, Simon de Montfort fait d\u00e9manteler les d\u00e9fenses du village de Rh\u00e9dae. Des deux forteresses, seul le ch\u00e2teau actuel &#8220;survivra&#8221;. <span style=\"color: #ff6600;\">La premi\u00e8re forteresse, la ch\u00e2teau comtal,\u00a0 est ras\u00e9e et plus rien ne reste de son implantation<\/span>. Le ch\u00e2teau que nous connaissons, ne poss\u00e9da plus de d\u00e9fenses, seul un corps de b\u00e2timent fort est maintenu.<\/p>\n<p>Les ann\u00e9es pass\u00e8rent, et la croisade contre les Albigeois rentra dans l\u2019histoire. <span style=\"color: #ff6600;\">De nombreux conflits et razzias d\u00e9vastent les provinces entra\u00eenant peur et ins\u00e9curit\u00e9 dans les territoires<\/span>. Devant ces risques potentiels, Pierre III de Voisins remet en \u00e9tat de d\u00e9fense son ch\u00e2teau. C\u2019est \u00e9galement \u00e0 cette \u00e9poque qu\u2019il renforce une tour qui sert de poudri\u00e8re \u00e0 l\u2019entr\u00e9e du village sur le plateau.<\/p>\n<figure id=\"attachment_1758\" aria-describedby=\"caption-attachment-1758\" style=\"width: 472px\" class=\"wp-caption alignleft\"><img data-recalc-dims=\"1\" loading=\"lazy\" decoding=\"async\" class=\"wp-image-1758\" title=\"L'un des escaliers du ch\u00e2teau des Hautpoul de Rennes-Le-Ch\u00e2teau\" src=\"https:\/\/i0.wp.com\/rennes-le-chateau.org\/wp-content\/uploads\/2019\/08\/Hautpoul02.jpg?resize=472%2C314&#038;ssl=1\" alt=\"L'un des escaliers du ch\u00e2teau des Hautpoul de Rennes-Le-Ch\u00e2teau\" width=\"472\" height=\"314\" srcset=\"https:\/\/i0.wp.com\/rennes-le-chateau.org\/wp-content\/uploads\/2019\/08\/Hautpoul02.jpg?w=1203&amp;ssl=1 1203w, https:\/\/i0.wp.com\/rennes-le-chateau.org\/wp-content\/uploads\/2019\/08\/Hautpoul02.jpg?resize=300%2C200&amp;ssl=1 300w, https:\/\/i0.wp.com\/rennes-le-chateau.org\/wp-content\/uploads\/2019\/08\/Hautpoul02.jpg?resize=768%2C511&amp;ssl=1 768w, https:\/\/i0.wp.com\/rennes-le-chateau.org\/wp-content\/uploads\/2019\/08\/Hautpoul02.jpg?resize=1024%2C681&amp;ssl=1 1024w, https:\/\/i0.wp.com\/rennes-le-chateau.org\/wp-content\/uploads\/2019\/08\/Hautpoul02.jpg?resize=250%2C166&amp;ssl=1 250w, https:\/\/i0.wp.com\/rennes-le-chateau.org\/wp-content\/uploads\/2019\/08\/Hautpoul02.jpg?resize=350%2C233&amp;ssl=1 350w\" sizes=\"auto, (max-width: 472px) 100vw, 472px\" \/><figcaption id=\"caption-attachment-1758\" class=\"wp-caption-text\">L&#8217;un des escaliers du ch\u00e2teau des Hautpoul de Rennes-Le-Ch\u00e2teau<\/figcaption><\/figure>\n<p><span style=\"color: #ff6600;\">En 1361 Henri de Trastamarre, accompagn\u00e9 d\u2019une bande de pillards, met le Raz\u00e8s \u00e0 sac<\/span>. Remontant vers le plateau de Rennes par la passe de Rennes-Les-Bains, il envahit le plateau et met \u00e0 feu et \u00e0 sang le peu de constructions qui restent de l\u2019\u00e9poque Wisigothique. Le si\u00e8ge est mis devant Rennes. Pierre III de Voisins se retira dans le ch\u00e2teau qu\u2019il avait renforc\u00e9 et tient le si\u00e8ge. Finalement, <span style=\"color: #ff6600;\">Trastamarre finit par prendre la cit\u00e9 en faisant exploser la tour servant de poudri\u00e8re<\/span>, lui permettant d&#8217;ouvrir une br\u00e8che dans le mur d&#8217;enceinte laissant s&#8217;engouffrer ses mercenaires assoiff\u00e9s de butin et de sang.<\/p>\n<p>Par miracle, le ch\u00e2teau resta debout. Ses d\u00e9fenses furent mises \u00e0 mal. <span style=\"color: #ff6600;\">A partir de cette \u00e9poque, l\u2019ancienne cit\u00e9 de Rh\u00e9dae et son ch\u00e2teau tombent dans l\u2019oubli<\/span>. Petit \u00e0 petit, la vie reprend ses droits et de nouvelles maisons s&#8217;\u00e9tablissent sur l\u2019ancien oppidum. Le village prend le visage que nous lui connaissons. <span style=\"color: #ff6600;\">C\u2019est \u00e0 partir de ce moment que Rennes devint Rennes-Le-Ch\u00e2teau.<\/span><\/p>\n<p>Fin du XIV <sup>\u00e8me<\/sup> si\u00e8cle, J<span style=\"color: #ff6600;\">eanne de Voisins, fille de Jacques de Voisins \u00e9pouse Sicard de Marquetave<\/span>, elle apporte en dot le village de Rennes-Le-Ch\u00e2teau. De ce mariage nait une fille, Blanche, qui se maria le 3 juin 1422 \u00e0 Pierre de Hautpoul.\u00a0Les Hautpoul sont originaire de Mazamet, et poss\u00e8dent des terres dans le Raz\u00e8s depuis le XII<sup>\u00e8me<\/sup> si\u00e8cle.<\/p>\n<p>Le dernier seigneur de la maison de Rennes fut <span style=\"color: #ff6600;\">Fran\u00e7ois Hautpoul de Rennes, marquis de Blanchefort, seigneur de Saint-Just, le B\u00e9zu, les Bains, Gran\u00e8s, Aussillon<\/span>.<\/p>\n<figure id=\"attachment_1760\" aria-describedby=\"caption-attachment-1760\" style=\"width: 472px\" class=\"wp-caption alignright\"><img data-recalc-dims=\"1\" loading=\"lazy\" decoding=\"async\" class=\"wp-image-1760\" title=\"Blason des Haupoul de Rennes-Le-Ch\u00e2teau et de Marie de N\u00e8gre d'Able\" src=\"https:\/\/i0.wp.com\/rennes-le-chateau.org\/wp-content\/uploads\/2019\/08\/TDL003-B.jpg?resize=472%2C354&#038;ssl=1\" alt=\"Blason des Haupoul de Rennes-Le-Ch\u00e2teau et de Marie de N\u00e8gre d'Able\" width=\"472\" height=\"354\" srcset=\"https:\/\/i0.wp.com\/rennes-le-chateau.org\/wp-content\/uploads\/2019\/08\/TDL003-B.jpg?w=1237&amp;ssl=1 1237w, https:\/\/i0.wp.com\/rennes-le-chateau.org\/wp-content\/uploads\/2019\/08\/TDL003-B.jpg?resize=300%2C225&amp;ssl=1 300w, https:\/\/i0.wp.com\/rennes-le-chateau.org\/wp-content\/uploads\/2019\/08\/TDL003-B.jpg?resize=768%2C576&amp;ssl=1 768w, https:\/\/i0.wp.com\/rennes-le-chateau.org\/wp-content\/uploads\/2019\/08\/TDL003-B.jpg?resize=1024%2C768&amp;ssl=1 1024w, https:\/\/i0.wp.com\/rennes-le-chateau.org\/wp-content\/uploads\/2019\/08\/TDL003-B.jpg?resize=250%2C188&amp;ssl=1 250w, https:\/\/i0.wp.com\/rennes-le-chateau.org\/wp-content\/uploads\/2019\/08\/TDL003-B.jpg?resize=350%2C263&amp;ssl=1 350w\" sizes=\"auto, (max-width: 472px) 100vw, 472px\" \/><figcaption id=\"caption-attachment-1760\" class=\"wp-caption-text\">Blason des Haupoul de Rennes-Le-Ch\u00e2teau et de Marie de N\u00e8gre d&#8217;Able<\/figcaption><\/figure>\n<p>Il \u00e9pouse en 1732<span style=\"color: #ff6600;\"> Marie de N\u00e8gre d\u2019Ables<\/span> qui lui apporte la seigneurie de Niort. Ils eurent trois filles : Marie d\u2019Aussillon, Marie-Anne Elisabeth de Rennes et Marie-Gabrielle de Blanchefort.<\/p>\n<figure id=\"attachment_1762\" aria-describedby=\"caption-attachment-1762\" style=\"width: 472px\" class=\"wp-caption alignleft\"><img data-recalc-dims=\"1\" loading=\"lazy\" decoding=\"async\" class=\"wp-image-1762\" title=\"Fac-simil\u00e9 de la st\u00e8le de la tombe de Marie de N\u00e8gre d'Able\" src=\"https:\/\/i0.wp.com\/rennes-le-chateau.org\/wp-content\/uploads\/2019\/08\/RLC006.jpg?resize=472%2C354&#038;ssl=1\" alt=\"Fac-simil\u00e9 de la st\u00e8le de la tombe de Marie de N\u00e8gre d'Able\" width=\"472\" height=\"354\" srcset=\"https:\/\/i0.wp.com\/rennes-le-chateau.org\/wp-content\/uploads\/2019\/08\/RLC006.jpg?w=1600&amp;ssl=1 1600w, https:\/\/i0.wp.com\/rennes-le-chateau.org\/wp-content\/uploads\/2019\/08\/RLC006.jpg?resize=300%2C225&amp;ssl=1 300w, https:\/\/i0.wp.com\/rennes-le-chateau.org\/wp-content\/uploads\/2019\/08\/RLC006.jpg?resize=768%2C576&amp;ssl=1 768w, https:\/\/i0.wp.com\/rennes-le-chateau.org\/wp-content\/uploads\/2019\/08\/RLC006.jpg?resize=1024%2C768&amp;ssl=1 1024w, https:\/\/i0.wp.com\/rennes-le-chateau.org\/wp-content\/uploads\/2019\/08\/RLC006.jpg?resize=250%2C188&amp;ssl=1 250w, https:\/\/i0.wp.com\/rennes-le-chateau.org\/wp-content\/uploads\/2019\/08\/RLC006.jpg?resize=350%2C263&amp;ssl=1 350w\" sizes=\"auto, (max-width: 472px) 100vw, 472px\" \/><figcaption id=\"caption-attachment-1762\" class=\"wp-caption-text\">Fac-simil\u00e9 de la st\u00e8le de la tombe de Marie de N\u00e8gre d&#8217;Able<\/figcaption><\/figure>\n<p><span style=\"color: #ff6600;\">Marie de N\u00e8gre d\u2019Able, Dame de Blanchefort<\/span> d\u00e9c\u00e8de le 17 janvier 1781 \u00e0 Rennes-Le-Ch\u00e2teau et est inhum\u00e9e dans le cimeti\u00e8re o\u00f9 la l\u00e9gende dit que son confesseur l\u2019abb\u00e9 Bigou fit graver la fameuse dalle mortuaire qui fera couler tant d\u2019encre.<\/p>\n<p><span style=\"color: #ff6600;\">Marie-Anne Elisabeth d\u2019Hautpou<\/span>l, appel\u00e9e Mademoiselle de Rennes, h\u00e9riti\u00e8re des biens de Rennes-Le-Ch\u00e2teau, c\u00e9libataire, v\u00e9cut seule avec sa servante et un domestique. Au cours de l\u2019\u00e9poque r\u00e9volutionnaire, elle se trouve dans de nombreuses difficult\u00e9s financi\u00e8res entra\u00eenant une vente aux ench\u00e8res de ses biens pour 52000 F en 1816. Elle meurt en 1820.<\/p>\n<p>A dat\u00e9 de cette \u00e9poque, le ch\u00e2teau des Hautpoul ne connut plus de famille noble et tomba dans les mains de propri\u00e9taires issus du peuple. <span style=\"color: #ff6600;\">La noblesse Rh\u00e9daesienne entrait dans l\u2019histoire, quelques ann\u00e9es plus tard, avec l\u2019arriv\u00e9 de B\u00e9renger Sauni\u00e8re elle entrait dans la l\u00e9gende.<\/span><\/p>\n<p><strong><img data-recalc-dims=\"1\" loading=\"lazy\" decoding=\"async\" class=\"size-full wp-image-1609 alignleft\" src=\"https:\/\/i0.wp.com\/rennes-le-chateau.org\/wp-content\/uploads\/2019\/08\/IconeHP-e1566047268923.png?resize=25%2C25&#038;ssl=1\" alt=\"\" width=\"25\" height=\"25\" align=\"absmiddle\" \/>Ecoutez le texte de cette page au format MP3 :<\/strong><\/p>\n<!--[if lt IE 9]><script>document.createElement('audio');<\/script><![endif]-->\n<audio class=\"wp-audio-shortcode\" id=\"audio-1753-1\" preload=\"none\" style=\"width: 100%;\" controls=\"controls\"><source type=\"audio\/mpeg\" src=\"https:\/\/rennes-le-chateau.org\/wp-content\/uploads\/2019\/08\/LeChateauHaupoul-01.mp3?_=1\" \/><a href=\"https:\/\/rennes-le-chateau.org\/wp-content\/uploads\/2019\/08\/LeChateauHaupoul-01.mp3\">https:\/\/rennes-le-chateau.org\/wp-content\/uploads\/2019\/08\/LeChateauHaupoul-01.mp3<\/a><\/audio>\n","protected":false},"excerpt":{"rendered":"<p>Avec ce chapitre, nous allons aller dans l\u2019histoire m\u00e9di\u00e9vale et quasi contemporaine de Rennes-Le-Ch\u00e2teau. Nous verrons ce que devint l\u2019antique Rh\u00e9dae au cours de la Croisade contre les Albigeois, puis comment de petits seigneurs du nord de la France purent s\u2019emparer de l\u2019ancienne forteresse. Nous verrons \u00e9galement pourquoi Rennes-Le-Ch\u00e2teau tomba dans l\u2019oubli de l\u2019histoire apr\u00e8s &hellip; <\/p>\n<p class=\"link-more\"><a href=\"https:\/\/rennes-le-chateau.org\/index.php\/le-site\/les-origines-de-rlc\/le-chateau-des-hautpoul\/\" class=\"more-link\">Continuer la lecture<span class=\"screen-reader-text\"> de &laquo;&nbsp;Le Ch\u00e2teau des Hautpoul&nbsp;&raquo;<\/span><\/a><\/p>\n","protected":false},"author":1,"featured_media":0,"parent":105,"menu_order":0,"comment_status":"open","ping_status":"closed","template":"","meta":{"jetpack_post_was_ever_published":false,"footnotes":""},"class_list":["post-1753","page","type-page","status-publish","hentry"],"jetpack_sharing_enabled":true,"jetpack_shortlink":"https:\/\/wp.me\/P9SxBn-sh","_links":{"self":[{"href":"https:\/\/rennes-le-chateau.org\/index.php\/wp-json\/wp\/v2\/pages\/1753","targetHints":{"allow":["GET"]}}],"collection":[{"href":"https:\/\/rennes-le-chateau.org\/index.php\/wp-json\/wp\/v2\/pages"}],"about":[{"href":"https:\/\/rennes-le-chateau.org\/index.php\/wp-json\/wp\/v2\/types\/page"}],"author":[{"embeddable":true,"href":"https:\/\/rennes-le-chateau.org\/index.php\/wp-json\/wp\/v2\/users\/1"}],"replies":[{"embeddable":true,"href":"https:\/\/rennes-le-chateau.org\/index.php\/wp-json\/wp\/v2\/comments?post=1753"}],"version-history":[{"count":6,"href":"https:\/\/rennes-le-chateau.org\/index.php\/wp-json\/wp\/v2\/pages\/1753\/revisions"}],"predecessor-version":[{"id":1778,"href":"https:\/\/rennes-le-chateau.org\/index.php\/wp-json\/wp\/v2\/pages\/1753\/revisions\/1778"}],"up":[{"embeddable":true,"href":"https:\/\/rennes-le-chateau.org\/index.php\/wp-json\/wp\/v2\/pages\/105"}],"wp:attachment":[{"href":"https:\/\/rennes-le-chateau.org\/index.php\/wp-json\/wp\/v2\/media?parent=1753"}],"curies":[{"name":"wp","href":"https:\/\/api.w.org\/{rel}","templated":true}]}}