{"id":133,"date":"2018-04-30T15:47:54","date_gmt":"2018-04-30T13:47:54","guid":{"rendered":"http:\/\/rennes-le-chateau.org\/?page_id=133"},"modified":"2019-08-17T15:41:30","modified_gmt":"2019-08-17T13:41:30","slug":"lor-de-rennes-de-gerard-de-sede","status":"publish","type":"page","link":"https:\/\/rennes-le-chateau.org\/index.php\/le-site\/laffaire-moderne-de-rlc\/lor-de-rennes-de-gerard-de-sede\/","title":{"rendered":"L&#8217;Or De Rennes &#8211; De G\u00e9rard de S\u00e8de"},"content":{"rendered":"<h6><span style=\"color: #808080;\"><a href=\"https:\/\/rennes-le-chateau.org\/\"><span style=\"color: #999999;\">Accueil<\/span><\/a> \/<span style=\"color: #999999;\"> <a style=\"color: #999999;\" href=\"https:\/\/rennes-le-chateau.org\/index.php\/le-site\/\">Etudes et Analyses<\/a><\/span><\/span> \/ <a href=\"https:\/\/rennes-le-chateau.org\/index.php\/laffaire-moderne-de-rlc\/\"><span style=\"color: #999999;\">L&#8217;affaire moderne de Rennes-Le-Ch\u00e2teau<\/span><\/a><\/h6>\n<p><span style=\"font-weight: 400;\"><span style=\"color: #ff6600;\">C&#8217;est en 1967 que parut le livre de G\u00e9rard de S\u00e8de, &#8220;<em>L&#8217;Or de Rennes<\/em>&#8220;<\/span> qui devint pour de nombreux passionn\u00e9s d&#8217;\u00e9sot\u00e9risme un v\u00e9ritable livre de chevet.<\/span><\/p>\n<p style=\"text-align: center;\"><img data-recalc-dims=\"1\" loading=\"lazy\" decoding=\"async\" class=\" wp-image-1030 alignleft\" src=\"https:\/\/i0.wp.com\/rennes-le-chateau.org\/wp-content\/uploads\/2018\/08\/ODR-193x300.jpg?resize=261%2C406\" alt=\"\" width=\"261\" height=\"406\" srcset=\"https:\/\/i0.wp.com\/rennes-le-chateau.org\/wp-content\/uploads\/2018\/08\/ODR.jpg?resize=193%2C300&amp;ssl=1 193w, https:\/\/i0.wp.com\/rennes-le-chateau.org\/wp-content\/uploads\/2018\/08\/ODR.jpg?resize=250%2C389&amp;ssl=1 250w, https:\/\/i0.wp.com\/rennes-le-chateau.org\/wp-content\/uploads\/2018\/08\/ODR.jpg?w=321&amp;ssl=1 321w\" sizes=\"auto, (max-width: 261px) 100vw, 261px\" \/><\/p>\n<p><span style=\"font-weight: 400;\">G\u00e9rard de S\u00e8de \u00e9tait connu du grand public depuis 1962, ann\u00e9e o\u00f9 il publia son fameux livre \u201c<em><span style=\"color: #ff6600;\">Les Templiers sont parmi nous<\/span><\/em>\u201d. Ce Best seller qui retra\u00e7ait <span style=\"color: #ff6600;\">la fameuse affaire du tr\u00e9sor des Templiers de Gisors<\/span> fut pour son auteur le levier qui le fit conna\u00eetre du grand public.<\/span><\/p>\n<p><span style=\"font-weight: 400;\">G\u00e9rard de S\u00e8de est un personnage atypique ; Noble de par son ascendance au titre de Baron, il n\u2019en fut pas moins Trotskiste. <\/span><\/p>\n<p><span style=\"font-weight: 400;\"><span style=\"color: #ff6600;\">D\u00e8s ses 17 ans il entre en politique<\/span> et int\u00e8gre l\u2019un des mouvement Trotskiste les plus ferm\u00e9 celui du Parti des Ouvriers International. Tr\u00e8s rapidement, il int\u00e8gre le mouvement des <span style=\"color: #ff6600;\">Surr\u00e9aliste, fond\u00e9 par Andr\u00e9 Breton<\/span>, dans le Quartier Latin de Paris, lui permettant de recruter de jeunes \u00e9tudiants.<\/span><\/p>\n<p><span style=\"font-weight: 400;\">Au cours de la deuxi\u00e8me guerre mondiale G\u00e9rard de S\u00e8de prendra le maquis et r\u00e9sistera aux forces allemandes ayant envahi la France. A la lib\u00e9ration de Paris, il prendra la t\u00eate d\u2019un groupe de r\u00e9sistant et <span style=\"color: #ff6600;\">s\u2019emparera de la mairie du quatorzi\u00e8me arrondissement de Paris.<\/span><\/span><\/p>\n<p><span style=\"font-weight: 400;\">Aimant l&#8217;\u00e9criture plus que tout, <span style=\"color: #ff6600;\">G\u00e9rard de S\u00e8de de son vrai nom De S\u00e8de De Lieoux,<\/span> deviendra journaliste.<\/span><\/p>\n<p><span style=\"font-weight: 400;\">Apr\u00e8s bien des p\u00e9r\u00e9grinations et des emb\u00fbches de la vie, G\u00e9rard de S\u00e8de s\u2019installe comme agriculteur dans le Vexin Normand. <span style=\"color: #ff6600;\">C\u2019est l\u00e0 que qu\u2019il rencontrera Roger Lhomoy<\/span>, mais en r\u00e9alit\u00e9 c\u2019est son \u00e9pouse Sophie qui rencontrera l\u2019ancien gardien du ch\u00e2teau de Gisors en premier, comme elle le pr\u00e9cise elle m\u00eame <span style=\"color: #ff6600;\">dans une interview vid\u00e9o que nous poss\u00e9dons et qui ne fut jamais diffus\u00e9e<\/span>, et qui lui racontera son \u00e9pop\u00e9e souterraine dans les sous sol du ch\u00e2teau de Gisors.<\/span><\/p>\n<p><span style=\"font-weight: 400;\">G\u00e9rard de S\u00e8de sentant le scoop<span style=\"color: #ff6600;\"> \u00e9crit un article complet sur cette incroyable affaire qui sera publi\u00e9 dans Ici Paris<\/span>. De l\u00e0, il sera invit\u00e9 avec Roger Lhomoy sur les plateaux de t\u00e9l\u00e9vision o\u00f9 les deux hommes relatent l\u2019affaire de Gisors.<\/span><\/p>\n<p><span style=\"font-weight: 400;\">Peu de temps apr\u00e8s cette manifestation dans les m\u00e9dias, <span style=\"color: #ff6600;\">G\u00e9rard de S\u00e8de est contact\u00e9 par un homme<\/span> lui pr\u00e9cisant que l\u2019affaire de Gisors est un arbre qui cache la for\u00eat ; cet homme se nomme <span style=\"color: #ff6600;\">Pierre Plantard. Il lui fait parvenir un dossier complet comportant des documents surprenants<\/span>.<\/span><\/p>\n<p><span style=\"font-weight: 400;\">C\u2019est de ce dossier qu\u2019est issu \u201c<em><span style=\"color: #ff6600;\">Les Templiers Sont Parmi Nous<\/span><\/em>\u201d qu\u2019il publie en 1962 en partenariat avec \u2026. Pierre Plantard. Le livre aura un succ\u00e8s sans pr\u00e9c\u00e9dent, mais il ne s\u2019agissait l\u00e0 que du hors d\u2019oeuvre. <\/span><\/p>\n<p><span style=\"font-weight: 400;\"><span style=\"color: #ff6600;\">De ce dossier sortira un second livre \u201c<em>L\u2019or de Rennes<\/em>\u201d<\/span> qui viendra compl\u00e9ter les r\u00e9v\u00e9lations du premier livre et qui orientera d\u00e9finitivement les chercheurs vers Rennes-Le-Ch\u00e2teau. G\u00e9rard de S\u00e8de sera celui qui mettra en forme les textes et les pens\u00e9es de Pierre Plantard,<span style=\"color: #ff6600;\"> car ce livre tout comme le premier est le fruit de leur collaboration. <\/span><\/span><\/p>\n<p><span style=\"font-weight: 400;\">Cette r\u00e9daction se fait entre 1964 et 1965 et <strong><span style=\"color: #ff6600;\">il est important de noter qu\u2019\u00e0 ce moment, G\u00e9rard de S\u00e8de ne s\u2019est jamais rendu \u00e0 Rennes-Le-Ch\u00e2teau<\/span><\/strong>. <span style=\"color: #ff6600;\">Il n\u2019y viendra qu\u2019en 1966<\/span>, quelques mois avant la publication de \u201c<em>L\u2019Or de Rennes<\/em>\u201d. Il s\u00e9journera \u00e0 l\u2019h\u00f4tel de la Tour de No\u00ebl Corbu qu\u2019il rencontre et avec qui il a de nombreux \u00e9changes.<\/span><\/p>\n<p><span style=\"font-weight: 400;\">Finalement, pour des raisons purement mercantiles, <span style=\"color: #ff6600;\">G\u00e9rard de S\u00e8de se f\u00e2che avec Pierre Plantard<\/span> et va mener sa propre enqu\u00eate sur Rennes-Le-Ch\u00e2teau, le conduisant \u00e0 rencontrer de nouvelles personnes lui ouvrant d\u2019autres voies.<\/span><\/p>\n<p><span style=\"font-weight: 400;\">Ce qui ressort de cette \u00e9tude est que <span style=\"color: #ff6600;\">Pierre Plantard est le ma\u00eetre d\u2019oeuvre des deux principaux ouvrages de G\u00e9rard de S\u00e8de qui lui en est le ma\u00eetre d\u2019ouvrage<\/span> et que cette association s\u2019est faite autour d\u2019un contrat contract\u00e9 avec les \u00e9ditions Juilliard o\u00f9 l\u2019un et l\u2019autre apparaissent bien en tant qu\u2019auteurs des deux livres, mais Pierre Plantard d\u00e9cide \u00e0 ce moment \u00e0 ne pas appara\u00eetre, du moins dans \u201c<em>L\u2019Or de Rennes<\/em>\u201d alors que dans \u201c<em>Les Templiers Sont Parmi Nous<\/em>\u201d, il appara\u00eet en tant que documentaliste. <\/span><\/p>\n<p><span style=\"font-weight: 400;\"><span style=\"color: #ff6600;\">Pierre Plantard est un personnage obscure<\/span> ayant eu des positionnements politiques particuliers et contestables.<\/span><\/p>\n<p><span style=\"font-weight: 400;\">Il n\u2019en est pas moins un personnage \u00e9tonnant qui semble \u00eatre d\u00e9tenteur d\u2019un savoir particulier qui conduit aux deux grandes \u00e9nigmes que sont Gisors et Rennes-Le-Ch\u00e2teau. <span style=\"color: #ff6600;\">Mais la vraie question qu\u2019il est n\u00e9cessaire de se poser est : De qui d\u00e9tenait-il se savoir<\/span> ? Peut-\u00eatre est il bon de suivre la trace de son grand p\u00e8re, Charles Plantard &#8230;<\/span><\/p>\n<p><span style=\"color: #ff6600;\"><em>Pour en savoir plus<\/em><\/span> :<\/p>\n<p><iframe loading=\"lazy\" title=\"13- L&#039;Or De Rennes\" width=\"525\" height=\"295\" src=\"https:\/\/www.youtube.com\/embed\/HiRZm9tTfCk?feature=oembed\" frameborder=\"0\" allow=\"accelerometer; autoplay; clipboard-write; encrypted-media; gyroscope; picture-in-picture; web-share\" referrerpolicy=\"strict-origin-when-cross-origin\" allowfullscreen><\/iframe><\/p>\n<p><img data-recalc-dims=\"1\" loading=\"lazy\" decoding=\"async\" class=\"alignleft wp-image-1609 size-full\" src=\"https:\/\/i0.wp.com\/rennes-le-chateau.org\/wp-content\/uploads\/2019\/08\/IconeHP-e1566047268923.png?resize=25%2C25&#038;ssl=1\" alt=\"\" width=\"25\" height=\"25\" align=\"absmiddle\" \/>T\u00e9l\u00e9charger le fichier audio de la vid\u00e9o : <span style=\"color: #ff6600;\"><strong><a style=\"color: #ff6600;\" href=\"https:\/\/rennes-le-chateau.org\/wp-content\/uploads\/2019\/08\/13-L-Or-De-Rennes.zip\">L&#8217;Or De Rennes de G\u00e9rard de S\u00e8de<\/a><\/strong><\/span><\/p>\n<p>&nbsp;<\/p>\n","protected":false},"excerpt":{"rendered":"<p>Accueil \/ Etudes et Analyses \/ L&#8217;affaire moderne de Rennes-Le-Ch\u00e2teau C&#8217;est en 1967 que parut le livre de G\u00e9rard de S\u00e8de, &#8220;L&#8217;Or de Rennes&#8220; qui devint pour de nombreux passionn\u00e9s d&#8217;\u00e9sot\u00e9risme un v\u00e9ritable livre de chevet. G\u00e9rard de S\u00e8de \u00e9tait connu du grand public depuis 1962, ann\u00e9e o\u00f9 il publia son fameux livre \u201cLes Templiers &hellip; <\/p>\n<p class=\"link-more\"><a href=\"https:\/\/rennes-le-chateau.org\/index.php\/le-site\/laffaire-moderne-de-rlc\/lor-de-rennes-de-gerard-de-sede\/\" class=\"more-link\">Continuer la lecture<span class=\"screen-reader-text\"> de &laquo;&nbsp;L&#8217;Or De Rennes &#8211; De G\u00e9rard de S\u00e8de&nbsp;&raquo;<\/span><\/a><\/p>\n","protected":false},"author":1,"featured_media":0,"parent":130,"menu_order":0,"comment_status":"open","ping_status":"closed","template":"","meta":{"jetpack_post_was_ever_published":false,"footnotes":""},"class_list":["post-133","page","type-page","status-publish","hentry"],"jetpack_sharing_enabled":true,"jetpack_shortlink":"https:\/\/wp.me\/P9SxBn-29","_links":{"self":[{"href":"https:\/\/rennes-le-chateau.org\/index.php\/wp-json\/wp\/v2\/pages\/133","targetHints":{"allow":["GET"]}}],"collection":[{"href":"https:\/\/rennes-le-chateau.org\/index.php\/wp-json\/wp\/v2\/pages"}],"about":[{"href":"https:\/\/rennes-le-chateau.org\/index.php\/wp-json\/wp\/v2\/types\/page"}],"author":[{"embeddable":true,"href":"https:\/\/rennes-le-chateau.org\/index.php\/wp-json\/wp\/v2\/users\/1"}],"replies":[{"embeddable":true,"href":"https:\/\/rennes-le-chateau.org\/index.php\/wp-json\/wp\/v2\/comments?post=133"}],"version-history":[{"count":12,"href":"https:\/\/rennes-le-chateau.org\/index.php\/wp-json\/wp\/v2\/pages\/133\/revisions"}],"predecessor-version":[{"id":1691,"href":"https:\/\/rennes-le-chateau.org\/index.php\/wp-json\/wp\/v2\/pages\/133\/revisions\/1691"}],"up":[{"embeddable":true,"href":"https:\/\/rennes-le-chateau.org\/index.php\/wp-json\/wp\/v2\/pages\/130"}],"wp:attachment":[{"href":"https:\/\/rennes-le-chateau.org\/index.php\/wp-json\/wp\/v2\/media?parent=133"}],"curies":[{"name":"wp","href":"https:\/\/api.w.org\/{rel}","templated":true}]}}