{"id":131,"date":"2018-04-30T15:47:54","date_gmt":"2018-04-30T13:47:54","guid":{"rendered":"http:\/\/rennes-le-chateau.org\/?page_id=131"},"modified":"2019-08-17T15:39:48","modified_gmt":"2019-08-17T13:39:48","slug":"noel-corbu-et-rennes-le-chateau","status":"publish","type":"page","link":"https:\/\/rennes-le-chateau.org\/index.php\/le-site\/laffaire-moderne-de-rlc\/noel-corbu-et-rennes-le-chateau\/","title":{"rendered":"No\u00ebl Corbu et Rennes-Le-Ch\u00e2teau"},"content":{"rendered":"<h6><span style=\"color: #808080;\"><a href=\"https:\/\/rennes-le-chateau.org\/\"><span style=\"color: #999999;\">Accueil<\/span><\/a> \/<span style=\"color: #999999;\"> <a style=\"color: #999999;\" href=\"https:\/\/rennes-le-chateau.org\/index.php\/le-site\/\">Etudes et Analyses<\/a><\/span><\/span> \/ <a href=\"https:\/\/rennes-le-chateau.org\/index.php\/laffaire-moderne-de-rlc\/\"><span style=\"color: #999999;\">L&#8217;affaire moderne de Rennes-Le-Ch\u00e2teau<\/span><\/a><\/h6>\n<p><span style=\"color: #ff6600;\"><img data-recalc-dims=\"1\" loading=\"lazy\" decoding=\"async\" class=\"wp-image-1419 alignleft\" src=\"https:\/\/i0.wp.com\/rennes-le-chateau.org\/wp-content\/uploads\/2019\/08\/Corbu01.jpg?resize=326%2C183&#038;ssl=1\" alt=\"\" width=\"326\" height=\"183\" srcset=\"https:\/\/i0.wp.com\/rennes-le-chateau.org\/wp-content\/uploads\/2019\/08\/Corbu01.jpg?resize=1024%2C576&amp;ssl=1 1024w, https:\/\/i0.wp.com\/rennes-le-chateau.org\/wp-content\/uploads\/2019\/08\/Corbu01.jpg?resize=300%2C169&amp;ssl=1 300w, https:\/\/i0.wp.com\/rennes-le-chateau.org\/wp-content\/uploads\/2019\/08\/Corbu01.jpg?resize=768%2C432&amp;ssl=1 768w, https:\/\/i0.wp.com\/rennes-le-chateau.org\/wp-content\/uploads\/2019\/08\/Corbu01.jpg?resize=250%2C141&amp;ssl=1 250w, https:\/\/i0.wp.com\/rennes-le-chateau.org\/wp-content\/uploads\/2019\/08\/Corbu01.jpg?resize=350%2C197&amp;ssl=1 350w, https:\/\/i0.wp.com\/rennes-le-chateau.org\/wp-content\/uploads\/2019\/08\/Corbu01.jpg?w=1920&amp;ssl=1 1920w, https:\/\/i0.wp.com\/rennes-le-chateau.org\/wp-content\/uploads\/2019\/08\/Corbu01.jpg?w=1575&amp;ssl=1 1575w\" sizes=\"auto, (max-width: 326px) 100vw, 326px\" \/>No\u00ebl Corbu<\/span> est, si l&#8217;on peut dire, l&#8217;instigateur de l&#8217;affaire moderne de Rennes-Le-Ch\u00e2teau, en eut il conscience, nul ne peut le pr\u00e9tendre. <span style=\"color: #ff6600;\">Toutefois, il se servit de l&#8217;histoire de B\u00e9renger Sauni\u00e8re dans un but initial purement marketing<\/span> comme vous pourrez le constater.<\/p>\n<p>Homme d&#8217;affaire subissant r\u00e9guli\u00e8rement des revers de fortune, No\u00ebl Corbu et sa famille s&#8217;installeront dans les Corbi\u00e8res d\u00e8s la fin de la seconde guerre mondiale. Il semble admis que <span style=\"color: #ff6600;\">c&#8217;est au cours de l&#8217;ann\u00e9e 1945 que les Corbu d\u00e9couvrent Rennes-Le-Ch\u00e2teau<\/span> et son histoire apr\u00e8s avoir rencontr\u00e9 Marie D\u00e9narnaud.<\/p>\n<p>Toujours \u00e0 le recherche d&#8217;une bonne affaire, No\u00ebl Corbu reprend le chemin du Maroc pour tenter de lancer une nouvelle affaire qui, h\u00e9las, \u00e0 l&#8217;instar des pr\u00e9c\u00e9dentes, capotes.<\/p>\n<p>Depuis la mort de B\u00e9renger Sauni\u00e8re, <span style=\"color: #ff6600;\">Marie D\u00e9narnaud \u00e9conduit toutes les propositions d&#8217;achat du domaine du Cur\u00e9<\/span> et notamment celles de l&#8217;\u00e9v\u00each\u00e9<span style=\"font-size: 1rem;\">\u00a0de Carcassonne qui lui adressera de nombreuses propositions d&#8217;achats sur diff\u00e9rents tons, allant de celui de la compr\u00e9hension \u00e0 celui de la menace ; mais Marie ne <\/span>changera<span style=\"font-size: 1rem;\">\u00a0pas de cap et continuera \u00e0 <\/span>rejeter<span style=\"font-size: 1rem;\">\u00a0toutes ces demandes<\/span><span style=\"font-size: 1rem;\">, puisque, non seulement elle \u00e9tait h\u00e9riti\u00e8re des biens de B\u00e9renger Sauni\u00e8re, mais surtout par ce qu&#8217;<span style=\"color: #ff6600;\">elle avait toujours \u00e9t\u00e9 la seule et unique propri\u00e9taire des immeubles et terrains construits \u00e0 la demande du Cur\u00e9 de Rennes-Le-Ch\u00e2teau<\/span>. C&#8217;est ce que r\u00e9v\u00e9la le testament du pr\u00eatre et les actes de propri\u00e9t\u00e9s au moment du partage testamentaire.<\/span><\/p>\n<p>Mais Marie \u00e9tait attach\u00e9e \u00e0 la famille Corbu, \u00e0 tel point point qu&#8217;elle d\u00e9signa la famille Corbu comme <span style=\"color: #ff6600;\">l\u00e9gataires universels par testament le 26 juillet 1946<\/span> et lorsque <span style=\"color: #ff6600;\">No\u00ebl Corbului proposa d&#8217;acheter le domaine \u00e0 Marie<\/span>, celle-ci, contre toute attente accepta, mais \u00e0 certaines conditions &#8230;.<\/p>\n<p>Ces conditions \u00e9taient simples, d&#8217;une part elle voulait <span style=\"color: #ff6600;\">vendre le domaine en viager<\/span>, ceci lui assurant une rentr\u00e9e d&#8217;argent rapide ainsi qu&#8217;une rente financi\u00e8re r\u00e9guli\u00e8re et d&#8217;autre part, que la Famille Corbu s\u2019occupe d&#8217;elle sur sa fin de vie ; elle avait atteint ses 83 ans. Cela se passait en 1950.<\/p>\n<p>La famille Corbu s&#8217;installa donc dans le Domaine et plus pr\u00e9cis\u00e9ment dans la Villa B\u00e9thanie, quant \u00e0 Marie, elle, elle resta dans le presbyt\u00e8re qu&#8217;elle ne voulait pas quitter tout comme lorsqu&#8217;elle vivait avec B\u00e9renger Sauni\u00e8re qui lui aussi ne voulait pas quitter ces lieux.<\/p>\n<p>Malgr\u00e9 tous ses efforts, No\u00ebl Corbu avait de grosses difficult\u00e9s financi\u00e8res et bataillait pour faire entrer l&#8217;argent dans son foyer. Marie, le voyant ainsi se d\u00e9battre, lui dit de nombreuses fois : &#8220;<em><strong><span style=\"color: #ff6600;\">M<\/span><\/strong><strong><span style=\"color: #ff6600;\">on bon No\u00ebl, ne soyez pas inquiet, avant de mourir je vous r\u00e9v\u00e9lerai un secret qui fera de vous quelqu&#8217;un de riche, tr\u00e8s riche &#8230;<\/span><\/strong><\/em>&#8221;<\/p>\n<p><span style=\"color: #ff6600;\">A la fin janvier 1953<\/span>, Marie tombe malade, la famille Corbu prit soin d&#8217;elle. Mais le 29 janvier son \u00e9tat se d\u00e9grade rapidement et <span style=\"color: #ff6600;\">Marie fut frapp\u00e9e par une attaque la privant de parole<\/span>, elle s&#8217;\u00e9teint \u00e0 10 heures du matin sans avoir pu r\u00e9v\u00e9ler quoi que ce soit \u00e0 No\u00ebl Corbu qui, pourtant, resta \u00e0 son chevet jusqu&#8217;\u00e0 son dernier souffle.<\/p>\n<p>La disparition de Marie D\u00e9narnaud, &#8220;<span style=\"color: #ff6600;\">lib\u00e9ra<\/span>&#8221; No\u00ebl Corbu, qui d\u00e9cida alors de cr\u00e9er un restaurant dans l&#8217;ancien domaine de B\u00e9renger Sauni\u00e8re, il le baptisa le <span style=\"color: #ff6600;\">Restaurant de La Tour<\/span>. Afin de captiver ses clients,<span style=\"color: #ff6600;\"> il cr\u00e9a un texte racontant la fabuleuse histoire de Rennes-Le-Ch\u00e2teau et de son cur\u00e9<\/span>. Ainsi, lors du repas, les clients du restaurant pouvaient entendre la voix de No\u00ebl Corbu raconter cette incroyable histoire diffus\u00e9e au travers de haut-parleurs.<\/p>\n<p>Toutefois, la position du village de Rennes-Le-Ch\u00e2teau ne rend pas son acc\u00e8s facile et faire monter des clients au restaurant est difficile, mais <span style=\"color: #ff6600;\">la chance sourit \u00e0 No\u00ebl Corbu.<\/span><\/p>\n<p>Un journaliste de la D\u00e9p\u00eache du Midi vint un jour de d\u00e9cembre 1955 d\u00e9jeuner au restaurant ; entendant la bande magn\u00e9tique, il vit un int\u00e9r\u00eat \u00e0 cette histoire d&#8217;autant qu&#8217;\u00e0 cette \u00e9poque de f\u00eates de fin d&#8217;ann\u00e9e, les informations locales n&#8217;\u00e9taient pas palpitantes. Apr\u00e8s en avoir \u00e9chang\u00e9 avec No\u00ebl Corbu, le journaliste, qui se nommait Albert Salamon, publia dans les num\u00e9ros de la D\u00e9p\u00eache du Midi des 12, 13 et 14 janvier 1956 trois articles qui de part leurs titres &#8220;<strong><span style=\"color: #ff6600;\">Le Cur\u00e9 aux Milliards de Rennes-Le-Ch\u00e2teau<\/span><\/strong>&#8221; eurent un impact consid\u00e9rable.<\/p>\n<p><span style=\"color: #ff6600;\">Par la suite la RTF (Radio T\u00e9l\u00e9vision de France) en 1961 fera une \u00e9mission sp\u00e9ciale sur Rennes-Le-Ch\u00e2teau qui se nomma &#8220;La Roue Tourne&#8221;<\/span>. No\u00ebl Corbu, d\u00e9guis\u00e9 en pr\u00eatre, y incarnera B\u00e9renger Sauni\u00e8re.<\/p>\n<p>Puis en 1962, <span style=\"color: #ff6600;\">Robert Charroux publiera son c\u00e9l\u00e8bre livre, &#8220;Tr\u00e9sors du Monde&#8221;<\/span>, dans lequel il consacrera un chapitre entier \u00e0 l&#8217;affaire de Rennes-Le-Ch\u00e2teau.<\/p>\n<p>No\u00ebl Corbu profitera de la m\u00e2nes apport\u00e9e par cette renomm\u00e9e naissante du site jusqu&#8217;<span style=\"color: #ff6600;\">en 1965, ann\u00e9e o\u00f9 il vendit \u00e0 Henri Buthion son domaine<\/span>.<\/p>\n<p>C&#8217;est le 20 mai 1968 que No\u00ebl Corbu trouvera la mort dans un accident de voiture entre Carcassonne et Montpellier.<\/p>\n<p>L&#8217;affaire moderne de Rennes-Le-Ch\u00e2teau \u00e9tait lanc\u00e9e&#8230;.<\/p>\n<p><a href=\"http:\/\/rennes-le-chateau.org\/wp-content\/uploads\/2018\/05\/1955-le-texte-de-noel-corbu.pdf\" target=\"_blank\" rel=\"noopener noreferrer\"><span style=\"color: #ff6600;\"><strong>Le texte de No\u00ebl Corbu diffus\u00e9 dans son restaurant La Tou<\/strong><\/span>r<\/a> &#8211; <em>Document PDF<\/em><\/p>\n<p><span style=\"color: #ff6600;\">La gen\u00e8se de l&#8217;affaire moderne<\/span> :<\/p>\n<p><iframe loading=\"lazy\" title=\"11 - Le Cur\u00e9 Aux Milliards\" width=\"525\" height=\"295\" src=\"https:\/\/www.youtube.com\/embed\/28c91GcAqO0?feature=oembed\" frameborder=\"0\" allow=\"accelerometer; autoplay; clipboard-write; encrypted-media; gyroscope; picture-in-picture; web-share\" referrerpolicy=\"strict-origin-when-cross-origin\" allowfullscreen><\/iframe><\/p>\n<p><img data-recalc-dims=\"1\" loading=\"lazy\" decoding=\"async\" class=\"alignleft wp-image-1609 size-full\" src=\"https:\/\/i0.wp.com\/rennes-le-chateau.org\/wp-content\/uploads\/2019\/08\/IconeHP-e1566047268923.png?resize=25%2C25&#038;ssl=1\" alt=\"\" width=\"25\" height=\"25\" align=\"absmiddle\" \/>T\u00e9l\u00e9charger le fichier audio de la vid\u00e9o : <a href=\"https:\/\/rennes-le-chateau.org\/wp-content\/uploads\/2019\/08\/11-Le-Cur\u00e9-Aux-Milliards.zip\"><span style=\"color: #ff6600;\"><strong>Le Cur\u00e9 Aux Milliards<\/strong><\/span><\/a><\/p>\n","protected":false},"excerpt":{"rendered":"<p>Accueil \/ Etudes et Analyses \/ L&#8217;affaire moderne de Rennes-Le-Ch\u00e2teau No\u00ebl Corbu est, si l&#8217;on peut dire, l&#8217;instigateur de l&#8217;affaire moderne de Rennes-Le-Ch\u00e2teau, en eut il conscience, nul ne peut le pr\u00e9tendre. Toutefois, il se servit de l&#8217;histoire de B\u00e9renger Sauni\u00e8re dans un but initial purement marketing comme vous pourrez le constater. Homme d&#8217;affaire subissant &hellip; <\/p>\n<p class=\"link-more\"><a href=\"https:\/\/rennes-le-chateau.org\/index.php\/le-site\/laffaire-moderne-de-rlc\/noel-corbu-et-rennes-le-chateau\/\" class=\"more-link\">Continuer la lecture<span class=\"screen-reader-text\"> de &laquo;&nbsp;No\u00ebl Corbu et Rennes-Le-Ch\u00e2teau&nbsp;&raquo;<\/span><\/a><\/p>\n","protected":false},"author":1,"featured_media":0,"parent":130,"menu_order":0,"comment_status":"open","ping_status":"closed","template":"","meta":{"jetpack_post_was_ever_published":false,"footnotes":""},"class_list":["post-131","page","type-page","status-publish","hentry"],"jetpack_sharing_enabled":true,"jetpack_shortlink":"https:\/\/wp.me\/P9SxBn-27","_links":{"self":[{"href":"https:\/\/rennes-le-chateau.org\/index.php\/wp-json\/wp\/v2\/pages\/131","targetHints":{"allow":["GET"]}}],"collection":[{"href":"https:\/\/rennes-le-chateau.org\/index.php\/wp-json\/wp\/v2\/pages"}],"about":[{"href":"https:\/\/rennes-le-chateau.org\/index.php\/wp-json\/wp\/v2\/types\/page"}],"author":[{"embeddable":true,"href":"https:\/\/rennes-le-chateau.org\/index.php\/wp-json\/wp\/v2\/users\/1"}],"replies":[{"embeddable":true,"href":"https:\/\/rennes-le-chateau.org\/index.php\/wp-json\/wp\/v2\/comments?post=131"}],"version-history":[{"count":14,"href":"https:\/\/rennes-le-chateau.org\/index.php\/wp-json\/wp\/v2\/pages\/131\/revisions"}],"predecessor-version":[{"id":1690,"href":"https:\/\/rennes-le-chateau.org\/index.php\/wp-json\/wp\/v2\/pages\/131\/revisions\/1690"}],"up":[{"embeddable":true,"href":"https:\/\/rennes-le-chateau.org\/index.php\/wp-json\/wp\/v2\/pages\/130"}],"wp:attachment":[{"href":"https:\/\/rennes-le-chateau.org\/index.php\/wp-json\/wp\/v2\/media?parent=131"}],"curies":[{"name":"wp","href":"https:\/\/api.w.org\/{rel}","templated":true}]}}