{"id":130,"date":"2018-04-30T15:47:54","date_gmt":"2018-04-30T13:47:54","guid":{"rendered":"http:\/\/rennes-le-chateau.org\/?page_id=130"},"modified":"2019-08-10T15:23:29","modified_gmt":"2019-08-10T13:23:29","slug":"laffaire-moderne-de-rlc","status":"publish","type":"page","link":"https:\/\/rennes-le-chateau.org\/index.php\/le-site\/laffaire-moderne-de-rlc\/","title":{"rendered":"L&#8217;affaire moderne de RLC"},"content":{"rendered":"<h6><span style=\"color: #808080;\"><a href=\"https:\/\/rennes-le-chateau.org\/\"><span style=\"color: #999999;\">Accueil<\/span><\/a> \/<span style=\"color: #999999;\"> <a style=\"color: #999999;\" href=\"https:\/\/rennes-le-chateau.org\/index.php\/le-site\/\">Etudes et Analyses<\/a><\/span><\/span><\/h6>\n<p><span style=\"color: #ff6600;\"><strong>Tout commencera en 1953, juste apr\u00e8s la mort de Marie D\u00e9narnaud<\/strong><\/span>, la fid\u00e8le servante de B\u00e9renger Sauni\u00e8re.<\/p>\n<p>No\u00ebl Corbu devint le l\u00e9gataire universelle de Marie apr\u00e8s lui avoir achet\u00e9 le domaine de B\u00e9renger Sauni\u00e8re, dont elle avait h\u00e9rit\u00e9, en viager. Ayant cr\u00e9\u00e9 un restaurant dans le domaine, No\u00ebl Corbu fit la rencontre d&#8217;<span style=\"color: #ff6600;\"><strong>un journaliste en mal de faits divers<\/strong>.<\/span> Il se mit\u00a0 \u00e0 \u00e9crire plusieurs articles dans La D\u00e9p\u00eache de Midi qu&#8217;il intitulera &#8220;<em>Le Cur\u00e9 aux Milliards<\/em>&#8220;. La machine \u00e9tait en marche.<\/p>\n<p>Puis en 1967, <span style=\"color: #ff6600;\"><strong>G\u00e9rard de S\u00e8de<\/strong> <\/span>sortit le livre qui allait changer la face du village de Rennes-Le-Ch\u00e2teau, &#8220;<span style=\"color: #ff6600;\"><em>Le Tr\u00e9sor Maudit De Rennes-Le-Ch\u00e2teau<\/em><\/span>&#8220;. Il n&#8217;en fallut pas plus pour voir arriver de nombreux chercheurs de tr\u00e9sor qui \u00e0 grand renforts de d\u00e9tecteurs de m\u00e9taux et et dynamites cherchaient le tr\u00e9sor perdu.<\/p>\n<p>Mais pour en savoir plus entrez dans ce chapitre o\u00f9 gr\u00e2ce aux vid\u00e9os-conf\u00e9rence de l&#8217;auteur, <span style=\"color: #ff6600;\">l&#8217;affaire moderne de Rennes-Le-Ch\u00e2teau n&#8217;aura plus de secret pour vous &#8230;.<\/span><\/p>\n<p><span style=\"color: #ff6600;\"><a style=\"color: #ff6600;\" href=\"https:\/\/rennes-le-chateau.org\/index.php\/noel-corbu-et-rennes-le-chateau\/\">No\u00ebl Corbu et Rennes-Le-Ch\u00e2teau<\/a><\/span><br \/>\n<span style=\"color: #ff6600;\"><a style=\"color: #ff6600;\" href=\"https:\/\/rennes-le-chateau.org\/index.php\/lor-de-rennes-de-gerard-de-sede\/\">L&#8217;Or de Rennes de G\u00e9rard de S\u00e8de<\/a><\/span><br \/>\n<span style=\"color: #ff6600;\"><a style=\"color: #ff6600;\" href=\"https:\/\/rennes-le-chateau.org\/index.php\/les-dossiers-lobineau\/\">Les Dossiers Lobineau<\/a><\/span><br \/>\n<span style=\"color: #ff6600;\"><a style=\"color: #ff6600;\" href=\"https:\/\/rennes-le-chateau.org\/index.php\/lenigme-sacree-des-3-anglais\/\">L\u2019\u00c9nigme Sacr\u00e9e des 3 anglais<\/a><\/span><br \/>\n<span style=\"color: #ff6600;\"><a style=\"color: #ff6600;\" href=\"https:\/\/rennes-le-chateau.org\/index.php\/le-royaume-des-morts\/\">Le Royaume des Morts d&#8217;Alain F\u00e9ral<\/a><\/span><br \/>\n<span style=\"color: #ff6600;\"><a style=\"color: #ff6600;\" href=\"https:\/\/rennes-le-chateau.org\/index.php\/saint-sulpice-de-paris\/\">Saint-Sulpice de Paris<\/a><\/span><br \/>\n<span style=\"color: #ff6600;\"><a style=\"color: #ff6600;\" href=\"https:\/\/rennes-le-chateau.org\/index.php\/francois-mitterrand\/\">Fran\u00e7ois Mitterrand<\/a><\/span><br \/>\n<span style=\"color: #ff6600;\"><a style=\"color: #ff6600;\" href=\"https:\/\/rennes-le-chateau.org\/index.php\/le-prieure-de-sion\/\">Le Prieur\u00e9 de Sion<\/a><\/span><br \/>\n<span style=\"color: #ff6600;\"><a style=\"color: #ff6600;\" href=\"https:\/\/rennes-le-chateau.org\/index.php\/le-deces-de-pierre-plantard\/\">La mort \u00e9trange de Pierre Plantard<\/a><\/span><\/p>\n<p><span style=\"color: #ff6600;\"><strong><a style=\"color: #ff6600;\" href=\"https:\/\/www.youtube.com\/channel\/UC_3VLYIHglPTlmGHzu0o2-g?view_as=subscriber\">La cha\u00eene YouTube de Jean-Patrick Pourtal<\/a><\/strong><\/span><\/p>\n","protected":false},"excerpt":{"rendered":"<p>Accueil \/ Etudes et Analyses Tout commencera en 1953, juste apr\u00e8s la mort de Marie D\u00e9narnaud, la fid\u00e8le servante de B\u00e9renger Sauni\u00e8re. No\u00ebl Corbu devint le l\u00e9gataire universelle de Marie apr\u00e8s lui avoir achet\u00e9 le domaine de B\u00e9renger Sauni\u00e8re, dont elle avait h\u00e9rit\u00e9, en viager. Ayant cr\u00e9\u00e9 un restaurant dans le domaine, No\u00ebl Corbu fit &hellip; <\/p>\n<p class=\"link-more\"><a href=\"https:\/\/rennes-le-chateau.org\/index.php\/le-site\/laffaire-moderne-de-rlc\/\" class=\"more-link\">Continuer la lecture<span class=\"screen-reader-text\"> de &laquo;&nbsp;L&#8217;affaire moderne de RLC&nbsp;&raquo;<\/span><\/a><\/p>\n","protected":false},"author":1,"featured_media":0,"parent":104,"menu_order":0,"comment_status":"closed","ping_status":"closed","template":"","meta":{"jetpack_post_was_ever_published":false,"footnotes":""},"class_list":["post-130","page","type-page","status-publish","hentry"],"jetpack_sharing_enabled":true,"jetpack_shortlink":"https:\/\/wp.me\/P9SxBn-26","_links":{"self":[{"href":"https:\/\/rennes-le-chateau.org\/index.php\/wp-json\/wp\/v2\/pages\/130","targetHints":{"allow":["GET"]}}],"collection":[{"href":"https:\/\/rennes-le-chateau.org\/index.php\/wp-json\/wp\/v2\/pages"}],"about":[{"href":"https:\/\/rennes-le-chateau.org\/index.php\/wp-json\/wp\/v2\/types\/page"}],"author":[{"embeddable":true,"href":"https:\/\/rennes-le-chateau.org\/index.php\/wp-json\/wp\/v2\/users\/1"}],"replies":[{"embeddable":true,"href":"https:\/\/rennes-le-chateau.org\/index.php\/wp-json\/wp\/v2\/comments?post=130"}],"version-history":[{"count":8,"href":"https:\/\/rennes-le-chateau.org\/index.php\/wp-json\/wp\/v2\/pages\/130\/revisions"}],"predecessor-version":[{"id":1400,"href":"https:\/\/rennes-le-chateau.org\/index.php\/wp-json\/wp\/v2\/pages\/130\/revisions\/1400"}],"up":[{"embeddable":true,"href":"https:\/\/rennes-le-chateau.org\/index.php\/wp-json\/wp\/v2\/pages\/104"}],"wp:attachment":[{"href":"https:\/\/rennes-le-chateau.org\/index.php\/wp-json\/wp\/v2\/media?parent=130"}],"curies":[{"name":"wp","href":"https:\/\/api.w.org\/{rel}","templated":true}]}}