{"id":126,"date":"2018-04-30T15:47:54","date_gmt":"2018-04-30T13:47:54","guid":{"rendered":"http:\/\/rennes-le-chateau.org\/?page_id=126"},"modified":"2019-08-10T15:35:21","modified_gmt":"2019-08-10T13:35:21","slug":"conseilles","status":"publish","type":"page","link":"https:\/\/rennes-le-chateau.org\/index.php\/les-livres\/conseilles\/","title":{"rendered":"conseill\u00e9s"},"content":{"rendered":"<h6><span style=\"color: #808080;\"><a href=\"https:\/\/rennes-le-chateau.org\/\"><span style=\"color: #999999;\">Accueil<\/span><\/a> \/ <span style=\"color: #999999;\"><a style=\"color: #999999;\" href=\"https:\/\/rennes-le-chateau.org\/index.php\/les-livres\/\">Les Livres<\/a><\/span><\/span><\/h6>\n<p style=\"text-align: center;\"><div id=\"metaslider-id-1053\" style=\"max-width: 800px; margin: 0 auto;\" class=\"ml-slider-3-98-0 metaslider metaslider-flex metaslider-1053 ml-slider ms-theme-default\" role=\"region\" aria-roledescription=\"Slideshow\" aria-label=\"SS-LIVRES\" data-width=\"800\">\n    <div id=\"metaslider_container_1053\">\n        <div id=\"metaslider_1053\" class=\"flexslider\">\n            <ul class='slides'>\n                <li style=\"display: block; width: 100%;\" class=\"slide-1054 ms-image \" aria-roledescription=\"slide\" aria-label=\"slide-1054\" data-date=\"2018-08-07 10:49:10\"><img data-recalc-dims=\"1\" loading=\"lazy\" decoding=\"async\" src=\"https:\/\/i0.wp.com\/rennes-le-chateau.org\/wp-content\/uploads\/2018\/08\/Le-tresor-maudit-RLC-1.jpg?resize=525%2C131&#038;ssl=1\" height=\"131\" width=\"525\" alt=\"\" class=\"slider-1053 slide-1054\" title=\"Le-tresor-maudit-RLC-1\" \/><\/li>\n                <li style=\"display: none; width: 100%;\" class=\"slide-1055 ms-image \" aria-roledescription=\"slide\" aria-label=\"slide-1055\" data-date=\"2018-08-07 10:49:10\"><img data-recalc-dims=\"1\" loading=\"lazy\" decoding=\"async\" src=\"https:\/\/i0.wp.com\/rennes-le-chateau.org\/wp-content\/uploads\/2018\/08\/Corbu-Captier-Marie-Denarnaud-1-scaled.jpg?resize=525%2C131&#038;ssl=1\" height=\"131\" width=\"525\" alt=\"\" class=\"slider-1053 slide-1055\" title=\"Corbu-Captier-Marie-Denarnaud-1\" \/><\/li>\n                <li style=\"display: none; width: 100%;\" class=\"slide-1056 ms-image \" aria-roledescription=\"slide\" aria-label=\"slide-1056\" data-date=\"2018-08-07 10:49:10\"><img data-recalc-dims=\"1\" loading=\"lazy\" decoding=\"async\" src=\"https:\/\/i0.wp.com\/rennes-le-chateau.org\/wp-content\/uploads\/2018\/08\/HDBS.jpg?resize=525%2C131&#038;ssl=1\" height=\"131\" width=\"525\" alt=\"\" class=\"slider-1053 slide-1056\" title=\"HDBS\" \/><\/li>\n                <li style=\"display: none; width: 100%;\" class=\"slide-1057 ms-image \" aria-roledescription=\"slide\" aria-label=\"slide-1057\" data-date=\"2018-08-07 10:49:10\"><img data-recalc-dims=\"1\" loading=\"lazy\" decoding=\"async\" src=\"https:\/\/i0.wp.com\/rennes-le-chateau.org\/wp-content\/uploads\/2018\/08\/ODR.jpg?resize=525%2C131&#038;ssl=1\" height=\"131\" width=\"525\" alt=\"\" class=\"slider-1053 slide-1057\" title=\"ODR\" \/><\/li>\n                <li style=\"display: none; width: 100%;\" class=\"slide-1058 ms-image \" aria-roledescription=\"slide\" aria-label=\"slide-1058\" data-date=\"2018-08-07 10:49:10\"><img data-recalc-dims=\"1\" loading=\"lazy\" decoding=\"async\" src=\"https:\/\/i0.wp.com\/rennes-le-chateau.org\/wp-content\/uploads\/2018\/05\/EnigmeSacree.jpg?resize=525%2C131&#038;ssl=1\" height=\"131\" width=\"525\" alt=\"L\u2019\u00c9nigme Sacr\u00e9e - Michael Baigent - Richard Leigh - Henry Lincoln - Editions Pygmalion 1983\" class=\"slider-1053 slide-1058\" title=\"EnigmeSacree\" \/><div class=\"caption-wrap\"><div class=\"caption\">L\u2019\u00c9nigme Sacr\u00e9e - Michael Baigent - Richard Leigh - Henry Lincoln - Editions Pygmalion 1983<\/div><\/div><\/li>\n                <li style=\"display: none; width: 100%;\" class=\"slide-1059 ms-image \" aria-roledescription=\"slide\" aria-label=\"slide-1059\" data-date=\"2018-08-07 10:49:10\"><img data-recalc-dims=\"1\" loading=\"lazy\" decoding=\"async\" src=\"https:\/\/i0.wp.com\/rennes-le-chateau.org\/wp-content\/uploads\/2018\/05\/LSDJ.jpg?resize=525%2C131&#038;ssl=1\" height=\"131\" width=\"525\" alt=\"\" class=\"slider-1053 slide-1059\" title=\"LSDJ\" \/><\/li>\n            <\/ul>\n        <\/div>\n        \n    <\/div>\n<\/div><br \/>\n<span style=\"color: #ff6600;\">Voici quelques livres que nous vous conseillons de lire<\/span>, pour certains pour leur popularit\u00e9, pour d&#8217;autres pour leur qualit\u00e9 d&#8217;\u00e9tude et pour u ne troisi\u00e8me cat\u00e9gorie pour les deux raisons.<\/p>\n<p>Bien s\u00fbr ce choix est subjectif puisque il est celui qui se base sur notre propre opinion.<\/p>\n<p style=\"text-align: center;\">\n<table id=\"tablepress-1\" class=\"tablepress tablepress-id-1\">\n<tbody class=\"row-hover\">\n<tr class=\"row-1 odd\">\n\t<td class=\"column-1\"><img data-recalc-dims=\"1\" loading=\"lazy\" decoding=\"async\" src=\"https:\/\/i0.wp.com\/rennes-le-chateau.org\/wp-content\/uploads\/2018\/08\/HDBS-244x300.jpg?resize=244%2C300\" alt=\"\" width=\"244\" height=\"300\" class=\"alignnone size-medium wp-image-1041\" srcset=\"https:\/\/i0.wp.com\/rennes-le-chateau.org\/wp-content\/uploads\/2018\/08\/HDBS.jpg?resize=244%2C300&amp;ssl=1 244w, https:\/\/i0.wp.com\/rennes-le-chateau.org\/wp-content\/uploads\/2018\/08\/HDBS.jpg?resize=250%2C308&amp;ssl=1 250w, https:\/\/i0.wp.com\/rennes-le-chateau.org\/wp-content\/uploads\/2018\/08\/HDBS.jpg?resize=350%2C431&amp;ssl=1 350w, https:\/\/i0.wp.com\/rennes-le-chateau.org\/wp-content\/uploads\/2018\/08\/HDBS.jpg?w=406&amp;ssl=1 406w\" sizes=\"auto, (max-width: 244px) 100vw, 244px\" \/><\/td><td class=\"column-2\">L'h\u00e9ritage de l'Abb\u00e9 Sauni\u00e8re de Claire et Antoine Captier est LE livre qu'il faut avoir dans sa biblioth\u00e8que Rh\u00e9daesienne. <br \/>\nIl retrace les diff\u00e9rents moments de la vie de B\u00e9renger Sauni\u00e8re tout au long de la p\u00e9riode de cette incroyable affaire<br \/>\n<br \/>\n<a href=\"https:\/\/www.amazon.fr\/LH%C3%A9ritage-lAbb%C3%A9-Sauni%C3%A8re-Claire-Corbu\/dp\/2914405944\">Disponible sur Amazon<\/a><\/td>\n<\/tr>\n<tr class=\"row-2 even\">\n\t<td class=\"column-1\"><img data-recalc-dims=\"1\" loading=\"lazy\" decoding=\"async\" src=\"https:\/\/i0.wp.com\/rennes-le-chateau.org\/wp-content\/uploads\/2018\/08\/Le-tresor-maudit-RLC-1-210x300.jpg?resize=210%2C300\" alt=\"\" width=\"210\" height=\"300\" class=\"alignnone size-medium wp-image-1047\" srcset=\"https:\/\/i0.wp.com\/rennes-le-chateau.org\/wp-content\/uploads\/2018\/08\/Le-tresor-maudit-RLC-1.jpg?resize=210%2C300&amp;ssl=1 210w, https:\/\/i0.wp.com\/rennes-le-chateau.org\/wp-content\/uploads\/2018\/08\/Le-tresor-maudit-RLC-1.jpg?resize=768%2C1096&amp;ssl=1 768w, https:\/\/i0.wp.com\/rennes-le-chateau.org\/wp-content\/uploads\/2018\/08\/Le-tresor-maudit-RLC-1.jpg?resize=718%2C1024&amp;ssl=1 718w, https:\/\/i0.wp.com\/rennes-le-chateau.org\/wp-content\/uploads\/2018\/08\/Le-tresor-maudit-RLC-1.jpg?resize=250%2C357&amp;ssl=1 250w, https:\/\/i0.wp.com\/rennes-le-chateau.org\/wp-content\/uploads\/2018\/08\/Le-tresor-maudit-RLC-1.jpg?resize=350%2C499&amp;ssl=1 350w, https:\/\/i0.wp.com\/rennes-le-chateau.org\/wp-content\/uploads\/2018\/08\/Le-tresor-maudit-RLC-1.jpg?w=1359&amp;ssl=1 1359w, https:\/\/i0.wp.com\/rennes-le-chateau.org\/wp-content\/uploads\/2018\/08\/Le-tresor-maudit-RLC-1.jpg?w=1050&amp;ssl=1 1050w\" sizes=\"auto, (max-width: 210px) 100vw, 210px\" \/><\/td><td class=\"column-2\">Le Tr\u00e9sor Maudit de Rennes-Le-Ch\u00e2teau de G\u00e9rard de S\u00e8de, paru en 1967, est aussi l'un des livres que tous passionn\u00e9s de cette affaire doit poss\u00e9der.<br \/>\n<br \/>\n<a href=\"http:\/\/librairielaroserouge.fr\/boutique\/rennes-le-chateau\/le-tr%C3%A9sor-maudit-de-rennes-le-ch%C3%A2teau-detail.html\" rel=\"noopener\" target=\"_blank\">Disponible \u00e0 la librairie la \"Rose Rouge\"<\/a><\/td>\n<\/tr>\n<tr class=\"row-3 odd\">\n\t<td class=\"column-1\"><img data-recalc-dims=\"1\" loading=\"lazy\" decoding=\"async\" src=\"https:\/\/i0.wp.com\/rennes-le-chateau.org\/wp-content\/uploads\/2018\/08\/Corbu-Captier-Marie-Denarnaud-1-196x300.jpg?resize=196%2C300\" alt=\"\" width=\"196\" height=\"300\" class=\"alignnone size-medium wp-image-1050\" srcset=\"https:\/\/i0.wp.com\/rennes-le-chateau.org\/wp-content\/uploads\/2018\/08\/Corbu-Captier-Marie-Denarnaud-1-scaled.jpg?resize=196%2C300&amp;ssl=1 196w, https:\/\/i0.wp.com\/rennes-le-chateau.org\/wp-content\/uploads\/2018\/08\/Corbu-Captier-Marie-Denarnaud-1-scaled.jpg?resize=768%2C1178&amp;ssl=1 768w, https:\/\/i0.wp.com\/rennes-le-chateau.org\/wp-content\/uploads\/2018\/08\/Corbu-Captier-Marie-Denarnaud-1-scaled.jpg?resize=668%2C1024&amp;ssl=1 668w, https:\/\/i0.wp.com\/rennes-le-chateau.org\/wp-content\/uploads\/2018\/08\/Corbu-Captier-Marie-Denarnaud-1-scaled.jpg?resize=250%2C383&amp;ssl=1 250w, https:\/\/i0.wp.com\/rennes-le-chateau.org\/wp-content\/uploads\/2018\/08\/Corbu-Captier-Marie-Denarnaud-1-scaled.jpg?resize=350%2C537&amp;ssl=1 350w, https:\/\/i0.wp.com\/rennes-le-chateau.org\/wp-content\/uploads\/2018\/08\/Corbu-Captier-Marie-Denarnaud-1-scaled.jpg?w=1849&amp;ssl=1 1849w, https:\/\/i0.wp.com\/rennes-le-chateau.org\/wp-content\/uploads\/2018\/08\/Corbu-Captier-Marie-Denarnaud-1.jpg?w=1050&amp;ssl=1 1050w, https:\/\/i0.wp.com\/rennes-le-chateau.org\/wp-content\/uploads\/2018\/08\/Corbu-Captier-Marie-Denarnaud-1.jpg?w=1575&amp;ssl=1 1575w\" sizes=\"auto, (max-width: 196px) 100vw, 196px\" \/><\/td><td class=\"column-2\">Le dernier livre de Claire et Antoine Captier est passionnant. Trait\u00e9 sous la forme d'un roman, vous d\u00e9couvrez la vie de Marie D\u00e9narnaud pendant et apr\u00e8s la mort de B\u00e9renger Sauni\u00e8re. ici, des infos de premier ordre<br \/>\n<br \/>\n<a href=\"http:\/\/librairielaroserouge.fr\/boutique\/rennes-le-chateau\/rennes-le-ch%C3%A2teau-b%C3%A9renger-sauni%C3%A8re-marie-d%C3%A9narnaud-li%C3%A9s-par-un-secret-365-detail.html\" rel=\"noopener\" target=\"_blank\">Disponible \u00e0 la librairie la \"Rose Rouge\"<\/a><\/td>\n<\/tr>\n<tr class=\"row-4 even\">\n\t<td class=\"column-1\"><img data-recalc-dims=\"1\" loading=\"lazy\" decoding=\"async\" src=\"https:\/\/i0.wp.com\/rennes-le-chateau.org\/wp-content\/uploads\/2018\/08\/00001857-193x300.jpg?resize=193%2C300\" alt=\"\" width=\"193\" height=\"300\" class=\"alignnone size-medium wp-image-1062\" \/><\/td><td class=\"column-2\">\"Histoire du Tr\u00e9sor de Rennes-Le-Ch\u00e2teau\" est un livre tr\u00e8s int\u00e9ressant \u00e9crit par Pierre Jarnac, alias, Michel Vallet. Chercheur de tr\u00e9sor depuis des d\u00e9cennies, Pierre Jarnac nous propose une vision int\u00e9ressante du secret de Sauni\u00e8re.<br \/>\n<br \/>\n<a href=\"http:\/\/www.rennes-le-chateau.tv\/boutique\/Livres\/Livres-Rennes-Le-Chateau\/Rennes-Le-Chateau\/Histoire-Du-Tresor-De-Rennes-Le-Chateau--Pierre-Jarnac-\/1654\/\">Disponible \u00e0 la librairie \"La Porte de Rennes\"<\/a><\/td>\n<\/tr>\n<tr class=\"row-5 odd\">\n\t<td class=\"column-1\"><img data-recalc-dims=\"1\" loading=\"lazy\" decoding=\"async\" src=\"https:\/\/i0.wp.com\/rennes-le-chateau.org\/wp-content\/uploads\/2018\/08\/Rhedae-Fedie-1-210x300.jpg?resize=210%2C300\" alt=\"\" width=\"210\" height=\"300\" class=\"alignnone size-medium wp-image-1064\" srcset=\"https:\/\/i0.wp.com\/rennes-le-chateau.org\/wp-content\/uploads\/2018\/08\/Rhedae-Fedie-1.jpg?resize=210%2C300&amp;ssl=1 210w, https:\/\/i0.wp.com\/rennes-le-chateau.org\/wp-content\/uploads\/2018\/08\/Rhedae-Fedie-1.jpg?resize=768%2C1096&amp;ssl=1 768w, https:\/\/i0.wp.com\/rennes-le-chateau.org\/wp-content\/uploads\/2018\/08\/Rhedae-Fedie-1.jpg?resize=717%2C1024&amp;ssl=1 717w, https:\/\/i0.wp.com\/rennes-le-chateau.org\/wp-content\/uploads\/2018\/08\/Rhedae-Fedie-1.jpg?resize=250%2C357&amp;ssl=1 250w, https:\/\/i0.wp.com\/rennes-le-chateau.org\/wp-content\/uploads\/2018\/08\/Rhedae-Fedie-1.jpg?resize=350%2C500&amp;ssl=1 350w, https:\/\/i0.wp.com\/rennes-le-chateau.org\/wp-content\/uploads\/2018\/08\/Rhedae-Fedie-1.jpg?w=1725&amp;ssl=1 1725w, https:\/\/i0.wp.com\/rennes-le-chateau.org\/wp-content\/uploads\/2018\/08\/Rhedae-Fedie-1.jpg?w=1050&amp;ssl=1 1050w, https:\/\/i0.wp.com\/rennes-le-chateau.org\/wp-content\/uploads\/2018\/08\/Rhedae-Fedie-1.jpg?w=1575&amp;ssl=1 1575w\" sizes=\"auto, (max-width: 210px) 100vw, 210px\" \/><\/td><td class=\"column-2\">Louis F\u00e9di\u00e9 est un historien du XIX \u00e8me Si\u00e8cle. Son analyse du pass\u00e9 de Rennes-Le-Ch\u00e2teau est passionnate bien que l'on sent poindre le romantisme de son \u00e9poque. Indispensable \u00e0 lire !<br \/>\n<a href=\"http:\/\/librairielaroserouge.fr\/boutique\/rennes-le-chateau\/rhedae,-la-cit%C3%A9-des-chariots-detail.html\" rel=\"noopener\" target=\"_blank\">Disponible \u00e0 la librairie la \"Rose Rouge\"<\/a><\/td>\n<\/tr>\n<tr class=\"row-6 even\">\n\t<td class=\"column-1\"><img data-recalc-dims=\"1\" loading=\"lazy\" decoding=\"async\" src=\"https:\/\/i0.wp.com\/rennes-le-chateau.org\/wp-content\/uploads\/2018\/08\/Mythologie-tresor-Rennes-Collot-1-202x300.jpg?resize=202%2C300\" alt=\"\" width=\"202\" height=\"300\" class=\"alignnone size-medium wp-image-1066\" srcset=\"https:\/\/i0.wp.com\/rennes-le-chateau.org\/wp-content\/uploads\/2018\/08\/Mythologie-tresor-Rennes-Collot-1-scaled.jpg?resize=202%2C300&amp;ssl=1 202w, https:\/\/i0.wp.com\/rennes-le-chateau.org\/wp-content\/uploads\/2018\/08\/Mythologie-tresor-Rennes-Collot-1-scaled.jpg?resize=768%2C1139&amp;ssl=1 768w, https:\/\/i0.wp.com\/rennes-le-chateau.org\/wp-content\/uploads\/2018\/08\/Mythologie-tresor-Rennes-Collot-1-scaled.jpg?resize=691%2C1024&amp;ssl=1 691w, https:\/\/i0.wp.com\/rennes-le-chateau.org\/wp-content\/uploads\/2018\/08\/Mythologie-tresor-Rennes-Collot-1-scaled.jpg?resize=250%2C371&amp;ssl=1 250w, https:\/\/i0.wp.com\/rennes-le-chateau.org\/wp-content\/uploads\/2018\/08\/Mythologie-tresor-Rennes-Collot-1-scaled.jpg?resize=350%2C519&amp;ssl=1 350w, https:\/\/i0.wp.com\/rennes-le-chateau.org\/wp-content\/uploads\/2018\/08\/Mythologie-tresor-Rennes-Collot-1-scaled.jpg?w=1849&amp;ssl=1 1849w, https:\/\/i0.wp.com\/rennes-le-chateau.org\/wp-content\/uploads\/2018\/08\/Mythologie-tresor-Rennes-Collot-1.jpg?w=1050&amp;ssl=1 1050w, https:\/\/i0.wp.com\/rennes-le-chateau.org\/wp-content\/uploads\/2018\/08\/Mythologie-tresor-Rennes-Collot-1.jpg?w=1575&amp;ssl=1 1575w\" sizes=\"auto, (max-width: 202px) 100vw, 202px\" \/><\/td><td class=\"column-2\">Le livre de Ren\u00e9 Descadeillas est un incontournable. M\u00eame si le personnage peut \u00eatre controvers\u00e9 en raison de son positionnement sur l'affaire de Rennes-Le-Ch\u00e2teau, le livre de cet ancien conservateur des archives de Carcassonne est un incontournable.<br \/>\n<br \/>\n<a href=\"http:\/\/librairielaroserouge.fr\/boutique\/rennes-le-chateau\/mythologie-du-tr%C3%A9sor-de-rennes-histoire-v%C3%A9ritable-de-labb%C3%A9-sauni%C3%A8re,-cur%C3%A9-de-rennes-le-ch%C3%A2teau-detail.html\" rel=\"noopener\" target=\"_blank\">Disponible \u00e0 la librairie la \"Rose Rouge\"<\/a><\/td>\n<\/tr>\n<tr class=\"row-7 odd\">\n\t<td class=\"column-1\"><img data-recalc-dims=\"1\" loading=\"lazy\" decoding=\"async\" src=\"https:\/\/i0.wp.com\/rennes-le-chateau.org\/wp-content\/uploads\/2018\/08\/BD-RLC-ODS-1-214x300.jpg?resize=214%2C300\" alt=\"\" width=\"214\" height=\"300\" class=\"alignnone size-medium wp-image-1069\" srcset=\"https:\/\/i0.wp.com\/rennes-le-chateau.org\/wp-content\/uploads\/2018\/08\/BD-RLC-ODS-1.jpg?resize=214%2C300&amp;ssl=1 214w, https:\/\/i0.wp.com\/rennes-le-chateau.org\/wp-content\/uploads\/2018\/08\/BD-RLC-ODS-1.jpg?resize=250%2C351&amp;ssl=1 250w, https:\/\/i0.wp.com\/rennes-le-chateau.org\/wp-content\/uploads\/2018\/08\/BD-RLC-ODS-1.jpg?resize=350%2C492&amp;ssl=1 350w, https:\/\/i0.wp.com\/rennes-le-chateau.org\/wp-content\/uploads\/2018\/08\/BD-RLC-ODS-1.jpg?w=712&amp;ssl=1 712w\" sizes=\"auto, (max-width: 214px) 100vw, 214px\" \/><\/td><td class=\"column-2\">La Bande dessin\u00e9e de Captier et Marro est un bijou. Elle retrace la vie de B\u00e9renger Sauni\u00e8re \u00e0 Rennes-Le-Ch\u00e2teau et ses travaux d'une fa\u00e7on pr\u00e9cise.<br \/>\nTout une hypoth\u00e8se y est pr\u00e9sent\u00e9e que d\u2019ailleurs nous retrouvons dans le dernier livre de Claire et Antoine Captier.<br \/>\nUn ouvrage sympa qui en dit plus qu'il n'a l'air. L\u00e0 aussi, un incontournable.<br \/>\n<a href=\"http:\/\/librairielaroserouge.fr\/boutique\/rennes-le-chateau\/rennes-le-ch%C3%A2teau,-le-secret-de-labb%C3%A9-sauni%C3%A8re-bd-detail.html\" rel=\"noopener\" target=\"_blank\">Disponible \u00e0 la librairie la \"Rose Rouge\"<\/a><br \/>\n<\/td>\n<\/tr>\n<tr class=\"row-8 even\">\n\t<td class=\"column-1\"><\/td><td class=\"column-2\"><\/td>\n<\/tr>\n<\/tbody>\n<\/table>\n<!-- #tablepress-1 from cache --><\/p>\n","protected":false},"excerpt":{"rendered":"<p>Accueil \/ Les Livres Voici quelques livres que nous vous conseillons de lire, pour certains pour leur popularit\u00e9, pour d&#8217;autres pour leur qualit\u00e9 d&#8217;\u00e9tude et pour u ne troisi\u00e8me cat\u00e9gorie pour les deux raisons. Bien s\u00fbr ce choix est subjectif puisque il est celui qui se base sur notre propre opinion.<\/p>\n","protected":false},"author":1,"featured_media":0,"parent":337,"menu_order":0,"comment_status":"open","ping_status":"closed","template":"","meta":{"jetpack_post_was_ever_published":false,"footnotes":""},"class_list":["post-126","page","type-page","status-publish","hentry"],"jetpack_sharing_enabled":true,"jetpack_shortlink":"https:\/\/wp.me\/P9SxBn-22","_links":{"self":[{"href":"https:\/\/rennes-le-chateau.org\/index.php\/wp-json\/wp\/v2\/pages\/126","targetHints":{"allow":["GET"]}}],"collection":[{"href":"https:\/\/rennes-le-chateau.org\/index.php\/wp-json\/wp\/v2\/pages"}],"about":[{"href":"https:\/\/rennes-le-chateau.org\/index.php\/wp-json\/wp\/v2\/types\/page"}],"author":[{"embeddable":true,"href":"https:\/\/rennes-le-chateau.org\/index.php\/wp-json\/wp\/v2\/users\/1"}],"replies":[{"embeddable":true,"href":"https:\/\/rennes-le-chateau.org\/index.php\/wp-json\/wp\/v2\/comments?post=126"}],"version-history":[{"count":9,"href":"https:\/\/rennes-le-chateau.org\/index.php\/wp-json\/wp\/v2\/pages\/126\/revisions"}],"predecessor-version":[{"id":1459,"href":"https:\/\/rennes-le-chateau.org\/index.php\/wp-json\/wp\/v2\/pages\/126\/revisions\/1459"}],"up":[{"embeddable":true,"href":"https:\/\/rennes-le-chateau.org\/index.php\/wp-json\/wp\/v2\/pages\/337"}],"wp:attachment":[{"href":"https:\/\/rennes-le-chateau.org\/index.php\/wp-json\/wp\/v2\/media?parent=126"}],"curies":[{"name":"wp","href":"https:\/\/api.w.org\/{rel}","templated":true}]}}