{"id":125,"date":"2018-04-30T15:47:54","date_gmt":"2018-04-30T13:47:54","guid":{"rendered":"http:\/\/rennes-le-chateau.org\/?page_id=125"},"modified":"2019-08-10T15:35:44","modified_gmt":"2019-08-10T13:35:44","slug":"de-jp-pourtal","status":"publish","type":"page","link":"https:\/\/rennes-le-chateau.org\/index.php\/les-livres\/de-jp-pourtal\/","title":{"rendered":"de Jean-Patrick Pourtal &#8211; Auteur"},"content":{"rendered":"<h6><span style=\"color: #808080;\"><a href=\"https:\/\/rennes-le-chateau.org\/\"><span style=\"color: #999999;\">Accueil<\/span><\/a> \/ <span style=\"color: #999999;\"><a style=\"color: #999999;\" href=\"https:\/\/rennes-le-chateau.org\/index.php\/les-livres\/\">Les Livres<\/a><\/span><\/span><\/h6>\n<p style=\"text-align: center;\"><span style=\"color: #ff6600;\"><strong>Dans Les Pas De B\u00e9renger Sauni\u00e8re<\/strong><\/span><\/p>\n<p><img data-recalc-dims=\"1\" loading=\"lazy\" decoding=\"async\" class=\"size-medium wp-image-189 aligncenter\" src=\"https:\/\/i0.wp.com\/rennes-le-chateau.org\/wp-content\/uploads\/2018\/05\/BookJPP-01-300x199.jpg?resize=300%2C199\" alt=\"\" width=\"300\" height=\"199\" srcset=\"https:\/\/i0.wp.com\/rennes-le-chateau.org\/wp-content\/uploads\/2018\/05\/BookJPP-01.jpg?resize=300%2C199&amp;ssl=1 300w, https:\/\/i0.wp.com\/rennes-le-chateau.org\/wp-content\/uploads\/2018\/05\/BookJPP-01.jpg?resize=250%2C166&amp;ssl=1 250w, https:\/\/i0.wp.com\/rennes-le-chateau.org\/wp-content\/uploads\/2018\/05\/BookJPP-01.jpg?resize=350%2C232&amp;ssl=1 350w, https:\/\/i0.wp.com\/rennes-le-chateau.org\/wp-content\/uploads\/2018\/05\/BookJPP-01.jpg?w=753&amp;ssl=1 753w\" sizes=\"auto, (max-width: 300px) 100vw, 300px\" \/><\/p>\n<p>Croisant et recroisant les \u00e9l\u00e9ments de ses recherches sur Rennes-Le-Ch\u00e2teau, <span style=\"color: #ff6600;\">Jean-Patrick Pourtal a mit \u00e0 jour une piste passionnante le conduisant \u00e0 identifier une zone particuli\u00e8re au plus proche de Rennes-Le-Ch\u00e2teau. <\/span><\/p>\n<p>Visiblement, ce lieu est bien celui que B\u00e9renger Sauni\u00e8re, fameux cur\u00e9 de Rennes-Le-Ch\u00e2teau, indiqua dans ses travaux et notamment sur <span style=\"color: #ff6600;\">la fresque de son \u00e9glise qu\u2019il \u00abcoda\u00bb. <\/span><\/p>\n<p>Ce livre est un tournant dans l\u2019histoire de Rennes-Le-Ch\u00e2teau recentrant l\u2019histoire de B\u00e9renger Sauni\u00e8re autour de son village et non pas \u00e0 des lieux de celui-ci, proposant aux lecteurs une nouvelle piste pouvant permettre, enfin, de comprendre et d\u2019aboutir \u00e0 ce que B\u00e9renger Sauni\u00e8re d\u00e9couvrit en son temps.<\/p>\n<p><strong>Disponible sur la <span style=\"color: #ff6600;\"><a style=\"color: #ff6600;\" href=\"http:\/\/rennes-le-chateau.org\/index.php\/boutique\/\">Boutique du Site<\/a><\/span><\/strong><\/p>\n<hr \/>\n<p>&nbsp;<\/p>\n<p style=\"text-align: center;\"><span style=\"color: #ff6600;\"><strong>Le Secret De Janus<\/strong><\/span><\/p>\n<p><img data-recalc-dims=\"1\" loading=\"lazy\" decoding=\"async\" class=\"size-medium wp-image-192 aligncenter\" src=\"https:\/\/i0.wp.com\/rennes-le-chateau.org\/wp-content\/uploads\/2018\/05\/BookJPP-02-300x199.jpg?resize=300%2C199\" alt=\"\" width=\"300\" height=\"199\" srcset=\"https:\/\/i0.wp.com\/rennes-le-chateau.org\/wp-content\/uploads\/2018\/05\/BookJPP-02.jpg?resize=300%2C199&amp;ssl=1 300w, https:\/\/i0.wp.com\/rennes-le-chateau.org\/wp-content\/uploads\/2018\/05\/BookJPP-02.jpg?resize=250%2C166&amp;ssl=1 250w, https:\/\/i0.wp.com\/rennes-le-chateau.org\/wp-content\/uploads\/2018\/05\/BookJPP-02.jpg?resize=350%2C232&amp;ssl=1 350w, https:\/\/i0.wp.com\/rennes-le-chateau.org\/wp-content\/uploads\/2018\/05\/BookJPP-02.jpg?w=753&amp;ssl=1 753w\" sizes=\"auto, (max-width: 300px) 100vw, 300px\" \/><\/p>\n<p>Deux journalistes, <span style=\"color: #ff6600;\">Corinne Mc Finlay et Patrick Labarthe<\/span>, partent \u00e0 la d\u00e9couverte de l\u2019incroyable histoire de Rennes-Le-Ch\u00e2teau et de son mythique cur\u00e9 B\u00e9renger Sauni\u00e8re.<\/p>\n<p>Travaillant \u00e0 Eso-Magazine,revue sp\u00e9cialis\u00e9e dans le myst\u00e8re et l\u2019\u00e9sot\u00e9risme, ils pr\u00e9parent un num\u00e9ro sp\u00e9cial pour l\u2019\u00e9t\u00e9 qui fera gonfler les ventes et r\u00eaver les lecteurs en recherches de lieux de promenades pour la saison estivale.<\/p>\n<p>Le destin s\u2019en m\u00eale lorsqu\u2019ils rencontrent Gilles Delh\u00eatre qui les entra\u00eene dans les m\u00e9andres d\u2019une histoire qu\u2019ils ne pouvaient imaginer. Pris par la passion de leurs d\u00e9couvertes, ils ne soup\u00e7onnent pas qu\u2019ils sont des pions sur un \u00e9chiquier de forces antagonistes dans lesquelles<span style=\"color: #ff6600;\"> s\u2019affrontent des Ordres Initiatiques secrets et inconnus.<\/span><\/p>\n<p><span style=\"color: #ff6600;\">De parchemins secrets en<\/span><span class=\"more-text\"><span style=\"color: #ff6600;\"> d\u00e9cryptages de codes complexes<\/span>, Patrick et Corinne devront avancer pas \u00e0 pas dans l\u2019espoir de d\u00e9couvrir <span style=\"color: #ff6600;\">le Secret de Janus<\/span> qui n\u2019est autre que celui de <span style=\"color: #ff6600;\">B\u00e9renger Sauni\u00e8re et de Rennes-Le- Ch\u00e2teau.<\/span><\/span><\/p>\n<p><strong>Disponible sur la <a href=\"http:\/\/rennes-le-chateau.org\/index.php\/boutique\/\"><span style=\"color: #ff6600;\">Boutique du Site<\/span><\/a><\/strong><\/p>\n<hr \/>\n<p style=\"text-align: center;\"><span style=\"color: #ff6600;\"><strong>D\u00e9couvrir Rennes-Le-Ch\u00e2teau et ses Myst\u00e8res<\/strong><\/span><\/p>\n<p style=\"text-align: center;\"><img data-recalc-dims=\"1\" loading=\"lazy\" decoding=\"async\" class=\"aligncenter size-full wp-image-1222\" src=\"https:\/\/i0.wp.com\/rennes-le-chateau.org\/wp-content\/uploads\/2018\/11\/CoverDRLC-V1.jpg?resize=350%2C278&#038;ssl=1\" alt=\"D\u00e9couvrir Rennes-Le-Ch\u00e2teau et ses Myst\u00e8res\" width=\"350\" height=\"278\" srcset=\"https:\/\/i0.wp.com\/rennes-le-chateau.org\/wp-content\/uploads\/2018\/11\/CoverDRLC-V1.jpg?w=350&amp;ssl=1 350w, https:\/\/i0.wp.com\/rennes-le-chateau.org\/wp-content\/uploads\/2018\/11\/CoverDRLC-V1.jpg?resize=300%2C238&amp;ssl=1 300w, https:\/\/i0.wp.com\/rennes-le-chateau.org\/wp-content\/uploads\/2018\/11\/CoverDRLC-V1.jpg?resize=250%2C199&amp;ssl=1 250w\" sizes=\"auto, (max-width: 350px) 100vw, 350px\" \/><\/p>\n<p><span style=\"color: #ff6600;\"><strong>Un superbe livre<\/strong> <\/span>permettant la d\u00e9couverte de Rennes-Le-Ch\u00e2teau au travers de textes explicatifs et <span style=\"color: #ff6600;\"><strong>de tr\u00e8s belles photographies illustrant les propos de l&#8217;auteur.<\/strong><\/span><\/p>\n<p>Plusieurs <span style=\"color: #ff6600;\"><strong>sch\u00e9mas signal\u00e9tiques<\/strong><\/span> accompagnent le lecteur lui permettant de toujours situer les images qu&#8217;ils d\u00e9couvrent au fil de l&#8217;ouvrage<\/p>\n<p>Destin\u00e9 aux sp\u00e9cialistes comme aux n\u00e9ophytes, il sera l&#8217;ouvrage qui les accompagnera dans leurs visites du village.<\/p>\n<p>Imprim\u00e9 sur du papier de qualit\u00e9, <strong><span style=\"color: #ff6600;\">ce livre est un beau cadeau \u00e0 faire aux passionn\u00e9s de cette incroyable histoire.<\/span><\/strong><\/p>\n<p style=\"text-align: center;\"><div id=\"metaslider-id-1235\" style=\"max-width: 350px; margin: 0 auto;\" class=\"ml-slider-3-98-0 metaslider metaslider-flex metaslider-1235 ml-slider ms-theme-default nav-hidden\" role=\"region\" aria-roledescription=\"Slideshow\" aria-label=\"SS13-DRLCESM\" data-width=\"350\">\n    <div id=\"metaslider_container_1235\">\n        <div id=\"metaslider_1235\" class=\"flexslider\">\n            <ul class='slides'>\n                <li style=\"display: block; width: 100%;\" class=\"slide-1236 ms-image \" aria-roledescription=\"slide\" aria-label=\"slide-1236\" data-date=\"2018-11-29 16:38:20\"><img data-recalc-dims=\"1\" loading=\"lazy\" decoding=\"async\" src=\"https:\/\/i0.wp.com\/rennes-le-chateau.org\/wp-content\/uploads\/2018\/11\/PageTeaser21-e1543505685779-350x278.jpg?resize=350%2C278&#038;ssl=1\" height=\"278\" width=\"350\" alt=\"\" class=\"slider-1235 slide-1236\" title=\"PageTeaser21\" \/><\/li>\n                <li style=\"display: none; width: 100%;\" class=\"slide-1237 ms-image \" aria-roledescription=\"slide\" aria-label=\"slide-1237\" data-date=\"2018-11-29 16:38:20\"><img data-recalc-dims=\"1\" loading=\"lazy\" decoding=\"async\" src=\"https:\/\/i0.wp.com\/rennes-le-chateau.org\/wp-content\/uploads\/2018\/11\/PageTeaser23-e1543505706286-350x278.jpg?resize=350%2C278&#038;ssl=1\" height=\"278\" width=\"350\" alt=\"\" class=\"slider-1235 slide-1237\" title=\"PageTeaser23\" \/><\/li>\n                <li style=\"display: none; width: 100%;\" class=\"slide-1238 ms-image \" aria-roledescription=\"slide\" aria-label=\"slide-1238\" data-date=\"2018-11-29 16:38:20\"><img data-recalc-dims=\"1\" loading=\"lazy\" decoding=\"async\" src=\"https:\/\/i0.wp.com\/rennes-le-chateau.org\/wp-content\/uploads\/2018\/11\/PageTeaser30-e1543505720354-350x278.jpg?resize=350%2C278&#038;ssl=1\" height=\"278\" width=\"350\" alt=\"\" class=\"slider-1235 slide-1238\" title=\"PageTeaser30\" \/><\/li>\n                <li style=\"display: none; width: 100%;\" class=\"slide-1239 ms-image \" aria-roledescription=\"slide\" aria-label=\"slide-1239\" data-date=\"2018-11-29 16:38:20\"><img data-recalc-dims=\"1\" loading=\"lazy\" decoding=\"async\" src=\"https:\/\/i0.wp.com\/rennes-le-chateau.org\/wp-content\/uploads\/2018\/11\/PageTeaser36-e1543505736661-350x278.jpg?resize=350%2C278&#038;ssl=1\" height=\"278\" width=\"350\" alt=\"\" class=\"slider-1235 slide-1239\" title=\"PageTeaser36\" \/><\/li>\n                <li style=\"display: none; width: 100%;\" class=\"slide-1240 ms-image \" aria-roledescription=\"slide\" aria-label=\"slide-1240\" data-date=\"2018-11-29 16:38:20\"><img data-recalc-dims=\"1\" loading=\"lazy\" decoding=\"async\" src=\"https:\/\/i0.wp.com\/rennes-le-chateau.org\/wp-content\/uploads\/2018\/11\/PageTeaser46-e1543505748377-350x278.jpg?resize=350%2C278&#038;ssl=1\" height=\"278\" width=\"350\" alt=\"\" class=\"slider-1235 slide-1240\" title=\"PageTeaser46\" \/><\/li>\n                <li style=\"display: none; width: 100%;\" class=\"slide-1241 ms-image \" aria-roledescription=\"slide\" aria-label=\"slide-1241\" data-date=\"2018-11-29 16:38:21\"><img data-recalc-dims=\"1\" loading=\"lazy\" decoding=\"async\" src=\"https:\/\/i0.wp.com\/rennes-le-chateau.org\/wp-content\/uploads\/2018\/11\/PageTeaser54-e1543505763141-350x278.jpg?resize=350%2C278&#038;ssl=1\" height=\"278\" width=\"350\" alt=\"\" class=\"slider-1235 slide-1241\" title=\"PageTeaser54\" \/><\/li>\n                <li style=\"display: none; width: 100%;\" class=\"slide-1242 ms-image \" aria-roledescription=\"slide\" aria-label=\"slide-1242\" data-date=\"2018-11-29 16:38:21\"><img data-recalc-dims=\"1\" loading=\"lazy\" decoding=\"async\" src=\"https:\/\/i0.wp.com\/rennes-le-chateau.org\/wp-content\/uploads\/2018\/11\/PageTeaser59-e1543505777643-350x278.jpg?resize=350%2C278&#038;ssl=1\" height=\"278\" width=\"350\" alt=\"\" class=\"slider-1235 slide-1242\" title=\"PageTeaser59\" \/><\/li>\n                <li style=\"display: none; width: 100%;\" class=\"slide-1243 ms-image \" aria-roledescription=\"slide\" aria-label=\"slide-1243\" data-date=\"2018-11-29 16:38:21\"><img data-recalc-dims=\"1\" loading=\"lazy\" decoding=\"async\" src=\"https:\/\/i0.wp.com\/rennes-le-chateau.org\/wp-content\/uploads\/2018\/11\/PageTeaser69-e1543505791630-350x278.jpg?resize=350%2C278&#038;ssl=1\" height=\"278\" width=\"350\" alt=\"\" class=\"slider-1235 slide-1243\" title=\"PageTeaser69\" \/><\/li>\n                <li style=\"display: none; width: 100%;\" class=\"slide-1244 ms-image \" aria-roledescription=\"slide\" aria-label=\"slide-1244\" data-date=\"2018-11-29 16:38:21\"><img data-recalc-dims=\"1\" loading=\"lazy\" decoding=\"async\" src=\"https:\/\/i0.wp.com\/rennes-le-chateau.org\/wp-content\/uploads\/2018\/11\/PageTeaser78-e1543505805595-350x278.jpg?resize=350%2C278&#038;ssl=1\" height=\"278\" width=\"350\" alt=\"\" class=\"slider-1235 slide-1244\" title=\"PageTeaser78\" \/><\/li>\n                <li style=\"display: none; width: 100%;\" class=\"slide-1245 ms-image \" aria-roledescription=\"slide\" aria-label=\"slide-1245\" data-date=\"2018-11-29 16:38:21\"><img data-recalc-dims=\"1\" loading=\"lazy\" decoding=\"async\" src=\"https:\/\/i0.wp.com\/rennes-le-chateau.org\/wp-content\/uploads\/2018\/11\/PageTeaser82-e1543505817517-350x278.jpg?resize=350%2C278&#038;ssl=1\" height=\"278\" width=\"350\" alt=\"\" class=\"slider-1235 slide-1245\" title=\"PageTeaser82\" \/><\/li>\n            <\/ul>\n        <\/div>\n        \n    <\/div>\n<\/div><\/p>\n<p><strong>Disponible sur la <span style=\"color: #ff6600;\"><a style=\"color: #ff6600;\" href=\"http:\/\/rennes-le-chateau.org\/index.php\/boutique\/\">Boutique du Site<\/a><\/span><\/strong><\/p>\n","protected":false},"excerpt":{"rendered":"<p>Accueil \/ Les Livres Dans Les Pas De B\u00e9renger Sauni\u00e8re Croisant et recroisant les \u00e9l\u00e9ments de ses recherches sur Rennes-Le-Ch\u00e2teau, Jean-Patrick Pourtal a mit \u00e0 jour une piste passionnante le conduisant \u00e0 identifier une zone particuli\u00e8re au plus proche de Rennes-Le-Ch\u00e2teau. Visiblement, ce lieu est bien celui que B\u00e9renger Sauni\u00e8re, fameux cur\u00e9 de Rennes-Le-Ch\u00e2teau, indiqua &hellip; <\/p>\n<p class=\"link-more\"><a href=\"https:\/\/rennes-le-chateau.org\/index.php\/les-livres\/de-jp-pourtal\/\" class=\"more-link\">Continuer la lecture<span class=\"screen-reader-text\"> de &laquo;&nbsp;de Jean-Patrick Pourtal &#8211; Auteur&nbsp;&raquo;<\/span><\/a><\/p>\n","protected":false},"author":1,"featured_media":0,"parent":337,"menu_order":0,"comment_status":"open","ping_status":"closed","template":"","meta":{"jetpack_post_was_ever_published":false,"footnotes":""},"class_list":["post-125","page","type-page","status-publish","hentry"],"jetpack_sharing_enabled":true,"jetpack_shortlink":"https:\/\/wp.me\/P9SxBn-21","_links":{"self":[{"href":"https:\/\/rennes-le-chateau.org\/index.php\/wp-json\/wp\/v2\/pages\/125","targetHints":{"allow":["GET"]}}],"collection":[{"href":"https:\/\/rennes-le-chateau.org\/index.php\/wp-json\/wp\/v2\/pages"}],"about":[{"href":"https:\/\/rennes-le-chateau.org\/index.php\/wp-json\/wp\/v2\/types\/page"}],"author":[{"embeddable":true,"href":"https:\/\/rennes-le-chateau.org\/index.php\/wp-json\/wp\/v2\/users\/1"}],"replies":[{"embeddable":true,"href":"https:\/\/rennes-le-chateau.org\/index.php\/wp-json\/wp\/v2\/comments?post=125"}],"version-history":[{"count":14,"href":"https:\/\/rennes-le-chateau.org\/index.php\/wp-json\/wp\/v2\/pages\/125\/revisions"}],"predecessor-version":[{"id":1458,"href":"https:\/\/rennes-le-chateau.org\/index.php\/wp-json\/wp\/v2\/pages\/125\/revisions\/1458"}],"up":[{"embeddable":true,"href":"https:\/\/rennes-le-chateau.org\/index.php\/wp-json\/wp\/v2\/pages\/337"}],"wp:attachment":[{"href":"https:\/\/rennes-le-chateau.org\/index.php\/wp-json\/wp\/v2\/media?parent=125"}],"curies":[{"name":"wp","href":"https:\/\/api.w.org\/{rel}","templated":true}]}}