{"id":116,"date":"2018-04-30T15:07:00","date_gmt":"2018-04-30T13:07:00","guid":{"rendered":"http:\/\/rennes-le-chateau.org\/?page_id=116"},"modified":"2019-08-17T15:25:21","modified_gmt":"2019-08-17T13:25:21","slug":"le-domaine-de-berenger-sauniere","status":"publish","type":"page","link":"https:\/\/rennes-le-chateau.org\/index.php\/le-site\/laffaire-berenger-sauniere\/les-travaux-de-berenger-sauniere\/le-domaine-de-berenger-sauniere\/","title":{"rendered":"Le domaine de B\u00e9renger Sauni\u00e8re"},"content":{"rendered":"<h6><span style=\"color: #808080;\"><a href=\"https:\/\/rennes-le-chateau.org\/\"><span style=\"color: #999999;\">Accueil<\/span><\/a> \/<span style=\"color: #999999;\"> <a style=\"color: #999999;\" href=\"https:\/\/rennes-le-chateau.org\/index.php\/le-site\/\">Etudes et Analyses<\/a><\/span><\/span> \/ <span style=\"color: #999999;\"><a style=\"color: #999999;\" href=\"https:\/\/rennes-le-chateau.org\/index.php\/laffaire-berenger-sauniere\/\">L&#8217;affaire B\u00e9renger Sauni\u00e8re<\/a><\/span>\u00a0 \/<span style=\"color: #808080;\"><a style=\"color: #808080;\" href=\"https:\/\/rennes-le-chateau.org\/index.php\/les-travaux-de-berenger-sauniere\/\">\u00a0<span style=\"color: #999999;\">Les travaux de B\u00e9renger Sauni\u00e8re<\/span><\/a><\/span><\/h6>\n<p style=\"text-align: center;\"><div id=\"metaslider-id-550\" style=\"max-width: 800px; margin: 0 auto;\" class=\"ml-slider-3-98-0 metaslider metaslider-flex metaslider-550 ml-slider ms-theme-default\" role=\"region\" aria-roledescription=\"Slideshow\" aria-label=\"SS03-DOM\" data-width=\"800\">\n    <div id=\"metaslider_container_550\">\n        <div id=\"metaslider_550\" class=\"flexslider\">\n            <ul class='slides'>\n                <li style=\"display: block; width: 100%;\" class=\"slide-551 ms-image \" aria-roledescription=\"slide\" aria-label=\"slide-551\" data-date=\"2018-05-08 12:22:51\"><img data-recalc-dims=\"1\" loading=\"lazy\" decoding=\"async\" src=\"https:\/\/i0.wp.com\/rennes-le-chateau.org\/wp-content\/uploads\/2018\/05\/DOM009.jpg?resize=525%2C349&#038;ssl=1\" height=\"349\" width=\"525\" alt=\"Le Christ de la Villa B\u00e9thanie du Domaine de B\u00e9renger Sauni\u00e8re \u00e0 Rennes-Le-Ch\u00e2teau\" class=\"slider-550 slide-551\" title=\"DOM009\" \/><\/li>\n                <li style=\"display: none; width: 100%;\" class=\"slide-552 ms-image \" aria-roledescription=\"slide\" aria-label=\"slide-552\" data-date=\"2018-05-08 12:22:51\"><img data-recalc-dims=\"1\" loading=\"lazy\" decoding=\"async\" src=\"https:\/\/i0.wp.com\/rennes-le-chateau.org\/wp-content\/uploads\/2018\/05\/DOM008.jpg?resize=525%2C349&#038;ssl=1\" height=\"349\" width=\"525\" alt=\"La Villa B\u00e9thanie du Domaine de B\u00e9renger Sauni\u00e8re \u00e0 Rennes-Le-Ch\u00e2teau\" class=\"slider-550 slide-552\" title=\"DOM008\" \/><\/li>\n                <li style=\"display: none; width: 100%;\" class=\"slide-553 ms-image \" aria-roledescription=\"slide\" aria-label=\"slide-553\" data-date=\"2018-05-08 12:22:51\"><img data-recalc-dims=\"1\" loading=\"lazy\" decoding=\"async\" src=\"https:\/\/i0.wp.com\/rennes-le-chateau.org\/wp-content\/uploads\/2018\/05\/DOM005.jpg?resize=525%2C349&#038;ssl=1\" height=\"349\" width=\"525\" alt=\"La Tour de l&#039;Orangeraie du Domaine de B\u00e9renger Sauni\u00e8re \u00e0 Rennes-Le-Ch\u00e2teau\" class=\"slider-550 slide-553\" title=\"DOM005\" \/><\/li>\n                <li style=\"display: none; width: 100%;\" class=\"slide-554 ms-image \" aria-roledescription=\"slide\" aria-label=\"slide-554\" data-date=\"2018-05-08 12:22:51\"><img data-recalc-dims=\"1\" loading=\"lazy\" decoding=\"async\" src=\"https:\/\/i0.wp.com\/rennes-le-chateau.org\/wp-content\/uploads\/2018\/05\/DOM004.jpg?resize=525%2C349&#038;ssl=1\" height=\"349\" width=\"525\" alt=\"Les Jardins du Domaine de B\u00e9renger Sauni\u00e8re \u00e0 Rennes-Le-Ch\u00e2teau\" class=\"slider-550 slide-554\" title=\"DOM004\" \/><\/li>\n                <li style=\"display: none; width: 100%;\" class=\"slide-555 ms-image \" aria-roledescription=\"slide\" aria-label=\"slide-555\" data-date=\"2018-05-08 12:22:51\"><img data-recalc-dims=\"1\" loading=\"lazy\" decoding=\"async\" src=\"https:\/\/i0.wp.com\/rennes-le-chateau.org\/wp-content\/uploads\/2018\/05\/DOM003.jpg?resize=525%2C349&#038;ssl=1\" height=\"349\" width=\"525\" alt=\"Les Jardins du Domaine de B\u00e9renger Sauni\u00e8re \u00e0 Rennes-Le-Ch\u00e2teau\" class=\"slider-550 slide-555\" title=\"DOM003\" \/><\/li>\n                <li style=\"display: none; width: 100%;\" class=\"slide-556 ms-image \" aria-roledescription=\"slide\" aria-label=\"slide-556\" data-date=\"2018-05-08 12:22:51\"><img data-recalc-dims=\"1\" loading=\"lazy\" decoding=\"async\" src=\"https:\/\/i0.wp.com\/rennes-le-chateau.org\/wp-content\/uploads\/2018\/05\/DOM002.jpg?resize=525%2C349&#038;ssl=1\" height=\"349\" width=\"525\" alt=\"La Villa B\u00e9thanie du Domaine de B\u00e9renger Sauni\u00e8re \u00e0 Rennes-Le-Ch\u00e2teau\" class=\"slider-550 slide-556\" title=\"DOM002\" \/><\/li>\n                <li style=\"display: none; width: 100%;\" class=\"slide-557 ms-image \" aria-roledescription=\"slide\" aria-label=\"slide-557\" data-date=\"2018-05-08 12:22:51\"><img data-recalc-dims=\"1\" loading=\"lazy\" decoding=\"async\" src=\"https:\/\/i0.wp.com\/rennes-le-chateau.org\/wp-content\/uploads\/2018\/05\/DOM001.jpg?resize=525%2C349&#038;ssl=1\" height=\"349\" width=\"525\" alt=\"La Tour Magdala du Domaine de B\u00e9renger Sauni\u00e8re \u00e0 Rennes-Le-Ch\u00e2teau\" class=\"slider-550 slide-557\" title=\"DOM001\" \/><\/li>\n                <li style=\"display: none; width: 100%;\" class=\"slide-558 ms-image \" aria-roledescription=\"slide\" aria-label=\"slide-558\" data-date=\"2018-05-08 12:22:51\"><img data-recalc-dims=\"1\" loading=\"lazy\" decoding=\"async\" src=\"https:\/\/i0.wp.com\/rennes-le-chateau.org\/wp-content\/uploads\/2018\/05\/DOM007.jpg?resize=525%2C349&#038;ssl=1\" height=\"349\" width=\"525\" alt=\"La Tour Magdala et le Belv\u00e9d\u00e8re du Domaine de B\u00e9renger Sauni\u00e8re \u00e0 Rennes-Le-Ch\u00e2teau\" class=\"slider-550 slide-558\" title=\"DOM007\" \/><\/li>\n                <li style=\"display: none; width: 100%;\" class=\"slide-559 ms-image \" aria-roledescription=\"slide\" aria-label=\"slide-559\" data-date=\"2018-05-08 12:22:51\"><img data-recalc-dims=\"1\" loading=\"lazy\" decoding=\"async\" src=\"https:\/\/i0.wp.com\/rennes-le-chateau.org\/wp-content\/uploads\/2018\/05\/DOM006.jpg?resize=525%2C349&#038;ssl=1\" height=\"349\" width=\"525\" alt=\"La Tour de l&#039;Orangeraie du Domaine de B\u00e9renger Sauni\u00e8re \u00e0 Rennes-Le-Ch\u00e2teau\" class=\"slider-550 slide-559\" title=\"DOM006\" \/><\/li>\n            <\/ul>\n        <\/div>\n        \n    <\/div>\n<\/div><\/p>\n<p>Le domaine de B\u00e9renger Sauni\u00e8re est<strong><span style=\"color: #ff6600;\"> la troisi\u00e8me et derni\u00e8re phase de ses grands travaux<\/span><\/strong> \u00e0 Rennes-Le-Ch\u00e2teau.<\/p>\n<p>Les jardins de l&#8217;\u00e9glise repr\u00e9sentant une sorte de plan sont le symbole du &#8220;<span style=\"color: #ff6600;\"><strong>O\u00f9<\/strong><\/span>&#8220;, la restauration de l&#8217;\u00e9glise pr\u00e9sente &#8220;<span style=\"color: #ff6600;\"><strong>Le quoi<\/strong><\/span>&#8221; et le domaine derni\u00e8re phase de ce grand plan a pour vocation de repr\u00e9senter &#8220;<span style=\"color: #ff6600;\"><strong>Le pourquoi<\/strong><\/span>&#8221; au travers de constructions et d&#8217;ensemble d&#8217;am\u00e9nagements permettant une perception philosophique de ces constructions.<\/p>\n<p>La <span style=\"color: #ff6600;\"><strong>Tour Magdala<\/strong>,<\/span> tour de pierre mais s&#8217;\u00e9levant est l&#8217;oppos\u00e9 de<strong><span style=\"color: #ff6600;\"> la tour de l&#8217;orangeraie<\/span><\/strong>, tour de verre transparente, dont la salle est en sous-sol alors que celle de Magdala et en surface et la<strong><span style=\"color: #ff6600;\"> Villa B\u00e9thanie<\/span> <\/strong>r\u00e9f\u00e9rence \u00e0 Marie de B\u00e9thanie.<\/p>\n<p><strong><span style=\"color: #ff6600;\">Un dualisme \u00e9vident<\/span><\/strong> appara\u00eet aux yeux du chercheur qui veut se donner le temps de la r\u00e9flexion ; une philosophie dualiste s&#8217;\u00e9tale sous ses yeux bien loin du Dogme Catholique que le pr\u00eatre B\u00e9renger Sauni\u00e8re d\u00e9fendait avec v\u00e9h\u00e9mence au d\u00e9but de sa mission \u00e0 Rennes-Le-Ch\u00e2teau mais que ses d\u00e9couvertes ont enti\u00e8rement boulevers\u00e9.<\/p>\n<p>Alors ce dualiste affich\u00e9 non laisse quel message ? Pourquoi B\u00e9renger Sauni\u00e8re afficha cela aux yeux et aux sus de tous ceux qui &#8220;savaient&#8221; lire ?<\/p>\n<p><span style=\"color: #ff6600;\"><strong><a style=\"color: #ff6600;\" href=\"http:\/\/rennes-le-chateau.org\/wp-content\/uploads\/2018\/05\/villa-bethanie.pdf\" target=\"_blank\" rel=\"noopener noreferrer\">La villa B\u00e9thanie<\/a><\/strong><\/span>&#8211; <em>Document PDF<\/em><\/p>\n<p><span style=\"color: #ff6600;\"><strong><a style=\"color: #ff6600;\" href=\"http:\/\/rennes-le-chateau.org\/wp-content\/uploads\/2018\/05\/tour-magdala.pdf\" target=\"_blank\" rel=\"noopener noreferrer\">La Tour Magdala<\/a><\/strong><\/span>\u00a0&#8211;<em> Document PDF<\/em><\/p>\n<p><a href=\"http:\/\/rennes-le-chateau.org\/wp-content\/uploads\/2018\/05\/tour-orangeraie.pdf\" target=\"_blank\" rel=\"noopener noreferrer\"><strong><span style=\"color: #ff6600;\">La Tour de l&#8217;Orangeraie<\/span><\/strong><\/a>\u00a0&#8211; <em>Document PDF<\/em><\/p>\n<p><iframe loading=\"lazy\" title=\"06-Le Domaine de B\u00e9renger Sauni\u00e8re \u00e0 Rennes-Le-Ch\u00e2teau\" width=\"525\" height=\"295\" src=\"https:\/\/www.youtube.com\/embed\/fjREB28dce0?feature=oembed\" frameborder=\"0\" allow=\"accelerometer; autoplay; clipboard-write; encrypted-media; gyroscope; picture-in-picture; web-share\" referrerpolicy=\"strict-origin-when-cross-origin\" allowfullscreen><\/iframe><\/p>\n<p><img data-recalc-dims=\"1\" loading=\"lazy\" decoding=\"async\" class=\"alignleft wp-image-1609 size-full\" src=\"https:\/\/i0.wp.com\/rennes-le-chateau.org\/wp-content\/uploads\/2019\/08\/IconeHP-e1566047268923.png?resize=25%2C25&#038;ssl=1\" alt=\"\" width=\"25\" height=\"25\" align=\"absmiddle\" \/>T\u00e9l\u00e9charger le fichier audio de la vid\u00e9o : <span style=\"color: #ff6600;\"><strong><a style=\"color: #ff6600;\" href=\"https:\/\/rennes-le-chateau.org\/wp-content\/uploads\/2019\/08\/06-Le-Domaine-de-B\u00e9renger-Sauni\u00e8re-\u00e0-Rennes-Le-Ch\u00e2teau.zip\">Le Domaine de B\u00e9renger Sauni\u00e8re \u00e0 Rennes-Le-Ch\u00e2teau<\/a><\/strong><\/span><\/p>\n<p style=\"text-align: center;\"><div class=\"rl-gallery-container rl-loading\" id=\"rl-gallery-container-1\" data-gallery_id=\"818\"> <div class=\"rl-gallery rl-basicgrid-gallery \" id=\"rl-gallery-1\" data-gallery_no=\"1\"> <div class=\"rl-gallery-item\"><a href=\"https:\/\/i0.wp.com\/rennes-le-chateau.org\/wp-content\/uploads\/2018\/05\/DOM009.jpg?fit=800%2C532&ssl=1\" title=\"\" data-rl_title=\"\" class=\"rl-gallery-link\" data-rl_caption=\"\" data-rel=\"lightbox-gallery-1\"><img loading=\"lazy\" decoding=\"async\" src=\"https:\/\/i0.wp.com\/rennes-le-chateau.org\/wp-content\/uploads\/2018\/05\/DOM009.jpg?resize=150%2C150&#038;ssl=1\" width=\"150\" height=\"150\" alt=\"Le Christ de la Villa B\u00e9thanie du Domaine de B\u00e9renger Sauni\u00e8re \u00e0 Rennes-Le-Ch\u00e2teau\"\/><\/a><\/div><div class=\"rl-gallery-item\"><a href=\"https:\/\/i0.wp.com\/rennes-le-chateau.org\/wp-content\/uploads\/2018\/05\/DOM008.jpg?fit=800%2C600&ssl=1\" title=\"\" data-rl_title=\"\" class=\"rl-gallery-link\" data-rl_caption=\"\" data-rel=\"lightbox-gallery-1\"><img loading=\"lazy\" decoding=\"async\" src=\"https:\/\/i0.wp.com\/rennes-le-chateau.org\/wp-content\/uploads\/2018\/05\/DOM008.jpg?resize=150%2C150&#038;ssl=1\" width=\"150\" height=\"150\" alt=\"La Villa B\u00e9thanie du Domaine de B\u00e9renger Sauni\u00e8re \u00e0 Rennes-Le-Ch\u00e2teau\"\/><\/a><\/div><div class=\"rl-gallery-item\"><a href=\"https:\/\/i0.wp.com\/rennes-le-chateau.org\/wp-content\/uploads\/2018\/05\/DOM005.jpg?fit=800%2C531&ssl=1\" title=\"\" data-rl_title=\"\" class=\"rl-gallery-link\" data-rl_caption=\"\" data-rel=\"lightbox-gallery-1\"><img loading=\"lazy\" decoding=\"async\" src=\"https:\/\/i0.wp.com\/rennes-le-chateau.org\/wp-content\/uploads\/2018\/05\/DOM005.jpg?resize=150%2C150&#038;ssl=1\" width=\"150\" height=\"150\" alt=\"La Tour de l&#039;Orangeraie du Domaine de B\u00e9renger Sauni\u00e8re \u00e0 Rennes-Le-Ch\u00e2teau\"\/><\/a><\/div><div class=\"rl-gallery-item\"><a href=\"https:\/\/i0.wp.com\/rennes-le-chateau.org\/wp-content\/uploads\/2018\/05\/DOM004.jpg?fit=800%2C531&ssl=1\" title=\"\" data-rl_title=\"\" class=\"rl-gallery-link\" data-rl_caption=\"\" data-rel=\"lightbox-gallery-1\"><img loading=\"lazy\" decoding=\"async\" src=\"https:\/\/i0.wp.com\/rennes-le-chateau.org\/wp-content\/uploads\/2018\/05\/DOM004.jpg?resize=150%2C150&#038;ssl=1\" width=\"150\" height=\"150\" alt=\"Les Jardins du Domaine de B\u00e9renger Sauni\u00e8re \u00e0 Rennes-Le-Ch\u00e2teau\"\/><\/a><\/div><div class=\"rl-gallery-item\"><a href=\"https:\/\/i0.wp.com\/rennes-le-chateau.org\/wp-content\/uploads\/2018\/05\/DOM003.jpg?fit=800%2C531&ssl=1\" title=\"\" data-rl_title=\"\" class=\"rl-gallery-link\" data-rl_caption=\"\" data-rel=\"lightbox-gallery-1\"><img loading=\"lazy\" decoding=\"async\" src=\"https:\/\/i0.wp.com\/rennes-le-chateau.org\/wp-content\/uploads\/2018\/05\/DOM003.jpg?resize=150%2C150&#038;ssl=1\" width=\"150\" height=\"150\" alt=\"Les Jardins du Domaine de B\u00e9renger Sauni\u00e8re \u00e0 Rennes-Le-Ch\u00e2teau\"\/><\/a><\/div><div class=\"rl-gallery-item\"><a href=\"https:\/\/i0.wp.com\/rennes-le-chateau.org\/wp-content\/uploads\/2018\/05\/DOM002.jpg?fit=800%2C600&ssl=1\" title=\"\" data-rl_title=\"\" class=\"rl-gallery-link\" data-rl_caption=\"\" data-rel=\"lightbox-gallery-1\"><img loading=\"lazy\" decoding=\"async\" src=\"https:\/\/i0.wp.com\/rennes-le-chateau.org\/wp-content\/uploads\/2018\/05\/DOM002.jpg?resize=150%2C150&#038;ssl=1\" width=\"150\" height=\"150\" alt=\"La Villa B\u00e9thanie du Domaine de B\u00e9renger Sauni\u00e8re \u00e0 Rennes-Le-Ch\u00e2teau\"\/><\/a><\/div><div class=\"rl-gallery-item\"><a href=\"https:\/\/i0.wp.com\/rennes-le-chateau.org\/wp-content\/uploads\/2018\/05\/DOM001.jpg?fit=800%2C531&ssl=1\" title=\"\" data-rl_title=\"\" class=\"rl-gallery-link\" data-rl_caption=\"\" data-rel=\"lightbox-gallery-1\"><img loading=\"lazy\" decoding=\"async\" src=\"https:\/\/i0.wp.com\/rennes-le-chateau.org\/wp-content\/uploads\/2018\/05\/DOM001.jpg?resize=150%2C150&#038;ssl=1\" width=\"150\" height=\"150\" alt=\"La Tour Magdala du Domaine de B\u00e9renger Sauni\u00e8re \u00e0 Rennes-Le-Ch\u00e2teau\"\/><\/a><\/div><div class=\"rl-gallery-item\"><a href=\"https:\/\/i0.wp.com\/rennes-le-chateau.org\/wp-content\/uploads\/2018\/05\/DOM007.jpg?fit=800%2C531&ssl=1\" title=\"\" data-rl_title=\"\" class=\"rl-gallery-link\" data-rl_caption=\"\" data-rel=\"lightbox-gallery-1\"><img loading=\"lazy\" decoding=\"async\" src=\"https:\/\/i0.wp.com\/rennes-le-chateau.org\/wp-content\/uploads\/2018\/05\/DOM007.jpg?resize=150%2C150&#038;ssl=1\" width=\"150\" height=\"150\" alt=\"La Tour Magdala et le Belv\u00e9d\u00e8re du Domaine de B\u00e9renger Sauni\u00e8re \u00e0 Rennes-Le-Ch\u00e2teau\"\/><\/a><\/div><div class=\"rl-gallery-item\"><a href=\"https:\/\/i0.wp.com\/rennes-le-chateau.org\/wp-content\/uploads\/2018\/05\/DOM006.jpg?fit=800%2C531&ssl=1\" title=\"\" data-rl_title=\"\" class=\"rl-gallery-link\" data-rl_caption=\"\" data-rel=\"lightbox-gallery-1\"><img loading=\"lazy\" decoding=\"async\" src=\"https:\/\/i0.wp.com\/rennes-le-chateau.org\/wp-content\/uploads\/2018\/05\/DOM006.jpg?resize=150%2C150&#038;ssl=1\" width=\"150\" height=\"150\" alt=\"La Tour de l&#039;Orangeraie du Domaine de B\u00e9renger Sauni\u00e8re \u00e0 Rennes-Le-Ch\u00e2teau\"\/><\/a><\/div> <\/div> <\/div><\/p>\n<p>&nbsp;<\/p>\n","protected":false},"excerpt":{"rendered":"<p>Accueil \/ Etudes et Analyses \/ L&#8217;affaire B\u00e9renger Sauni\u00e8re\u00a0 \/\u00a0Les travaux de B\u00e9renger Sauni\u00e8re Le domaine de B\u00e9renger Sauni\u00e8re est la troisi\u00e8me et derni\u00e8re phase de ses grands travaux \u00e0 Rennes-Le-Ch\u00e2teau. Les jardins de l&#8217;\u00e9glise repr\u00e9sentant une sorte de plan sont le symbole du &#8220;O\u00f9&#8220;, la restauration de l&#8217;\u00e9glise pr\u00e9sente &#8220;Le quoi&#8221; et le domaine &hellip; <\/p>\n<p class=\"link-more\"><a href=\"https:\/\/rennes-le-chateau.org\/index.php\/le-site\/laffaire-berenger-sauniere\/les-travaux-de-berenger-sauniere\/le-domaine-de-berenger-sauniere\/\" class=\"more-link\">Continuer la lecture<span class=\"screen-reader-text\"> de &laquo;&nbsp;Le domaine de B\u00e9renger Sauni\u00e8re&nbsp;&raquo;<\/span><\/a><\/p>\n","protected":false},"author":1,"featured_media":0,"parent":106,"menu_order":0,"comment_status":"open","ping_status":"closed","template":"","meta":{"jetpack_post_was_ever_published":false,"footnotes":""},"class_list":["post-116","page","type-page","status-publish","hentry"],"jetpack_sharing_enabled":true,"jetpack_shortlink":"https:\/\/wp.me\/P9SxBn-1S","_links":{"self":[{"href":"https:\/\/rennes-le-chateau.org\/index.php\/wp-json\/wp\/v2\/pages\/116","targetHints":{"allow":["GET"]}}],"collection":[{"href":"https:\/\/rennes-le-chateau.org\/index.php\/wp-json\/wp\/v2\/pages"}],"about":[{"href":"https:\/\/rennes-le-chateau.org\/index.php\/wp-json\/wp\/v2\/types\/page"}],"author":[{"embeddable":true,"href":"https:\/\/rennes-le-chateau.org\/index.php\/wp-json\/wp\/v2\/users\/1"}],"replies":[{"embeddable":true,"href":"https:\/\/rennes-le-chateau.org\/index.php\/wp-json\/wp\/v2\/comments?post=116"}],"version-history":[{"count":11,"href":"https:\/\/rennes-le-chateau.org\/index.php\/wp-json\/wp\/v2\/pages\/116\/revisions"}],"predecessor-version":[{"id":1683,"href":"https:\/\/rennes-le-chateau.org\/index.php\/wp-json\/wp\/v2\/pages\/116\/revisions\/1683"}],"up":[{"embeddable":true,"href":"https:\/\/rennes-le-chateau.org\/index.php\/wp-json\/wp\/v2\/pages\/106"}],"wp:attachment":[{"href":"https:\/\/rennes-le-chateau.org\/index.php\/wp-json\/wp\/v2\/media?parent=116"}],"curies":[{"name":"wp","href":"https:\/\/api.w.org\/{rel}","templated":true}]}}