{"id":113,"date":"2018-04-30T15:07:00","date_gmt":"2018-04-30T13:07:00","guid":{"rendered":"http:\/\/rennes-le-chateau.org\/?page_id=113"},"modified":"2019-08-17T15:14:03","modified_gmt":"2019-08-17T13:14:03","slug":"les-jardins-de-leglise","status":"publish","type":"page","link":"https:\/\/rennes-le-chateau.org\/index.php\/le-site\/laffaire-berenger-sauniere\/les-travaux-de-berenger-sauniere\/les-jardins-de-leglise\/","title":{"rendered":"Les jardins de l&#8217;\u00e9glise"},"content":{"rendered":"<h6><span style=\"color: #808080;\"><a href=\"https:\/\/rennes-le-chateau.org\/\"><span style=\"color: #999999;\">Accueil<\/span><\/a> \/<span style=\"color: #999999;\"> <a style=\"color: #999999;\" href=\"https:\/\/rennes-le-chateau.org\/index.php\/le-site\/\">Etudes et Analyses<\/a><\/span><\/span> \/ <span style=\"color: #999999;\"><a style=\"color: #999999;\" href=\"https:\/\/rennes-le-chateau.org\/index.php\/laffaire-berenger-sauniere\/\">L&#8217;affaire B\u00e9renger Sauni\u00e8re<\/a><\/span>\u00a0 \/<span style=\"color: #808080;\"><a style=\"color: #808080;\" href=\"https:\/\/rennes-le-chateau.org\/index.php\/les-travaux-de-berenger-sauniere\/\">\u00a0<span style=\"color: #999999;\">Les travaux de B\u00e9renger Sauni\u00e8re<\/span><\/a><\/span><\/h6>\n<p style=\"text-align: center;\"><div id=\"metaslider-id-529\" style=\"max-width: 800px; margin: 0 auto;\" class=\"ml-slider-3-98-0 metaslider metaslider-flex metaslider-529 ml-slider ms-theme-default\" role=\"region\" aria-roledescription=\"Slideshow\" aria-label=\"SS02-JARD\" data-width=\"800\">\n    <div id=\"metaslider_container_529\">\n        <div id=\"metaslider_529\" class=\"flexslider\">\n            <ul class='slides'>\n                <li style=\"display: block; width: 100%;\" class=\"slide-530 ms-image \" aria-roledescription=\"slide\" aria-label=\"slide-530\" data-date=\"2018-05-08 12:10:02\"><img data-recalc-dims=\"1\" loading=\"lazy\" decoding=\"async\" src=\"https:\/\/i0.wp.com\/rennes-le-chateau.org\/wp-content\/uploads\/2018\/05\/JARD008.jpg?resize=525%2C349&#038;ssl=1\" height=\"349\" width=\"525\" alt=\"Le jardin de la Vierge des jardins de l&#039;\u00e9glise de Rennes-Le-Ch\u00e2teau\" class=\"slider-529 slide-530\" title=\"JARD008\" \/><\/li>\n                <li style=\"display: none; width: 100%;\" class=\"slide-531 ms-image \" aria-roledescription=\"slide\" aria-label=\"slide-531\" data-date=\"2018-05-08 12:10:02\"><img data-recalc-dims=\"1\" loading=\"lazy\" decoding=\"async\" src=\"https:\/\/i0.wp.com\/rennes-le-chateau.org\/wp-content\/uploads\/2018\/05\/JARD007.jpg?resize=525%2C349&#038;ssl=1\" height=\"349\" width=\"525\" alt=\"L&#039;int\u00e9rieur du reposoir des jardins de l&#039;\u00e9glise de Rennes-Le-Ch\u00e2teau\" class=\"slider-529 slide-531\" title=\"JARD007\" \/><\/li>\n                <li style=\"display: none; width: 100%;\" class=\"slide-532 ms-image \" aria-roledescription=\"slide\" aria-label=\"slide-532\" data-date=\"2018-05-08 12:10:02\"><img data-recalc-dims=\"1\" loading=\"lazy\" decoding=\"async\" src=\"https:\/\/i0.wp.com\/rennes-le-chateau.org\/wp-content\/uploads\/2018\/05\/JARD006.jpg?resize=525%2C349&#038;ssl=1\" height=\"349\" width=\"525\" alt=\"Une vue de l&#039;\u00e9glise vue des jardins de l&#039;\u00e9glise de Rennes-Le-Ch\u00e2teau\" class=\"slider-529 slide-532\" title=\"JARD006\" \/><\/li>\n                <li style=\"display: none; width: 100%;\" class=\"slide-533 ms-image \" aria-roledescription=\"slide\" aria-label=\"slide-533\" data-date=\"2018-05-08 12:10:02\"><img data-recalc-dims=\"1\" loading=\"lazy\" decoding=\"async\" src=\"https:\/\/i0.wp.com\/rennes-le-chateau.org\/wp-content\/uploads\/2018\/05\/JARD005.jpg?resize=525%2C349&#038;ssl=1\" height=\"349\" width=\"525\" alt=\"Le reposoir des jardins de l&#039;\u00e9glise de Rennes-Le-Ch\u00e2teau\" class=\"slider-529 slide-533\" title=\"JARD005\" \/><\/li>\n                <li style=\"display: none; width: 100%;\" class=\"slide-534 ms-image \" aria-roledescription=\"slide\" aria-label=\"slide-534\" data-date=\"2018-05-08 12:10:02\"><img data-recalc-dims=\"1\" loading=\"lazy\" decoding=\"async\" src=\"https:\/\/i0.wp.com\/rennes-le-chateau.org\/wp-content\/uploads\/2018\/05\/JARD004.jpg?resize=525%2C349&#038;ssl=1\" height=\"349\" width=\"525\" alt=\"La grotte faite par B\u00e9renger Sauni\u00e8re des jardins de l&#039;\u00e9glise de Rennes-Le-Ch\u00e2teau\" class=\"slider-529 slide-534\" title=\"JARD004\" \/><\/li>\n                <li style=\"display: none; width: 100%;\" class=\"slide-535 ms-image \" aria-roledescription=\"slide\" aria-label=\"slide-535\" data-date=\"2018-05-08 12:10:03\"><img data-recalc-dims=\"1\" loading=\"lazy\" decoding=\"async\" src=\"https:\/\/i0.wp.com\/rennes-le-chateau.org\/wp-content\/uploads\/2018\/05\/JARD003.jpg?resize=525%2C349&#038;ssl=1\" height=\"349\" width=\"525\" alt=\"Un aper\u00e7u des jardins de l&#039;\u00e9glise de Rennes-Le-Ch\u00e2teau\" class=\"slider-529 slide-535\" title=\"JARD003\" \/><\/li>\n                <li style=\"display: none; width: 100%;\" class=\"slide-536 ms-image \" aria-roledescription=\"slide\" aria-label=\"slide-536\" data-date=\"2018-05-08 12:10:03\"><img data-recalc-dims=\"1\" loading=\"lazy\" decoding=\"async\" src=\"https:\/\/i0.wp.com\/rennes-le-chateau.org\/wp-content\/uploads\/2018\/05\/JARD002.jpg?resize=525%2C349&#038;ssl=1\" height=\"349\" width=\"525\" alt=\"L&#039;\u00e9glise vue des jardins de l&#039;\u00e9glise de Rennes-Le-Ch\u00e2teau\" class=\"slider-529 slide-536\" title=\"JARD002\" \/><\/li>\n                <li style=\"display: none; width: 100%;\" class=\"slide-537 ms-image \" aria-roledescription=\"slide\" aria-label=\"slide-537\" data-date=\"2018-05-08 12:10:03\"><img data-recalc-dims=\"1\" loading=\"lazy\" decoding=\"async\" src=\"https:\/\/i0.wp.com\/rennes-le-chateau.org\/wp-content\/uploads\/2018\/05\/JARD009.jpg?resize=525%2C349&#038;ssl=1\" height=\"349\" width=\"525\" alt=\"Le Christ des jardins de l&#039;\u00e9glise de Rennes-Le-Ch\u00e2teau\" class=\"slider-529 slide-537\" title=\"JARD009\" \/><\/li>\n                <li style=\"display: none; width: 100%;\" class=\"slide-538 ms-image \" aria-roledescription=\"slide\" aria-label=\"slide-538\" data-date=\"2018-05-08 12:11:52\"><img data-recalc-dims=\"1\" loading=\"lazy\" decoding=\"async\" src=\"https:\/\/i0.wp.com\/rennes-le-chateau.org\/wp-content\/uploads\/2018\/05\/JardinsEgliseTitre.jpg?resize=525%2C349&#038;ssl=1\" height=\"349\" width=\"525\" alt=\"Vue partielle des jardins de l&#039;\u00e9glise de Rennes-Le-Ch\u00e2teau\" class=\"slider-529 slide-538\" title=\"JardinsEgliseTitre\" \/><\/li>\n            <\/ul>\n        <\/div>\n        \n    <\/div>\n<\/div><\/p>\n<p><strong><span style=\"color: #ff6600;\"><a style=\"color: #ff6600;\" href=\"http:\/\/rennes-le-chateau.org\/index.php\/les-premieres-decouvertes-de-berenger-sauniere\/\">Apr\u00e8s avoir d\u00e9couvert des \u00e9l\u00e9ments probants dans l&#8217;\u00e9glise de son village en 1887<\/a><\/span><\/strong>, B\u00e9renger Sauni\u00e8re fera r\u00e9aliser \u00e0 ses frais d\u00e8s 1891 les jardins devant l&#8217;\u00e9glise en lieu et place d&#8217;un terrain vague.<\/p>\n<figure id=\"attachment_352\" aria-describedby=\"caption-attachment-352\" style=\"width: 300px\" class=\"wp-caption aligncenter\"><img data-recalc-dims=\"1\" loading=\"lazy\" decoding=\"async\" class=\"size-medium wp-image-352\" src=\"https:\/\/i0.wp.com\/rennes-le-chateau.org\/wp-content\/uploads\/2018\/05\/PlanJardins-300x237.jpg?resize=300%2C237\" alt=\"Plan des jardins de l'\u00e9glise de Rennes-Le-Ch\u00e2teau\" width=\"300\" height=\"237\" srcset=\"https:\/\/i0.wp.com\/rennes-le-chateau.org\/wp-content\/uploads\/2018\/05\/PlanJardins.jpg?resize=300%2C237&amp;ssl=1 300w, https:\/\/i0.wp.com\/rennes-le-chateau.org\/wp-content\/uploads\/2018\/05\/PlanJardins.jpg?resize=250%2C198&amp;ssl=1 250w, https:\/\/i0.wp.com\/rennes-le-chateau.org\/wp-content\/uploads\/2018\/05\/PlanJardins.jpg?resize=350%2C277&amp;ssl=1 350w, https:\/\/i0.wp.com\/rennes-le-chateau.org\/wp-content\/uploads\/2018\/05\/PlanJardins.jpg?w=443&amp;ssl=1 443w\" sizes=\"auto, (max-width: 300px) 100vw, 300px\" \/><figcaption id=\"caption-attachment-352\" class=\"wp-caption-text\">Plan des jardins de l&#8217;\u00e9glise de Rennes-Le-Ch\u00e2teau<\/figcaption><\/figure>\n<p>A l&#8217;analyse du plan de masse de ces jardins, on peut comprendre qu&#8217;ils repr\u00e9sentent le plan de masse de l&#8217;\u00e9glise du village que <span style=\"color: #ff6600;\">B\u00e9renger Sauni\u00e8re eut tout le temps de fouiller entre 1887 et 1891.<\/span><\/p>\n<p>Mais que peuvent r\u00e9v\u00e9ler comme secret ces jardins et leur implantation ? Quel message \u00e0 voulu passer B\u00e9renger Sauni\u00e8re ?<\/p>\n<p>La vid\u00e9o-conf\u00e9rence sur ces jardins vous apportera de nombreuses r\u00e9ponses \u00e0 vos questions :<\/p>\n<p><iframe loading=\"lazy\" title=\"04-Rennes-Le-Ch\u00e2teau Les Jardins De L&#039;\u00e9glise\" width=\"525\" height=\"295\" src=\"https:\/\/www.youtube.com\/embed\/vpruGjwamvo?feature=oembed\" frameborder=\"0\" allow=\"accelerometer; autoplay; clipboard-write; encrypted-media; gyroscope; picture-in-picture; web-share\" referrerpolicy=\"strict-origin-when-cross-origin\" allowfullscreen><\/iframe><\/p>\n<p><img data-recalc-dims=\"1\" loading=\"lazy\" decoding=\"async\" class=\"size-thumbnail wp-image-1609 alignleft\" src=\"https:\/\/i0.wp.com\/rennes-le-chateau.org\/wp-content\/uploads\/2019\/08\/IconeHP.png?resize=25%2C25&#038;ssl=1\" alt=\"\" width=\"25\" height=\"25\" align=\"absmiddle\" \/>T\u00e9l\u00e9charger le fichier audio de la vid\u00e9o : <span style=\"color: #ff6600;\"><strong><a style=\"color: #ff6600;\" href=\"https:\/\/rennes-le-chateau.org\/wp-content\/uploads\/2019\/08\/04-Rennes-Le-Ch\u00e2teau-Les-Jardins-De-L-\u00e9glise.zip\">Les Jardins de l&#8217;\u00e9glise<\/a><\/strong><\/span><\/p>\n<p style=\"text-align: center;\"><div class=\"rl-gallery-container rl-loading\" id=\"rl-gallery-container-1\" data-gallery_id=\"816\"> <div class=\"rl-gallery rl-basicgrid-gallery \" id=\"rl-gallery-1\" data-gallery_no=\"1\"> <div class=\"rl-gallery-item\"><a href=\"https:\/\/i0.wp.com\/rennes-le-chateau.org\/wp-content\/uploads\/2018\/05\/JARD008.jpg?fit=800%2C532&ssl=1\" title=\"\" data-rl_title=\"\" class=\"rl-gallery-link\" data-rl_caption=\"\" data-rel=\"lightbox-gallery-1\"><img loading=\"lazy\" decoding=\"async\" src=\"https:\/\/i0.wp.com\/rennes-le-chateau.org\/wp-content\/uploads\/2018\/05\/JARD008.jpg?resize=150%2C150&#038;ssl=1\" width=\"150\" height=\"150\" alt=\"Le jardin de la Vierge des jardins de l&#039;\u00e9glise de Rennes-Le-Ch\u00e2teau\"\/><\/a><\/div><div class=\"rl-gallery-item\"><a href=\"https:\/\/i0.wp.com\/rennes-le-chateau.org\/wp-content\/uploads\/2018\/05\/JARD007.jpg?fit=800%2C531&ssl=1\" title=\"\" data-rl_title=\"\" class=\"rl-gallery-link\" data-rl_caption=\"\" data-rel=\"lightbox-gallery-1\"><img loading=\"lazy\" decoding=\"async\" src=\"https:\/\/i0.wp.com\/rennes-le-chateau.org\/wp-content\/uploads\/2018\/05\/JARD007.jpg?resize=150%2C150&#038;ssl=1\" width=\"150\" height=\"150\" alt=\"L&#039;int\u00e9rieur du reposoir des jardins de l&#039;\u00e9glise de Rennes-Le-Ch\u00e2teau\"\/><\/a><\/div><div class=\"rl-gallery-item\"><a href=\"https:\/\/i0.wp.com\/rennes-le-chateau.org\/wp-content\/uploads\/2018\/05\/JARD006.jpg?fit=800%2C531&ssl=1\" title=\"\" data-rl_title=\"\" class=\"rl-gallery-link\" data-rl_caption=\"\" data-rel=\"lightbox-gallery-1\"><img loading=\"lazy\" decoding=\"async\" src=\"https:\/\/i0.wp.com\/rennes-le-chateau.org\/wp-content\/uploads\/2018\/05\/JARD006.jpg?resize=150%2C150&#038;ssl=1\" width=\"150\" height=\"150\" alt=\"Une vue de l&#039;\u00e9glise vue des jardins de l&#039;\u00e9glise de Rennes-Le-Ch\u00e2teau\"\/><\/a><\/div><div class=\"rl-gallery-item\"><a href=\"https:\/\/i0.wp.com\/rennes-le-chateau.org\/wp-content\/uploads\/2018\/05\/JARD005.jpg?fit=800%2C531&ssl=1\" title=\"\" data-rl_title=\"\" class=\"rl-gallery-link\" data-rl_caption=\"\" data-rel=\"lightbox-gallery-1\"><img loading=\"lazy\" decoding=\"async\" src=\"https:\/\/i0.wp.com\/rennes-le-chateau.org\/wp-content\/uploads\/2018\/05\/JARD005.jpg?resize=150%2C150&#038;ssl=1\" width=\"150\" height=\"150\" alt=\"Le reposoir des jardins de l&#039;\u00e9glise de Rennes-Le-Ch\u00e2teau\"\/><\/a><\/div><div class=\"rl-gallery-item\"><a href=\"https:\/\/i0.wp.com\/rennes-le-chateau.org\/wp-content\/uploads\/2018\/05\/JARD004.jpg?fit=800%2C531&ssl=1\" title=\"\" data-rl_title=\"\" class=\"rl-gallery-link\" data-rl_caption=\"\" data-rel=\"lightbox-gallery-1\"><img loading=\"lazy\" decoding=\"async\" src=\"https:\/\/i0.wp.com\/rennes-le-chateau.org\/wp-content\/uploads\/2018\/05\/JARD004.jpg?resize=150%2C150&#038;ssl=1\" width=\"150\" height=\"150\" alt=\"La grotte faite par B\u00e9renger Sauni\u00e8re des jardins de l&#039;\u00e9glise de Rennes-Le-Ch\u00e2teau\"\/><\/a><\/div><div class=\"rl-gallery-item\"><a href=\"https:\/\/i0.wp.com\/rennes-le-chateau.org\/wp-content\/uploads\/2018\/05\/JARD003.jpg?fit=800%2C531&ssl=1\" title=\"\" data-rl_title=\"\" class=\"rl-gallery-link\" data-rl_caption=\"\" data-rel=\"lightbox-gallery-1\"><img loading=\"lazy\" decoding=\"async\" src=\"https:\/\/i0.wp.com\/rennes-le-chateau.org\/wp-content\/uploads\/2018\/05\/JARD003.jpg?resize=150%2C150&#038;ssl=1\" width=\"150\" height=\"150\" alt=\"Un aper\u00e7u des jardins de l&#039;\u00e9glise de Rennes-Le-Ch\u00e2teau\"\/><\/a><\/div><div class=\"rl-gallery-item\"><a href=\"https:\/\/i0.wp.com\/rennes-le-chateau.org\/wp-content\/uploads\/2018\/05\/JARD002.jpg?fit=800%2C533&ssl=1\" title=\"\" data-rl_title=\"\" class=\"rl-gallery-link\" data-rl_caption=\"\" data-rel=\"lightbox-gallery-1\"><img loading=\"lazy\" decoding=\"async\" src=\"https:\/\/i0.wp.com\/rennes-le-chateau.org\/wp-content\/uploads\/2018\/05\/JARD002.jpg?resize=150%2C150&#038;ssl=1\" width=\"150\" height=\"150\" alt=\"L&#039;\u00e9glise vue des jardins de l&#039;\u00e9glise de Rennes-Le-Ch\u00e2teau\"\/><\/a><\/div><div class=\"rl-gallery-item\"><a href=\"https:\/\/i0.wp.com\/rennes-le-chateau.org\/wp-content\/uploads\/2018\/05\/JARD009.jpg?fit=800%2C532&ssl=1\" title=\"\" data-rl_title=\"\" class=\"rl-gallery-link\" data-rl_caption=\"\" data-rel=\"lightbox-gallery-1\"><img loading=\"lazy\" decoding=\"async\" src=\"https:\/\/i0.wp.com\/rennes-le-chateau.org\/wp-content\/uploads\/2018\/05\/JARD009.jpg?resize=150%2C150&#038;ssl=1\" width=\"150\" height=\"150\" alt=\"Le Christ des jardins de l&#039;\u00e9glise de Rennes-Le-Ch\u00e2teau\"\/><\/a><\/div> <\/div> <\/div><\/p>\n","protected":false},"excerpt":{"rendered":"<p>Accueil \/ Etudes et Analyses \/ L&#8217;affaire B\u00e9renger Sauni\u00e8re\u00a0 \/\u00a0Les travaux de B\u00e9renger Sauni\u00e8re Apr\u00e8s avoir d\u00e9couvert des \u00e9l\u00e9ments probants dans l&#8217;\u00e9glise de son village en 1887, B\u00e9renger Sauni\u00e8re fera r\u00e9aliser \u00e0 ses frais d\u00e8s 1891 les jardins devant l&#8217;\u00e9glise en lieu et place d&#8217;un terrain vague. A l&#8217;analyse du plan de masse de ces &hellip; <\/p>\n<p class=\"link-more\"><a href=\"https:\/\/rennes-le-chateau.org\/index.php\/le-site\/laffaire-berenger-sauniere\/les-travaux-de-berenger-sauniere\/les-jardins-de-leglise\/\" class=\"more-link\">Continuer la lecture<span class=\"screen-reader-text\"> de &laquo;&nbsp;Les jardins de l&#8217;\u00e9glise&nbsp;&raquo;<\/span><\/a><\/p>\n","protected":false},"author":1,"featured_media":0,"parent":106,"menu_order":0,"comment_status":"open","ping_status":"closed","template":"","meta":{"jetpack_post_was_ever_published":false,"footnotes":""},"class_list":["post-113","page","type-page","status-publish","hentry"],"jetpack_sharing_enabled":true,"jetpack_shortlink":"https:\/\/wp.me\/P9SxBn-1P","_links":{"self":[{"href":"https:\/\/rennes-le-chateau.org\/index.php\/wp-json\/wp\/v2\/pages\/113","targetHints":{"allow":["GET"]}}],"collection":[{"href":"https:\/\/rennes-le-chateau.org\/index.php\/wp-json\/wp\/v2\/pages"}],"about":[{"href":"https:\/\/rennes-le-chateau.org\/index.php\/wp-json\/wp\/v2\/types\/page"}],"author":[{"embeddable":true,"href":"https:\/\/rennes-le-chateau.org\/index.php\/wp-json\/wp\/v2\/users\/1"}],"replies":[{"embeddable":true,"href":"https:\/\/rennes-le-chateau.org\/index.php\/wp-json\/wp\/v2\/comments?post=113"}],"version-history":[{"count":11,"href":"https:\/\/rennes-le-chateau.org\/index.php\/wp-json\/wp\/v2\/pages\/113\/revisions"}],"predecessor-version":[{"id":1681,"href":"https:\/\/rennes-le-chateau.org\/index.php\/wp-json\/wp\/v2\/pages\/113\/revisions\/1681"}],"up":[{"embeddable":true,"href":"https:\/\/rennes-le-chateau.org\/index.php\/wp-json\/wp\/v2\/pages\/106"}],"wp:attachment":[{"href":"https:\/\/rennes-le-chateau.org\/index.php\/wp-json\/wp\/v2\/media?parent=113"}],"curies":[{"name":"wp","href":"https:\/\/api.w.org\/{rel}","templated":true}]}}