{"id":106,"date":"2018-04-30T14:59:46","date_gmt":"2018-04-30T12:59:46","guid":{"rendered":"http:\/\/rennes-le-chateau.org\/?page_id=106"},"modified":"2019-08-10T15:28:32","modified_gmt":"2019-08-10T13:28:32","slug":"les-travaux-de-berenger-sauniere","status":"publish","type":"page","link":"https:\/\/rennes-le-chateau.org\/index.php\/le-site\/laffaire-berenger-sauniere\/les-travaux-de-berenger-sauniere\/","title":{"rendered":"Les travaux de B\u00e9renger Sauni\u00e8re"},"content":{"rendered":"<h6><span style=\"color: #808080;\"><a href=\"https:\/\/rennes-le-chateau.org\/\"><span style=\"color: #999999;\">Accueil<\/span><\/a> \/<span style=\"color: #999999;\"> <a style=\"color: #999999;\" href=\"https:\/\/rennes-le-chateau.org\/index.php\/le-site\/\">Etudes et Analyses<\/a><\/span><\/span> \/ <span style=\"color: #999999;\"><a style=\"color: #999999;\" href=\"https:\/\/rennes-le-chateau.org\/index.php\/laffaire-berenger-sauniere\/\">L&#8217;affaire B\u00e9renger Sauni\u00e8re<\/a><\/span><\/h6>\n<p style=\"text-align: center;\"><div id=\"metaslider-id-562\" style=\"max-width: 800px; margin: 0 auto;\" class=\"ml-slider-3-98-0 metaslider metaslider-flex metaslider-562 ml-slider ms-theme-default\" role=\"region\" aria-roledescription=\"Slideshow\" aria-label=\"SS04-TRAV-BS\" data-width=\"800\">\n    <div id=\"metaslider_container_562\">\n        <div id=\"metaslider_562\" class=\"flexslider\">\n            <ul class='slides'>\n                <li style=\"display: block; width: 100%;\" class=\"slide-564 ms-image \" aria-roledescription=\"slide\" aria-label=\"slide-564\" data-date=\"2018-05-08 15:59:41\"><img data-recalc-dims=\"1\" loading=\"lazy\" decoding=\"async\" src=\"https:\/\/i0.wp.com\/rennes-le-chateau.org\/wp-content\/uploads\/2018\/05\/DOM008.jpg?resize=525%2C349&#038;ssl=1\" height=\"349\" width=\"525\" alt=\"La Villa B\u00e9thanie du Domaine de B\u00e9renger Sauni\u00e8re \u00e0 Rennes-Le-Ch\u00e2teau\" class=\"slider-562 slide-564\" title=\"DOM008\" \/><\/li>\n                <li style=\"display: none; width: 100%;\" class=\"slide-567 ms-image \" aria-roledescription=\"slide\" aria-label=\"slide-567\" data-date=\"2018-05-08 15:59:41\"><img data-recalc-dims=\"1\" loading=\"lazy\" decoding=\"async\" src=\"https:\/\/i0.wp.com\/rennes-le-chateau.org\/wp-content\/uploads\/2018\/05\/DOM006.jpg?resize=525%2C349&#038;ssl=1\" height=\"349\" width=\"525\" alt=\"La Tour de l&#039;Orangeraie du Domaine de B\u00e9renger Sauni\u00e8re \u00e0 Rennes-Le-Ch\u00e2teau\" class=\"slider-562 slide-567\" title=\"DOM006\" \/><\/li>\n                <li style=\"display: none; width: 100%;\" class=\"slide-572 ms-image \" aria-roledescription=\"slide\" aria-label=\"slide-572\" data-date=\"2018-05-08 15:59:41\"><img data-recalc-dims=\"1\" loading=\"lazy\" decoding=\"async\" src=\"https:\/\/i0.wp.com\/rennes-le-chateau.org\/wp-content\/uploads\/2018\/05\/EGL0008-1.jpg?resize=525%2C349&#038;ssl=1\" height=\"349\" width=\"525\" alt=\"Le nef de l&#039;\u00e9glise de Rennes-Le-Ch\u00e2teau\" class=\"slider-562 slide-572\" title=\"EGL0008\" \/><\/li>\n                <li style=\"display: none; width: 100%;\" class=\"slide-566 ms-image \" aria-roledescription=\"slide\" aria-label=\"slide-566\" data-date=\"2018-05-08 15:59:41\"><img data-recalc-dims=\"1\" loading=\"lazy\" decoding=\"async\" src=\"https:\/\/i0.wp.com\/rennes-le-chateau.org\/wp-content\/uploads\/2018\/05\/DOM001.jpg?resize=525%2C349&#038;ssl=1\" height=\"349\" width=\"525\" alt=\"La Tour Magdala du Domaine de B\u00e9renger Sauni\u00e8re \u00e0 Rennes-Le-Ch\u00e2teau\" class=\"slider-562 slide-566\" title=\"DOM001\" \/><\/li>\n                <li style=\"display: none; width: 100%;\" class=\"slide-570 ms-image \" aria-roledescription=\"slide\" aria-label=\"slide-570\" data-date=\"2018-05-08 15:59:41\"><img data-recalc-dims=\"1\" loading=\"lazy\" decoding=\"async\" src=\"https:\/\/i0.wp.com\/rennes-le-chateau.org\/wp-content\/uploads\/2018\/05\/EGL0007-1.jpg?resize=525%2C349&#038;ssl=1\" height=\"349\" width=\"525\" alt=\"\" class=\"slider-562 slide-570\" title=\"EGL0007\" \/><\/li>\n                <li style=\"display: none; width: 100%;\" class=\"slide-565 ms-image \" aria-roledescription=\"slide\" aria-label=\"slide-565\" data-date=\"2018-05-08 15:59:41\"><img data-recalc-dims=\"1\" loading=\"lazy\" decoding=\"async\" src=\"https:\/\/i0.wp.com\/rennes-le-chateau.org\/wp-content\/uploads\/2018\/05\/DOM004.jpg?resize=525%2C349&#038;ssl=1\" height=\"349\" width=\"525\" alt=\"Les Jardins du Domaine de B\u00e9renger Sauni\u00e8re \u00e0 Rennes-Le-Ch\u00e2teau\" class=\"slider-562 slide-565\" title=\"DOM004\" \/><\/li>\n                <li style=\"display: none; width: 100%;\" class=\"slide-568 ms-image \" aria-roledescription=\"slide\" aria-label=\"slide-568\" data-date=\"2018-05-08 15:59:41\"><img data-recalc-dims=\"1\" loading=\"lazy\" decoding=\"async\" src=\"https:\/\/i0.wp.com\/rennes-le-chateau.org\/wp-content\/uploads\/2018\/05\/JARD004.jpg?resize=525%2C349&#038;ssl=1\" height=\"349\" width=\"525\" alt=\"La grotte faite par B\u00e9renger Sauni\u00e8re des jardins de l&#039;\u00e9glise de Rennes-Le-Ch\u00e2teau\" class=\"slider-562 slide-568\" title=\"JARD004\" \/><\/li>\n                <li style=\"display: none; width: 100%;\" class=\"slide-569 ms-image \" aria-roledescription=\"slide\" aria-label=\"slide-569\" data-date=\"2018-05-08 15:59:41\"><img data-recalc-dims=\"1\" loading=\"lazy\" decoding=\"async\" src=\"https:\/\/i0.wp.com\/rennes-le-chateau.org\/wp-content\/uploads\/2018\/05\/JARD009.jpg?resize=525%2C349&#038;ssl=1\" height=\"349\" width=\"525\" alt=\"Le Christ des jardins de l&#039;\u00e9glise de Rennes-Le-Ch\u00e2teau\" class=\"slider-562 slide-569\" title=\"JARD009\" \/><\/li>\n                <li style=\"display: none; width: 100%;\" class=\"slide-571 ms-image \" aria-roledescription=\"slide\" aria-label=\"slide-571\" data-date=\"2018-05-08 15:59:41\"><img data-recalc-dims=\"1\" loading=\"lazy\" decoding=\"async\" src=\"https:\/\/i0.wp.com\/rennes-le-chateau.org\/wp-content\/uploads\/2018\/05\/EGL0002-1.jpg?resize=525%2C349&#038;ssl=1\" height=\"349\" width=\"525\" alt=\"Le fond de l&#039;\u00e9glise de Rennes-Le-Ch\u00e2teau\" class=\"slider-562 slide-571\" title=\"EGL0002\" \/><\/li>\n            <\/ul>\n        <\/div>\n        \n    <\/div>\n<\/div><\/p>\n<p>Il est ind\u00e9niable qu&#8217;apr\u00e8s avoir d\u00e9mont\u00e9 <a href=\"http:\/\/rennes-le-chateau.org\/index.php\/les-premieres-decouvertes-de-berenger-sauniere\/\">l<strong><span style=\"color: #ff6600;\">&#8216;ancien autel carolingien et mis \u00e0 jour la Dalle des Chevaliers<\/span><\/strong><\/a><strong><span style=\"color: #ff6600;\">,<\/span><\/strong> B\u00e9renger Sauni\u00e8re eu probablement acc\u00e8s \u00e0 la crypte de l&#8217;\u00e9glise Sainte-Marie-Madeleine de Rennes-Le-Ch\u00e2teau.<\/p>\n<p>Il explique au travers de ses diff\u00e9rentes r\u00e9alisation architecturales ce qu&#8217;il a d\u00e9couvert.<\/p>\n<p>Il r\u00e9alisa tout d&#8217;abord, <strong><span style=\"color: #ff6600;\"><a style=\"color: #ff6600;\" href=\"http:\/\/rennes-le-chateau.org\/index.php\/les-jardins-de-leglise\/\">les jardins de l&#8217;\u00e9glise qui exprime \u00e0 notre id\u00e9e le &#8220;O\u00f9&#8221;<\/a><\/span><\/strong><\/p>\n<p>Puis il r\u00e9alisa <strong><span style=\"color: #ff6600;\"><a style=\"color: #ff6600;\" href=\"http:\/\/rennes-le-chateau.org\/index.php\/la-restauration-de-leglise\/\">la restauration de l&#8217;\u00e9glise qui exprime le &#8220;Quoi&#8221;<\/a><\/span><\/strong><\/p>\n<p>et enfin, il r\u00e9alisa <span style=\"color: #ff6600;\"><strong><a style=\"color: #ff6600;\" href=\"http:\/\/rennes-le-chateau.org\/index.php\/le-domaine-de-berenger-sauniere\/\">son Domaine qui exprime &#8220;Le message&#8221;<\/a><\/strong><\/span><\/p>\n<p>Retrouvez plus en d\u00e9tails ces trois grands moments qui constitue le myst\u00e8re de Rennes-Le-Ch\u00e2teau<\/p>\n","protected":false},"excerpt":{"rendered":"<p>Accueil \/ Etudes et Analyses \/ L&#8217;affaire B\u00e9renger Sauni\u00e8re Il est ind\u00e9niable qu&#8217;apr\u00e8s avoir d\u00e9mont\u00e9 l&#8216;ancien autel carolingien et mis \u00e0 jour la Dalle des Chevaliers, B\u00e9renger Sauni\u00e8re eu probablement acc\u00e8s \u00e0 la crypte de l&#8217;\u00e9glise Sainte-Marie-Madeleine de Rennes-Le-Ch\u00e2teau. Il explique au travers de ses diff\u00e9rentes r\u00e9alisation architecturales ce qu&#8217;il a d\u00e9couvert. Il r\u00e9alisa tout &hellip; <\/p>\n<p class=\"link-more\"><a href=\"https:\/\/rennes-le-chateau.org\/index.php\/le-site\/laffaire-berenger-sauniere\/les-travaux-de-berenger-sauniere\/\" class=\"more-link\">Continuer la lecture<span class=\"screen-reader-text\"> de &laquo;&nbsp;Les travaux de B\u00e9renger Sauni\u00e8re&nbsp;&raquo;<\/span><\/a><\/p>\n","protected":false},"author":1,"featured_media":0,"parent":802,"menu_order":0,"comment_status":"closed","ping_status":"closed","template":"","meta":{"jetpack_post_was_ever_published":false,"footnotes":""},"class_list":["post-106","page","type-page","status-publish","hentry"],"jetpack_sharing_enabled":true,"jetpack_shortlink":"https:\/\/wp.me\/P9SxBn-1I","_links":{"self":[{"href":"https:\/\/rennes-le-chateau.org\/index.php\/wp-json\/wp\/v2\/pages\/106","targetHints":{"allow":["GET"]}}],"collection":[{"href":"https:\/\/rennes-le-chateau.org\/index.php\/wp-json\/wp\/v2\/pages"}],"about":[{"href":"https:\/\/rennes-le-chateau.org\/index.php\/wp-json\/wp\/v2\/types\/page"}],"author":[{"embeddable":true,"href":"https:\/\/rennes-le-chateau.org\/index.php\/wp-json\/wp\/v2\/users\/1"}],"replies":[{"embeddable":true,"href":"https:\/\/rennes-le-chateau.org\/index.php\/wp-json\/wp\/v2\/comments?post=106"}],"version-history":[{"count":9,"href":"https:\/\/rennes-le-chateau.org\/index.php\/wp-json\/wp\/v2\/pages\/106\/revisions"}],"predecessor-version":[{"id":1404,"href":"https:\/\/rennes-le-chateau.org\/index.php\/wp-json\/wp\/v2\/pages\/106\/revisions\/1404"}],"up":[{"embeddable":true,"href":"https:\/\/rennes-le-chateau.org\/index.php\/wp-json\/wp\/v2\/pages\/802"}],"wp:attachment":[{"href":"https:\/\/rennes-le-chateau.org\/index.php\/wp-json\/wp\/v2\/media?parent=106"}],"curies":[{"name":"wp","href":"https:\/\/api.w.org\/{rel}","templated":true}]}}