{"id":105,"date":"2018-04-30T14:59:46","date_gmt":"2018-04-30T12:59:46","guid":{"rendered":"http:\/\/rennes-le-chateau.org\/?page_id=105"},"modified":"2019-08-31T16:10:05","modified_gmt":"2019-08-31T14:10:05","slug":"les-origines-de-rlc","status":"publish","type":"page","link":"https:\/\/rennes-le-chateau.org\/index.php\/le-site\/les-origines-de-rlc\/","title":{"rendered":"Les origines de RLC"},"content":{"rendered":"<h6><span style=\"color: #808080;\"><a href=\"https:\/\/rennes-le-chateau.org\/\"><span style=\"color: #999999;\">Accueil<\/span><\/a> \/<span style=\"color: #999999;\"> <a style=\"color: #999999;\" href=\"https:\/\/rennes-le-chateau.org\/index.php\/le-site\/\">Etudes et Analyses<\/a><\/span><\/span><\/h6>\n<figure id=\"attachment_455\" aria-describedby=\"caption-attachment-455\" style=\"width: 800px\" class=\"wp-caption alignnone\"><img data-recalc-dims=\"1\" loading=\"lazy\" decoding=\"async\" class=\"size-full wp-image-455\" src=\"https:\/\/i0.wp.com\/rennes-le-chateau.org\/wp-content\/uploads\/2018\/05\/PanoRLC2.jpg?resize=525%2C144&#038;ssl=1\" alt=\"Rennes-Le-Ch\u00e2teau - Une colline de verdure dans un pays aride\" width=\"525\" height=\"144\" srcset=\"https:\/\/i0.wp.com\/rennes-le-chateau.org\/wp-content\/uploads\/2018\/05\/PanoRLC2.jpg?w=800&amp;ssl=1 800w, https:\/\/i0.wp.com\/rennes-le-chateau.org\/wp-content\/uploads\/2018\/05\/PanoRLC2.jpg?resize=300%2C83&amp;ssl=1 300w, https:\/\/i0.wp.com\/rennes-le-chateau.org\/wp-content\/uploads\/2018\/05\/PanoRLC2.jpg?resize=768%2C211&amp;ssl=1 768w, https:\/\/i0.wp.com\/rennes-le-chateau.org\/wp-content\/uploads\/2018\/05\/PanoRLC2.jpg?resize=250%2C69&amp;ssl=1 250w, https:\/\/i0.wp.com\/rennes-le-chateau.org\/wp-content\/uploads\/2018\/05\/PanoRLC2.jpg?resize=350%2C96&amp;ssl=1 350w\" sizes=\"auto, (max-width: 767px) 89vw, (max-width: 1000px) 54vw, (max-width: 1071px) 543px, 580px\" \/><figcaption id=\"caption-attachment-455\" class=\"wp-caption-text\">Rennes-Le-Ch\u00e2teau &#8211; Une colline de verdure dans un pays aride<\/figcaption><\/figure>\n<p>Rennes-Le-Ch\u00e2teau est riche d&#8217;un pass\u00e9 lointain et sa puissance et son importance furent in\u00e9gales au fur et \u00e0 mesure du temps.<\/p>\n<p><span style=\"color: #ff6600;\">Ancien oppidum, probablement fond\u00e9 par les Volques Tectossages<\/span> puis constitu\u00e9 en r\u00e9elle ville par les Wisigoths, Rennes-Le-Ch\u00e2teau prit le nom de <span style=\"color: #ff6600;\">Rh\u00e9dae<\/span> dont l&#8217;auteur <span style=\"color: #ff6600;\">Louis F\u00e9di\u00e9, historien du XIX\u00e8me si\u00e8cle, lui consacra un ouvrage entier.<\/span><\/p>\n<p>Identifi\u00e9e par<span style=\"color: #ff6600;\"> le Missi Dominici de Charlemagne, Th\u00e9odulf<\/span>, d\u2019\u00e9gale importance, au VIII\u00e8me si\u00e8cle, \u00e0 Carcassonne et Narbonne, la cit\u00e9 de Rh\u00e9dae \u00e9tait une place forte importante et reconnue comme \u00e9tant l&#8217;une des cit\u00e9s principales des Wisigoths<\/p>\n<p><span style=\"color: #ff6600;\">Rh\u00e9dae place inexpugnable \u00e0 l&#8217;\u00e9poque des Wisigoths<\/span> a pu leur servir de base de replie lors de leur retraite devant les Francs qui d\u00e9j\u00e0 les avaient battus \u00e0 Vouill\u00e9 et qui d\u00e9j\u00e0 avait pris Toulouse. Rh\u00e9dae aurait-elle \u00e9t\u00e9 le lieu o\u00f9 <span style=\"color: #ff6600;\">les Wisigoths ont cach\u00e9 une grande partie de leur tr\u00e9sor constitu\u00e9, notamment, du tr\u00e9sor du Temple de Salomon que leur Roi Alaric Ier avait pris lors du pillage de Rome ?<\/span><\/p>\n<p>Les razzias des Aragonais dirig\u00e9es par Henri de Trastamare eurent raison de la citadelle dont la ville fut victime vers le XII\u00e8me si\u00e8cle. Compl\u00e9mentent an\u00e9antie, elle sombrera dans l&#8217;oubli jusqu&#8217;\u00e0 l&#8217;arriv\u00e9e de B\u00e9renger Sauni\u00e8re.<\/p>\n<p><strong style=\"font-size: 1rem;\">Pour en savoir plus :<\/strong><\/p>\n<p><span style=\"color: #ff6600;\"><a style=\"color: #ff6600;\" href=\"https:\/\/rennes-le-chateau.org\/index.php\/le-site\/les-origines-de-rlc\/antique-rhedae-historique\/\" target=\"_blank\" rel=\"noopener noreferrer\"><strong>Antique Rh\u00e9dae historique<\/strong><\/a><\/span><\/p>\n<p><span style=\"color: #ff6600;\"><a style=\"color: #ff6600;\" href=\"https:\/\/rennes-le-chateau.org\/index.php\/le-site\/les-origines-de-rlc\/antique-rhedae-mysterieuse\/\" rel=\"noopener noreferrer\"><strong>Antique Rh\u00e9dae myst\u00e9rieuse<\/strong><\/a><\/span><\/p>\n<p><strong><span style=\"color: #ff6600;\"><a style=\"color: #ff6600;\" href=\"https:\/\/rennes-le-chateau.org\/index.php\/le-site\/les-origines-de-rlc\/le-chateau-des-hautpoul\/\" target=\"_blank\" rel=\"noopener noreferrer\">Le Ch\u00e2teau des Hautpoul<\/a><\/span><\/strong><\/p>\n<p><iframe loading=\"lazy\" title=\"01 Rennes-Le-Ch\u00e2teau Historique\" width=\"525\" height=\"295\" src=\"https:\/\/www.youtube.com\/embed\/1hIK3oxsPz4?feature=oembed\" frameborder=\"0\" allow=\"accelerometer; autoplay; clipboard-write; encrypted-media; gyroscope; picture-in-picture; web-share\" referrerpolicy=\"strict-origin-when-cross-origin\" allowfullscreen><\/iframe><br \/>\nT\u00e9l\u00e9charger le fichier audio de la vid\u00e9o : <span style=\"color: #ff6600;\"><strong><a style=\"color: #ff6600;\" href=\"https:\/\/rennes-le-chateau.org\/wp-content\/uploads\/2019\/08\/01-Rennes-Le-Ch\u00e2teau-Historique.zip\">01 Rennes-Le-Ch\u00e2teau Historique<\/a><\/strong><\/span><img data-recalc-dims=\"1\" loading=\"lazy\" decoding=\"async\" class=\"size-thumbnail wp-image-1609 alignleft\" src=\"https:\/\/i0.wp.com\/rennes-le-chateau.org\/wp-content\/uploads\/2019\/08\/IconeHP.png?resize=25%2C25&#038;ssl=1\" alt=\"\" width=\"25\" height=\"25\" align=\"absmiddle\" \/><\/p>\n<p>&nbsp;<\/p>\n","protected":false},"excerpt":{"rendered":"<p>Accueil \/ Etudes et Analyses Rennes-Le-Ch\u00e2teau est riche d&#8217;un pass\u00e9 lointain et sa puissance et son importance furent in\u00e9gales au fur et \u00e0 mesure du temps. Ancien oppidum, probablement fond\u00e9 par les Volques Tectossages puis constitu\u00e9 en r\u00e9elle ville par les Wisigoths, Rennes-Le-Ch\u00e2teau prit le nom de Rh\u00e9dae dont l&#8217;auteur Louis F\u00e9di\u00e9, historien du XIX\u00e8me &hellip; <\/p>\n<p class=\"link-more\"><a href=\"https:\/\/rennes-le-chateau.org\/index.php\/le-site\/les-origines-de-rlc\/\" class=\"more-link\">Continuer la lecture<span class=\"screen-reader-text\"> de &laquo;&nbsp;Les origines de RLC&nbsp;&raquo;<\/span><\/a><\/p>\n","protected":false},"author":1,"featured_media":0,"parent":104,"menu_order":0,"comment_status":"open","ping_status":"closed","template":"","meta":{"jetpack_post_was_ever_published":false,"footnotes":""},"class_list":["post-105","page","type-page","status-publish","hentry"],"jetpack_sharing_enabled":true,"jetpack_shortlink":"https:\/\/wp.me\/P9SxBn-1H","_links":{"self":[{"href":"https:\/\/rennes-le-chateau.org\/index.php\/wp-json\/wp\/v2\/pages\/105","targetHints":{"allow":["GET"]}}],"collection":[{"href":"https:\/\/rennes-le-chateau.org\/index.php\/wp-json\/wp\/v2\/pages"}],"about":[{"href":"https:\/\/rennes-le-chateau.org\/index.php\/wp-json\/wp\/v2\/types\/page"}],"author":[{"embeddable":true,"href":"https:\/\/rennes-le-chateau.org\/index.php\/wp-json\/wp\/v2\/users\/1"}],"replies":[{"embeddable":true,"href":"https:\/\/rennes-le-chateau.org\/index.php\/wp-json\/wp\/v2\/comments?post=105"}],"version-history":[{"count":18,"href":"https:\/\/rennes-le-chateau.org\/index.php\/wp-json\/wp\/v2\/pages\/105\/revisions"}],"predecessor-version":[{"id":1766,"href":"https:\/\/rennes-le-chateau.org\/index.php\/wp-json\/wp\/v2\/pages\/105\/revisions\/1766"}],"up":[{"embeddable":true,"href":"https:\/\/rennes-le-chateau.org\/index.php\/wp-json\/wp\/v2\/pages\/104"}],"wp:attachment":[{"href":"https:\/\/rennes-le-chateau.org\/index.php\/wp-json\/wp\/v2\/media?parent=105"}],"curies":[{"name":"wp","href":"https:\/\/api.w.org\/{rel}","templated":true}]}}